{"id":138956,"date":"2024-02-13T13:55:44","date_gmt":"2024-02-13T11:55:44","guid":{"rendered":"https:\/\/metaltale.com\/produktas\/mebelu-viras-faner-wide-150-mm\/"},"modified":"2024-02-13T13:55:44","modified_gmt":"2024-02-13T11:55:44","slug":"mebelu-viras-faner-wide-150-mm","status":"publish","type":"product","link":"https:\/\/metaltale.com\/lv\/produkts\/mebelu-viras-faner-wide-150-mm\/","title":{"rendered":"M\u0113be\u013cu viras FANER WIDE 150 mm"},"content":{"rendered":"<div class=\"prod_data\">\n<p><strong>Modelis<\/strong> AG.554-150<br \/>\n<strong>EAN.<\/strong>  5905369912535<br \/>\n<strong>Materi\u0101ls<\/strong> T\u0113rauds<br \/>\n<strong> [cm]Kop\u0113jais garums<\/strong> 17,5<strong> <\/strong><br \/>\n<strong>Kop\u0113jais platums (cm<\/strong> ) 9<br \/>\n<strong>Lab\u0101s puses platums (cm<\/strong> ) 14<br \/>\n<strong>Kreis\u0101s puses platums (cm<\/strong> ) 3,5<br \/>\nMont\u0101\u017eas skr\u016bves J\u0101<br \/>\nKr\u0101sa Melna<br \/>\n<strong>Virsmas tips<\/strong> Gluda <strong>virsma<\/strong> <\/p>\n<p>Skaistas e\u0146\u0123es m\u0113bel\u0113m vai durv\u012bm lauku stil\u0101. M\u016bsu viras ar dekorat\u012bvo apdari lieliski papildina gan kumodes, gan kumodes un l\u0101des ar lauku raksturu. T\u0101s \u0113rt\u0101 forma nodro\u0161ina funkcion\u0101lu lieto\u0161anu un garant\u0113 unik\u0101lu izskatu.<\/p>\n<p>E\u0146\u0123e ir izgatavota no augstas kvalit\u0101tes t\u0113rauda, kr\u0101sota meln\u0101 kr\u0101s\u0101.<\/p>\n<p>E\u0146\u0123ei ir pievienotas stiprin\u0101juma skr\u016bves \u0101trai un \u0113rtai mont\u0101\u017eai un lieto\u0161anai.<\/p>\n<\/div>\n","protected":false},"excerpt":{"rendered":"<p>Modelis AG.554-150 EAN. 5905369912535 Materi\u0101ls T\u0113rauds [cm]Kop\u0113jais garums 17,5 Kop\u0113jais platums (cm ) 9 Lab\u0101s puses platums (cm ) 14<\/p>\n","protected":false},"featured_media":101113,"comment_status":"open","ping_status":"closed","template":"","meta":{"_acf_changed":false,"pmpro_default_level":""},"product_brand":[],"product_cat":[24080,24079,23837],"product_tag":[],"class_list":{"0":"post-138956","1":"product","2":"type-product","3":"status-publish","4":"has-post-thumbnail","6":"product_cat-mebelu-enges","7":"product_cat-viriesi","8":"product_cat-mebeles-piederumi","9":"pmpro-has-access","11":"first","12":"instock","13":"shipping-taxable","14":"purchasable","15":"product-type-simple"},"acf":[],"yoast_head":"<!-- This site is optimized with the Yoast SEO plugin v24.9 - https:\/\/yoast.com\/wordpress\/plugins\/seo\/ -->\n<title>M\u0113be\u013cu viras FANER WIDE 150 mm - MetalTale.com<\/title>\n<meta name=\"robots\" content=\"index, follow, max-snippet:-1, max-image-preview:large, max-video-preview:-1\" \/>\n<link rel=\"canonical\" href=\"https:\/\/metaltale.com\/lv\/produkts\/mebelu-viras-faner-wide-150-mm\/\" \/>\n<meta property=\"og:locale\" content=\"lv_LV\" \/>\n<meta property=\"og:type\" content=\"article\" \/>\n<meta property=\"og:title\" content=\"M\u0113be\u013cu viras FANER WIDE 150 mm - MetalTale.com\" \/>\n<meta property=\"og:description\" content=\"Modelis AG.554-150 EAN. 5905369912535 Materi\u0101ls T\u0113rauds [cm]Kop\u0113jais garums 17,5 Kop\u0113jais platums (cm ) 9 Lab\u0101s puses platums (cm ) 14\" \/>\n<meta property=\"og:url\" content=\"https:\/\/metaltale.com\/lv\/produkts\/mebelu-viras-faner-wide-150-mm\/\" \/>\n<meta property=\"og:site_name\" content=\"MetalTale.com\" \/>\n<meta property=\"og:image\" content=\"https:\/\/metaltale.com\/wp-content\/uploads\/2023\/11\/FANER-WIDE-Vyris-150mm-Juoda.jpg\" \/>\n\t<meta property=\"og:image:width\" content=\"800\" \/>\n\t<meta property=\"og:image:height\" content=\"800\" \/>\n\t<meta property=\"og:image:type\" content=\"image\/jpeg\" \/>\n<meta name=\"twitter:card\" content=\"summary_large_image\" \/>\n<meta name=\"twitter:label1\" content=\"Est. reading time\" \/>\n\t<meta name=\"twitter:data1\" content=\"1 minute\" \/>\n<script type=\"application\/ld+json\" class=\"yoast-schema-graph\">{\"@context\":\"https:\/\/schema.org\",\"@graph\":[{\"@type\":\"WebPage\",\"@id\":\"https:\/\/metaltale.com\/lv\/produkts\/mebelu-viras-faner-wide-150-mm\/\",\"url\":\"https:\/\/metaltale.com\/lv\/produkts\/mebelu-viras-faner-wide-150-mm\/\",\"name\":\"M\u0113be\u013cu viras FANER WIDE 150 mm - MetalTale.com\",\"isPartOf\":{\"@id\":\"https:\/\/metaltale.com\/lv\/#website\"},\"primaryImageOfPage\":{\"@id\":\"https:\/\/metaltale.com\/lv\/produkts\/mebelu-viras-faner-wide-150-mm\/#primaryimage\"},\"image\":{\"@id\":\"https:\/\/metaltale.com\/lv\/produkts\/mebelu-viras-faner-wide-150-mm\/#primaryimage\"},\"thumbnailUrl\":\"https:\/\/metaltale.com\/wp-content\/uploads\/2023\/11\/FANER-WIDE-Vyris-150mm-Juoda.jpg\",\"datePublished\":\"2024-02-13T11:55:44+00:00\",\"breadcrumb\":{\"@id\":\"https:\/\/metaltale.com\/lv\/produkts\/mebelu-viras-faner-wide-150-mm\/#breadcrumb\"},\"inLanguage\":\"lv-LV\",\"potentialAction\":[{\"@type\":\"ReadAction\",\"target\":[\"https:\/\/metaltale.com\/lv\/produkts\/mebelu-viras-faner-wide-150-mm\/\"]}]},{\"@type\":\"ImageObject\",\"inLanguage\":\"lv-LV\",\"@id\":\"https:\/\/metaltale.com\/lv\/produkts\/mebelu-viras-faner-wide-150-mm\/#primaryimage\",\"url\":\"https:\/\/metaltale.com\/wp-content\/uploads\/2023\/11\/FANER-WIDE-Vyris-150mm-Juoda.jpg\",\"contentUrl\":\"https:\/\/metaltale.com\/wp-content\/uploads\/2023\/11\/FANER-WIDE-Vyris-150mm-Juoda.jpg\",\"width\":800,\"height\":800,\"caption\":\"M\u0113be\u013cu viras FANER WIDE 150 mm\"},{\"@type\":\"BreadcrumbList\",\"@id\":\"https:\/\/metaltale.com\/lv\/produkts\/mebelu-viras-faner-wide-150-mm\/#breadcrumb\",\"itemListElement\":[{\"@type\":\"ListItem\",\"position\":1,\"name\":\"Home\",\"item\":\"https:\/\/metaltale.com\/lv\/majas\/\"},{\"@type\":\"ListItem\",\"position\":2,\"name\":\"Veikals\",\"item\":\"https:\/\/metaltale.com\/lv\/shop\/\"},{\"@type\":\"ListItem\",\"position\":3,\"name\":\"M\u0113be\u013cu viras FANER WIDE 150 mm\"}]},{\"@type\":\"WebSite\",\"@id\":\"https:\/\/metaltale.com\/lv\/#website\",\"url\":\"https:\/\/metaltale.com\/lv\/\",\"name\":\"Metaltale.com\",\"description\":\"\",\"potentialAction\":[{\"@type\":\"SearchAction\",\"target\":{\"@type\":\"EntryPoint\",\"urlTemplate\":\"https:\/\/metaltale.com\/lv\/?s={search_term_string}\"},\"query-input\":{\"@type\":\"PropertyValueSpecification\",\"valueRequired\":true,\"valueName\":\"search_term_string\"}}],\"inLanguage\":\"lv-LV\"}]}<\/script>\n<!-- \/ Yoast SEO plugin. -->","yoast_head_json":{"title":"M\u0113be\u013cu viras FANER WIDE 150 mm - MetalTale.com","robots":{"index":"index","follow":"follow","max-snippet":"max-snippet:-1","max-image-preview":"max-image-preview:large","max-video-preview":"max-video-preview:-1"},"canonical":"https:\/\/metaltale.com\/lv\/produkts\/mebelu-viras-faner-wide-150-mm\/","og_locale":"lv_LV","og_type":"article","og_title":"M\u0113be\u013cu viras FANER WIDE 150 mm - MetalTale.com","og_description":"Modelis AG.554-150 EAN. 5905369912535 Materi\u0101ls T\u0113rauds [cm]Kop\u0113jais garums 17,5 Kop\u0113jais platums (cm ) 9 Lab\u0101s puses platums (cm ) 14","og_url":"https:\/\/metaltale.com\/lv\/produkts\/mebelu-viras-faner-wide-150-mm\/","og_site_name":"MetalTale.com","og_image":[{"width":800,"height":800,"url":"https:\/\/metaltale.com\/wp-content\/uploads\/2023\/11\/FANER-WIDE-Vyris-150mm-Juoda.jpg","type":"image\/jpeg"}],"twitter_card":"summary_large_image","twitter_misc":{"Est. reading time":"1 minute"},"schema":{"@context":"https:\/\/schema.org","@graph":[{"@type":"WebPage","@id":"https:\/\/metaltale.com\/lv\/produkts\/mebelu-viras-faner-wide-150-mm\/","url":"https:\/\/metaltale.com\/lv\/produkts\/mebelu-viras-faner-wide-150-mm\/","name":"M\u0113be\u013cu viras FANER WIDE 150 mm - MetalTale.com","isPartOf":{"@id":"https:\/\/metaltale.com\/lv\/#website"},"primaryImageOfPage":{"@id":"https:\/\/metaltale.com\/lv\/produkts\/mebelu-viras-faner-wide-150-mm\/#primaryimage"},"image":{"@id":"https:\/\/metaltale.com\/lv\/produkts\/mebelu-viras-faner-wide-150-mm\/#primaryimage"},"thumbnailUrl":"https:\/\/metaltale.com\/wp-content\/uploads\/2023\/11\/FANER-WIDE-Vyris-150mm-Juoda.jpg","datePublished":"2024-02-13T11:55:44+00:00","breadcrumb":{"@id":"https:\/\/metaltale.com\/lv\/produkts\/mebelu-viras-faner-wide-150-mm\/#breadcrumb"},"inLanguage":"lv-LV","potentialAction":[{"@type":"ReadAction","target":["https:\/\/metaltale.com\/lv\/produkts\/mebelu-viras-faner-wide-150-mm\/"]}]},{"@type":"ImageObject","inLanguage":"lv-LV","@id":"https:\/\/metaltale.com\/lv\/produkts\/mebelu-viras-faner-wide-150-mm\/#primaryimage","url":"https:\/\/metaltale.com\/wp-content\/uploads\/2023\/11\/FANER-WIDE-Vyris-150mm-Juoda.jpg","contentUrl":"https:\/\/metaltale.com\/wp-content\/uploads\/2023\/11\/FANER-WIDE-Vyris-150mm-Juoda.jpg","width":800,"height":800,"caption":"M\u0113be\u013cu viras FANER WIDE 150 mm"},{"@type":"BreadcrumbList","@id":"https:\/\/metaltale.com\/lv\/produkts\/mebelu-viras-faner-wide-150-mm\/#breadcrumb","itemListElement":[{"@type":"ListItem","position":1,"name":"Home","item":"https:\/\/metaltale.com\/lv\/majas\/"},{"@type":"ListItem","position":2,"name":"Veikals","item":"https:\/\/metaltale.com\/lv\/shop\/"},{"@type":"ListItem","position":3,"name":"M\u0113be\u013cu viras FANER WIDE 150 mm"}]},{"@type":"WebSite","@id":"https:\/\/metaltale.com\/lv\/#website","url":"https:\/\/metaltale.com\/lv\/","name":"Metaltale.com","description":"","potentialAction":[{"@type":"SearchAction","target":{"@type":"EntryPoint","urlTemplate":"https:\/\/metaltale.com\/lv\/?s={search_term_string}"},"query-input":{"@type":"PropertyValueSpecification","valueRequired":true,"valueName":"search_term_string"}}],"inLanguage":"lv-LV"}]}},"_links":{"self":[{"href":"https:\/\/metaltale.com\/lv\/wp-json\/wp\/v2\/product\/138956","targetHints":{"allow":["GET"]}}],"collection":[{"href":"https:\/\/metaltale.com\/lv\/wp-json\/wp\/v2\/product"}],"about":[{"href":"https:\/\/metaltale.com\/lv\/wp-json\/wp\/v2\/types\/product"}],"replies":[{"embeddable":true,"href":"https:\/\/metaltale.com\/lv\/wp-json\/wp\/v2\/comments?post=138956"}],"version-history":[{"count":0,"href":"https:\/\/metaltale.com\/lv\/wp-json\/wp\/v2\/product\/138956\/revisions"}],"wp:featuredmedia":[{"embeddable":true,"href":"https:\/\/metaltale.com\/lv\/wp-json\/wp\/v2\/media\/101113"}],"wp:attachment":[{"href":"https:\/\/metaltale.com\/lv\/wp-json\/wp\/v2\/media?parent=138956"}],"wp:term":[{"taxonomy":"product_brand","embeddable":true,"href":"https:\/\/metaltale.com\/lv\/wp-json\/wp\/v2\/product_brand?post=138956"},{"taxonomy":"product_cat","embeddable":true,"href":"https:\/\/metaltale.com\/lv\/wp-json\/wp\/v2\/product_cat?post=138956"},{"taxonomy":"product_tag","embeddable":true,"href":"https:\/\/metaltale.com\/lv\/wp-json\/wp\/v2\/product_tag?post=138956"}],"curies":[{"name":"wp","href":"https:\/\/api.w.org\/{rel}","templated":true}]}}