{"id":138938,"date":"2024-02-13T13:57:43","date_gmt":"2024-02-13T11:57:43","guid":{"rendered":"https:\/\/metaltale.com\/produktas\/mebelu-viras-zmijka-90-mm-terauds\/"},"modified":"2024-02-13T13:57:43","modified_gmt":"2024-02-13T11:57:43","slug":"mebelu-viras-zmijka-90-mm-terauds","status":"publish","type":"product","link":"https:\/\/metaltale.com\/lv\/produkts\/mebelu-viras-zmijka-90-mm-terauds\/","title":{"rendered":"M\u0113be\u013cu viras ZMIJKA 90 mm, t\u0113rauds"},"content":{"rendered":"<div class=\"prod_data\">\n<p>49.326D <strong>modelis<\/strong>. AI.90<br \/>\n<strong>EAN.<\/strong>  5905369922763<br \/>\nMateri\u0101ls Ketus<br \/>\nKop\u0113jais augstums (cm ) 9<br \/>\n<strong>Kop\u0113jais platums (cm<\/strong> ) 6<br \/>\n<strong>Lab\u0101s puses platums (cm<\/strong> ) 2,5<br \/>\n<strong>Kreis\u0101s puses platums (cm<\/strong> ) 2,6<br \/>\nT\u0113rauda <strong>kr\u0101sa<\/strong> <\/p>\n<p>\u010c\u016bskas formas m\u0113be\u013cu viras ir izgatavotas no augstas kvalit\u0101tes l\u012bstes.<\/p>\n<p style=\"margin-bottom: 0cm\">Unik\u0101lais raksts un noveco\u0161anas process pie\u0161\u0137ir tam vintage izskatu.<\/p>\n<p style=\"margin-bottom: 0cm\">\n<p style=\"margin-bottom: 0cm\">\n<\/div>\n","protected":false},"excerpt":{"rendered":"<p>49.326D modelis. AI.90 EAN. 5905369922763 Materi\u0101ls Ketus Kop\u0113jais augstums (cm ) 9 Kop\u0113jais platums (cm ) 6 Lab\u0101s puses platums<\/p>\n","protected":false},"featured_media":83079,"comment_status":"open","ping_status":"closed","template":"","meta":{"_acf_changed":false,"pmpro_default_level":""},"product_brand":[],"product_cat":[24080,24079,23837],"product_tag":[],"class_list":{"0":"post-138938","1":"product","2":"type-product","3":"status-publish","4":"has-post-thumbnail","6":"product_cat-mebelu-enges","7":"product_cat-viriesi","8":"product_cat-mebeles-piederumi","9":"pmpro-has-access","11":"first","12":"instock","13":"shipping-taxable","14":"purchasable","15":"product-type-simple"},"acf":[],"yoast_head":"<!-- This site is optimized with the Yoast SEO plugin v24.9 - https:\/\/yoast.com\/wordpress\/plugins\/seo\/ -->\n<title>M\u0113be\u013cu viras ZMIJKA 90 mm, t\u0113rauds - MetalTale.com<\/title>\n<meta name=\"robots\" content=\"index, follow, max-snippet:-1, max-image-preview:large, max-video-preview:-1\" \/>\n<link rel=\"canonical\" href=\"https:\/\/metaltale.com\/lv\/produkts\/mebelu-viras-zmijka-90-mm-terauds\/\" \/>\n<meta property=\"og:locale\" content=\"lv_LV\" \/>\n<meta property=\"og:type\" content=\"article\" \/>\n<meta property=\"og:title\" content=\"M\u0113be\u013cu viras ZMIJKA 90 mm, t\u0113rauds - MetalTale.com\" \/>\n<meta property=\"og:description\" content=\"49.326D modelis. AI.90 EAN. 5905369922763 Materi\u0101ls Ketus Kop\u0113jais augstums (cm ) 9 Kop\u0113jais platums (cm ) 6 Lab\u0101s puses platums\" \/>\n<meta property=\"og:url\" content=\"https:\/\/metaltale.com\/lv\/produkts\/mebelu-viras-zmijka-90-mm-terauds\/\" \/>\n<meta property=\"og:site_name\" content=\"MetalTale.com\" \/>\n<meta name=\"twitter:card\" content=\"summary_large_image\" \/>\n<script type=\"application\/ld+json\" class=\"yoast-schema-graph\">{\"@context\":\"https:\/\/schema.org\",\"@graph\":[{\"@type\":\"WebPage\",\"@id\":\"https:\/\/metaltale.com\/lv\/produkts\/mebelu-viras-zmijka-90-mm-terauds\/\",\"url\":\"https:\/\/metaltale.com\/lv\/produkts\/mebelu-viras-zmijka-90-mm-terauds\/\",\"name\":\"M\u0113be\u013cu viras ZMIJKA 90 mm, t\u0113rauds - MetalTale.com\",\"isPartOf\":{\"@id\":\"https:\/\/metaltale.com\/lv\/#website\"},\"primaryImageOfPage\":{\"@id\":\"https:\/\/metaltale.com\/lv\/produkts\/mebelu-viras-zmijka-90-mm-terauds\/#primaryimage\"},\"image\":{\"@id\":\"https:\/\/metaltale.com\/lv\/produkts\/mebelu-viras-zmijka-90-mm-terauds\/#primaryimage\"},\"thumbnailUrl\":\"https:\/\/metaltale.com\/wp-content\/uploads\/2023\/10\/x17BMIJKA-vyris-90mm-plienas.jpg\",\"datePublished\":\"2024-02-13T11:57:43+00:00\",\"breadcrumb\":{\"@id\":\"https:\/\/metaltale.com\/lv\/produkts\/mebelu-viras-zmijka-90-mm-terauds\/#breadcrumb\"},\"inLanguage\":\"lv-LV\",\"potentialAction\":[{\"@type\":\"ReadAction\",\"target\":[\"https:\/\/metaltale.com\/lv\/produkts\/mebelu-viras-zmijka-90-mm-terauds\/\"]}]},{\"@type\":\"ImageObject\",\"inLanguage\":\"lv-LV\",\"@id\":\"https:\/\/metaltale.com\/lv\/produkts\/mebelu-viras-zmijka-90-mm-terauds\/#primaryimage\",\"url\":\"https:\/\/metaltale.com\/wp-content\/uploads\/2023\/10\/x17BMIJKA-vyris-90mm-plienas.jpg\",\"contentUrl\":\"https:\/\/metaltale.com\/wp-content\/uploads\/2023\/10\/x17BMIJKA-vyris-90mm-plienas.jpg\",\"width\":800,\"height\":800,\"caption\":\"M\u0113be\u013cu viras ZMIJKA 90 mm, t\u0113rauds\"},{\"@type\":\"BreadcrumbList\",\"@id\":\"https:\/\/metaltale.com\/lv\/produkts\/mebelu-viras-zmijka-90-mm-terauds\/#breadcrumb\",\"itemListElement\":[{\"@type\":\"ListItem\",\"position\":1,\"name\":\"Home\",\"item\":\"https:\/\/metaltale.com\/lv\/majas\/\"},{\"@type\":\"ListItem\",\"position\":2,\"name\":\"Veikals\",\"item\":\"https:\/\/metaltale.com\/lv\/shop\/\"},{\"@type\":\"ListItem\",\"position\":3,\"name\":\"M\u0113be\u013cu viras ZMIJKA 90 mm, t\u0113rauds\"}]},{\"@type\":\"WebSite\",\"@id\":\"https:\/\/metaltale.com\/lv\/#website\",\"url\":\"https:\/\/metaltale.com\/lv\/\",\"name\":\"Metaltale.com\",\"description\":\"\",\"potentialAction\":[{\"@type\":\"SearchAction\",\"target\":{\"@type\":\"EntryPoint\",\"urlTemplate\":\"https:\/\/metaltale.com\/lv\/?s={search_term_string}\"},\"query-input\":{\"@type\":\"PropertyValueSpecification\",\"valueRequired\":true,\"valueName\":\"search_term_string\"}}],\"inLanguage\":\"lv-LV\"}]}<\/script>\n<!-- \/ Yoast SEO plugin. -->","yoast_head_json":{"title":"M\u0113be\u013cu viras ZMIJKA 90 mm, t\u0113rauds - MetalTale.com","robots":{"index":"index","follow":"follow","max-snippet":"max-snippet:-1","max-image-preview":"max-image-preview:large","max-video-preview":"max-video-preview:-1"},"canonical":"https:\/\/metaltale.com\/lv\/produkts\/mebelu-viras-zmijka-90-mm-terauds\/","og_locale":"lv_LV","og_type":"article","og_title":"M\u0113be\u013cu viras ZMIJKA 90 mm, t\u0113rauds - MetalTale.com","og_description":"49.326D modelis. AI.90 EAN. 5905369922763 Materi\u0101ls Ketus Kop\u0113jais augstums (cm ) 9 Kop\u0113jais platums (cm ) 6 Lab\u0101s puses platums","og_url":"https:\/\/metaltale.com\/lv\/produkts\/mebelu-viras-zmijka-90-mm-terauds\/","og_site_name":"MetalTale.com","twitter_card":"summary_large_image","schema":{"@context":"https:\/\/schema.org","@graph":[{"@type":"WebPage","@id":"https:\/\/metaltale.com\/lv\/produkts\/mebelu-viras-zmijka-90-mm-terauds\/","url":"https:\/\/metaltale.com\/lv\/produkts\/mebelu-viras-zmijka-90-mm-terauds\/","name":"M\u0113be\u013cu viras ZMIJKA 90 mm, t\u0113rauds - MetalTale.com","isPartOf":{"@id":"https:\/\/metaltale.com\/lv\/#website"},"primaryImageOfPage":{"@id":"https:\/\/metaltale.com\/lv\/produkts\/mebelu-viras-zmijka-90-mm-terauds\/#primaryimage"},"image":{"@id":"https:\/\/metaltale.com\/lv\/produkts\/mebelu-viras-zmijka-90-mm-terauds\/#primaryimage"},"thumbnailUrl":"https:\/\/metaltale.com\/wp-content\/uploads\/2023\/10\/x17BMIJKA-vyris-90mm-plienas.jpg","datePublished":"2024-02-13T11:57:43+00:00","breadcrumb":{"@id":"https:\/\/metaltale.com\/lv\/produkts\/mebelu-viras-zmijka-90-mm-terauds\/#breadcrumb"},"inLanguage":"lv-LV","potentialAction":[{"@type":"ReadAction","target":["https:\/\/metaltale.com\/lv\/produkts\/mebelu-viras-zmijka-90-mm-terauds\/"]}]},{"@type":"ImageObject","inLanguage":"lv-LV","@id":"https:\/\/metaltale.com\/lv\/produkts\/mebelu-viras-zmijka-90-mm-terauds\/#primaryimage","url":"https:\/\/metaltale.com\/wp-content\/uploads\/2023\/10\/x17BMIJKA-vyris-90mm-plienas.jpg","contentUrl":"https:\/\/metaltale.com\/wp-content\/uploads\/2023\/10\/x17BMIJKA-vyris-90mm-plienas.jpg","width":800,"height":800,"caption":"M\u0113be\u013cu viras ZMIJKA 90 mm, t\u0113rauds"},{"@type":"BreadcrumbList","@id":"https:\/\/metaltale.com\/lv\/produkts\/mebelu-viras-zmijka-90-mm-terauds\/#breadcrumb","itemListElement":[{"@type":"ListItem","position":1,"name":"Home","item":"https:\/\/metaltale.com\/lv\/majas\/"},{"@type":"ListItem","position":2,"name":"Veikals","item":"https:\/\/metaltale.com\/lv\/shop\/"},{"@type":"ListItem","position":3,"name":"M\u0113be\u013cu viras ZMIJKA 90 mm, t\u0113rauds"}]},{"@type":"WebSite","@id":"https:\/\/metaltale.com\/lv\/#website","url":"https:\/\/metaltale.com\/lv\/","name":"Metaltale.com","description":"","potentialAction":[{"@type":"SearchAction","target":{"@type":"EntryPoint","urlTemplate":"https:\/\/metaltale.com\/lv\/?s={search_term_string}"},"query-input":{"@type":"PropertyValueSpecification","valueRequired":true,"valueName":"search_term_string"}}],"inLanguage":"lv-LV"}]}},"_links":{"self":[{"href":"https:\/\/metaltale.com\/lv\/wp-json\/wp\/v2\/product\/138938","targetHints":{"allow":["GET"]}}],"collection":[{"href":"https:\/\/metaltale.com\/lv\/wp-json\/wp\/v2\/product"}],"about":[{"href":"https:\/\/metaltale.com\/lv\/wp-json\/wp\/v2\/types\/product"}],"replies":[{"embeddable":true,"href":"https:\/\/metaltale.com\/lv\/wp-json\/wp\/v2\/comments?post=138938"}],"version-history":[{"count":0,"href":"https:\/\/metaltale.com\/lv\/wp-json\/wp\/v2\/product\/138938\/revisions"}],"wp:featuredmedia":[{"embeddable":true,"href":"https:\/\/metaltale.com\/lv\/wp-json\/wp\/v2\/media\/83079"}],"wp:attachment":[{"href":"https:\/\/metaltale.com\/lv\/wp-json\/wp\/v2\/media?parent=138938"}],"wp:term":[{"taxonomy":"product_brand","embeddable":true,"href":"https:\/\/metaltale.com\/lv\/wp-json\/wp\/v2\/product_brand?post=138938"},{"taxonomy":"product_cat","embeddable":true,"href":"https:\/\/metaltale.com\/lv\/wp-json\/wp\/v2\/product_cat?post=138938"},{"taxonomy":"product_tag","embeddable":true,"href":"https:\/\/metaltale.com\/lv\/wp-json\/wp\/v2\/product_tag?post=138938"}],"curies":[{"name":"wp","href":"https:\/\/api.w.org\/{rel}","templated":true}]}}