{"id":138925,"date":"2024-02-13T13:57:43","date_gmt":"2024-02-13T11:57:43","guid":{"rendered":"https:\/\/metaltale.com\/produktas\/durvju-enge-do-kuferka-65x33-mm-antikais-misins\/"},"modified":"2024-02-13T13:57:43","modified_gmt":"2024-02-13T11:57:43","slug":"durvju-enge-do-kuferka-65x33-mm-antikais-misins","status":"publish","type":"product","link":"https:\/\/metaltale.com\/lv\/produkts\/durvju-enge-do-kuferka-65x33-mm-antikais-misins\/","title":{"rendered":"Durvju e\u0146\u0123e DO KUFERKA 65&#215;33 mm, ant\u012bkais misi\u0146\u0161"},"content":{"rendered":"<div class=\"prod_data\">\n<p><strong>Modelis<\/strong> SE 311.65.33<br \/>\n<strong>Materi\u0101ls<\/strong> T\u0113rauds<br \/>\n<strong>Kop\u0113jais augstums (cm<\/strong> ) 6,5<br \/>\n<strong>Kop\u0113jais platums (cm<\/strong> ) 3,3<br \/>\n<strong>Lab\u0101s puses platums (cm<\/strong> ) 1,5<br \/>\n<strong>Kreis\u0101s puses platums (cm<\/strong> ) 1,5<br \/>\n<strong>Kr\u0101sa<\/strong> Ant\u012bkais misi\u0146\u0161<\/p>\n<p>Dekorat\u012bv\u0101s e\u0146\u0123es durv\u012bm un logiem.<\/p>\n<p>E\u0146\u0123ei ir divi vien\u0101di sp\u0101rni ar trim stiprin\u0101juma caurumiem.<\/p>\n<\/div>\n","protected":false},"excerpt":{"rendered":"<p>Modelis SE 311.65.33 Materi\u0101ls T\u0113rauds Kop\u0113jais augstums (cm ) 6,5 Kop\u0113jais platums (cm ) 3,3 Lab\u0101s puses platums (cm )<\/p>\n","protected":false},"featured_media":83043,"comment_status":"open","ping_status":"closed","template":"","meta":{"_acf_changed":false,"pmpro_default_level":""},"product_brand":[],"product_cat":[24122,24079],"product_tag":[],"class_list":{"0":"post-138925","1":"product","2":"type-product","3":"status-publish","4":"has-post-thumbnail","6":"product_cat-durvju-un-logu-enges","7":"product_cat-viriesi","8":"pmpro-has-access","10":"first","11":"instock","12":"shipping-taxable","13":"purchasable","14":"product-type-simple"},"acf":[],"yoast_head":"<!-- This site is optimized with the Yoast SEO plugin v24.9 - https:\/\/yoast.com\/wordpress\/plugins\/seo\/ -->\n<title>Durvju e\u0146\u0123e DO KUFERKA 65x33 mm, ant\u012bkais misi\u0146\u0161 - MetalTale.com<\/title>\n<meta name=\"robots\" content=\"index, follow, max-snippet:-1, max-image-preview:large, max-video-preview:-1\" \/>\n<link rel=\"canonical\" href=\"https:\/\/metaltale.com\/lv\/produkts\/durvju-enge-do-kuferka-65x33-mm-antikais-misins\/\" \/>\n<meta property=\"og:locale\" content=\"lv_LV\" \/>\n<meta property=\"og:type\" content=\"article\" \/>\n<meta property=\"og:title\" content=\"Durvju e\u0146\u0123e DO KUFERKA 65x33 mm, ant\u012bkais misi\u0146\u0161 - MetalTale.com\" \/>\n<meta property=\"og:description\" content=\"Modelis SE 311.65.33 Materi\u0101ls T\u0113rauds Kop\u0113jais augstums (cm ) 6,5 Kop\u0113jais platums (cm ) 3,3 Lab\u0101s puses platums (cm )\" \/>\n<meta property=\"og:url\" content=\"https:\/\/metaltale.com\/lv\/produkts\/durvju-enge-do-kuferka-65x33-mm-antikais-misins\/\" \/>\n<meta property=\"og:site_name\" content=\"MetalTale.com\" \/>\n<meta name=\"twitter:card\" content=\"summary_large_image\" \/>\n<script type=\"application\/ld+json\" class=\"yoast-schema-graph\">{\"@context\":\"https:\/\/schema.org\",\"@graph\":[{\"@type\":\"WebPage\",\"@id\":\"https:\/\/metaltale.com\/lv\/produkts\/durvju-enge-do-kuferka-65x33-mm-antikais-misins\/\",\"url\":\"https:\/\/metaltale.com\/lv\/produkts\/durvju-enge-do-kuferka-65x33-mm-antikais-misins\/\",\"name\":\"Durvju e\u0146\u0123e DO KUFERKA 65x33 mm, ant\u012bkais misi\u0146\u0161 - MetalTale.com\",\"isPartOf\":{\"@id\":\"https:\/\/metaltale.com\/lv\/#website\"},\"primaryImageOfPage\":{\"@id\":\"https:\/\/metaltale.com\/lv\/produkts\/durvju-enge-do-kuferka-65x33-mm-antikais-misins\/#primaryimage\"},\"image\":{\"@id\":\"https:\/\/metaltale.com\/lv\/produkts\/durvju-enge-do-kuferka-65x33-mm-antikais-misins\/#primaryimage\"},\"thumbnailUrl\":\"https:\/\/metaltale.com\/wp-content\/uploads\/2023\/10\/Vyrix173-dx117klas-65x33mm-Antikvarinis-x17Ealvaris-scaled.jpg\",\"datePublished\":\"2024-02-13T11:57:43+00:00\",\"breadcrumb\":{\"@id\":\"https:\/\/metaltale.com\/lv\/produkts\/durvju-enge-do-kuferka-65x33-mm-antikais-misins\/#breadcrumb\"},\"inLanguage\":\"lv-LV\",\"potentialAction\":[{\"@type\":\"ReadAction\",\"target\":[\"https:\/\/metaltale.com\/lv\/produkts\/durvju-enge-do-kuferka-65x33-mm-antikais-misins\/\"]}]},{\"@type\":\"ImageObject\",\"inLanguage\":\"lv-LV\",\"@id\":\"https:\/\/metaltale.com\/lv\/produkts\/durvju-enge-do-kuferka-65x33-mm-antikais-misins\/#primaryimage\",\"url\":\"https:\/\/metaltale.com\/wp-content\/uploads\/2023\/10\/Vyrix173-dx117klas-65x33mm-Antikvarinis-x17Ealvaris-scaled.jpg\",\"contentUrl\":\"https:\/\/metaltale.com\/wp-content\/uploads\/2023\/10\/Vyrix173-dx117klas-65x33mm-Antikvarinis-x17Ealvaris-scaled.jpg\",\"width\":2560,\"height\":2560,\"caption\":\"Durvju e\u0146\u0123e DO KUFERKA 65x33 mm, ant\u012bkais misi\u0146\u0161\"},{\"@type\":\"BreadcrumbList\",\"@id\":\"https:\/\/metaltale.com\/lv\/produkts\/durvju-enge-do-kuferka-65x33-mm-antikais-misins\/#breadcrumb\",\"itemListElement\":[{\"@type\":\"ListItem\",\"position\":1,\"name\":\"Home\",\"item\":\"https:\/\/metaltale.com\/lv\/majas\/\"},{\"@type\":\"ListItem\",\"position\":2,\"name\":\"Veikals\",\"item\":\"https:\/\/metaltale.com\/lv\/shop\/\"},{\"@type\":\"ListItem\",\"position\":3,\"name\":\"Durvju e\u0146\u0123e DO KUFERKA 65&#215;33 mm, ant\u012bkais misi\u0146\u0161\"}]},{\"@type\":\"WebSite\",\"@id\":\"https:\/\/metaltale.com\/lv\/#website\",\"url\":\"https:\/\/metaltale.com\/lv\/\",\"name\":\"Metaltale.com\",\"description\":\"\",\"potentialAction\":[{\"@type\":\"SearchAction\",\"target\":{\"@type\":\"EntryPoint\",\"urlTemplate\":\"https:\/\/metaltale.com\/lv\/?s={search_term_string}\"},\"query-input\":{\"@type\":\"PropertyValueSpecification\",\"valueRequired\":true,\"valueName\":\"search_term_string\"}}],\"inLanguage\":\"lv-LV\"}]}<\/script>\n<!-- \/ Yoast SEO plugin. -->","yoast_head_json":{"title":"Durvju e\u0146\u0123e DO KUFERKA 65x33 mm, ant\u012bkais misi\u0146\u0161 - MetalTale.com","robots":{"index":"index","follow":"follow","max-snippet":"max-snippet:-1","max-image-preview":"max-image-preview:large","max-video-preview":"max-video-preview:-1"},"canonical":"https:\/\/metaltale.com\/lv\/produkts\/durvju-enge-do-kuferka-65x33-mm-antikais-misins\/","og_locale":"lv_LV","og_type":"article","og_title":"Durvju e\u0146\u0123e DO KUFERKA 65x33 mm, ant\u012bkais misi\u0146\u0161 - MetalTale.com","og_description":"Modelis SE 311.65.33 Materi\u0101ls T\u0113rauds Kop\u0113jais augstums (cm ) 6,5 Kop\u0113jais platums (cm ) 3,3 Lab\u0101s puses platums (cm )","og_url":"https:\/\/metaltale.com\/lv\/produkts\/durvju-enge-do-kuferka-65x33-mm-antikais-misins\/","og_site_name":"MetalTale.com","twitter_card":"summary_large_image","schema":{"@context":"https:\/\/schema.org","@graph":[{"@type":"WebPage","@id":"https:\/\/metaltale.com\/lv\/produkts\/durvju-enge-do-kuferka-65x33-mm-antikais-misins\/","url":"https:\/\/metaltale.com\/lv\/produkts\/durvju-enge-do-kuferka-65x33-mm-antikais-misins\/","name":"Durvju e\u0146\u0123e DO KUFERKA 65x33 mm, ant\u012bkais misi\u0146\u0161 - MetalTale.com","isPartOf":{"@id":"https:\/\/metaltale.com\/lv\/#website"},"primaryImageOfPage":{"@id":"https:\/\/metaltale.com\/lv\/produkts\/durvju-enge-do-kuferka-65x33-mm-antikais-misins\/#primaryimage"},"image":{"@id":"https:\/\/metaltale.com\/lv\/produkts\/durvju-enge-do-kuferka-65x33-mm-antikais-misins\/#primaryimage"},"thumbnailUrl":"https:\/\/metaltale.com\/wp-content\/uploads\/2023\/10\/Vyrix173-dx117klas-65x33mm-Antikvarinis-x17Ealvaris-scaled.jpg","datePublished":"2024-02-13T11:57:43+00:00","breadcrumb":{"@id":"https:\/\/metaltale.com\/lv\/produkts\/durvju-enge-do-kuferka-65x33-mm-antikais-misins\/#breadcrumb"},"inLanguage":"lv-LV","potentialAction":[{"@type":"ReadAction","target":["https:\/\/metaltale.com\/lv\/produkts\/durvju-enge-do-kuferka-65x33-mm-antikais-misins\/"]}]},{"@type":"ImageObject","inLanguage":"lv-LV","@id":"https:\/\/metaltale.com\/lv\/produkts\/durvju-enge-do-kuferka-65x33-mm-antikais-misins\/#primaryimage","url":"https:\/\/metaltale.com\/wp-content\/uploads\/2023\/10\/Vyrix173-dx117klas-65x33mm-Antikvarinis-x17Ealvaris-scaled.jpg","contentUrl":"https:\/\/metaltale.com\/wp-content\/uploads\/2023\/10\/Vyrix173-dx117klas-65x33mm-Antikvarinis-x17Ealvaris-scaled.jpg","width":2560,"height":2560,"caption":"Durvju e\u0146\u0123e DO KUFERKA 65x33 mm, ant\u012bkais misi\u0146\u0161"},{"@type":"BreadcrumbList","@id":"https:\/\/metaltale.com\/lv\/produkts\/durvju-enge-do-kuferka-65x33-mm-antikais-misins\/#breadcrumb","itemListElement":[{"@type":"ListItem","position":1,"name":"Home","item":"https:\/\/metaltale.com\/lv\/majas\/"},{"@type":"ListItem","position":2,"name":"Veikals","item":"https:\/\/metaltale.com\/lv\/shop\/"},{"@type":"ListItem","position":3,"name":"Durvju e\u0146\u0123e DO KUFERKA 65&#215;33 mm, ant\u012bkais misi\u0146\u0161"}]},{"@type":"WebSite","@id":"https:\/\/metaltale.com\/lv\/#website","url":"https:\/\/metaltale.com\/lv\/","name":"Metaltale.com","description":"","potentialAction":[{"@type":"SearchAction","target":{"@type":"EntryPoint","urlTemplate":"https:\/\/metaltale.com\/lv\/?s={search_term_string}"},"query-input":{"@type":"PropertyValueSpecification","valueRequired":true,"valueName":"search_term_string"}}],"inLanguage":"lv-LV"}]}},"_links":{"self":[{"href":"https:\/\/metaltale.com\/lv\/wp-json\/wp\/v2\/product\/138925","targetHints":{"allow":["GET"]}}],"collection":[{"href":"https:\/\/metaltale.com\/lv\/wp-json\/wp\/v2\/product"}],"about":[{"href":"https:\/\/metaltale.com\/lv\/wp-json\/wp\/v2\/types\/product"}],"replies":[{"embeddable":true,"href":"https:\/\/metaltale.com\/lv\/wp-json\/wp\/v2\/comments?post=138925"}],"version-history":[{"count":0,"href":"https:\/\/metaltale.com\/lv\/wp-json\/wp\/v2\/product\/138925\/revisions"}],"wp:featuredmedia":[{"embeddable":true,"href":"https:\/\/metaltale.com\/lv\/wp-json\/wp\/v2\/media\/83043"}],"wp:attachment":[{"href":"https:\/\/metaltale.com\/lv\/wp-json\/wp\/v2\/media?parent=138925"}],"wp:term":[{"taxonomy":"product_brand","embeddable":true,"href":"https:\/\/metaltale.com\/lv\/wp-json\/wp\/v2\/product_brand?post=138925"},{"taxonomy":"product_cat","embeddable":true,"href":"https:\/\/metaltale.com\/lv\/wp-json\/wp\/v2\/product_cat?post=138925"},{"taxonomy":"product_tag","embeddable":true,"href":"https:\/\/metaltale.com\/lv\/wp-json\/wp\/v2\/product_tag?post=138925"}],"curies":[{"name":"wp","href":"https:\/\/api.w.org\/{rel}","templated":true}]}}