{"id":138916,"date":"2024-02-13T13:57:43","date_gmt":"2024-02-13T11:57:43","guid":{"rendered":"https:\/\/metaltale.com\/produktas\/vitek-90-mm-mebelu-ritenis\/"},"modified":"2024-02-13T13:57:43","modified_gmt":"2024-02-13T11:57:43","slug":"vitek-90-mm-mebelu-ritenis","status":"publish","type":"product","link":"https:\/\/metaltale.com\/lv\/produkts\/vitek-90-mm-mebelu-ritenis\/","title":{"rendered":"VITEK 90 mm M\u0113be\u013cu ritenis"},"content":{"rendered":"<div class=\"prod_data\">\n<p><strong>Modelis<\/strong> FOR. KOBR-PRGR<br \/>\n<strong>Materi\u0101ls<\/strong> T\u0113rauds<br \/>\n<strong> [cm]Kop\u0113jais garums<\/strong> 11,5<strong> <\/strong><br \/>\nKop\u0113jais augstums (cm ) 9<br \/>\nKop\u0113jais platums (cm ) 6,5<br \/>\n<strong>Kop\u0113jais diametrs (cm<\/strong> ) 7,5<br \/>\n<strong>Pamatnes izm\u0113ri (cm)<\/strong> 6,5 x 6,5<br \/>\nT\u0113rauda <strong>kr\u0101sa<\/strong><br \/>\n<strong>Apdare<\/strong> Pulvera p\u0101rkl\u0101jums<\/p>\n<hr>\n<p>Rite\u0146i uz ce\u013ciem ir ide\u0101ls risin\u0101jums \u012bstiem lauku stila cien\u012bt\u0101jiem. Pied\u0101v\u0101tais <strong>m\u0113be\u013cu ritenis<\/strong> ir iesp\u0113ja nodro\u0161in\u0101t mobilit\u0101ti daudziem priek\u0161metiem m\u016bsu vid\u0113. K\u0101 praktisks papildin\u0101jums, tas labi darbosies iestr\u0101d\u0101ts m\u0113be\u013cu k\u0101ju dab\u0101 visos elementos, kuru sl\u012bd\u0113\u0161ana var iev\u0113rojami palielin\u0101t lieto\u0161anas komfortu.<\/p>\n<p>Lai nodro\u0161in\u0101tu piln\u012bgu mobilit\u0101ti, ritenis grie\u017eas 360 gr\u0101du le\u0146\u0137\u012b, padarot daudz viegl\u0101k manevr\u0113t ar v\u0113l liel\u0101k\u0101m fig\u016br\u0101m m\u016bsu telp\u0101s.<\/p>\n<hr>\n<\/div>\n","protected":false},"excerpt":{"rendered":"<p>Modelis FOR. KOBR-PRGR Materi\u0101ls T\u0113rauds [cm]Kop\u0113jais garums 11,5 Kop\u0113jais augstums (cm ) 9 Kop\u0113jais platums (cm ) 6,5 Kop\u0113jais diametrs<\/p>\n","protected":false},"featured_media":68827,"comment_status":"open","ping_status":"closed","template":"","meta":{"_acf_changed":false,"pmpro_default_level":""},"product_brand":[],"product_cat":[23837,23848],"product_tag":[],"class_list":{"0":"post-138916","1":"product","2":"type-product","3":"status-publish","4":"has-post-thumbnail","6":"product_cat-mebeles-piederumi","7":"product_cat-mebelu-riteni","8":"pmpro-has-access","10":"first","11":"instock","12":"shipping-taxable","13":"purchasable","14":"product-type-simple"},"acf":[],"yoast_head":"<!-- This site is optimized with the Yoast SEO plugin v24.9 - https:\/\/yoast.com\/wordpress\/plugins\/seo\/ -->\n<title>VITEK 90 mm M\u0113be\u013cu ritenis - MetalTale.com<\/title>\n<meta name=\"robots\" content=\"index, follow, max-snippet:-1, max-image-preview:large, max-video-preview:-1\" \/>\n<link rel=\"canonical\" href=\"https:\/\/metaltale.com\/lv\/produkts\/vitek-90-mm-mebelu-ritenis\/\" \/>\n<meta property=\"og:locale\" content=\"lv_LV\" \/>\n<meta property=\"og:type\" content=\"article\" \/>\n<meta property=\"og:title\" content=\"VITEK 90 mm M\u0113be\u013cu ritenis - MetalTale.com\" \/>\n<meta property=\"og:description\" content=\"Modelis FOR. KOBR-PRGR Materi\u0101ls T\u0113rauds [cm]Kop\u0113jais garums 11,5 Kop\u0113jais augstums (cm ) 9 Kop\u0113jais platums (cm ) 6,5 Kop\u0113jais diametrs\" \/>\n<meta property=\"og:url\" content=\"https:\/\/metaltale.com\/lv\/produkts\/vitek-90-mm-mebelu-ritenis\/\" \/>\n<meta property=\"og:site_name\" content=\"MetalTale.com\" \/>\n<meta property=\"og:image\" content=\"https:\/\/metaltale.com\/wp-content\/uploads\/2023\/09\/Ratas-VITEK-90mm-Plienas.jpg\" \/>\n\t<meta property=\"og:image:width\" content=\"800\" \/>\n\t<meta property=\"og:image:height\" content=\"800\" \/>\n\t<meta property=\"og:image:type\" content=\"image\/jpeg\" \/>\n<meta name=\"twitter:card\" content=\"summary_large_image\" \/>\n<meta name=\"twitter:label1\" content=\"Est. reading time\" \/>\n\t<meta name=\"twitter:data1\" content=\"1 minute\" \/>\n<script type=\"application\/ld+json\" class=\"yoast-schema-graph\">{\"@context\":\"https:\/\/schema.org\",\"@graph\":[{\"@type\":\"WebPage\",\"@id\":\"https:\/\/metaltale.com\/lv\/produkts\/vitek-90-mm-mebelu-ritenis\/\",\"url\":\"https:\/\/metaltale.com\/lv\/produkts\/vitek-90-mm-mebelu-ritenis\/\",\"name\":\"VITEK 90 mm M\u0113be\u013cu ritenis - MetalTale.com\",\"isPartOf\":{\"@id\":\"https:\/\/metaltale.com\/lv\/#website\"},\"primaryImageOfPage\":{\"@id\":\"https:\/\/metaltale.com\/lv\/produkts\/vitek-90-mm-mebelu-ritenis\/#primaryimage\"},\"image\":{\"@id\":\"https:\/\/metaltale.com\/lv\/produkts\/vitek-90-mm-mebelu-ritenis\/#primaryimage\"},\"thumbnailUrl\":\"https:\/\/metaltale.com\/wp-content\/uploads\/2023\/09\/Ratas-VITEK-90mm-Plienas.jpg\",\"datePublished\":\"2024-02-13T11:57:43+00:00\",\"breadcrumb\":{\"@id\":\"https:\/\/metaltale.com\/lv\/produkts\/vitek-90-mm-mebelu-ritenis\/#breadcrumb\"},\"inLanguage\":\"lv-LV\",\"potentialAction\":[{\"@type\":\"ReadAction\",\"target\":[\"https:\/\/metaltale.com\/lv\/produkts\/vitek-90-mm-mebelu-ritenis\/\"]}]},{\"@type\":\"ImageObject\",\"inLanguage\":\"lv-LV\",\"@id\":\"https:\/\/metaltale.com\/lv\/produkts\/vitek-90-mm-mebelu-ritenis\/#primaryimage\",\"url\":\"https:\/\/metaltale.com\/wp-content\/uploads\/2023\/09\/Ratas-VITEK-90mm-Plienas.jpg\",\"contentUrl\":\"https:\/\/metaltale.com\/wp-content\/uploads\/2023\/09\/Ratas-VITEK-90mm-Plienas.jpg\",\"width\":800,\"height\":800,\"caption\":\"VITEK 90 mm M\u0113be\u013cu ritenis\"},{\"@type\":\"BreadcrumbList\",\"@id\":\"https:\/\/metaltale.com\/lv\/produkts\/vitek-90-mm-mebelu-ritenis\/#breadcrumb\",\"itemListElement\":[{\"@type\":\"ListItem\",\"position\":1,\"name\":\"Home\",\"item\":\"https:\/\/metaltale.com\/lv\/majas\/\"},{\"@type\":\"ListItem\",\"position\":2,\"name\":\"Veikals\",\"item\":\"https:\/\/metaltale.com\/lv\/shop\/\"},{\"@type\":\"ListItem\",\"position\":3,\"name\":\"VITEK 90 mm M\u0113be\u013cu ritenis\"}]},{\"@type\":\"WebSite\",\"@id\":\"https:\/\/metaltale.com\/lv\/#website\",\"url\":\"https:\/\/metaltale.com\/lv\/\",\"name\":\"Metaltale.com\",\"description\":\"\",\"potentialAction\":[{\"@type\":\"SearchAction\",\"target\":{\"@type\":\"EntryPoint\",\"urlTemplate\":\"https:\/\/metaltale.com\/lv\/?s={search_term_string}\"},\"query-input\":{\"@type\":\"PropertyValueSpecification\",\"valueRequired\":true,\"valueName\":\"search_term_string\"}}],\"inLanguage\":\"lv-LV\"}]}<\/script>\n<!-- \/ Yoast SEO plugin. -->","yoast_head_json":{"title":"VITEK 90 mm M\u0113be\u013cu ritenis - MetalTale.com","robots":{"index":"index","follow":"follow","max-snippet":"max-snippet:-1","max-image-preview":"max-image-preview:large","max-video-preview":"max-video-preview:-1"},"canonical":"https:\/\/metaltale.com\/lv\/produkts\/vitek-90-mm-mebelu-ritenis\/","og_locale":"lv_LV","og_type":"article","og_title":"VITEK 90 mm M\u0113be\u013cu ritenis - MetalTale.com","og_description":"Modelis FOR. KOBR-PRGR Materi\u0101ls T\u0113rauds [cm]Kop\u0113jais garums 11,5 Kop\u0113jais augstums (cm ) 9 Kop\u0113jais platums (cm ) 6,5 Kop\u0113jais diametrs","og_url":"https:\/\/metaltale.com\/lv\/produkts\/vitek-90-mm-mebelu-ritenis\/","og_site_name":"MetalTale.com","og_image":[{"width":800,"height":800,"url":"https:\/\/metaltale.com\/wp-content\/uploads\/2023\/09\/Ratas-VITEK-90mm-Plienas.jpg","type":"image\/jpeg"}],"twitter_card":"summary_large_image","twitter_misc":{"Est. reading time":"1 minute"},"schema":{"@context":"https:\/\/schema.org","@graph":[{"@type":"WebPage","@id":"https:\/\/metaltale.com\/lv\/produkts\/vitek-90-mm-mebelu-ritenis\/","url":"https:\/\/metaltale.com\/lv\/produkts\/vitek-90-mm-mebelu-ritenis\/","name":"VITEK 90 mm M\u0113be\u013cu ritenis - MetalTale.com","isPartOf":{"@id":"https:\/\/metaltale.com\/lv\/#website"},"primaryImageOfPage":{"@id":"https:\/\/metaltale.com\/lv\/produkts\/vitek-90-mm-mebelu-ritenis\/#primaryimage"},"image":{"@id":"https:\/\/metaltale.com\/lv\/produkts\/vitek-90-mm-mebelu-ritenis\/#primaryimage"},"thumbnailUrl":"https:\/\/metaltale.com\/wp-content\/uploads\/2023\/09\/Ratas-VITEK-90mm-Plienas.jpg","datePublished":"2024-02-13T11:57:43+00:00","breadcrumb":{"@id":"https:\/\/metaltale.com\/lv\/produkts\/vitek-90-mm-mebelu-ritenis\/#breadcrumb"},"inLanguage":"lv-LV","potentialAction":[{"@type":"ReadAction","target":["https:\/\/metaltale.com\/lv\/produkts\/vitek-90-mm-mebelu-ritenis\/"]}]},{"@type":"ImageObject","inLanguage":"lv-LV","@id":"https:\/\/metaltale.com\/lv\/produkts\/vitek-90-mm-mebelu-ritenis\/#primaryimage","url":"https:\/\/metaltale.com\/wp-content\/uploads\/2023\/09\/Ratas-VITEK-90mm-Plienas.jpg","contentUrl":"https:\/\/metaltale.com\/wp-content\/uploads\/2023\/09\/Ratas-VITEK-90mm-Plienas.jpg","width":800,"height":800,"caption":"VITEK 90 mm M\u0113be\u013cu ritenis"},{"@type":"BreadcrumbList","@id":"https:\/\/metaltale.com\/lv\/produkts\/vitek-90-mm-mebelu-ritenis\/#breadcrumb","itemListElement":[{"@type":"ListItem","position":1,"name":"Home","item":"https:\/\/metaltale.com\/lv\/majas\/"},{"@type":"ListItem","position":2,"name":"Veikals","item":"https:\/\/metaltale.com\/lv\/shop\/"},{"@type":"ListItem","position":3,"name":"VITEK 90 mm M\u0113be\u013cu ritenis"}]},{"@type":"WebSite","@id":"https:\/\/metaltale.com\/lv\/#website","url":"https:\/\/metaltale.com\/lv\/","name":"Metaltale.com","description":"","potentialAction":[{"@type":"SearchAction","target":{"@type":"EntryPoint","urlTemplate":"https:\/\/metaltale.com\/lv\/?s={search_term_string}"},"query-input":{"@type":"PropertyValueSpecification","valueRequired":true,"valueName":"search_term_string"}}],"inLanguage":"lv-LV"}]}},"_links":{"self":[{"href":"https:\/\/metaltale.com\/lv\/wp-json\/wp\/v2\/product\/138916","targetHints":{"allow":["GET"]}}],"collection":[{"href":"https:\/\/metaltale.com\/lv\/wp-json\/wp\/v2\/product"}],"about":[{"href":"https:\/\/metaltale.com\/lv\/wp-json\/wp\/v2\/types\/product"}],"replies":[{"embeddable":true,"href":"https:\/\/metaltale.com\/lv\/wp-json\/wp\/v2\/comments?post=138916"}],"version-history":[{"count":0,"href":"https:\/\/metaltale.com\/lv\/wp-json\/wp\/v2\/product\/138916\/revisions"}],"wp:featuredmedia":[{"embeddable":true,"href":"https:\/\/metaltale.com\/lv\/wp-json\/wp\/v2\/media\/68827"}],"wp:attachment":[{"href":"https:\/\/metaltale.com\/lv\/wp-json\/wp\/v2\/media?parent=138916"}],"wp:term":[{"taxonomy":"product_brand","embeddable":true,"href":"https:\/\/metaltale.com\/lv\/wp-json\/wp\/v2\/product_brand?post=138916"},{"taxonomy":"product_cat","embeddable":true,"href":"https:\/\/metaltale.com\/lv\/wp-json\/wp\/v2\/product_cat?post=138916"},{"taxonomy":"product_tag","embeddable":true,"href":"https:\/\/metaltale.com\/lv\/wp-json\/wp\/v2\/product_tag?post=138916"}],"curies":[{"name":"wp","href":"https:\/\/api.w.org\/{rel}","templated":true}]}}