{"id":138910,"date":"2024-02-13T13:57:43","date_gmt":"2024-02-13T11:57:43","guid":{"rendered":"https:\/\/metaltale.com\/produktas\/mebelu-viras-basic-85-mm-terauda\/"},"modified":"2024-02-13T13:57:43","modified_gmt":"2024-02-13T11:57:43","slug":"mebelu-viras-basic-85-mm-terauda","status":"publish","type":"product","link":"https:\/\/metaltale.com\/lv\/produkts\/mebelu-viras-basic-85-mm-terauda\/","title":{"rendered":"M\u0113be\u013cu viras BASIC 85 mm t\u0113rauda"},"content":{"rendered":"<div class=\"prod_data\">\n<p><strong>Modelis<\/strong> 70.326.AI.85<br \/>\n<strong>EAN.<\/strong>  5905369922657<br \/>\n<strong>Materi\u0101ls<\/strong> T\u0113rauds<br \/>\n<strong>Kop\u0113jais augstums (cm<\/strong> ) 4,5<br \/>\n<strong>Kop\u0113jais platums (cm<\/strong> ) 8,5<br \/>\n<strong>Lab\u0101s puses platums (cm<\/strong> ) 4<br \/>\n<strong>Kreis\u0101s puses platums (cm<\/strong> ) 4<br \/>\nT\u0113rauda <strong>kr\u0101sa<\/strong> <\/p>\n<p><strong>M\u0113be\u013cu e\u0146\u0123es<\/strong> ir p\u0101rbaud\u012bts veids, k\u0101 m\u0113bel\u0113m pie\u0161\u0137irt papildu dekor\u0113jumu. Koka kumodes un skap\u012b\u0161i ar pareiz\u0101m e\u0146\u0123\u0113m var papildin\u0101t jebkuru interjera dizainu.<\/p>\n<p>Ierosin\u0101t\u0101 tauri\u0146veida viru konstrukcija ir izstr\u0101d\u0101ta, pamatojoties uz popul\u0101riem risin\u0101jumiem. Caurumi sp\u0101rnu ab\u0101s pus\u0113s nodro\u0161ina \u0113rtu satv\u0113rienu un \u0113rtu lieto\u0161anu. No augstas kvalit\u0101tes t\u0113rauda izgatavot\u0101 e\u0146\u0123e ir ide\u0101li piem\u0113rota retro interjeram.<\/p>\n<\/div>\n","protected":false},"excerpt":{"rendered":"<p>Modelis 70.326.AI.85 EAN. 5905369922657 Materi\u0101ls T\u0113rauds Kop\u0113jais augstums (cm ) 4,5 Kop\u0113jais platums (cm ) 8,5 Lab\u0101s puses platums (cm<\/p>\n","protected":false},"featured_media":68818,"comment_status":"open","ping_status":"closed","template":"","meta":{"_acf_changed":false,"pmpro_default_level":""},"product_brand":[],"product_cat":[24080,24079,23837],"product_tag":[],"class_list":{"0":"post-138910","1":"product","2":"type-product","3":"status-publish","4":"has-post-thumbnail","6":"product_cat-mebelu-enges","7":"product_cat-viriesi","8":"product_cat-mebeles-piederumi","9":"pmpro-has-access","11":"first","12":"instock","13":"shipping-taxable","14":"purchasable","15":"product-type-simple"},"acf":[],"yoast_head":"<!-- This site is optimized with the Yoast SEO plugin v24.9 - https:\/\/yoast.com\/wordpress\/plugins\/seo\/ -->\n<title>M\u0113be\u013cu viras BASIC 85 mm t\u0113rauda - MetalTale.com<\/title>\n<meta name=\"robots\" content=\"index, follow, max-snippet:-1, max-image-preview:large, max-video-preview:-1\" \/>\n<link rel=\"canonical\" href=\"https:\/\/metaltale.com\/lv\/produkts\/mebelu-viras-basic-85-mm-terauda\/\" \/>\n<meta property=\"og:locale\" content=\"lv_LV\" \/>\n<meta property=\"og:type\" content=\"article\" \/>\n<meta property=\"og:title\" content=\"M\u0113be\u013cu viras BASIC 85 mm t\u0113rauda - MetalTale.com\" \/>\n<meta property=\"og:description\" content=\"Modelis 70.326.AI.85 EAN. 5905369922657 Materi\u0101ls T\u0113rauds Kop\u0113jais augstums (cm ) 4,5 Kop\u0113jais platums (cm ) 8,5 Lab\u0101s puses platums (cm\" \/>\n<meta property=\"og:url\" content=\"https:\/\/metaltale.com\/lv\/produkts\/mebelu-viras-basic-85-mm-terauda\/\" \/>\n<meta property=\"og:site_name\" content=\"MetalTale.com\" \/>\n<meta property=\"og:image\" content=\"https:\/\/metaltale.com\/wp-content\/uploads\/2023\/09\/Zawias-MOTYLKOWY.jpg\" \/>\n\t<meta property=\"og:image:width\" content=\"800\" \/>\n\t<meta property=\"og:image:height\" content=\"800\" \/>\n\t<meta property=\"og:image:type\" content=\"image\/jpeg\" \/>\n<meta name=\"twitter:card\" content=\"summary_large_image\" \/>\n<meta name=\"twitter:label1\" content=\"Est. reading time\" \/>\n\t<meta name=\"twitter:data1\" content=\"1 minute\" \/>\n<script type=\"application\/ld+json\" class=\"yoast-schema-graph\">{\"@context\":\"https:\/\/schema.org\",\"@graph\":[{\"@type\":\"WebPage\",\"@id\":\"https:\/\/metaltale.com\/lv\/produkts\/mebelu-viras-basic-85-mm-terauda\/\",\"url\":\"https:\/\/metaltale.com\/lv\/produkts\/mebelu-viras-basic-85-mm-terauda\/\",\"name\":\"M\u0113be\u013cu viras BASIC 85 mm t\u0113rauda - MetalTale.com\",\"isPartOf\":{\"@id\":\"https:\/\/metaltale.com\/lv\/#website\"},\"primaryImageOfPage\":{\"@id\":\"https:\/\/metaltale.com\/lv\/produkts\/mebelu-viras-basic-85-mm-terauda\/#primaryimage\"},\"image\":{\"@id\":\"https:\/\/metaltale.com\/lv\/produkts\/mebelu-viras-basic-85-mm-terauda\/#primaryimage\"},\"thumbnailUrl\":\"https:\/\/metaltale.com\/wp-content\/uploads\/2023\/09\/Zawias-MOTYLKOWY.jpg\",\"datePublished\":\"2024-02-13T11:57:43+00:00\",\"breadcrumb\":{\"@id\":\"https:\/\/metaltale.com\/lv\/produkts\/mebelu-viras-basic-85-mm-terauda\/#breadcrumb\"},\"inLanguage\":\"lv-LV\",\"potentialAction\":[{\"@type\":\"ReadAction\",\"target\":[\"https:\/\/metaltale.com\/lv\/produkts\/mebelu-viras-basic-85-mm-terauda\/\"]}]},{\"@type\":\"ImageObject\",\"inLanguage\":\"lv-LV\",\"@id\":\"https:\/\/metaltale.com\/lv\/produkts\/mebelu-viras-basic-85-mm-terauda\/#primaryimage\",\"url\":\"https:\/\/metaltale.com\/wp-content\/uploads\/2023\/09\/Zawias-MOTYLKOWY.jpg\",\"contentUrl\":\"https:\/\/metaltale.com\/wp-content\/uploads\/2023\/09\/Zawias-MOTYLKOWY.jpg\",\"width\":800,\"height\":800,\"caption\":\"M\u0113be\u013cu viras BASIC 85 mm t\u0113rauda\"},{\"@type\":\"BreadcrumbList\",\"@id\":\"https:\/\/metaltale.com\/lv\/produkts\/mebelu-viras-basic-85-mm-terauda\/#breadcrumb\",\"itemListElement\":[{\"@type\":\"ListItem\",\"position\":1,\"name\":\"Home\",\"item\":\"https:\/\/metaltale.com\/lv\/majas\/\"},{\"@type\":\"ListItem\",\"position\":2,\"name\":\"Veikals\",\"item\":\"https:\/\/metaltale.com\/lv\/shop\/\"},{\"@type\":\"ListItem\",\"position\":3,\"name\":\"M\u0113be\u013cu viras BASIC 85 mm t\u0113rauda\"}]},{\"@type\":\"WebSite\",\"@id\":\"https:\/\/metaltale.com\/lv\/#website\",\"url\":\"https:\/\/metaltale.com\/lv\/\",\"name\":\"Metaltale.com\",\"description\":\"\",\"potentialAction\":[{\"@type\":\"SearchAction\",\"target\":{\"@type\":\"EntryPoint\",\"urlTemplate\":\"https:\/\/metaltale.com\/lv\/?s={search_term_string}\"},\"query-input\":{\"@type\":\"PropertyValueSpecification\",\"valueRequired\":true,\"valueName\":\"search_term_string\"}}],\"inLanguage\":\"lv-LV\"}]}<\/script>\n<!-- \/ Yoast SEO plugin. -->","yoast_head_json":{"title":"M\u0113be\u013cu viras BASIC 85 mm t\u0113rauda - MetalTale.com","robots":{"index":"index","follow":"follow","max-snippet":"max-snippet:-1","max-image-preview":"max-image-preview:large","max-video-preview":"max-video-preview:-1"},"canonical":"https:\/\/metaltale.com\/lv\/produkts\/mebelu-viras-basic-85-mm-terauda\/","og_locale":"lv_LV","og_type":"article","og_title":"M\u0113be\u013cu viras BASIC 85 mm t\u0113rauda - MetalTale.com","og_description":"Modelis 70.326.AI.85 EAN. 5905369922657 Materi\u0101ls T\u0113rauds Kop\u0113jais augstums (cm ) 4,5 Kop\u0113jais platums (cm ) 8,5 Lab\u0101s puses platums (cm","og_url":"https:\/\/metaltale.com\/lv\/produkts\/mebelu-viras-basic-85-mm-terauda\/","og_site_name":"MetalTale.com","og_image":[{"width":800,"height":800,"url":"https:\/\/metaltale.com\/wp-content\/uploads\/2023\/09\/Zawias-MOTYLKOWY.jpg","type":"image\/jpeg"}],"twitter_card":"summary_large_image","twitter_misc":{"Est. reading time":"1 minute"},"schema":{"@context":"https:\/\/schema.org","@graph":[{"@type":"WebPage","@id":"https:\/\/metaltale.com\/lv\/produkts\/mebelu-viras-basic-85-mm-terauda\/","url":"https:\/\/metaltale.com\/lv\/produkts\/mebelu-viras-basic-85-mm-terauda\/","name":"M\u0113be\u013cu viras BASIC 85 mm t\u0113rauda - MetalTale.com","isPartOf":{"@id":"https:\/\/metaltale.com\/lv\/#website"},"primaryImageOfPage":{"@id":"https:\/\/metaltale.com\/lv\/produkts\/mebelu-viras-basic-85-mm-terauda\/#primaryimage"},"image":{"@id":"https:\/\/metaltale.com\/lv\/produkts\/mebelu-viras-basic-85-mm-terauda\/#primaryimage"},"thumbnailUrl":"https:\/\/metaltale.com\/wp-content\/uploads\/2023\/09\/Zawias-MOTYLKOWY.jpg","datePublished":"2024-02-13T11:57:43+00:00","breadcrumb":{"@id":"https:\/\/metaltale.com\/lv\/produkts\/mebelu-viras-basic-85-mm-terauda\/#breadcrumb"},"inLanguage":"lv-LV","potentialAction":[{"@type":"ReadAction","target":["https:\/\/metaltale.com\/lv\/produkts\/mebelu-viras-basic-85-mm-terauda\/"]}]},{"@type":"ImageObject","inLanguage":"lv-LV","@id":"https:\/\/metaltale.com\/lv\/produkts\/mebelu-viras-basic-85-mm-terauda\/#primaryimage","url":"https:\/\/metaltale.com\/wp-content\/uploads\/2023\/09\/Zawias-MOTYLKOWY.jpg","contentUrl":"https:\/\/metaltale.com\/wp-content\/uploads\/2023\/09\/Zawias-MOTYLKOWY.jpg","width":800,"height":800,"caption":"M\u0113be\u013cu viras BASIC 85 mm t\u0113rauda"},{"@type":"BreadcrumbList","@id":"https:\/\/metaltale.com\/lv\/produkts\/mebelu-viras-basic-85-mm-terauda\/#breadcrumb","itemListElement":[{"@type":"ListItem","position":1,"name":"Home","item":"https:\/\/metaltale.com\/lv\/majas\/"},{"@type":"ListItem","position":2,"name":"Veikals","item":"https:\/\/metaltale.com\/lv\/shop\/"},{"@type":"ListItem","position":3,"name":"M\u0113be\u013cu viras BASIC 85 mm t\u0113rauda"}]},{"@type":"WebSite","@id":"https:\/\/metaltale.com\/lv\/#website","url":"https:\/\/metaltale.com\/lv\/","name":"Metaltale.com","description":"","potentialAction":[{"@type":"SearchAction","target":{"@type":"EntryPoint","urlTemplate":"https:\/\/metaltale.com\/lv\/?s={search_term_string}"},"query-input":{"@type":"PropertyValueSpecification","valueRequired":true,"valueName":"search_term_string"}}],"inLanguage":"lv-LV"}]}},"_links":{"self":[{"href":"https:\/\/metaltale.com\/lv\/wp-json\/wp\/v2\/product\/138910","targetHints":{"allow":["GET"]}}],"collection":[{"href":"https:\/\/metaltale.com\/lv\/wp-json\/wp\/v2\/product"}],"about":[{"href":"https:\/\/metaltale.com\/lv\/wp-json\/wp\/v2\/types\/product"}],"replies":[{"embeddable":true,"href":"https:\/\/metaltale.com\/lv\/wp-json\/wp\/v2\/comments?post=138910"}],"version-history":[{"count":0,"href":"https:\/\/metaltale.com\/lv\/wp-json\/wp\/v2\/product\/138910\/revisions"}],"wp:featuredmedia":[{"embeddable":true,"href":"https:\/\/metaltale.com\/lv\/wp-json\/wp\/v2\/media\/68818"}],"wp:attachment":[{"href":"https:\/\/metaltale.com\/lv\/wp-json\/wp\/v2\/media?parent=138910"}],"wp:term":[{"taxonomy":"product_brand","embeddable":true,"href":"https:\/\/metaltale.com\/lv\/wp-json\/wp\/v2\/product_brand?post=138910"},{"taxonomy":"product_cat","embeddable":true,"href":"https:\/\/metaltale.com\/lv\/wp-json\/wp\/v2\/product_cat?post=138910"},{"taxonomy":"product_tag","embeddable":true,"href":"https:\/\/metaltale.com\/lv\/wp-json\/wp\/v2\/product_tag?post=138910"}],"curies":[{"name":"wp","href":"https:\/\/api.w.org\/{rel}","templated":true}]}}