{"id":138894,"date":"2024-02-13T13:57:04","date_gmt":"2024-02-13T11:57:04","guid":{"rendered":"https:\/\/metaltale.com\/produktas\/mebelu-viras-live-left\/"},"modified":"2024-02-13T13:57:04","modified_gmt":"2024-02-13T11:57:04","slug":"mebelu-viras-live-left","status":"publish","type":"product","link":"https:\/\/metaltale.com\/lv\/produkts\/mebelu-viras-live-left\/","title":{"rendered":"M\u0113be\u013cu viras LIVE LEFT"},"content":{"rendered":"<div class=\"prod_data\">\n<p><strong>Modelis<\/strong> 03.304.AI.75L<br \/>\n<strong>EAN.<\/strong>  5905369922664<br \/>\n<strong>Materi\u0101ls<\/strong> T\u0113rauds<br \/>\n<strong>Kop\u0113jais platums (cm<\/strong> ) 3,7<br \/>\n<strong>Kop\u0113jais diametrs (cm<\/strong> ) 0,8<br \/>\n<strong>Lab\u0101s puses platums (cm<\/strong> ) 2,7<br \/>\n<strong>Kreis\u0101s puses platums (cm<\/strong> ) 2,7<br \/>\nT\u0113rauda <strong>kr\u0101sa<\/strong> <\/p>\n<p>\u0160ai e\u0146\u0123ei ir uzticama un funkcion\u0101la sist\u0113ma, kas uzlabo m\u0113be\u013cu lieto\u0161anu. M\u016bsu veikal\u0101<span style=\"text-decoration: underline;\"> atrad\u012bsiet<\/span> ar\u012b da\u017e\u0101das citas e\u0146\u0123es!<\/p>\n<p>Izmantot\u0101s m\u0113be\u013cu e\u0146\u0123es ir popul\u0101ri un uzticami risin\u0101jumi. E\u0146\u0123e ir izgatavota no neapstr\u0101d\u0101ta t\u0113rauda.<\/p>\n<p>Katrai \u0161\u012bs e\u0146\u0123es da\u013cai ir tr\u012bs stiprin\u0101juma atveres.<\/p>\n<p>Komplekt\u0101 ir iek\u013cautas ar\u012b nepiecie\u0161am\u0101s stiprin\u0101juma skr\u016bves.<\/p>\n<\/div>\n","protected":false},"excerpt":{"rendered":"<p>Modelis 03.304.AI.75L EAN. 5905369922664 Materi\u0101ls T\u0113rauds Kop\u0113jais platums (cm ) 3,7 Kop\u0113jais diametrs (cm ) 0,8 Lab\u0101s puses platums (cm<\/p>\n","protected":false},"featured_media":82894,"comment_status":"open","ping_status":"closed","template":"","meta":{"_acf_changed":false,"pmpro_default_level":""},"product_brand":[],"product_cat":[24080,24079,23837],"product_tag":[],"class_list":{"0":"post-138894","1":"product","2":"type-product","3":"status-publish","4":"has-post-thumbnail","6":"product_cat-mebelu-enges","7":"product_cat-viriesi","8":"product_cat-mebeles-piederumi","9":"pmpro-has-access","11":"first","12":"instock","13":"shipping-taxable","14":"purchasable","15":"product-type-simple"},"acf":[],"yoast_head":"<!-- This site is optimized with the Yoast SEO plugin v24.9 - https:\/\/yoast.com\/wordpress\/plugins\/seo\/ -->\n<title>M\u0113be\u013cu viras LIVE LEFT - MetalTale.com<\/title>\n<meta name=\"robots\" content=\"index, follow, max-snippet:-1, max-image-preview:large, max-video-preview:-1\" \/>\n<link rel=\"canonical\" href=\"https:\/\/metaltale.com\/lv\/produkts\/mebelu-viras-live-left\/\" \/>\n<meta property=\"og:locale\" content=\"lv_LV\" \/>\n<meta property=\"og:type\" content=\"article\" \/>\n<meta property=\"og:title\" content=\"M\u0113be\u013cu viras LIVE LEFT - MetalTale.com\" \/>\n<meta property=\"og:description\" content=\"Modelis 03.304.AI.75L EAN. 5905369922664 Materi\u0101ls T\u0113rauds Kop\u0113jais platums (cm ) 3,7 Kop\u0113jais diametrs (cm ) 0,8 Lab\u0101s puses platums (cm\" \/>\n<meta property=\"og:url\" content=\"https:\/\/metaltale.com\/lv\/produkts\/mebelu-viras-live-left\/\" \/>\n<meta property=\"og:site_name\" content=\"MetalTale.com\" \/>\n<meta name=\"twitter:card\" content=\"summary_large_image\" \/>\n<meta name=\"twitter:label1\" content=\"Est. reading time\" \/>\n\t<meta name=\"twitter:data1\" content=\"1 minute\" \/>\n<script type=\"application\/ld+json\" class=\"yoast-schema-graph\">{\"@context\":\"https:\/\/schema.org\",\"@graph\":[{\"@type\":\"WebPage\",\"@id\":\"https:\/\/metaltale.com\/lv\/produkts\/mebelu-viras-live-left\/\",\"url\":\"https:\/\/metaltale.com\/lv\/produkts\/mebelu-viras-live-left\/\",\"name\":\"M\u0113be\u013cu viras LIVE LEFT - MetalTale.com\",\"isPartOf\":{\"@id\":\"https:\/\/metaltale.com\/lv\/#website\"},\"primaryImageOfPage\":{\"@id\":\"https:\/\/metaltale.com\/lv\/produkts\/mebelu-viras-live-left\/#primaryimage\"},\"image\":{\"@id\":\"https:\/\/metaltale.com\/lv\/produkts\/mebelu-viras-live-left\/#primaryimage\"},\"thumbnailUrl\":\"https:\/\/metaltale.com\/wp-content\/uploads\/2023\/10\/TAIKOMAS-VYRIS-KAIRYSIS-Plienas.jpg\",\"datePublished\":\"2024-02-13T11:57:04+00:00\",\"breadcrumb\":{\"@id\":\"https:\/\/metaltale.com\/lv\/produkts\/mebelu-viras-live-left\/#breadcrumb\"},\"inLanguage\":\"lv-LV\",\"potentialAction\":[{\"@type\":\"ReadAction\",\"target\":[\"https:\/\/metaltale.com\/lv\/produkts\/mebelu-viras-live-left\/\"]}]},{\"@type\":\"ImageObject\",\"inLanguage\":\"lv-LV\",\"@id\":\"https:\/\/metaltale.com\/lv\/produkts\/mebelu-viras-live-left\/#primaryimage\",\"url\":\"https:\/\/metaltale.com\/wp-content\/uploads\/2023\/10\/TAIKOMAS-VYRIS-KAIRYSIS-Plienas.jpg\",\"contentUrl\":\"https:\/\/metaltale.com\/wp-content\/uploads\/2023\/10\/TAIKOMAS-VYRIS-KAIRYSIS-Plienas.jpg\",\"width\":800,\"height\":800,\"caption\":\"M\u0113be\u013cu viras LIVE LEFT\"},{\"@type\":\"BreadcrumbList\",\"@id\":\"https:\/\/metaltale.com\/lv\/produkts\/mebelu-viras-live-left\/#breadcrumb\",\"itemListElement\":[{\"@type\":\"ListItem\",\"position\":1,\"name\":\"Home\",\"item\":\"https:\/\/metaltale.com\/lv\/majas\/\"},{\"@type\":\"ListItem\",\"position\":2,\"name\":\"Veikals\",\"item\":\"https:\/\/metaltale.com\/lv\/shop\/\"},{\"@type\":\"ListItem\",\"position\":3,\"name\":\"M\u0113be\u013cu viras LIVE LEFT\"}]},{\"@type\":\"WebSite\",\"@id\":\"https:\/\/metaltale.com\/lv\/#website\",\"url\":\"https:\/\/metaltale.com\/lv\/\",\"name\":\"Metaltale.com\",\"description\":\"\",\"potentialAction\":[{\"@type\":\"SearchAction\",\"target\":{\"@type\":\"EntryPoint\",\"urlTemplate\":\"https:\/\/metaltale.com\/lv\/?s={search_term_string}\"},\"query-input\":{\"@type\":\"PropertyValueSpecification\",\"valueRequired\":true,\"valueName\":\"search_term_string\"}}],\"inLanguage\":\"lv-LV\"}]}<\/script>\n<!-- \/ Yoast SEO plugin. -->","yoast_head_json":{"title":"M\u0113be\u013cu viras LIVE LEFT - MetalTale.com","robots":{"index":"index","follow":"follow","max-snippet":"max-snippet:-1","max-image-preview":"max-image-preview:large","max-video-preview":"max-video-preview:-1"},"canonical":"https:\/\/metaltale.com\/lv\/produkts\/mebelu-viras-live-left\/","og_locale":"lv_LV","og_type":"article","og_title":"M\u0113be\u013cu viras LIVE LEFT - MetalTale.com","og_description":"Modelis 03.304.AI.75L EAN. 5905369922664 Materi\u0101ls T\u0113rauds Kop\u0113jais platums (cm ) 3,7 Kop\u0113jais diametrs (cm ) 0,8 Lab\u0101s puses platums (cm","og_url":"https:\/\/metaltale.com\/lv\/produkts\/mebelu-viras-live-left\/","og_site_name":"MetalTale.com","twitter_card":"summary_large_image","twitter_misc":{"Est. reading time":"1 minute"},"schema":{"@context":"https:\/\/schema.org","@graph":[{"@type":"WebPage","@id":"https:\/\/metaltale.com\/lv\/produkts\/mebelu-viras-live-left\/","url":"https:\/\/metaltale.com\/lv\/produkts\/mebelu-viras-live-left\/","name":"M\u0113be\u013cu viras LIVE LEFT - MetalTale.com","isPartOf":{"@id":"https:\/\/metaltale.com\/lv\/#website"},"primaryImageOfPage":{"@id":"https:\/\/metaltale.com\/lv\/produkts\/mebelu-viras-live-left\/#primaryimage"},"image":{"@id":"https:\/\/metaltale.com\/lv\/produkts\/mebelu-viras-live-left\/#primaryimage"},"thumbnailUrl":"https:\/\/metaltale.com\/wp-content\/uploads\/2023\/10\/TAIKOMAS-VYRIS-KAIRYSIS-Plienas.jpg","datePublished":"2024-02-13T11:57:04+00:00","breadcrumb":{"@id":"https:\/\/metaltale.com\/lv\/produkts\/mebelu-viras-live-left\/#breadcrumb"},"inLanguage":"lv-LV","potentialAction":[{"@type":"ReadAction","target":["https:\/\/metaltale.com\/lv\/produkts\/mebelu-viras-live-left\/"]}]},{"@type":"ImageObject","inLanguage":"lv-LV","@id":"https:\/\/metaltale.com\/lv\/produkts\/mebelu-viras-live-left\/#primaryimage","url":"https:\/\/metaltale.com\/wp-content\/uploads\/2023\/10\/TAIKOMAS-VYRIS-KAIRYSIS-Plienas.jpg","contentUrl":"https:\/\/metaltale.com\/wp-content\/uploads\/2023\/10\/TAIKOMAS-VYRIS-KAIRYSIS-Plienas.jpg","width":800,"height":800,"caption":"M\u0113be\u013cu viras LIVE LEFT"},{"@type":"BreadcrumbList","@id":"https:\/\/metaltale.com\/lv\/produkts\/mebelu-viras-live-left\/#breadcrumb","itemListElement":[{"@type":"ListItem","position":1,"name":"Home","item":"https:\/\/metaltale.com\/lv\/majas\/"},{"@type":"ListItem","position":2,"name":"Veikals","item":"https:\/\/metaltale.com\/lv\/shop\/"},{"@type":"ListItem","position":3,"name":"M\u0113be\u013cu viras LIVE LEFT"}]},{"@type":"WebSite","@id":"https:\/\/metaltale.com\/lv\/#website","url":"https:\/\/metaltale.com\/lv\/","name":"Metaltale.com","description":"","potentialAction":[{"@type":"SearchAction","target":{"@type":"EntryPoint","urlTemplate":"https:\/\/metaltale.com\/lv\/?s={search_term_string}"},"query-input":{"@type":"PropertyValueSpecification","valueRequired":true,"valueName":"search_term_string"}}],"inLanguage":"lv-LV"}]}},"_links":{"self":[{"href":"https:\/\/metaltale.com\/lv\/wp-json\/wp\/v2\/product\/138894","targetHints":{"allow":["GET"]}}],"collection":[{"href":"https:\/\/metaltale.com\/lv\/wp-json\/wp\/v2\/product"}],"about":[{"href":"https:\/\/metaltale.com\/lv\/wp-json\/wp\/v2\/types\/product"}],"replies":[{"embeddable":true,"href":"https:\/\/metaltale.com\/lv\/wp-json\/wp\/v2\/comments?post=138894"}],"version-history":[{"count":0,"href":"https:\/\/metaltale.com\/lv\/wp-json\/wp\/v2\/product\/138894\/revisions"}],"wp:featuredmedia":[{"embeddable":true,"href":"https:\/\/metaltale.com\/lv\/wp-json\/wp\/v2\/media\/82894"}],"wp:attachment":[{"href":"https:\/\/metaltale.com\/lv\/wp-json\/wp\/v2\/media?parent=138894"}],"wp:term":[{"taxonomy":"product_brand","embeddable":true,"href":"https:\/\/metaltale.com\/lv\/wp-json\/wp\/v2\/product_brand?post=138894"},{"taxonomy":"product_cat","embeddable":true,"href":"https:\/\/metaltale.com\/lv\/wp-json\/wp\/v2\/product_cat?post=138894"},{"taxonomy":"product_tag","embeddable":true,"href":"https:\/\/metaltale.com\/lv\/wp-json\/wp\/v2\/product_tag?post=138894"}],"curies":[{"name":"wp","href":"https:\/\/api.w.org\/{rel}","templated":true}]}}