{"id":138872,"date":"2024-02-13T13:59:04","date_gmt":"2024-02-13T11:59:04","guid":{"rendered":"https:\/\/metaltale.com\/produktas\/plaukta-turetajs-roma-190x150mm\/"},"modified":"2024-02-13T13:59:04","modified_gmt":"2024-02-13T11:59:04","slug":"plaukta-turetajs-roma-190x150mm","status":"publish","type":"product","link":"https:\/\/metaltale.com\/lv\/produkts\/plaukta-turetajs-roma-190x150mm\/","title":{"rendered":"Plaukta tur\u0113t\u0101js ROMA 190x150mm"},"content":{"rendered":"<div class=\"prod_data\">\n<p><strong>Modelis<\/strong> 2G112XX<br \/>\n<strong>Materi\u0101ls<\/strong> T\u0113rauds<br \/>\n<strong>Kop\u0113jais augstums (cm<\/strong> )<br \/>\nMont\u0101\u017eas skr\u016bves J\u0101<br \/>\nT\u0113rauda <strong>kr\u0101sa<\/strong><br \/>\nDaudzums komplekt\u0101 1 gab.<\/p>\n<div>\n<p><span style=\"color: #333333;\">&#8211; dekor\u0113ts tur\u0113t\u0101js izgatavots no augstas kvalit\u0101tes l\u0113juma<br \/>\n&#8211; zhitty stiprin\u0101juma caurumi \u013cauj skr\u016bv\u0113m b\u016bt vien\u0101 l\u012bmen\u012b ar kron\u0161teina virsmu, nodro\u0161inot viendab\u012bgu virsmu.<br \/>\n&#8211; Plaukta izgatavo\u0161anai var izmantot MDF vai skaidu pl\u0101tni, ta\u010du vislab\u0101k izskat\u0101s dab\u012bg\u0101 koka kron\u0161teins.<br \/>\n&#8211; noapa\u013cot\u0101m mal\u0101m ir est\u0113tiska funkcija un t\u0101s ietekm\u0113 izstr\u0101d\u0101juma dro\u0161\u012bbu.<br \/>\n&#8211; Vimpeli raksturo prec\u012bzi atlieti rot\u0101jumi.<\/span><\/p>\n<hr>\n<p>&nbsp;<\/p>\n<\/div>\n<div>\n<p><span style=\"color: #333333;\"><span style=\"color: #333333;\">Bag\u0101t\u012bgi dekor\u0113ts tur\u0113t\u0101js, kam rakstur\u012bga vi\u013c\u0146ota forma. Tas ir interesants priek\u0161likums jebkura veida interjeram. Tas lieliski izskat\u0101s Provansas, industri\u0101l\u0101 vai modern\u0101 stila telp\u0101s. Tas ir ide\u0101ls risin\u0101jums ikvienam, kas mekl\u0113 bag\u0101t\u012bgi dekor\u0113tu, bet praktisku risin\u0101jumu m\u0101joklim.<\/span><\/span><\/p>\n<hr>\n<p>* Plauktu kron\u0161teini ir izgatavoti ar rok\u0101m, t\u0101p\u0113c var b\u016bt neliela nob\u012bde (ne prec\u012bzi 90\u00b0).<\/p>\n<\/div>\n<div><\/div>\n<div style=\"text-align: center;\"><\/div>\n<\/div>\n","protected":false},"excerpt":{"rendered":"<p>Modelis 2G112XX Materi\u0101ls T\u0113rauds Kop\u0113jais augstums (cm ) Mont\u0101\u017eas skr\u016bves J\u0101 T\u0113rauda kr\u0101sa Daudzums komplekt\u0101 1 gab. &#8211; dekor\u0113ts tur\u0113t\u0101js<\/p>\n","protected":false},"featured_media":112118,"comment_status":"open","ping_status":"closed","template":"","meta":{"_acf_changed":false,"pmpro_default_level":""},"product_brand":[],"product_cat":[23861,23837],"product_tag":[],"class_list":{"0":"post-138872","1":"product","2":"type-product","3":"status-publish","4":"has-post-thumbnail","6":"product_cat-lentynu-laikikliai-lv","7":"product_cat-mebeles-piederumi","8":"pmpro-has-access","10":"first","11":"instock","12":"shipping-taxable","13":"purchasable","14":"product-type-simple"},"acf":[],"yoast_head":"<!-- This site is optimized with the Yoast SEO plugin v24.9 - https:\/\/yoast.com\/wordpress\/plugins\/seo\/ -->\n<title>Plaukta tur\u0113t\u0101js ROMA 190x150mm - MetalTale.com<\/title>\n<meta name=\"robots\" content=\"index, follow, max-snippet:-1, max-image-preview:large, max-video-preview:-1\" \/>\n<link rel=\"canonical\" href=\"https:\/\/metaltale.com\/lv\/produkts\/plaukta-turetajs-roma-190x150mm\/\" \/>\n<meta property=\"og:locale\" content=\"lv_LV\" \/>\n<meta property=\"og:type\" content=\"article\" \/>\n<meta property=\"og:title\" content=\"Plaukta tur\u0113t\u0101js ROMA 190x150mm - MetalTale.com\" \/>\n<meta property=\"og:description\" content=\"Modelis 2G112XX Materi\u0101ls T\u0113rauds Kop\u0113jais augstums (cm ) Mont\u0101\u017eas skr\u016bves J\u0101 T\u0113rauda kr\u0101sa Daudzums komplekt\u0101 1 gab. &#8211; dekor\u0113ts tur\u0113t\u0101js\" \/>\n<meta property=\"og:url\" content=\"https:\/\/metaltale.com\/lv\/produkts\/plaukta-turetajs-roma-190x150mm\/\" \/>\n<meta property=\"og:site_name\" content=\"MetalTale.com\" \/>\n<meta property=\"og:image\" content=\"https:\/\/metaltale.com\/wp-content\/uploads\/2023\/11\/ROMA-laikiklis-230x190-plienas.jpg\" \/>\n\t<meta property=\"og:image:width\" content=\"800\" \/>\n\t<meta property=\"og:image:height\" content=\"800\" \/>\n\t<meta property=\"og:image:type\" content=\"image\/jpeg\" \/>\n<meta name=\"twitter:card\" content=\"summary_large_image\" \/>\n<meta name=\"twitter:label1\" content=\"Est. reading time\" \/>\n\t<meta name=\"twitter:data1\" content=\"1 minute\" \/>\n<script type=\"application\/ld+json\" class=\"yoast-schema-graph\">{\"@context\":\"https:\/\/schema.org\",\"@graph\":[{\"@type\":\"WebPage\",\"@id\":\"https:\/\/metaltale.com\/lv\/produkts\/plaukta-turetajs-roma-190x150mm\/\",\"url\":\"https:\/\/metaltale.com\/lv\/produkts\/plaukta-turetajs-roma-190x150mm\/\",\"name\":\"Plaukta tur\u0113t\u0101js ROMA 190x150mm - MetalTale.com\",\"isPartOf\":{\"@id\":\"https:\/\/metaltale.com\/lv\/#website\"},\"primaryImageOfPage\":{\"@id\":\"https:\/\/metaltale.com\/lv\/produkts\/plaukta-turetajs-roma-190x150mm\/#primaryimage\"},\"image\":{\"@id\":\"https:\/\/metaltale.com\/lv\/produkts\/plaukta-turetajs-roma-190x150mm\/#primaryimage\"},\"thumbnailUrl\":\"https:\/\/metaltale.com\/wp-content\/uploads\/2023\/11\/ROMA-laikiklis-230x190-plienas.jpg\",\"datePublished\":\"2024-02-13T11:59:04+00:00\",\"breadcrumb\":{\"@id\":\"https:\/\/metaltale.com\/lv\/produkts\/plaukta-turetajs-roma-190x150mm\/#breadcrumb\"},\"inLanguage\":\"lv-LV\",\"potentialAction\":[{\"@type\":\"ReadAction\",\"target\":[\"https:\/\/metaltale.com\/lv\/produkts\/plaukta-turetajs-roma-190x150mm\/\"]}]},{\"@type\":\"ImageObject\",\"inLanguage\":\"lv-LV\",\"@id\":\"https:\/\/metaltale.com\/lv\/produkts\/plaukta-turetajs-roma-190x150mm\/#primaryimage\",\"url\":\"https:\/\/metaltale.com\/wp-content\/uploads\/2023\/11\/ROMA-laikiklis-230x190-plienas.jpg\",\"contentUrl\":\"https:\/\/metaltale.com\/wp-content\/uploads\/2023\/11\/ROMA-laikiklis-230x190-plienas.jpg\",\"width\":800,\"height\":800,\"caption\":\"Plaukta tur\u0113t\u0101js ROMA 230x190mm\"},{\"@type\":\"BreadcrumbList\",\"@id\":\"https:\/\/metaltale.com\/lv\/produkts\/plaukta-turetajs-roma-190x150mm\/#breadcrumb\",\"itemListElement\":[{\"@type\":\"ListItem\",\"position\":1,\"name\":\"Home\",\"item\":\"https:\/\/metaltale.com\/lv\/majas\/\"},{\"@type\":\"ListItem\",\"position\":2,\"name\":\"Veikals\",\"item\":\"https:\/\/metaltale.com\/lv\/shop\/\"},{\"@type\":\"ListItem\",\"position\":3,\"name\":\"Plaukta tur\u0113t\u0101js ROMA 190x150mm\"}]},{\"@type\":\"WebSite\",\"@id\":\"https:\/\/metaltale.com\/lv\/#website\",\"url\":\"https:\/\/metaltale.com\/lv\/\",\"name\":\"Metaltale.com\",\"description\":\"\",\"potentialAction\":[{\"@type\":\"SearchAction\",\"target\":{\"@type\":\"EntryPoint\",\"urlTemplate\":\"https:\/\/metaltale.com\/lv\/?s={search_term_string}\"},\"query-input\":{\"@type\":\"PropertyValueSpecification\",\"valueRequired\":true,\"valueName\":\"search_term_string\"}}],\"inLanguage\":\"lv-LV\"}]}<\/script>\n<!-- \/ Yoast SEO plugin. -->","yoast_head_json":{"title":"Plaukta tur\u0113t\u0101js ROMA 190x150mm - MetalTale.com","robots":{"index":"index","follow":"follow","max-snippet":"max-snippet:-1","max-image-preview":"max-image-preview:large","max-video-preview":"max-video-preview:-1"},"canonical":"https:\/\/metaltale.com\/lv\/produkts\/plaukta-turetajs-roma-190x150mm\/","og_locale":"lv_LV","og_type":"article","og_title":"Plaukta tur\u0113t\u0101js ROMA 190x150mm - MetalTale.com","og_description":"Modelis 2G112XX Materi\u0101ls T\u0113rauds Kop\u0113jais augstums (cm ) Mont\u0101\u017eas skr\u016bves J\u0101 T\u0113rauda kr\u0101sa Daudzums komplekt\u0101 1 gab. &#8211; dekor\u0113ts tur\u0113t\u0101js","og_url":"https:\/\/metaltale.com\/lv\/produkts\/plaukta-turetajs-roma-190x150mm\/","og_site_name":"MetalTale.com","og_image":[{"width":800,"height":800,"url":"https:\/\/metaltale.com\/wp-content\/uploads\/2023\/11\/ROMA-laikiklis-230x190-plienas.jpg","type":"image\/jpeg"}],"twitter_card":"summary_large_image","twitter_misc":{"Est. reading time":"1 minute"},"schema":{"@context":"https:\/\/schema.org","@graph":[{"@type":"WebPage","@id":"https:\/\/metaltale.com\/lv\/produkts\/plaukta-turetajs-roma-190x150mm\/","url":"https:\/\/metaltale.com\/lv\/produkts\/plaukta-turetajs-roma-190x150mm\/","name":"Plaukta tur\u0113t\u0101js ROMA 190x150mm - MetalTale.com","isPartOf":{"@id":"https:\/\/metaltale.com\/lv\/#website"},"primaryImageOfPage":{"@id":"https:\/\/metaltale.com\/lv\/produkts\/plaukta-turetajs-roma-190x150mm\/#primaryimage"},"image":{"@id":"https:\/\/metaltale.com\/lv\/produkts\/plaukta-turetajs-roma-190x150mm\/#primaryimage"},"thumbnailUrl":"https:\/\/metaltale.com\/wp-content\/uploads\/2023\/11\/ROMA-laikiklis-230x190-plienas.jpg","datePublished":"2024-02-13T11:59:04+00:00","breadcrumb":{"@id":"https:\/\/metaltale.com\/lv\/produkts\/plaukta-turetajs-roma-190x150mm\/#breadcrumb"},"inLanguage":"lv-LV","potentialAction":[{"@type":"ReadAction","target":["https:\/\/metaltale.com\/lv\/produkts\/plaukta-turetajs-roma-190x150mm\/"]}]},{"@type":"ImageObject","inLanguage":"lv-LV","@id":"https:\/\/metaltale.com\/lv\/produkts\/plaukta-turetajs-roma-190x150mm\/#primaryimage","url":"https:\/\/metaltale.com\/wp-content\/uploads\/2023\/11\/ROMA-laikiklis-230x190-plienas.jpg","contentUrl":"https:\/\/metaltale.com\/wp-content\/uploads\/2023\/11\/ROMA-laikiklis-230x190-plienas.jpg","width":800,"height":800,"caption":"Plaukta tur\u0113t\u0101js ROMA 230x190mm"},{"@type":"BreadcrumbList","@id":"https:\/\/metaltale.com\/lv\/produkts\/plaukta-turetajs-roma-190x150mm\/#breadcrumb","itemListElement":[{"@type":"ListItem","position":1,"name":"Home","item":"https:\/\/metaltale.com\/lv\/majas\/"},{"@type":"ListItem","position":2,"name":"Veikals","item":"https:\/\/metaltale.com\/lv\/shop\/"},{"@type":"ListItem","position":3,"name":"Plaukta tur\u0113t\u0101js ROMA 190x150mm"}]},{"@type":"WebSite","@id":"https:\/\/metaltale.com\/lv\/#website","url":"https:\/\/metaltale.com\/lv\/","name":"Metaltale.com","description":"","potentialAction":[{"@type":"SearchAction","target":{"@type":"EntryPoint","urlTemplate":"https:\/\/metaltale.com\/lv\/?s={search_term_string}"},"query-input":{"@type":"PropertyValueSpecification","valueRequired":true,"valueName":"search_term_string"}}],"inLanguage":"lv-LV"}]}},"_links":{"self":[{"href":"https:\/\/metaltale.com\/lv\/wp-json\/wp\/v2\/product\/138872","targetHints":{"allow":["GET"]}}],"collection":[{"href":"https:\/\/metaltale.com\/lv\/wp-json\/wp\/v2\/product"}],"about":[{"href":"https:\/\/metaltale.com\/lv\/wp-json\/wp\/v2\/types\/product"}],"replies":[{"embeddable":true,"href":"https:\/\/metaltale.com\/lv\/wp-json\/wp\/v2\/comments?post=138872"}],"version-history":[{"count":0,"href":"https:\/\/metaltale.com\/lv\/wp-json\/wp\/v2\/product\/138872\/revisions"}],"wp:featuredmedia":[{"embeddable":true,"href":"https:\/\/metaltale.com\/lv\/wp-json\/wp\/v2\/media\/112118"}],"wp:attachment":[{"href":"https:\/\/metaltale.com\/lv\/wp-json\/wp\/v2\/media?parent=138872"}],"wp:term":[{"taxonomy":"product_brand","embeddable":true,"href":"https:\/\/metaltale.com\/lv\/wp-json\/wp\/v2\/product_brand?post=138872"},{"taxonomy":"product_cat","embeddable":true,"href":"https:\/\/metaltale.com\/lv\/wp-json\/wp\/v2\/product_cat?post=138872"},{"taxonomy":"product_tag","embeddable":true,"href":"https:\/\/metaltale.com\/lv\/wp-json\/wp\/v2\/product_tag?post=138872"}],"curies":[{"name":"wp","href":"https:\/\/api.w.org\/{rel}","templated":true}]}}