{"id":138866,"date":"2024-02-13T13:59:04","date_gmt":"2024-02-13T11:59:04","guid":{"rendered":"https:\/\/metaltale.com\/produktas\/plauktu-kronsteini-milo-215x120-mm-komplekts\/"},"modified":"2024-02-13T13:59:04","modified_gmt":"2024-02-13T11:59:04","slug":"plauktu-kronsteini-milo-215x120-mm-komplekts","status":"publish","type":"product","link":"https:\/\/metaltale.com\/lv\/produkts\/plauktu-kronsteini-milo-215x120-mm-komplekts\/","title":{"rendered":"Plauktu kron\u0161teini MILO 215&#215;120 mm &#8211; komplekts"},"content":{"rendered":"<div class=\"prod_data\">\n<p><strong>Modelis<\/strong> FOR. WSP.1<br \/>\n<strong>Materi\u0101ls<\/strong> T\u0113rauds<br \/>\n<strong>Kop\u0113jais augstums (cm<\/strong> ) 12<br \/>\n<strong>Kop\u0113jais platums (cm<\/strong> ) 3<br \/>\n<strong>Kop\u0113j\u0101 projekcija (cm<\/strong> ) 21,5<br \/>\n<strong>Att\u0101lums starp<\/strong> caurumiem (<strong>cm<\/strong> ) 4<br \/>\nMont\u0101\u017eas skr\u016bves N\u0113<br \/>\nT\u0113rauda <strong>kr\u0101sa<\/strong><br \/>\n<strong>Daudzums komplekt\u0101<\/strong> 2 gab.<\/p>\n<p><span style=\"font-size: medium;\">&#8211; Vienk\u0101r\u0161a arhitekt\u016bra, bet stabils plauktu atbalsts<br \/>\n&#8211; Pulvera p\u0101rkl\u0101jums garant\u0113 augstu iztur\u012bbu pret skr\u0101p\u0113jumiem un sasitumiem.<\/span><br \/>\n<span style=\"font-size: medium;\">&#8211; augst\u0101k\u0101s kvalit\u0101tes lakas p\u0101rkl\u0101jums ilgnotur\u012bgai kr\u0101sas saglab\u0101\u0161anai.<\/span><br \/>\n<span style=\"font-size: medium;\">&#8211; Stabilit\u0101ti garant\u0113 \u010detri stiprin\u0101juma caurumi &#8211; divi piestiprin\u0101\u0161anai pie sienas un divi plaukta piestiprin\u0101\u0161anai pie kron\u0161teina;<\/span><br \/>\n<span style=\"font-size: medium;\">&#8211; izstr\u0101d\u0101juma daudzpus\u012bba \u013cauj uzst\u0101d\u012bt skaidu pl\u0101tnes, MDF vai dab\u012bgo koku.<\/span><br \/>\n<span style=\"font-size: medium;\">&#8211; kron\u0161teins ir piem\u0113rots da\u017e\u0101diem plauktu biezumiem (virs 20 mm).<\/span><\/p>\n<hr>\n<p><span style=\"font-size: medium;\">Kron\u0161teina rakstur\u012bg\u0101k\u0101 iez\u012bme ir t\u0101 stingrais un vienk\u0101r\u0161ais dizains. Izstr\u0101d\u0101juma dizains pie\u0161\u0137ir visam galdam <span class=\"hiddenSpellError\">b\u0113ni\u0146u<\/span> raksturu. Milo ir ide\u0101ls pied\u0101v\u0101jums priek\u0161namam, viesistabai, gu\u013camistabai vai virtuvei. T\u0101 m\u016b\u017e\u012bg\u0101 forma padara to piem\u0113rotu jebkura veida interjeram. Tas ir lieliski piem\u0113rots retro, b\u0113ni\u0146u un modern\u0101m telp\u0101m.<\/span><\/p>\n<hr>\n<p>* Plauktu kron\u0161teini ir izgatavoti ar rok\u0101m, t\u0101p\u0113c var b\u016bt neliela nob\u012bde (ne prec\u012bzi 90\u00b0).<\/p>\n<p style=\"text-align: center;\">\n<\/div>\n","protected":false},"excerpt":{"rendered":"<p>Modelis FOR. WSP.1 Materi\u0101ls T\u0113rauds Kop\u0113jais augstums (cm ) 12 Kop\u0113jais platums (cm ) 3 Kop\u0113j\u0101 projekcija (cm ) 21,5<\/p>\n","protected":false},"featured_media":131792,"comment_status":"open","ping_status":"closed","template":"","meta":{"_acf_changed":false,"pmpro_default_level":""},"product_brand":[],"product_cat":[23861,23837],"product_tag":[],"class_list":{"0":"post-138866","1":"product","2":"type-product","3":"status-publish","4":"has-post-thumbnail","6":"product_cat-lentynu-laikikliai-lv","7":"product_cat-mebeles-piederumi","8":"pmpro-has-access","10":"first","11":"instock","12":"shipping-taxable","13":"purchasable","14":"product-type-simple"},"acf":[],"yoast_head":"<!-- This site is optimized with the Yoast SEO plugin v24.9 - https:\/\/yoast.com\/wordpress\/plugins\/seo\/ -->\n<title>Plauktu kron\u0161teini MILO 215x120 mm - komplekts - MetalTale.com<\/title>\n<meta name=\"robots\" content=\"index, follow, max-snippet:-1, max-image-preview:large, max-video-preview:-1\" \/>\n<link rel=\"canonical\" href=\"https:\/\/metaltale.com\/lv\/produkts\/plauktu-kronsteini-milo-215x120-mm-komplekts\/\" \/>\n<meta property=\"og:locale\" content=\"lv_LV\" \/>\n<meta property=\"og:type\" content=\"article\" \/>\n<meta property=\"og:title\" content=\"Plauktu kron\u0161teini MILO 215x120 mm - komplekts - MetalTale.com\" \/>\n<meta property=\"og:description\" content=\"Modelis FOR. WSP.1 Materi\u0101ls T\u0113rauds Kop\u0113jais augstums (cm ) 12 Kop\u0113jais platums (cm ) 3 Kop\u0113j\u0101 projekcija (cm ) 21,5\" \/>\n<meta property=\"og:url\" content=\"https:\/\/metaltale.com\/lv\/produkts\/plauktu-kronsteini-milo-215x120-mm-komplekts\/\" \/>\n<meta property=\"og:site_name\" content=\"MetalTale.com\" \/>\n<meta property=\"og:image\" content=\"https:\/\/metaltale.com\/wp-content\/uploads\/2024\/02\/Lentynu-laikikliai-MILO-215x120-mm-rinkinys.jpg\" \/>\n\t<meta property=\"og:image:width\" content=\"800\" \/>\n\t<meta property=\"og:image:height\" content=\"800\" \/>\n\t<meta property=\"og:image:type\" content=\"image\/jpeg\" \/>\n<meta name=\"twitter:card\" content=\"summary_large_image\" \/>\n<meta name=\"twitter:label1\" content=\"Est. reading time\" \/>\n\t<meta name=\"twitter:data1\" content=\"1 minute\" \/>\n<script type=\"application\/ld+json\" class=\"yoast-schema-graph\">{\"@context\":\"https:\/\/schema.org\",\"@graph\":[{\"@type\":\"WebPage\",\"@id\":\"https:\/\/metaltale.com\/lv\/produkts\/plauktu-kronsteini-milo-215x120-mm-komplekts\/\",\"url\":\"https:\/\/metaltale.com\/lv\/produkts\/plauktu-kronsteini-milo-215x120-mm-komplekts\/\",\"name\":\"Plauktu kron\u0161teini MILO 215x120 mm - komplekts - MetalTale.com\",\"isPartOf\":{\"@id\":\"https:\/\/metaltale.com\/lv\/#website\"},\"primaryImageOfPage\":{\"@id\":\"https:\/\/metaltale.com\/lv\/produkts\/plauktu-kronsteini-milo-215x120-mm-komplekts\/#primaryimage\"},\"image\":{\"@id\":\"https:\/\/metaltale.com\/lv\/produkts\/plauktu-kronsteini-milo-215x120-mm-komplekts\/#primaryimage\"},\"thumbnailUrl\":\"https:\/\/metaltale.com\/wp-content\/uploads\/2024\/02\/Lentynu-laikikliai-MILO-215x120-mm-rinkinys.jpg\",\"datePublished\":\"2024-02-13T11:59:04+00:00\",\"breadcrumb\":{\"@id\":\"https:\/\/metaltale.com\/lv\/produkts\/plauktu-kronsteini-milo-215x120-mm-komplekts\/#breadcrumb\"},\"inLanguage\":\"lv-LV\",\"potentialAction\":[{\"@type\":\"ReadAction\",\"target\":[\"https:\/\/metaltale.com\/lv\/produkts\/plauktu-kronsteini-milo-215x120-mm-komplekts\/\"]}]},{\"@type\":\"ImageObject\",\"inLanguage\":\"lv-LV\",\"@id\":\"https:\/\/metaltale.com\/lv\/produkts\/plauktu-kronsteini-milo-215x120-mm-komplekts\/#primaryimage\",\"url\":\"https:\/\/metaltale.com\/wp-content\/uploads\/2024\/02\/Lentynu-laikikliai-MILO-215x120-mm-rinkinys.jpg\",\"contentUrl\":\"https:\/\/metaltale.com\/wp-content\/uploads\/2024\/02\/Lentynu-laikikliai-MILO-215x120-mm-rinkinys.jpg\",\"width\":800,\"height\":800,\"caption\":\"Plauktu kron\u0161teini MILO 215x120 mm - komplekts\"},{\"@type\":\"BreadcrumbList\",\"@id\":\"https:\/\/metaltale.com\/lv\/produkts\/plauktu-kronsteini-milo-215x120-mm-komplekts\/#breadcrumb\",\"itemListElement\":[{\"@type\":\"ListItem\",\"position\":1,\"name\":\"Home\",\"item\":\"https:\/\/metaltale.com\/lv\/majas\/\"},{\"@type\":\"ListItem\",\"position\":2,\"name\":\"Veikals\",\"item\":\"https:\/\/metaltale.com\/lv\/shop\/\"},{\"@type\":\"ListItem\",\"position\":3,\"name\":\"Plauktu kron\u0161teini MILO 215&#215;120 mm &#8211; komplekts\"}]},{\"@type\":\"WebSite\",\"@id\":\"https:\/\/metaltale.com\/lv\/#website\",\"url\":\"https:\/\/metaltale.com\/lv\/\",\"name\":\"Metaltale.com\",\"description\":\"\",\"potentialAction\":[{\"@type\":\"SearchAction\",\"target\":{\"@type\":\"EntryPoint\",\"urlTemplate\":\"https:\/\/metaltale.com\/lv\/?s={search_term_string}\"},\"query-input\":{\"@type\":\"PropertyValueSpecification\",\"valueRequired\":true,\"valueName\":\"search_term_string\"}}],\"inLanguage\":\"lv-LV\"}]}<\/script>\n<!-- \/ Yoast SEO plugin. -->","yoast_head_json":{"title":"Plauktu kron\u0161teini MILO 215x120 mm - komplekts - MetalTale.com","robots":{"index":"index","follow":"follow","max-snippet":"max-snippet:-1","max-image-preview":"max-image-preview:large","max-video-preview":"max-video-preview:-1"},"canonical":"https:\/\/metaltale.com\/lv\/produkts\/plauktu-kronsteini-milo-215x120-mm-komplekts\/","og_locale":"lv_LV","og_type":"article","og_title":"Plauktu kron\u0161teini MILO 215x120 mm - komplekts - MetalTale.com","og_description":"Modelis FOR. WSP.1 Materi\u0101ls T\u0113rauds Kop\u0113jais augstums (cm ) 12 Kop\u0113jais platums (cm ) 3 Kop\u0113j\u0101 projekcija (cm ) 21,5","og_url":"https:\/\/metaltale.com\/lv\/produkts\/plauktu-kronsteini-milo-215x120-mm-komplekts\/","og_site_name":"MetalTale.com","og_image":[{"width":800,"height":800,"url":"https:\/\/metaltale.com\/wp-content\/uploads\/2024\/02\/Lentynu-laikikliai-MILO-215x120-mm-rinkinys.jpg","type":"image\/jpeg"}],"twitter_card":"summary_large_image","twitter_misc":{"Est. reading time":"1 minute"},"schema":{"@context":"https:\/\/schema.org","@graph":[{"@type":"WebPage","@id":"https:\/\/metaltale.com\/lv\/produkts\/plauktu-kronsteini-milo-215x120-mm-komplekts\/","url":"https:\/\/metaltale.com\/lv\/produkts\/plauktu-kronsteini-milo-215x120-mm-komplekts\/","name":"Plauktu kron\u0161teini MILO 215x120 mm - komplekts - MetalTale.com","isPartOf":{"@id":"https:\/\/metaltale.com\/lv\/#website"},"primaryImageOfPage":{"@id":"https:\/\/metaltale.com\/lv\/produkts\/plauktu-kronsteini-milo-215x120-mm-komplekts\/#primaryimage"},"image":{"@id":"https:\/\/metaltale.com\/lv\/produkts\/plauktu-kronsteini-milo-215x120-mm-komplekts\/#primaryimage"},"thumbnailUrl":"https:\/\/metaltale.com\/wp-content\/uploads\/2024\/02\/Lentynu-laikikliai-MILO-215x120-mm-rinkinys.jpg","datePublished":"2024-02-13T11:59:04+00:00","breadcrumb":{"@id":"https:\/\/metaltale.com\/lv\/produkts\/plauktu-kronsteini-milo-215x120-mm-komplekts\/#breadcrumb"},"inLanguage":"lv-LV","potentialAction":[{"@type":"ReadAction","target":["https:\/\/metaltale.com\/lv\/produkts\/plauktu-kronsteini-milo-215x120-mm-komplekts\/"]}]},{"@type":"ImageObject","inLanguage":"lv-LV","@id":"https:\/\/metaltale.com\/lv\/produkts\/plauktu-kronsteini-milo-215x120-mm-komplekts\/#primaryimage","url":"https:\/\/metaltale.com\/wp-content\/uploads\/2024\/02\/Lentynu-laikikliai-MILO-215x120-mm-rinkinys.jpg","contentUrl":"https:\/\/metaltale.com\/wp-content\/uploads\/2024\/02\/Lentynu-laikikliai-MILO-215x120-mm-rinkinys.jpg","width":800,"height":800,"caption":"Plauktu kron\u0161teini MILO 215x120 mm - komplekts"},{"@type":"BreadcrumbList","@id":"https:\/\/metaltale.com\/lv\/produkts\/plauktu-kronsteini-milo-215x120-mm-komplekts\/#breadcrumb","itemListElement":[{"@type":"ListItem","position":1,"name":"Home","item":"https:\/\/metaltale.com\/lv\/majas\/"},{"@type":"ListItem","position":2,"name":"Veikals","item":"https:\/\/metaltale.com\/lv\/shop\/"},{"@type":"ListItem","position":3,"name":"Plauktu kron\u0161teini MILO 215&#215;120 mm &#8211; komplekts"}]},{"@type":"WebSite","@id":"https:\/\/metaltale.com\/lv\/#website","url":"https:\/\/metaltale.com\/lv\/","name":"Metaltale.com","description":"","potentialAction":[{"@type":"SearchAction","target":{"@type":"EntryPoint","urlTemplate":"https:\/\/metaltale.com\/lv\/?s={search_term_string}"},"query-input":{"@type":"PropertyValueSpecification","valueRequired":true,"valueName":"search_term_string"}}],"inLanguage":"lv-LV"}]}},"_links":{"self":[{"href":"https:\/\/metaltale.com\/lv\/wp-json\/wp\/v2\/product\/138866","targetHints":{"allow":["GET"]}}],"collection":[{"href":"https:\/\/metaltale.com\/lv\/wp-json\/wp\/v2\/product"}],"about":[{"href":"https:\/\/metaltale.com\/lv\/wp-json\/wp\/v2\/types\/product"}],"replies":[{"embeddable":true,"href":"https:\/\/metaltale.com\/lv\/wp-json\/wp\/v2\/comments?post=138866"}],"version-history":[{"count":0,"href":"https:\/\/metaltale.com\/lv\/wp-json\/wp\/v2\/product\/138866\/revisions"}],"wp:featuredmedia":[{"embeddable":true,"href":"https:\/\/metaltale.com\/lv\/wp-json\/wp\/v2\/media\/131792"}],"wp:attachment":[{"href":"https:\/\/metaltale.com\/lv\/wp-json\/wp\/v2\/media?parent=138866"}],"wp:term":[{"taxonomy":"product_brand","embeddable":true,"href":"https:\/\/metaltale.com\/lv\/wp-json\/wp\/v2\/product_brand?post=138866"},{"taxonomy":"product_cat","embeddable":true,"href":"https:\/\/metaltale.com\/lv\/wp-json\/wp\/v2\/product_cat?post=138866"},{"taxonomy":"product_tag","embeddable":true,"href":"https:\/\/metaltale.com\/lv\/wp-json\/wp\/v2\/product_tag?post=138866"}],"curies":[{"name":"wp","href":"https:\/\/api.w.org\/{rel}","templated":true}]}}