{"id":138856,"date":"2024-02-13T13:59:04","date_gmt":"2024-02-13T11:59:04","guid":{"rendered":"https:\/\/metaltale.com\/produktas\/plauktu-balsti-sally-210x300-mm-komplekts\/"},"modified":"2024-02-13T13:59:04","modified_gmt":"2024-02-13T11:59:04","slug":"plauktu-balsti-sally-210x300-mm-komplekts","status":"publish","type":"product","link":"https:\/\/metaltale.com\/lv\/produkts\/plauktu-balsti-sally-210x300-mm-komplekts\/","title":{"rendered":"Plauktu balsti SALLY 210&#215;300 mm &#8211; komplekts"},"content":{"rendered":"<div class=\"prod_data\">\n<p><strong>Modelis<\/strong> FOR. WSP.2XX<br \/>\n<strong>Materi\u0101ls<\/strong> T\u0113rauds<br \/>\n<strong>Kop\u0113jais augstums (cm<\/strong> ) 30<br \/>\n<strong>Kop\u0113jais platums (cm<\/strong> ) 3<br \/>\n<strong>Kop\u0113j\u0101 projekcija (cm<\/strong> ) 21<br \/>\n<strong>Att\u0101lums starp<\/strong> caurumiem (<strong>cm<\/strong> ) 25,5<br \/>\nMont\u0101\u017eas skr\u016bves N\u0113<br \/>\nT\u0113rauda <strong>kr\u0101sa<\/strong><br \/>\n<strong>Virsmas tips<\/strong> Gluda <strong>virsma<\/strong><br \/>\n<strong>Daudzums komplekt\u0101<\/strong> 2 gab.<\/p>\n<p>&#8211; kron\u0161teins ir izgatavots no augstas kvalit\u0101tes t\u0113rauda, kura biezums ir 3 mm, kas nodro\u0161ina plaukta stabilit\u0101ti.<br \/>\n&#8211; Pulvera p\u0101rkl\u0101jums garant\u0113 augstu iztur\u012bbu pret skr\u0101p\u0113jumiem un sasitumiem.<br \/>\n&#8211; augst\u0101k\u0101s kvalit\u0101tes lakas p\u0101rkl\u0101jums ilgnotur\u012bgai kr\u0101sas saglab\u0101\u0161anai.<br \/>\n&#8211; kron\u0161teina konstrukcija \u013cauj izveidot divus da\u017e\u0101dus plauktu mode\u013cus (sk. fotogaleriju).<br \/>\n&#8211; kron\u0161teinu var izmantot plauktiem, kas izgatavoti no koka, skaidu pl\u0101tnes un MDF.<br \/>\n&#8211; Unik\u0101ls dizains izce\u013c interjera retro raksturu un p\u0101rr\u0101vumu ar m\u016bsdien\u012bgu apdari.<br \/>\n&#8211; Maksim\u0101lais plaukta izm\u0113rs, kad tas ir uzst\u0101d\u012bts kron\u0161teina iek\u0161pus\u0113: biezums 2 cm, platums 20 cm.<\/p>\n<hr>\n<p>Univers\u0101lais tur\u0113t\u0101ja dizains \u013cauj piel\u0101got izstr\u0101d\u0101jumu jebkura veida interjeram. Neapstr\u0101d\u0101t\u0101 arhitekt\u016bra, kas izriet no plakano elementu kombin\u0101cijas, pasv\u012btro visa plaukta lofta raksturu. Sally ir ide\u0101ls risin\u0101jums priek\u0161namam, viesistabai vai virtuvei. Tas ir lieliski piem\u0113rots retro stila telp\u0101m ar akmens vai \u0137ie\u0123e\u013cu apdari. M\u016bsdien\u012bga stila telpas ir m\u016bsdien\u012bgas un laikmet\u012bgas.<\/p>\n<hr>\n<p style=\"text-align: left;\">* Plauktu kron\u0161teini ir izgatavoti ar rok\u0101m, t\u0101p\u0113c var b\u016bt neliela nob\u012bde (ne prec\u012bzi 90\u00b0).<\/p>\n<\/div>\n","protected":false},"excerpt":{"rendered":"<p>Modelis FOR. WSP.2XX Materi\u0101ls T\u0113rauds Kop\u0113jais augstums (cm ) 30 Kop\u0113jais platums (cm ) 3 Kop\u0113j\u0101 projekcija (cm ) 21<\/p>\n","protected":false},"featured_media":83251,"comment_status":"open","ping_status":"closed","template":"","meta":{"_acf_changed":false,"pmpro_default_level":""},"product_brand":[],"product_cat":[23861,23837],"product_tag":[],"class_list":{"0":"post-138856","1":"product","2":"type-product","3":"status-publish","4":"has-post-thumbnail","6":"product_cat-lentynu-laikikliai-lv","7":"product_cat-mebeles-piederumi","8":"pmpro-has-access","10":"first","11":"instock","12":"shipping-taxable","13":"purchasable","14":"product-type-simple"},"acf":[],"yoast_head":"<!-- This site is optimized with the Yoast SEO plugin v24.9 - https:\/\/yoast.com\/wordpress\/plugins\/seo\/ -->\n<title>Plauktu balsti SALLY 210x300 mm - komplekts - MetalTale.com<\/title>\n<meta name=\"robots\" content=\"index, follow, max-snippet:-1, max-image-preview:large, max-video-preview:-1\" \/>\n<link rel=\"canonical\" href=\"https:\/\/metaltale.com\/lv\/produkts\/plauktu-balsti-sally-210x300-mm-komplekts\/\" \/>\n<meta property=\"og:locale\" content=\"lv_LV\" \/>\n<meta property=\"og:type\" content=\"article\" \/>\n<meta property=\"og:title\" content=\"Plauktu balsti SALLY 210x300 mm - komplekts - MetalTale.com\" \/>\n<meta property=\"og:description\" content=\"Modelis FOR. WSP.2XX Materi\u0101ls T\u0113rauds Kop\u0113jais augstums (cm ) 30 Kop\u0113jais platums (cm ) 3 Kop\u0113j\u0101 projekcija (cm ) 21\" \/>\n<meta property=\"og:url\" content=\"https:\/\/metaltale.com\/lv\/produkts\/plauktu-balsti-sally-210x300-mm-komplekts\/\" \/>\n<meta property=\"og:site_name\" content=\"MetalTale.com\" \/>\n<meta property=\"og:image\" content=\"https:\/\/metaltale.com\/wp-content\/uploads\/2023\/10\/SALLY-laikiklis-210x300-Juoda.jpg\" \/>\n\t<meta property=\"og:image:width\" content=\"800\" \/>\n\t<meta property=\"og:image:height\" content=\"800\" \/>\n\t<meta property=\"og:image:type\" content=\"image\/jpeg\" \/>\n<meta name=\"twitter:card\" content=\"summary_large_image\" \/>\n<meta name=\"twitter:label1\" content=\"Est. reading time\" \/>\n\t<meta name=\"twitter:data1\" content=\"1 minute\" \/>\n<script type=\"application\/ld+json\" class=\"yoast-schema-graph\">{\"@context\":\"https:\/\/schema.org\",\"@graph\":[{\"@type\":\"WebPage\",\"@id\":\"https:\/\/metaltale.com\/lv\/produkts\/plauktu-balsti-sally-210x300-mm-komplekts\/\",\"url\":\"https:\/\/metaltale.com\/lv\/produkts\/plauktu-balsti-sally-210x300-mm-komplekts\/\",\"name\":\"Plauktu balsti SALLY 210x300 mm - komplekts - MetalTale.com\",\"isPartOf\":{\"@id\":\"https:\/\/metaltale.com\/lv\/#website\"},\"primaryImageOfPage\":{\"@id\":\"https:\/\/metaltale.com\/lv\/produkts\/plauktu-balsti-sally-210x300-mm-komplekts\/#primaryimage\"},\"image\":{\"@id\":\"https:\/\/metaltale.com\/lv\/produkts\/plauktu-balsti-sally-210x300-mm-komplekts\/#primaryimage\"},\"thumbnailUrl\":\"https:\/\/metaltale.com\/wp-content\/uploads\/2023\/10\/SALLY-laikiklis-210x300-Juoda.jpg\",\"datePublished\":\"2024-02-13T11:59:04+00:00\",\"breadcrumb\":{\"@id\":\"https:\/\/metaltale.com\/lv\/produkts\/plauktu-balsti-sally-210x300-mm-komplekts\/#breadcrumb\"},\"inLanguage\":\"lv-LV\",\"potentialAction\":[{\"@type\":\"ReadAction\",\"target\":[\"https:\/\/metaltale.com\/lv\/produkts\/plauktu-balsti-sally-210x300-mm-komplekts\/\"]}]},{\"@type\":\"ImageObject\",\"inLanguage\":\"lv-LV\",\"@id\":\"https:\/\/metaltale.com\/lv\/produkts\/plauktu-balsti-sally-210x300-mm-komplekts\/#primaryimage\",\"url\":\"https:\/\/metaltale.com\/wp-content\/uploads\/2023\/10\/SALLY-laikiklis-210x300-Juoda.jpg\",\"contentUrl\":\"https:\/\/metaltale.com\/wp-content\/uploads\/2023\/10\/SALLY-laikiklis-210x300-Juoda.jpg\",\"width\":800,\"height\":800,\"caption\":\"Plauktu balsti SALLY 210x300 mm - komplekts\"},{\"@type\":\"BreadcrumbList\",\"@id\":\"https:\/\/metaltale.com\/lv\/produkts\/plauktu-balsti-sally-210x300-mm-komplekts\/#breadcrumb\",\"itemListElement\":[{\"@type\":\"ListItem\",\"position\":1,\"name\":\"Home\",\"item\":\"https:\/\/metaltale.com\/lv\/majas\/\"},{\"@type\":\"ListItem\",\"position\":2,\"name\":\"Veikals\",\"item\":\"https:\/\/metaltale.com\/lv\/shop\/\"},{\"@type\":\"ListItem\",\"position\":3,\"name\":\"Plauktu balsti SALLY 210&#215;300 mm &#8211; komplekts\"}]},{\"@type\":\"WebSite\",\"@id\":\"https:\/\/metaltale.com\/lv\/#website\",\"url\":\"https:\/\/metaltale.com\/lv\/\",\"name\":\"Metaltale.com\",\"description\":\"\",\"potentialAction\":[{\"@type\":\"SearchAction\",\"target\":{\"@type\":\"EntryPoint\",\"urlTemplate\":\"https:\/\/metaltale.com\/lv\/?s={search_term_string}\"},\"query-input\":{\"@type\":\"PropertyValueSpecification\",\"valueRequired\":true,\"valueName\":\"search_term_string\"}}],\"inLanguage\":\"lv-LV\"}]}<\/script>\n<!-- \/ Yoast SEO plugin. -->","yoast_head_json":{"title":"Plauktu balsti SALLY 210x300 mm - komplekts - MetalTale.com","robots":{"index":"index","follow":"follow","max-snippet":"max-snippet:-1","max-image-preview":"max-image-preview:large","max-video-preview":"max-video-preview:-1"},"canonical":"https:\/\/metaltale.com\/lv\/produkts\/plauktu-balsti-sally-210x300-mm-komplekts\/","og_locale":"lv_LV","og_type":"article","og_title":"Plauktu balsti SALLY 210x300 mm - komplekts - MetalTale.com","og_description":"Modelis FOR. WSP.2XX Materi\u0101ls T\u0113rauds Kop\u0113jais augstums (cm ) 30 Kop\u0113jais platums (cm ) 3 Kop\u0113j\u0101 projekcija (cm ) 21","og_url":"https:\/\/metaltale.com\/lv\/produkts\/plauktu-balsti-sally-210x300-mm-komplekts\/","og_site_name":"MetalTale.com","og_image":[{"width":800,"height":800,"url":"https:\/\/metaltale.com\/wp-content\/uploads\/2023\/10\/SALLY-laikiklis-210x300-Juoda.jpg","type":"image\/jpeg"}],"twitter_card":"summary_large_image","twitter_misc":{"Est. reading time":"1 minute"},"schema":{"@context":"https:\/\/schema.org","@graph":[{"@type":"WebPage","@id":"https:\/\/metaltale.com\/lv\/produkts\/plauktu-balsti-sally-210x300-mm-komplekts\/","url":"https:\/\/metaltale.com\/lv\/produkts\/plauktu-balsti-sally-210x300-mm-komplekts\/","name":"Plauktu balsti SALLY 210x300 mm - komplekts - MetalTale.com","isPartOf":{"@id":"https:\/\/metaltale.com\/lv\/#website"},"primaryImageOfPage":{"@id":"https:\/\/metaltale.com\/lv\/produkts\/plauktu-balsti-sally-210x300-mm-komplekts\/#primaryimage"},"image":{"@id":"https:\/\/metaltale.com\/lv\/produkts\/plauktu-balsti-sally-210x300-mm-komplekts\/#primaryimage"},"thumbnailUrl":"https:\/\/metaltale.com\/wp-content\/uploads\/2023\/10\/SALLY-laikiklis-210x300-Juoda.jpg","datePublished":"2024-02-13T11:59:04+00:00","breadcrumb":{"@id":"https:\/\/metaltale.com\/lv\/produkts\/plauktu-balsti-sally-210x300-mm-komplekts\/#breadcrumb"},"inLanguage":"lv-LV","potentialAction":[{"@type":"ReadAction","target":["https:\/\/metaltale.com\/lv\/produkts\/plauktu-balsti-sally-210x300-mm-komplekts\/"]}]},{"@type":"ImageObject","inLanguage":"lv-LV","@id":"https:\/\/metaltale.com\/lv\/produkts\/plauktu-balsti-sally-210x300-mm-komplekts\/#primaryimage","url":"https:\/\/metaltale.com\/wp-content\/uploads\/2023\/10\/SALLY-laikiklis-210x300-Juoda.jpg","contentUrl":"https:\/\/metaltale.com\/wp-content\/uploads\/2023\/10\/SALLY-laikiklis-210x300-Juoda.jpg","width":800,"height":800,"caption":"Plauktu balsti SALLY 210x300 mm - komplekts"},{"@type":"BreadcrumbList","@id":"https:\/\/metaltale.com\/lv\/produkts\/plauktu-balsti-sally-210x300-mm-komplekts\/#breadcrumb","itemListElement":[{"@type":"ListItem","position":1,"name":"Home","item":"https:\/\/metaltale.com\/lv\/majas\/"},{"@type":"ListItem","position":2,"name":"Veikals","item":"https:\/\/metaltale.com\/lv\/shop\/"},{"@type":"ListItem","position":3,"name":"Plauktu balsti SALLY 210&#215;300 mm &#8211; komplekts"}]},{"@type":"WebSite","@id":"https:\/\/metaltale.com\/lv\/#website","url":"https:\/\/metaltale.com\/lv\/","name":"Metaltale.com","description":"","potentialAction":[{"@type":"SearchAction","target":{"@type":"EntryPoint","urlTemplate":"https:\/\/metaltale.com\/lv\/?s={search_term_string}"},"query-input":{"@type":"PropertyValueSpecification","valueRequired":true,"valueName":"search_term_string"}}],"inLanguage":"lv-LV"}]}},"_links":{"self":[{"href":"https:\/\/metaltale.com\/lv\/wp-json\/wp\/v2\/product\/138856","targetHints":{"allow":["GET"]}}],"collection":[{"href":"https:\/\/metaltale.com\/lv\/wp-json\/wp\/v2\/product"}],"about":[{"href":"https:\/\/metaltale.com\/lv\/wp-json\/wp\/v2\/types\/product"}],"replies":[{"embeddable":true,"href":"https:\/\/metaltale.com\/lv\/wp-json\/wp\/v2\/comments?post=138856"}],"version-history":[{"count":0,"href":"https:\/\/metaltale.com\/lv\/wp-json\/wp\/v2\/product\/138856\/revisions"}],"wp:featuredmedia":[{"embeddable":true,"href":"https:\/\/metaltale.com\/lv\/wp-json\/wp\/v2\/media\/83251"}],"wp:attachment":[{"href":"https:\/\/metaltale.com\/lv\/wp-json\/wp\/v2\/media?parent=138856"}],"wp:term":[{"taxonomy":"product_brand","embeddable":true,"href":"https:\/\/metaltale.com\/lv\/wp-json\/wp\/v2\/product_brand?post=138856"},{"taxonomy":"product_cat","embeddable":true,"href":"https:\/\/metaltale.com\/lv\/wp-json\/wp\/v2\/product_cat?post=138856"},{"taxonomy":"product_tag","embeddable":true,"href":"https:\/\/metaltale.com\/lv\/wp-json\/wp\/v2\/product_tag?post=138856"}],"curies":[{"name":"wp","href":"https:\/\/api.w.org\/{rel}","templated":true}]}}