{"id":138851,"date":"2024-02-13T13:59:04","date_gmt":"2024-02-13T11:59:04","guid":{"rendered":"https:\/\/metaltale.com\/produktas\/plaukta-balsts-wiera-150x100-mm-melns\/"},"modified":"2024-02-13T13:59:04","modified_gmt":"2024-02-13T11:59:04","slug":"plaukta-balsts-wiera-150x100-mm-melns","status":"publish","type":"product","link":"https:\/\/metaltale.com\/lv\/produkts\/plaukta-balsts-wiera-150x100-mm-melns\/","title":{"rendered":"Plaukta balsts WIERA 150&#215;100 mm melns"},"content":{"rendered":"<div class=\"prod_data\">\n<p>ZA.120 <strong>modelis<\/strong><br \/>\n<strong>Materi\u0101ls<\/strong> T\u0113rauds<br \/>\nKop\u0113jais augstums (cm ) 11<br \/>\n<strong>Kop\u0113jais platums (cm<\/strong> ) 14,5<br \/>\n<strong>Kr\u0101sa<\/strong> Melna<br \/>\n<strong>Daudzums komplekt\u0101<\/strong> 2 gab.<\/p>\n<p><span style=\"font-size: medium;\">&#8211; izgatavots no augstas kvalit\u0101tes t\u0113rauda, kura biezums ir 4-4,5 mm, lai nodro\u0161in\u0101tu stabilit\u0101ti plaukt\u0101.<br \/>\n&#8211; Pulvera p\u0101rkl\u0101jums garant\u0113 augstu iztur\u012bbu pret skr\u0101p\u0113jumiem un sasitumiem.<br \/>\n&#8211; augst\u0101k\u0101s kvalit\u0101tes lakas izmanto\u0161ana nodro\u0161ina ilgsto\u0161u kr\u0101sas notur\u012bbu.<br \/>\n&#8211; lieto\u0161anas br\u012bv\u012bba da\u017e\u0101diem plauktu izm\u0113riem<br \/>\n&#8211; daudzpus\u012bba &#8211; kron\u0161teinu var izmantot plauktiem, kas izgatavoti no koka, skaidu pl\u0101tnes un MDF.<br \/>\n&#8211; izstr\u0101d\u0101juma konstrukcija \u013cauj to izmantot gan dz\u012bvojam\u0101s, gan pal\u012bgtelp\u0101s.<\/span><\/p>\n<hr>\n<p><span style=\"font-size: medium;\">\u013boti praktisks tur\u0113t\u0101js ar vienk\u0101r\u0161u dizainu, kas piem\u0113rots jebkura veida interjeram. Tas ir izstr\u0101d\u0101jums klasiskajam birojam, retro telp\u0101m un m\u0101c\u012bbu kabinetiem. Pateicoties le\u0146\u0137veida tur\u0113t\u0101ja konstrukcijai, tas ir \u013coti stabils. &#8220;Wiera ir ne tikai risin\u0101jums dz\u012bvok\u013ciem &#8211; tas ir ide\u0101ls risin\u0101jums gar\u0101\u017e\u0101m, darbn\u012bc\u0101m un pal\u012bgtelp\u0101m.<\/span><\/p>\n<hr>\n<div class=\"orbitvu-viewer\" style=\"width: 100%; height: 100%;\">\n<div id=\"ovContent-9qFhAZiGE76oCHyywUuaaZ\" style=\"text-align: left;\">* Plauktu kron\u0161teini ir izgatavoti ar rok\u0101m, t\u0101p\u0113c var b\u016bt neliela nob\u012bde (ne prec\u012bzi 90\u00b0).<\/div>\n<div style=\"text-align: center;\"><\/div>\n<\/div>\n<\/div>\n","protected":false},"excerpt":{"rendered":"<p>ZA.120 modelis Materi\u0101ls T\u0113rauds Kop\u0113jais augstums (cm ) 11 Kop\u0113jais platums (cm ) 14,5 Kr\u0101sa Melna Daudzums komplekt\u0101 2 gab.<\/p>\n","protected":false},"featured_media":131546,"comment_status":"open","ping_status":"closed","template":"","meta":{"_acf_changed":false,"pmpro_default_level":""},"product_brand":[],"product_cat":[23861,23837],"product_tag":[],"class_list":{"0":"post-138851","1":"product","2":"type-product","3":"status-publish","4":"has-post-thumbnail","6":"product_cat-lentynu-laikikliai-lv","7":"product_cat-mebeles-piederumi","8":"pmpro-has-access","10":"first","11":"instock","12":"shipping-taxable","13":"purchasable","14":"product-type-simple"},"acf":[],"yoast_head":"<!-- This site is optimized with the Yoast SEO plugin v24.9 - https:\/\/yoast.com\/wordpress\/plugins\/seo\/ -->\n<title>Plaukta balsts WIERA 150x100 mm melns - MetalTale.com<\/title>\n<meta name=\"robots\" content=\"index, follow, max-snippet:-1, max-image-preview:large, max-video-preview:-1\" \/>\n<link rel=\"canonical\" href=\"https:\/\/metaltale.com\/lv\/produkts\/plaukta-balsts-wiera-150x100-mm-melns\/\" \/>\n<meta property=\"og:locale\" content=\"lv_LV\" \/>\n<meta property=\"og:type\" content=\"article\" \/>\n<meta property=\"og:title\" content=\"Plaukta balsts WIERA 150x100 mm melns - MetalTale.com\" \/>\n<meta property=\"og:description\" content=\"ZA.120 modelis Materi\u0101ls T\u0113rauds Kop\u0113jais augstums (cm ) 11 Kop\u0113jais platums (cm ) 14,5 Kr\u0101sa Melna Daudzums komplekt\u0101 2 gab.\" \/>\n<meta property=\"og:url\" content=\"https:\/\/metaltale.com\/lv\/produkts\/plaukta-balsts-wiera-150x100-mm-melns\/\" \/>\n<meta property=\"og:site_name\" content=\"MetalTale.com\" \/>\n<meta property=\"og:image\" content=\"https:\/\/metaltale.com\/wp-content\/uploads\/2024\/02\/Lentynu-atrama-WIERA-150x100-mm-juoda.jpg\" \/>\n\t<meta property=\"og:image:width\" content=\"800\" \/>\n\t<meta property=\"og:image:height\" content=\"800\" \/>\n\t<meta property=\"og:image:type\" content=\"image\/jpeg\" \/>\n<meta name=\"twitter:card\" content=\"summary_large_image\" \/>\n<meta name=\"twitter:label1\" content=\"Est. reading time\" \/>\n\t<meta name=\"twitter:data1\" content=\"1 minute\" \/>\n<script type=\"application\/ld+json\" class=\"yoast-schema-graph\">{\"@context\":\"https:\/\/schema.org\",\"@graph\":[{\"@type\":\"WebPage\",\"@id\":\"https:\/\/metaltale.com\/lv\/produkts\/plaukta-balsts-wiera-150x100-mm-melns\/\",\"url\":\"https:\/\/metaltale.com\/lv\/produkts\/plaukta-balsts-wiera-150x100-mm-melns\/\",\"name\":\"Plaukta balsts WIERA 150x100 mm melns - MetalTale.com\",\"isPartOf\":{\"@id\":\"https:\/\/metaltale.com\/lv\/#website\"},\"primaryImageOfPage\":{\"@id\":\"https:\/\/metaltale.com\/lv\/produkts\/plaukta-balsts-wiera-150x100-mm-melns\/#primaryimage\"},\"image\":{\"@id\":\"https:\/\/metaltale.com\/lv\/produkts\/plaukta-balsts-wiera-150x100-mm-melns\/#primaryimage\"},\"thumbnailUrl\":\"https:\/\/metaltale.com\/wp-content\/uploads\/2024\/02\/Lentynu-atrama-WIERA-150x100-mm-juoda.jpg\",\"datePublished\":\"2024-02-13T11:59:04+00:00\",\"breadcrumb\":{\"@id\":\"https:\/\/metaltale.com\/lv\/produkts\/plaukta-balsts-wiera-150x100-mm-melns\/#breadcrumb\"},\"inLanguage\":\"lv-LV\",\"potentialAction\":[{\"@type\":\"ReadAction\",\"target\":[\"https:\/\/metaltale.com\/lv\/produkts\/plaukta-balsts-wiera-150x100-mm-melns\/\"]}]},{\"@type\":\"ImageObject\",\"inLanguage\":\"lv-LV\",\"@id\":\"https:\/\/metaltale.com\/lv\/produkts\/plaukta-balsts-wiera-150x100-mm-melns\/#primaryimage\",\"url\":\"https:\/\/metaltale.com\/wp-content\/uploads\/2024\/02\/Lentynu-atrama-WIERA-150x100-mm-juoda.jpg\",\"contentUrl\":\"https:\/\/metaltale.com\/wp-content\/uploads\/2024\/02\/Lentynu-atrama-WIERA-150x100-mm-juoda.jpg\",\"width\":800,\"height\":800,\"caption\":\"Plaukta balsts WIERA 150x100 mm melns\"},{\"@type\":\"BreadcrumbList\",\"@id\":\"https:\/\/metaltale.com\/lv\/produkts\/plaukta-balsts-wiera-150x100-mm-melns\/#breadcrumb\",\"itemListElement\":[{\"@type\":\"ListItem\",\"position\":1,\"name\":\"Home\",\"item\":\"https:\/\/metaltale.com\/lv\/majas\/\"},{\"@type\":\"ListItem\",\"position\":2,\"name\":\"Veikals\",\"item\":\"https:\/\/metaltale.com\/lv\/shop\/\"},{\"@type\":\"ListItem\",\"position\":3,\"name\":\"Plaukta balsts WIERA 150&#215;100 mm melns\"}]},{\"@type\":\"WebSite\",\"@id\":\"https:\/\/metaltale.com\/lv\/#website\",\"url\":\"https:\/\/metaltale.com\/lv\/\",\"name\":\"Metaltale.com\",\"description\":\"\",\"potentialAction\":[{\"@type\":\"SearchAction\",\"target\":{\"@type\":\"EntryPoint\",\"urlTemplate\":\"https:\/\/metaltale.com\/lv\/?s={search_term_string}\"},\"query-input\":{\"@type\":\"PropertyValueSpecification\",\"valueRequired\":true,\"valueName\":\"search_term_string\"}}],\"inLanguage\":\"lv-LV\"}]}<\/script>\n<!-- \/ Yoast SEO plugin. -->","yoast_head_json":{"title":"Plaukta balsts WIERA 150x100 mm melns - MetalTale.com","robots":{"index":"index","follow":"follow","max-snippet":"max-snippet:-1","max-image-preview":"max-image-preview:large","max-video-preview":"max-video-preview:-1"},"canonical":"https:\/\/metaltale.com\/lv\/produkts\/plaukta-balsts-wiera-150x100-mm-melns\/","og_locale":"lv_LV","og_type":"article","og_title":"Plaukta balsts WIERA 150x100 mm melns - MetalTale.com","og_description":"ZA.120 modelis Materi\u0101ls T\u0113rauds Kop\u0113jais augstums (cm ) 11 Kop\u0113jais platums (cm ) 14,5 Kr\u0101sa Melna Daudzums komplekt\u0101 2 gab.","og_url":"https:\/\/metaltale.com\/lv\/produkts\/plaukta-balsts-wiera-150x100-mm-melns\/","og_site_name":"MetalTale.com","og_image":[{"width":800,"height":800,"url":"https:\/\/metaltale.com\/wp-content\/uploads\/2024\/02\/Lentynu-atrama-WIERA-150x100-mm-juoda.jpg","type":"image\/jpeg"}],"twitter_card":"summary_large_image","twitter_misc":{"Est. reading time":"1 minute"},"schema":{"@context":"https:\/\/schema.org","@graph":[{"@type":"WebPage","@id":"https:\/\/metaltale.com\/lv\/produkts\/plaukta-balsts-wiera-150x100-mm-melns\/","url":"https:\/\/metaltale.com\/lv\/produkts\/plaukta-balsts-wiera-150x100-mm-melns\/","name":"Plaukta balsts WIERA 150x100 mm melns - MetalTale.com","isPartOf":{"@id":"https:\/\/metaltale.com\/lv\/#website"},"primaryImageOfPage":{"@id":"https:\/\/metaltale.com\/lv\/produkts\/plaukta-balsts-wiera-150x100-mm-melns\/#primaryimage"},"image":{"@id":"https:\/\/metaltale.com\/lv\/produkts\/plaukta-balsts-wiera-150x100-mm-melns\/#primaryimage"},"thumbnailUrl":"https:\/\/metaltale.com\/wp-content\/uploads\/2024\/02\/Lentynu-atrama-WIERA-150x100-mm-juoda.jpg","datePublished":"2024-02-13T11:59:04+00:00","breadcrumb":{"@id":"https:\/\/metaltale.com\/lv\/produkts\/plaukta-balsts-wiera-150x100-mm-melns\/#breadcrumb"},"inLanguage":"lv-LV","potentialAction":[{"@type":"ReadAction","target":["https:\/\/metaltale.com\/lv\/produkts\/plaukta-balsts-wiera-150x100-mm-melns\/"]}]},{"@type":"ImageObject","inLanguage":"lv-LV","@id":"https:\/\/metaltale.com\/lv\/produkts\/plaukta-balsts-wiera-150x100-mm-melns\/#primaryimage","url":"https:\/\/metaltale.com\/wp-content\/uploads\/2024\/02\/Lentynu-atrama-WIERA-150x100-mm-juoda.jpg","contentUrl":"https:\/\/metaltale.com\/wp-content\/uploads\/2024\/02\/Lentynu-atrama-WIERA-150x100-mm-juoda.jpg","width":800,"height":800,"caption":"Plaukta balsts WIERA 150x100 mm melns"},{"@type":"BreadcrumbList","@id":"https:\/\/metaltale.com\/lv\/produkts\/plaukta-balsts-wiera-150x100-mm-melns\/#breadcrumb","itemListElement":[{"@type":"ListItem","position":1,"name":"Home","item":"https:\/\/metaltale.com\/lv\/majas\/"},{"@type":"ListItem","position":2,"name":"Veikals","item":"https:\/\/metaltale.com\/lv\/shop\/"},{"@type":"ListItem","position":3,"name":"Plaukta balsts WIERA 150&#215;100 mm melns"}]},{"@type":"WebSite","@id":"https:\/\/metaltale.com\/lv\/#website","url":"https:\/\/metaltale.com\/lv\/","name":"Metaltale.com","description":"","potentialAction":[{"@type":"SearchAction","target":{"@type":"EntryPoint","urlTemplate":"https:\/\/metaltale.com\/lv\/?s={search_term_string}"},"query-input":{"@type":"PropertyValueSpecification","valueRequired":true,"valueName":"search_term_string"}}],"inLanguage":"lv-LV"}]}},"_links":{"self":[{"href":"https:\/\/metaltale.com\/lv\/wp-json\/wp\/v2\/product\/138851","targetHints":{"allow":["GET"]}}],"collection":[{"href":"https:\/\/metaltale.com\/lv\/wp-json\/wp\/v2\/product"}],"about":[{"href":"https:\/\/metaltale.com\/lv\/wp-json\/wp\/v2\/types\/product"}],"replies":[{"embeddable":true,"href":"https:\/\/metaltale.com\/lv\/wp-json\/wp\/v2\/comments?post=138851"}],"version-history":[{"count":0,"href":"https:\/\/metaltale.com\/lv\/wp-json\/wp\/v2\/product\/138851\/revisions"}],"wp:featuredmedia":[{"embeddable":true,"href":"https:\/\/metaltale.com\/lv\/wp-json\/wp\/v2\/media\/131546"}],"wp:attachment":[{"href":"https:\/\/metaltale.com\/lv\/wp-json\/wp\/v2\/media?parent=138851"}],"wp:term":[{"taxonomy":"product_brand","embeddable":true,"href":"https:\/\/metaltale.com\/lv\/wp-json\/wp\/v2\/product_brand?post=138851"},{"taxonomy":"product_cat","embeddable":true,"href":"https:\/\/metaltale.com\/lv\/wp-json\/wp\/v2\/product_cat?post=138851"},{"taxonomy":"product_tag","embeddable":true,"href":"https:\/\/metaltale.com\/lv\/wp-json\/wp\/v2\/product_tag?post=138851"}],"curies":[{"name":"wp","href":"https:\/\/api.w.org\/{rel}","templated":true}]}}