{"id":138817,"date":"2024-02-13T14:03:04","date_gmt":"2024-02-13T12:03:04","guid":{"rendered":"https:\/\/metaltale.com\/produktas\/apgerbu-mebele-triple-125-mm-melna\/"},"modified":"2024-12-02T12:29:26","modified_gmt":"2024-12-02T10:29:26","slug":"apgerbu-mebele-triple-125-mm-melna","status":"publish","type":"product","link":"https:\/\/metaltale.com\/lv\/produkts\/apgerbu-mebele-triple-125-mm-melna\/","title":{"rendered":"Ap\u0123\u0113rbu m\u0113bele TRIPLE 125 mm, melna"},"content":{"rendered":"<div class=\"prod_data\">\n<p>49.336T <strong>modelis<\/strong>. XX<br \/>\nMateri\u0101ls Ketus<br \/>\n<strong>Kop\u0113jais augstums (cm<\/strong> ) 12,5<br \/>\n<strong>Kop\u0113j\u0101 projekcija (cm<\/strong> ) 8,5<br \/>\n<strong>Pamatnes izm\u0113ri (cm)<\/strong> 3 x 3,6<br \/>\n<strong>Sugu<\/strong> trijnieks<br \/>\nMont\u0101\u017eas skr\u016bves J\u0101<br \/>\n<strong>Kr\u0101sa<\/strong> Melna<br \/>\nDaudzums komplekt\u0101 1 gab.<\/p>\n<p>Vienk\u0101r\u0161i risin\u0101jumi un p\u0101rdom\u0101ti raksti ir viens no faktoriem, kas nosaka <strong>rustik\u0101lo m\u0113be\u013cu aksesu\u0101ru<\/strong> izv\u0113li. Retro aksesu\u0101ri m\u0113bel\u0113t\u0101m telp\u0101m pie\u0161\u0137ir daudz siltuma un praktiskuma.<\/p>\n<p><strong>Tr\u012bs pakaramie \u0101\u0137i<\/strong> ir veidoti no \u010duguna, un tie ir \u013coti funkcion\u0101ls papildin\u0101jums interjeram ar lauku noska\u0146u. Vienk\u0101r\u0161ais modelis, kas uzst\u0101d\u012bts uz plakanas pamatnes, pied\u0101v\u0101 pla\u0161as izmanto\u0161anas iesp\u0113jas. Abas l\u012bdz\u012bga garuma rokas bag\u0101tin\u0101ja tre\u0161ais piekari\u0146\u0161, kas izvirz\u0101s virs kopuma.<\/p>\n<p>Ar trim stiprin\u0101juma caurumiem un iek\u013caut\u0101m skr\u016bv\u0113m.<\/p>\n<\/div>\n","protected":false},"excerpt":{"rendered":"<p>49.336T modelis. XX Materi\u0101ls Ketus Kop\u0113jais augstums (cm ) 12,5 Kop\u0113j\u0101 projekcija (cm ) 8,5 Pamatnes izm\u0113ri (cm) 3 x<\/p>\n","protected":false},"featured_media":129887,"comment_status":"open","ping_status":"closed","template":"","meta":{"_acf_changed":false,"pmpro_default_level":""},"product_brand":[],"product_cat":[23837,23862],"product_tag":[],"class_list":{"0":"post-138817","1":"product","2":"type-product","3":"status-publish","4":"has-post-thumbnail","6":"product_cat-mebeles-piederumi","7":"product_cat-pakabos-ir-kabliukai-lv","8":"pmpro-has-access","10":"first","11":"instock","12":"shipping-taxable","13":"purchasable","14":"product-type-simple"},"acf":[],"yoast_head":"<!-- This site is optimized with the Yoast SEO plugin v24.9 - https:\/\/yoast.com\/wordpress\/plugins\/seo\/ -->\n<title>Ap\u0123\u0113rbu m\u0113bele TRIPLE 125 mm, melna - MetalTale.com<\/title>\n<meta name=\"robots\" content=\"index, follow, max-snippet:-1, max-image-preview:large, max-video-preview:-1\" \/>\n<link rel=\"canonical\" href=\"https:\/\/metaltale.com\/lv\/produkts\/apgerbu-mebele-triple-125-mm-melna\/\" \/>\n<meta property=\"og:locale\" content=\"lv_LV\" \/>\n<meta property=\"og:type\" content=\"article\" \/>\n<meta property=\"og:title\" content=\"Ap\u0123\u0113rbu m\u0113bele TRIPLE 125 mm, melna - MetalTale.com\" \/>\n<meta property=\"og:description\" content=\"49.336T modelis. XX Materi\u0101ls Ketus Kop\u0113jais augstums (cm ) 12,5 Kop\u0113j\u0101 projekcija (cm ) 8,5 Pamatnes izm\u0113ri (cm) 3 x\" \/>\n<meta property=\"og:url\" content=\"https:\/\/metaltale.com\/lv\/produkts\/apgerbu-mebele-triple-125-mm-melna\/\" \/>\n<meta property=\"og:site_name\" content=\"MetalTale.com\" \/>\n<meta property=\"article:modified_time\" content=\"2024-12-02T10:29:26+00:00\" \/>\n<meta name=\"twitter:card\" content=\"summary_large_image\" \/>\n<meta name=\"twitter:label1\" content=\"Est. reading time\" \/>\n\t<meta name=\"twitter:data1\" content=\"1 minute\" \/>\n<script type=\"application\/ld+json\" class=\"yoast-schema-graph\">{\"@context\":\"https:\/\/schema.org\",\"@graph\":[{\"@type\":\"WebPage\",\"@id\":\"https:\/\/metaltale.com\/lv\/produkts\/apgerbu-mebele-triple-125-mm-melna\/\",\"url\":\"https:\/\/metaltale.com\/lv\/produkts\/apgerbu-mebele-triple-125-mm-melna\/\",\"name\":\"Ap\u0123\u0113rbu m\u0113bele TRIPLE 125 mm, melna - MetalTale.com\",\"isPartOf\":{\"@id\":\"https:\/\/metaltale.com\/lv\/#website\"},\"primaryImageOfPage\":{\"@id\":\"https:\/\/metaltale.com\/lv\/produkts\/apgerbu-mebele-triple-125-mm-melna\/#primaryimage\"},\"image\":{\"@id\":\"https:\/\/metaltale.com\/lv\/produkts\/apgerbu-mebele-triple-125-mm-melna\/#primaryimage\"},\"thumbnailUrl\":\"https:\/\/metaltale.com\/wp-content\/uploads\/2024\/01\/kalbiukas-rubams.jpg\",\"datePublished\":\"2024-02-13T12:03:04+00:00\",\"dateModified\":\"2024-12-02T10:29:26+00:00\",\"breadcrumb\":{\"@id\":\"https:\/\/metaltale.com\/lv\/produkts\/apgerbu-mebele-triple-125-mm-melna\/#breadcrumb\"},\"inLanguage\":\"lv-LV\",\"potentialAction\":[{\"@type\":\"ReadAction\",\"target\":[\"https:\/\/metaltale.com\/lv\/produkts\/apgerbu-mebele-triple-125-mm-melna\/\"]}]},{\"@type\":\"ImageObject\",\"inLanguage\":\"lv-LV\",\"@id\":\"https:\/\/metaltale.com\/lv\/produkts\/apgerbu-mebele-triple-125-mm-melna\/#primaryimage\",\"url\":\"https:\/\/metaltale.com\/wp-content\/uploads\/2024\/01\/kalbiukas-rubams.jpg\",\"contentUrl\":\"https:\/\/metaltale.com\/wp-content\/uploads\/2024\/01\/kalbiukas-rubams.jpg\",\"width\":800,\"height\":800,\"caption\":\"Neliela valoda ap\u0123\u0113rbiem\"},{\"@type\":\"BreadcrumbList\",\"@id\":\"https:\/\/metaltale.com\/lv\/produkts\/apgerbu-mebele-triple-125-mm-melna\/#breadcrumb\",\"itemListElement\":[{\"@type\":\"ListItem\",\"position\":1,\"name\":\"Home\",\"item\":\"https:\/\/metaltale.com\/lv\/majas\/\"},{\"@type\":\"ListItem\",\"position\":2,\"name\":\"Veikals\",\"item\":\"https:\/\/metaltale.com\/lv\/shop\/\"},{\"@type\":\"ListItem\",\"position\":3,\"name\":\"Ap\u0123\u0113rbu m\u0113bele TRIPLE 125 mm, melna\"}]},{\"@type\":\"WebSite\",\"@id\":\"https:\/\/metaltale.com\/lv\/#website\",\"url\":\"https:\/\/metaltale.com\/lv\/\",\"name\":\"Metaltale.com\",\"description\":\"\",\"potentialAction\":[{\"@type\":\"SearchAction\",\"target\":{\"@type\":\"EntryPoint\",\"urlTemplate\":\"https:\/\/metaltale.com\/lv\/?s={search_term_string}\"},\"query-input\":{\"@type\":\"PropertyValueSpecification\",\"valueRequired\":true,\"valueName\":\"search_term_string\"}}],\"inLanguage\":\"lv-LV\"}]}<\/script>\n<!-- \/ Yoast SEO plugin. -->","yoast_head_json":{"title":"Ap\u0123\u0113rbu m\u0113bele TRIPLE 125 mm, melna - MetalTale.com","robots":{"index":"index","follow":"follow","max-snippet":"max-snippet:-1","max-image-preview":"max-image-preview:large","max-video-preview":"max-video-preview:-1"},"canonical":"https:\/\/metaltale.com\/lv\/produkts\/apgerbu-mebele-triple-125-mm-melna\/","og_locale":"lv_LV","og_type":"article","og_title":"Ap\u0123\u0113rbu m\u0113bele TRIPLE 125 mm, melna - MetalTale.com","og_description":"49.336T modelis. XX Materi\u0101ls Ketus Kop\u0113jais augstums (cm ) 12,5 Kop\u0113j\u0101 projekcija (cm ) 8,5 Pamatnes izm\u0113ri (cm) 3 x","og_url":"https:\/\/metaltale.com\/lv\/produkts\/apgerbu-mebele-triple-125-mm-melna\/","og_site_name":"MetalTale.com","article_modified_time":"2024-12-02T10:29:26+00:00","twitter_card":"summary_large_image","twitter_misc":{"Est. reading time":"1 minute"},"schema":{"@context":"https:\/\/schema.org","@graph":[{"@type":"WebPage","@id":"https:\/\/metaltale.com\/lv\/produkts\/apgerbu-mebele-triple-125-mm-melna\/","url":"https:\/\/metaltale.com\/lv\/produkts\/apgerbu-mebele-triple-125-mm-melna\/","name":"Ap\u0123\u0113rbu m\u0113bele TRIPLE 125 mm, melna - MetalTale.com","isPartOf":{"@id":"https:\/\/metaltale.com\/lv\/#website"},"primaryImageOfPage":{"@id":"https:\/\/metaltale.com\/lv\/produkts\/apgerbu-mebele-triple-125-mm-melna\/#primaryimage"},"image":{"@id":"https:\/\/metaltale.com\/lv\/produkts\/apgerbu-mebele-triple-125-mm-melna\/#primaryimage"},"thumbnailUrl":"https:\/\/metaltale.com\/wp-content\/uploads\/2024\/01\/kalbiukas-rubams.jpg","datePublished":"2024-02-13T12:03:04+00:00","dateModified":"2024-12-02T10:29:26+00:00","breadcrumb":{"@id":"https:\/\/metaltale.com\/lv\/produkts\/apgerbu-mebele-triple-125-mm-melna\/#breadcrumb"},"inLanguage":"lv-LV","potentialAction":[{"@type":"ReadAction","target":["https:\/\/metaltale.com\/lv\/produkts\/apgerbu-mebele-triple-125-mm-melna\/"]}]},{"@type":"ImageObject","inLanguage":"lv-LV","@id":"https:\/\/metaltale.com\/lv\/produkts\/apgerbu-mebele-triple-125-mm-melna\/#primaryimage","url":"https:\/\/metaltale.com\/wp-content\/uploads\/2024\/01\/kalbiukas-rubams.jpg","contentUrl":"https:\/\/metaltale.com\/wp-content\/uploads\/2024\/01\/kalbiukas-rubams.jpg","width":800,"height":800,"caption":"Neliela valoda ap\u0123\u0113rbiem"},{"@type":"BreadcrumbList","@id":"https:\/\/metaltale.com\/lv\/produkts\/apgerbu-mebele-triple-125-mm-melna\/#breadcrumb","itemListElement":[{"@type":"ListItem","position":1,"name":"Home","item":"https:\/\/metaltale.com\/lv\/majas\/"},{"@type":"ListItem","position":2,"name":"Veikals","item":"https:\/\/metaltale.com\/lv\/shop\/"},{"@type":"ListItem","position":3,"name":"Ap\u0123\u0113rbu m\u0113bele TRIPLE 125 mm, melna"}]},{"@type":"WebSite","@id":"https:\/\/metaltale.com\/lv\/#website","url":"https:\/\/metaltale.com\/lv\/","name":"Metaltale.com","description":"","potentialAction":[{"@type":"SearchAction","target":{"@type":"EntryPoint","urlTemplate":"https:\/\/metaltale.com\/lv\/?s={search_term_string}"},"query-input":{"@type":"PropertyValueSpecification","valueRequired":true,"valueName":"search_term_string"}}],"inLanguage":"lv-LV"}]}},"_links":{"self":[{"href":"https:\/\/metaltale.com\/lv\/wp-json\/wp\/v2\/product\/138817","targetHints":{"allow":["GET"]}}],"collection":[{"href":"https:\/\/metaltale.com\/lv\/wp-json\/wp\/v2\/product"}],"about":[{"href":"https:\/\/metaltale.com\/lv\/wp-json\/wp\/v2\/types\/product"}],"replies":[{"embeddable":true,"href":"https:\/\/metaltale.com\/lv\/wp-json\/wp\/v2\/comments?post=138817"}],"version-history":[{"count":0,"href":"https:\/\/metaltale.com\/lv\/wp-json\/wp\/v2\/product\/138817\/revisions"}],"wp:featuredmedia":[{"embeddable":true,"href":"https:\/\/metaltale.com\/lv\/wp-json\/wp\/v2\/media\/129887"}],"wp:attachment":[{"href":"https:\/\/metaltale.com\/lv\/wp-json\/wp\/v2\/media?parent=138817"}],"wp:term":[{"taxonomy":"product_brand","embeddable":true,"href":"https:\/\/metaltale.com\/lv\/wp-json\/wp\/v2\/product_brand?post=138817"},{"taxonomy":"product_cat","embeddable":true,"href":"https:\/\/metaltale.com\/lv\/wp-json\/wp\/v2\/product_cat?post=138817"},{"taxonomy":"product_tag","embeddable":true,"href":"https:\/\/metaltale.com\/lv\/wp-json\/wp\/v2\/product_tag?post=138817"}],"curies":[{"name":"wp","href":"https:\/\/api.w.org\/{rel}","templated":true}]}}