{"id":138803,"date":"2024-02-13T14:01:42","date_gmt":"2024-02-13T12:01:42","guid":{"rendered":"https:\/\/metaltale.com\/produktas\/ziedu-turetajs-coliber-190x175mm-natural\/"},"modified":"2024-02-13T14:01:42","modified_gmt":"2024-02-13T12:01:42","slug":"ziedu-turetajs-coliber-190x175mm-natural","status":"publish","type":"product","link":"https:\/\/metaltale.com\/lv\/produkts\/ziedu-turetajs-coliber-190x175mm-natural\/","title":{"rendered":"Ziedu tur\u0113t\u0101js COLIBER 190x175mm NATURAL"},"content":{"rendered":"<div class=\"prod_data\">\n<p><strong>Modelis<\/strong> 01.070V. AI.180<br \/>\n<strong>EAN.<\/strong>  5905369921728<br \/>\nMateri\u0101ls Ketus<br \/>\nKop\u0113jais augstums (cm ) 17,5<br \/>\n<strong>Kop\u0113jais platums (cm<\/strong> ) 4<br \/>\n<strong>Kop\u0113j\u0101 projekcija (cm<\/strong> ) 19<br \/>\n<strong>Pamatnes izm\u0113ri (cm)<\/strong> 4 x 17,5<br \/>\n<strong>Att\u0101lums starp<\/strong> caurumiem (<strong>cm<\/strong> ) 2,5<br \/>\nMont\u0101\u017eas skr\u016bves J\u0101<br \/>\nT\u0113rauda <strong>kr\u0101sa<\/strong><br \/>\n<strong>Apdare<\/strong> Rough<br \/>\nDaudzums komplekt\u0101 1 gab.<\/p>\n<p>T\u0113rauda \u010duguna plauktu kron\u0161teins.<\/p>\n<\/div>\n","protected":false},"excerpt":{"rendered":"<p>Modelis 01.070V. AI.180 EAN. 5905369921728 Materi\u0101ls Ketus Kop\u0113jais augstums (cm ) 17,5 Kop\u0113jais platums (cm ) 4 Kop\u0113j\u0101 projekcija (cm<\/p>\n","protected":false},"featured_media":117340,"comment_status":"open","ping_status":"closed","template":"","meta":{"_acf_changed":false,"pmpro_default_level":""},"product_brand":[],"product_cat":[23861,23837],"product_tag":[],"class_list":{"0":"post-138803","1":"product","2":"type-product","3":"status-publish","4":"has-post-thumbnail","6":"product_cat-lentynu-laikikliai-lv","7":"product_cat-mebeles-piederumi","8":"pmpro-has-access","10":"first","11":"instock","12":"shipping-taxable","13":"purchasable","14":"product-type-simple"},"acf":[],"yoast_head":"<!-- This site is optimized with the Yoast SEO plugin v24.9 - https:\/\/yoast.com\/wordpress\/plugins\/seo\/ -->\n<title>Ziedu tur\u0113t\u0101js COLIBER 190x175mm NATURAL - MetalTale.com<\/title>\n<meta name=\"robots\" content=\"index, follow, max-snippet:-1, max-image-preview:large, max-video-preview:-1\" \/>\n<link rel=\"canonical\" href=\"https:\/\/metaltale.com\/lv\/produkts\/ziedu-turetajs-coliber-190x175mm-natural\/\" \/>\n<meta property=\"og:locale\" content=\"lv_LV\" \/>\n<meta property=\"og:type\" content=\"article\" \/>\n<meta property=\"og:title\" content=\"Ziedu tur\u0113t\u0101js COLIBER 190x175mm NATURAL - MetalTale.com\" \/>\n<meta property=\"og:description\" content=\"Modelis 01.070V. AI.180 EAN. 5905369921728 Materi\u0101ls Ketus Kop\u0113jais augstums (cm ) 17,5 Kop\u0113jais platums (cm ) 4 Kop\u0113j\u0101 projekcija (cm\" \/>\n<meta property=\"og:url\" content=\"https:\/\/metaltale.com\/lv\/produkts\/ziedu-turetajs-coliber-190x175mm-natural\/\" \/>\n<meta property=\"og:site_name\" content=\"MetalTale.com\" \/>\n<meta name=\"twitter:card\" content=\"summary_large_image\" \/>\n<script type=\"application\/ld+json\" class=\"yoast-schema-graph\">{\"@context\":\"https:\/\/schema.org\",\"@graph\":[{\"@type\":\"WebPage\",\"@id\":\"https:\/\/metaltale.com\/lv\/produkts\/ziedu-turetajs-coliber-190x175mm-natural\/\",\"url\":\"https:\/\/metaltale.com\/lv\/produkts\/ziedu-turetajs-coliber-190x175mm-natural\/\",\"name\":\"Ziedu tur\u0113t\u0101js COLIBER 190x175mm NATURAL - MetalTale.com\",\"isPartOf\":{\"@id\":\"https:\/\/metaltale.com\/lv\/#website\"},\"primaryImageOfPage\":{\"@id\":\"https:\/\/metaltale.com\/lv\/produkts\/ziedu-turetajs-coliber-190x175mm-natural\/#primaryimage\"},\"image\":{\"@id\":\"https:\/\/metaltale.com\/lv\/produkts\/ziedu-turetajs-coliber-190x175mm-natural\/#primaryimage\"},\"thumbnailUrl\":\"https:\/\/metaltale.com\/wp-content\/uploads\/2023\/12\/Gx117lix173-laikiklis-KOLIBER-190x175-plienas.jpg\",\"datePublished\":\"2024-02-13T12:01:42+00:00\",\"breadcrumb\":{\"@id\":\"https:\/\/metaltale.com\/lv\/produkts\/ziedu-turetajs-coliber-190x175mm-natural\/#breadcrumb\"},\"inLanguage\":\"lv-LV\",\"potentialAction\":[{\"@type\":\"ReadAction\",\"target\":[\"https:\/\/metaltale.com\/lv\/produkts\/ziedu-turetajs-coliber-190x175mm-natural\/\"]}]},{\"@type\":\"ImageObject\",\"inLanguage\":\"lv-LV\",\"@id\":\"https:\/\/metaltale.com\/lv\/produkts\/ziedu-turetajs-coliber-190x175mm-natural\/#primaryimage\",\"url\":\"https:\/\/metaltale.com\/wp-content\/uploads\/2023\/12\/Gx117lix173-laikiklis-KOLIBER-190x175-plienas.jpg\",\"contentUrl\":\"https:\/\/metaltale.com\/wp-content\/uploads\/2023\/12\/Gx117lix173-laikiklis-KOLIBER-190x175-plienas.jpg\",\"width\":800,\"height\":800,\"caption\":\"Ziedu tur\u0113t\u0101js COLIBER 190x175mm NATURAL\"},{\"@type\":\"BreadcrumbList\",\"@id\":\"https:\/\/metaltale.com\/lv\/produkts\/ziedu-turetajs-coliber-190x175mm-natural\/#breadcrumb\",\"itemListElement\":[{\"@type\":\"ListItem\",\"position\":1,\"name\":\"Home\",\"item\":\"https:\/\/metaltale.com\/lv\/majas\/\"},{\"@type\":\"ListItem\",\"position\":2,\"name\":\"Veikals\",\"item\":\"https:\/\/metaltale.com\/lv\/shop\/\"},{\"@type\":\"ListItem\",\"position\":3,\"name\":\"Ziedu tur\u0113t\u0101js COLIBER 190x175mm NATURAL\"}]},{\"@type\":\"WebSite\",\"@id\":\"https:\/\/metaltale.com\/lv\/#website\",\"url\":\"https:\/\/metaltale.com\/lv\/\",\"name\":\"Metaltale.com\",\"description\":\"\",\"potentialAction\":[{\"@type\":\"SearchAction\",\"target\":{\"@type\":\"EntryPoint\",\"urlTemplate\":\"https:\/\/metaltale.com\/lv\/?s={search_term_string}\"},\"query-input\":{\"@type\":\"PropertyValueSpecification\",\"valueRequired\":true,\"valueName\":\"search_term_string\"}}],\"inLanguage\":\"lv-LV\"}]}<\/script>\n<!-- \/ Yoast SEO plugin. -->","yoast_head_json":{"title":"Ziedu tur\u0113t\u0101js COLIBER 190x175mm NATURAL - MetalTale.com","robots":{"index":"index","follow":"follow","max-snippet":"max-snippet:-1","max-image-preview":"max-image-preview:large","max-video-preview":"max-video-preview:-1"},"canonical":"https:\/\/metaltale.com\/lv\/produkts\/ziedu-turetajs-coliber-190x175mm-natural\/","og_locale":"lv_LV","og_type":"article","og_title":"Ziedu tur\u0113t\u0101js COLIBER 190x175mm NATURAL - MetalTale.com","og_description":"Modelis 01.070V. AI.180 EAN. 5905369921728 Materi\u0101ls Ketus Kop\u0113jais augstums (cm ) 17,5 Kop\u0113jais platums (cm ) 4 Kop\u0113j\u0101 projekcija (cm","og_url":"https:\/\/metaltale.com\/lv\/produkts\/ziedu-turetajs-coliber-190x175mm-natural\/","og_site_name":"MetalTale.com","twitter_card":"summary_large_image","schema":{"@context":"https:\/\/schema.org","@graph":[{"@type":"WebPage","@id":"https:\/\/metaltale.com\/lv\/produkts\/ziedu-turetajs-coliber-190x175mm-natural\/","url":"https:\/\/metaltale.com\/lv\/produkts\/ziedu-turetajs-coliber-190x175mm-natural\/","name":"Ziedu tur\u0113t\u0101js COLIBER 190x175mm NATURAL - MetalTale.com","isPartOf":{"@id":"https:\/\/metaltale.com\/lv\/#website"},"primaryImageOfPage":{"@id":"https:\/\/metaltale.com\/lv\/produkts\/ziedu-turetajs-coliber-190x175mm-natural\/#primaryimage"},"image":{"@id":"https:\/\/metaltale.com\/lv\/produkts\/ziedu-turetajs-coliber-190x175mm-natural\/#primaryimage"},"thumbnailUrl":"https:\/\/metaltale.com\/wp-content\/uploads\/2023\/12\/Gx117lix173-laikiklis-KOLIBER-190x175-plienas.jpg","datePublished":"2024-02-13T12:01:42+00:00","breadcrumb":{"@id":"https:\/\/metaltale.com\/lv\/produkts\/ziedu-turetajs-coliber-190x175mm-natural\/#breadcrumb"},"inLanguage":"lv-LV","potentialAction":[{"@type":"ReadAction","target":["https:\/\/metaltale.com\/lv\/produkts\/ziedu-turetajs-coliber-190x175mm-natural\/"]}]},{"@type":"ImageObject","inLanguage":"lv-LV","@id":"https:\/\/metaltale.com\/lv\/produkts\/ziedu-turetajs-coliber-190x175mm-natural\/#primaryimage","url":"https:\/\/metaltale.com\/wp-content\/uploads\/2023\/12\/Gx117lix173-laikiklis-KOLIBER-190x175-plienas.jpg","contentUrl":"https:\/\/metaltale.com\/wp-content\/uploads\/2023\/12\/Gx117lix173-laikiklis-KOLIBER-190x175-plienas.jpg","width":800,"height":800,"caption":"Ziedu tur\u0113t\u0101js COLIBER 190x175mm NATURAL"},{"@type":"BreadcrumbList","@id":"https:\/\/metaltale.com\/lv\/produkts\/ziedu-turetajs-coliber-190x175mm-natural\/#breadcrumb","itemListElement":[{"@type":"ListItem","position":1,"name":"Home","item":"https:\/\/metaltale.com\/lv\/majas\/"},{"@type":"ListItem","position":2,"name":"Veikals","item":"https:\/\/metaltale.com\/lv\/shop\/"},{"@type":"ListItem","position":3,"name":"Ziedu tur\u0113t\u0101js COLIBER 190x175mm NATURAL"}]},{"@type":"WebSite","@id":"https:\/\/metaltale.com\/lv\/#website","url":"https:\/\/metaltale.com\/lv\/","name":"Metaltale.com","description":"","potentialAction":[{"@type":"SearchAction","target":{"@type":"EntryPoint","urlTemplate":"https:\/\/metaltale.com\/lv\/?s={search_term_string}"},"query-input":{"@type":"PropertyValueSpecification","valueRequired":true,"valueName":"search_term_string"}}],"inLanguage":"lv-LV"}]}},"_links":{"self":[{"href":"https:\/\/metaltale.com\/lv\/wp-json\/wp\/v2\/product\/138803","targetHints":{"allow":["GET"]}}],"collection":[{"href":"https:\/\/metaltale.com\/lv\/wp-json\/wp\/v2\/product"}],"about":[{"href":"https:\/\/metaltale.com\/lv\/wp-json\/wp\/v2\/types\/product"}],"replies":[{"embeddable":true,"href":"https:\/\/metaltale.com\/lv\/wp-json\/wp\/v2\/comments?post=138803"}],"version-history":[{"count":0,"href":"https:\/\/metaltale.com\/lv\/wp-json\/wp\/v2\/product\/138803\/revisions"}],"wp:featuredmedia":[{"embeddable":true,"href":"https:\/\/metaltale.com\/lv\/wp-json\/wp\/v2\/media\/117340"}],"wp:attachment":[{"href":"https:\/\/metaltale.com\/lv\/wp-json\/wp\/v2\/media?parent=138803"}],"wp:term":[{"taxonomy":"product_brand","embeddable":true,"href":"https:\/\/metaltale.com\/lv\/wp-json\/wp\/v2\/product_brand?post=138803"},{"taxonomy":"product_cat","embeddable":true,"href":"https:\/\/metaltale.com\/lv\/wp-json\/wp\/v2\/product_cat?post=138803"},{"taxonomy":"product_tag","embeddable":true,"href":"https:\/\/metaltale.com\/lv\/wp-json\/wp\/v2\/product_tag?post=138803"}],"curies":[{"name":"wp","href":"https:\/\/api.w.org\/{rel}","templated":true}]}}