{"id":138799,"date":"2024-02-13T14:01:42","date_gmt":"2024-02-13T12:01:42","guid":{"rendered":"https:\/\/metaltale.com\/produktas\/dekorativs-plauktu-turetajs-230x200mm-natural\/"},"modified":"2024-02-13T14:01:42","modified_gmt":"2024-02-13T12:01:42","slug":"dekorativs-plauktu-turetajs-230x200mm-natural","status":"publish","type":"product","link":"https:\/\/metaltale.com\/lv\/produkts\/dekorativs-plauktu-turetajs-230x200mm-natural\/","title":{"rendered":"Dekorat\u012bvs plauktu tur\u0113t\u0101js 230x200mm NATURAL"},"content":{"rendered":"<div class=\"prod_data\">\n<p><strong>Modelis<\/strong> 01.070C. AI.235<br \/>\n<strong>EAN.<\/strong>  5905369921650<br \/>\nMateri\u0101ls Ketus<br \/>\n<strong>Kop\u0113jais augstums (cm<\/strong> ) 20<br \/>\n<strong>Kop\u0113j\u0101 projekcija (cm<\/strong> ) 23<br \/>\n<strong>Pamatnes izm\u0113ri (cm)<\/strong> 4 (platums)<br \/>\nMont\u0101\u017eas skr\u016bves J\u0101<br \/>\nT\u0113rauda <strong>kr\u0101sa<\/strong><br \/>\nDaudzums komplekt\u0101 1 gab.<\/p>\n<p><span style=\"font-size: medium;\">&#8211; dekor\u0113ts tur\u0113t\u0101js izgatavots no augstas kvalit\u0101tes l\u0113juma<br \/>\n&#8211; cinkotie stiprin\u0101juma caurumi \u013cauj skr\u016bv\u0113m atrasties vien\u0101 l\u012bmen\u012b ar kron\u0161teina virsmu.<br \/>\n&#8211; stiprin\u0101juma caurumu skaits palielina sienas stiprin\u0101juma stabilit\u0101ti.<br \/>\n&#8211; Plaukta izgatavo\u0161anai var izmantot MDF vai skaidu pl\u0101tni, ta\u010du vislab\u0101k izskat\u0101s dab\u012bg\u0101 koka kron\u0161teins.<br \/>\n&#8211; noapa\u013cot\u0101m mal\u0101m ir est\u0113tiska funkcija un t\u0101s ietekm\u0113 izstr\u0101d\u0101juma dro\u0161\u012bbu.<br \/>\n&#8211; Vimpeli raksturo prec\u012bzi atlieti rot\u0101jumi.<\/span><\/p>\n<hr>\n<p><span style=\"font-size: medium;\">Bag\u0101t\u012bgi dekor\u0113tais tur\u0113t\u0101js, kam rakstur\u012bga vi\u013c\u0146ota forma, ir interesants priek\u0161likums jebkura veida interjeram. Kop\u0101 ar balto t\u0101feli tas rad\u012bs neatk\u0101rtojamu Provansas atmosf\u0113ru. Tas lieliski izskat\u0101s ar\u012b kop\u0101 ar dab\u012bgo koku. Pateicoties daudzajiem mont\u0101\u017eas caurumiem un iztur\u012bgajai konstrukcijai, to var izmantot k\u0101 atbalstu gr\u0101mat\u0101m, rot\u0101jumiem, k\u0101 ar\u012b pu\u0137u podiem. Tas ir ide\u0101ls risin\u0101jums ikvienam, kas mekl\u0113 bag\u0101t\u012bgi dekor\u0113tu, bet praktisku risin\u0101jumu.<\/span><\/p>\n<hr>\n<p style=\"text-align: left;\">* Plauktu kron\u0161teini ir izgatavoti ar rok\u0101m, t\u0101p\u0113c var b\u016bt neliela nob\u012bde (ne prec\u012bzi 90\u00b0).<\/p>\n<\/div>\n","protected":false},"excerpt":{"rendered":"<p>Modelis 01.070C. AI.235 EAN. 5905369921650 Materi\u0101ls Ketus Kop\u0113jais augstums (cm ) 20 Kop\u0113j\u0101 projekcija (cm ) 23 Pamatnes izm\u0113ri (cm)<\/p>\n","protected":false},"featured_media":101218,"comment_status":"open","ping_status":"closed","template":"","meta":{"_acf_changed":false,"pmpro_default_level":""},"product_brand":[],"product_cat":[23861,23837],"product_tag":[],"class_list":{"0":"post-138799","1":"product","2":"type-product","3":"status-publish","4":"has-post-thumbnail","6":"product_cat-lentynu-laikikliai-lv","7":"product_cat-mebeles-piederumi","8":"pmpro-has-access","10":"first","11":"instock","12":"shipping-taxable","13":"purchasable","14":"product-type-simple"},"acf":[],"yoast_head":"<!-- This site is optimized with the Yoast SEO plugin v24.9 - https:\/\/yoast.com\/wordpress\/plugins\/seo\/ -->\n<title>Dekorat\u012bvs plauktu tur\u0113t\u0101js 230x200mm NATURAL - MetalTale.com<\/title>\n<meta name=\"robots\" content=\"index, follow, max-snippet:-1, max-image-preview:large, max-video-preview:-1\" \/>\n<link rel=\"canonical\" href=\"https:\/\/metaltale.com\/lv\/produkts\/dekorativs-plauktu-turetajs-230x200mm-natural\/\" \/>\n<meta property=\"og:locale\" content=\"lv_LV\" \/>\n<meta property=\"og:type\" content=\"article\" \/>\n<meta property=\"og:title\" content=\"Dekorat\u012bvs plauktu tur\u0113t\u0101js 230x200mm NATURAL - MetalTale.com\" \/>\n<meta property=\"og:description\" content=\"Modelis 01.070C. AI.235 EAN. 5905369921650 Materi\u0101ls Ketus Kop\u0113jais augstums (cm ) 20 Kop\u0113j\u0101 projekcija (cm ) 23 Pamatnes izm\u0113ri (cm)\" \/>\n<meta property=\"og:url\" content=\"https:\/\/metaltale.com\/lv\/produkts\/dekorativs-plauktu-turetajs-230x200mm-natural\/\" \/>\n<meta property=\"og:site_name\" content=\"MetalTale.com\" \/>\n<meta property=\"og:image\" content=\"https:\/\/metaltale.com\/wp-content\/uploads\/2023\/11\/DEKORATYVINIS-LAIKIKLIS-230x200-plienas.jpg\" \/>\n\t<meta property=\"og:image:width\" content=\"800\" \/>\n\t<meta property=\"og:image:height\" content=\"800\" \/>\n\t<meta property=\"og:image:type\" content=\"image\/jpeg\" \/>\n<meta name=\"twitter:card\" content=\"summary_large_image\" \/>\n<meta name=\"twitter:label1\" content=\"Est. reading time\" \/>\n\t<meta name=\"twitter:data1\" content=\"1 minute\" \/>\n<script type=\"application\/ld+json\" class=\"yoast-schema-graph\">{\"@context\":\"https:\/\/schema.org\",\"@graph\":[{\"@type\":\"WebPage\",\"@id\":\"https:\/\/metaltale.com\/lv\/produkts\/dekorativs-plauktu-turetajs-230x200mm-natural\/\",\"url\":\"https:\/\/metaltale.com\/lv\/produkts\/dekorativs-plauktu-turetajs-230x200mm-natural\/\",\"name\":\"Dekorat\u012bvs plauktu tur\u0113t\u0101js 230x200mm NATURAL - MetalTale.com\",\"isPartOf\":{\"@id\":\"https:\/\/metaltale.com\/lv\/#website\"},\"primaryImageOfPage\":{\"@id\":\"https:\/\/metaltale.com\/lv\/produkts\/dekorativs-plauktu-turetajs-230x200mm-natural\/#primaryimage\"},\"image\":{\"@id\":\"https:\/\/metaltale.com\/lv\/produkts\/dekorativs-plauktu-turetajs-230x200mm-natural\/#primaryimage\"},\"thumbnailUrl\":\"https:\/\/metaltale.com\/wp-content\/uploads\/2023\/11\/DEKORATYVINIS-LAIKIKLIS-230x200-plienas.jpg\",\"datePublished\":\"2024-02-13T12:01:42+00:00\",\"breadcrumb\":{\"@id\":\"https:\/\/metaltale.com\/lv\/produkts\/dekorativs-plauktu-turetajs-230x200mm-natural\/#breadcrumb\"},\"inLanguage\":\"lv-LV\",\"potentialAction\":[{\"@type\":\"ReadAction\",\"target\":[\"https:\/\/metaltale.com\/lv\/produkts\/dekorativs-plauktu-turetajs-230x200mm-natural\/\"]}]},{\"@type\":\"ImageObject\",\"inLanguage\":\"lv-LV\",\"@id\":\"https:\/\/metaltale.com\/lv\/produkts\/dekorativs-plauktu-turetajs-230x200mm-natural\/#primaryimage\",\"url\":\"https:\/\/metaltale.com\/wp-content\/uploads\/2023\/11\/DEKORATYVINIS-LAIKIKLIS-230x200-plienas.jpg\",\"contentUrl\":\"https:\/\/metaltale.com\/wp-content\/uploads\/2023\/11\/DEKORATYVINIS-LAIKIKLIS-230x200-plienas.jpg\",\"width\":800,\"height\":800,\"caption\":\"Plaukta kron\u0161teins\"},{\"@type\":\"BreadcrumbList\",\"@id\":\"https:\/\/metaltale.com\/lv\/produkts\/dekorativs-plauktu-turetajs-230x200mm-natural\/#breadcrumb\",\"itemListElement\":[{\"@type\":\"ListItem\",\"position\":1,\"name\":\"Home\",\"item\":\"https:\/\/metaltale.com\/lv\/majas\/\"},{\"@type\":\"ListItem\",\"position\":2,\"name\":\"Veikals\",\"item\":\"https:\/\/metaltale.com\/lv\/shop\/\"},{\"@type\":\"ListItem\",\"position\":3,\"name\":\"Dekorat\u012bvs plauktu tur\u0113t\u0101js 230x200mm NATURAL\"}]},{\"@type\":\"WebSite\",\"@id\":\"https:\/\/metaltale.com\/lv\/#website\",\"url\":\"https:\/\/metaltale.com\/lv\/\",\"name\":\"Metaltale.com\",\"description\":\"\",\"potentialAction\":[{\"@type\":\"SearchAction\",\"target\":{\"@type\":\"EntryPoint\",\"urlTemplate\":\"https:\/\/metaltale.com\/lv\/?s={search_term_string}\"},\"query-input\":{\"@type\":\"PropertyValueSpecification\",\"valueRequired\":true,\"valueName\":\"search_term_string\"}}],\"inLanguage\":\"lv-LV\"}]}<\/script>\n<!-- \/ Yoast SEO plugin. -->","yoast_head_json":{"title":"Dekorat\u012bvs plauktu tur\u0113t\u0101js 230x200mm NATURAL - MetalTale.com","robots":{"index":"index","follow":"follow","max-snippet":"max-snippet:-1","max-image-preview":"max-image-preview:large","max-video-preview":"max-video-preview:-1"},"canonical":"https:\/\/metaltale.com\/lv\/produkts\/dekorativs-plauktu-turetajs-230x200mm-natural\/","og_locale":"lv_LV","og_type":"article","og_title":"Dekorat\u012bvs plauktu tur\u0113t\u0101js 230x200mm NATURAL - MetalTale.com","og_description":"Modelis 01.070C. AI.235 EAN. 5905369921650 Materi\u0101ls Ketus Kop\u0113jais augstums (cm ) 20 Kop\u0113j\u0101 projekcija (cm ) 23 Pamatnes izm\u0113ri (cm)","og_url":"https:\/\/metaltale.com\/lv\/produkts\/dekorativs-plauktu-turetajs-230x200mm-natural\/","og_site_name":"MetalTale.com","og_image":[{"width":800,"height":800,"url":"https:\/\/metaltale.com\/wp-content\/uploads\/2023\/11\/DEKORATYVINIS-LAIKIKLIS-230x200-plienas.jpg","type":"image\/jpeg"}],"twitter_card":"summary_large_image","twitter_misc":{"Est. reading time":"1 minute"},"schema":{"@context":"https:\/\/schema.org","@graph":[{"@type":"WebPage","@id":"https:\/\/metaltale.com\/lv\/produkts\/dekorativs-plauktu-turetajs-230x200mm-natural\/","url":"https:\/\/metaltale.com\/lv\/produkts\/dekorativs-plauktu-turetajs-230x200mm-natural\/","name":"Dekorat\u012bvs plauktu tur\u0113t\u0101js 230x200mm NATURAL - MetalTale.com","isPartOf":{"@id":"https:\/\/metaltale.com\/lv\/#website"},"primaryImageOfPage":{"@id":"https:\/\/metaltale.com\/lv\/produkts\/dekorativs-plauktu-turetajs-230x200mm-natural\/#primaryimage"},"image":{"@id":"https:\/\/metaltale.com\/lv\/produkts\/dekorativs-plauktu-turetajs-230x200mm-natural\/#primaryimage"},"thumbnailUrl":"https:\/\/metaltale.com\/wp-content\/uploads\/2023\/11\/DEKORATYVINIS-LAIKIKLIS-230x200-plienas.jpg","datePublished":"2024-02-13T12:01:42+00:00","breadcrumb":{"@id":"https:\/\/metaltale.com\/lv\/produkts\/dekorativs-plauktu-turetajs-230x200mm-natural\/#breadcrumb"},"inLanguage":"lv-LV","potentialAction":[{"@type":"ReadAction","target":["https:\/\/metaltale.com\/lv\/produkts\/dekorativs-plauktu-turetajs-230x200mm-natural\/"]}]},{"@type":"ImageObject","inLanguage":"lv-LV","@id":"https:\/\/metaltale.com\/lv\/produkts\/dekorativs-plauktu-turetajs-230x200mm-natural\/#primaryimage","url":"https:\/\/metaltale.com\/wp-content\/uploads\/2023\/11\/DEKORATYVINIS-LAIKIKLIS-230x200-plienas.jpg","contentUrl":"https:\/\/metaltale.com\/wp-content\/uploads\/2023\/11\/DEKORATYVINIS-LAIKIKLIS-230x200-plienas.jpg","width":800,"height":800,"caption":"Plaukta kron\u0161teins"},{"@type":"BreadcrumbList","@id":"https:\/\/metaltale.com\/lv\/produkts\/dekorativs-plauktu-turetajs-230x200mm-natural\/#breadcrumb","itemListElement":[{"@type":"ListItem","position":1,"name":"Home","item":"https:\/\/metaltale.com\/lv\/majas\/"},{"@type":"ListItem","position":2,"name":"Veikals","item":"https:\/\/metaltale.com\/lv\/shop\/"},{"@type":"ListItem","position":3,"name":"Dekorat\u012bvs plauktu tur\u0113t\u0101js 230x200mm NATURAL"}]},{"@type":"WebSite","@id":"https:\/\/metaltale.com\/lv\/#website","url":"https:\/\/metaltale.com\/lv\/","name":"Metaltale.com","description":"","potentialAction":[{"@type":"SearchAction","target":{"@type":"EntryPoint","urlTemplate":"https:\/\/metaltale.com\/lv\/?s={search_term_string}"},"query-input":{"@type":"PropertyValueSpecification","valueRequired":true,"valueName":"search_term_string"}}],"inLanguage":"lv-LV"}]}},"_links":{"self":[{"href":"https:\/\/metaltale.com\/lv\/wp-json\/wp\/v2\/product\/138799","targetHints":{"allow":["GET"]}}],"collection":[{"href":"https:\/\/metaltale.com\/lv\/wp-json\/wp\/v2\/product"}],"about":[{"href":"https:\/\/metaltale.com\/lv\/wp-json\/wp\/v2\/types\/product"}],"replies":[{"embeddable":true,"href":"https:\/\/metaltale.com\/lv\/wp-json\/wp\/v2\/comments?post=138799"}],"version-history":[{"count":0,"href":"https:\/\/metaltale.com\/lv\/wp-json\/wp\/v2\/product\/138799\/revisions"}],"wp:featuredmedia":[{"embeddable":true,"href":"https:\/\/metaltale.com\/lv\/wp-json\/wp\/v2\/media\/101218"}],"wp:attachment":[{"href":"https:\/\/metaltale.com\/lv\/wp-json\/wp\/v2\/media?parent=138799"}],"wp:term":[{"taxonomy":"product_brand","embeddable":true,"href":"https:\/\/metaltale.com\/lv\/wp-json\/wp\/v2\/product_brand?post=138799"},{"taxonomy":"product_cat","embeddable":true,"href":"https:\/\/metaltale.com\/lv\/wp-json\/wp\/v2\/product_cat?post=138799"},{"taxonomy":"product_tag","embeddable":true,"href":"https:\/\/metaltale.com\/lv\/wp-json\/wp\/v2\/product_tag?post=138799"}],"curies":[{"name":"wp","href":"https:\/\/api.w.org\/{rel}","templated":true}]}}