{"id":138796,"date":"2024-02-13T14:01:42","date_gmt":"2024-02-13T12:01:42","guid":{"rendered":"https:\/\/metaltale.com\/produktas\/plaukta-turetajs-barning-horns-105x105mm-natural\/"},"modified":"2024-02-13T14:01:42","modified_gmt":"2024-02-13T12:01:42","slug":"plaukta-turetajs-barning-horns-105x105mm-natural","status":"publish","type":"product","link":"https:\/\/metaltale.com\/lv\/produkts\/plaukta-turetajs-barning-horns-105x105mm-natural\/","title":{"rendered":"Plaukta tur\u0113t\u0101js BARNING Horns 105x105mm NATURAL"},"content":{"rendered":"<div class=\"prod_data\">\n<p><strong>Modelis<\/strong> 01.070I. AI.100<br \/>\n<strong>EAN.<\/strong>  5905369921773<br \/>\nMateri\u0101ls Ketus<br \/>\n<strong>Kop\u0113jais augstums (cm<\/strong> ) 10,5<br \/>\nKop\u0113j\u0101 projekcija (cm ) 10,5<br \/>\n<strong>Pamatnes izm\u0113ri (cm)<\/strong> 1 (platums)<br \/>\nMont\u0101\u017eas skr\u016bves J\u0101<br \/>\nT\u0113rauda <strong>kr\u0101sa<\/strong><br \/>\nDaudzums komplekt\u0101 1 gab.<\/p>\n<p><span style=\"font-size: medium;\">&#8211; tur\u0113t\u0101js ir izgatavots no augstas kvalit\u0101tes \u010duguna sakaus\u0113juma.<\/span><br \/>\n<span style=\"font-size: medium;\">&#8211; izstr\u0101d\u0101juma izgatavo\u0161ana, piev\u0113r\u0161ot uzman\u012bbu katrai deta\u013cai, nodro\u0161ina dro\u0161u mont\u0101\u017eu un lieto\u0161anu.<\/span><br \/>\n<span style=\"font-size: medium;\">&#8211; ir noapa\u013cotas malas un ar rok\u0101m darin\u0101tas deta\u013cas.<\/span><br \/>\n<span style=\"font-size: medium;\">&#8211; ra\u017eo\u0161anas proces\u0101 ir pieliktas visas p\u016bles, lai nodro\u0161in\u0101tu, ka izstr\u0101d\u0101jums kalpo ilgi.<\/span><br \/>\n<span style=\"font-size: medium;\">&#8211; Pareizais stiprin\u0101juma caurumu skaits garant\u0113 stabilu plaukta nostiprin\u0101\u0161anu.<\/span><br \/>\n<span style=\"font-size: medium;\">&#8211; ar vair\u0101k kron\u0161teiniem var izveidot iev\u0113rojama garuma plauktu.<\/span><br \/>\n<span style=\"font-size: medium;\">&#8211; Plaukta izgatavo\u0161anai varat izmantot MDF vai skaidu pl\u0101tni, bet kron\u0161teini visefekt\u012bv\u0101k izskat\u0101s kombin\u0101cij\u0101 ar dab\u012bgo koku.<\/span><\/p>\n<hr>\n<p><span style=\"font-size: medium;\">Pieg\u0101d\u0101tais kron\u0161teins bija izgatavots no augstas kvalit\u0101tes \u010duguna, un t\u0101 pamatne bija apr\u012bkota ar iztur\u012bgu aitas raga formas balstu, kas, saloc\u012bts, \u013cauj piek\u0101rt papildu dekor\u0101cijas vai skapi. Pateicoties senajam dizainam un unik\u0101lajai kr\u0101sai, tur\u0113t\u0101js izskat\u0101s k\u0101 \u012bsts antikvari\u0101ts.  <\/span><\/p>\n<hr>\n<p style=\"text-align: left;\">* Plauktu kron\u0161teini ir izgatavoti ar rok\u0101m, t\u0101p\u0113c var b\u016bt neliela nob\u012bde (ne prec\u012bzi 90\u00b0).<\/p>\n<\/div>\n","protected":false},"excerpt":{"rendered":"<p>Modelis 01.070I. AI.100 EAN. 5905369921773 Materi\u0101ls Ketus Kop\u0113jais augstums (cm ) 10,5 Kop\u0113j\u0101 projekcija (cm ) 10,5 Pamatnes izm\u0113ri (cm)<\/p>\n","protected":false},"featured_media":112551,"comment_status":"open","ping_status":"closed","template":"","meta":{"_acf_changed":false,"pmpro_default_level":""},"product_brand":[],"product_cat":[23861,23837],"product_tag":[],"class_list":{"0":"post-138796","1":"product","2":"type-product","3":"status-publish","4":"has-post-thumbnail","6":"product_cat-lentynu-laikikliai-lv","7":"product_cat-mebeles-piederumi","8":"pmpro-has-access","10":"first","11":"instock","12":"shipping-taxable","13":"purchasable","14":"product-type-simple"},"acf":[],"yoast_head":"<!-- This site is optimized with the Yoast SEO plugin v24.9 - https:\/\/yoast.com\/wordpress\/plugins\/seo\/ -->\n<title>Plaukta tur\u0113t\u0101js BARNING Horns 105x105mm NATURAL - MetalTale.com<\/title>\n<meta name=\"robots\" content=\"index, follow, max-snippet:-1, max-image-preview:large, max-video-preview:-1\" \/>\n<link rel=\"canonical\" href=\"https:\/\/metaltale.com\/lv\/produkts\/plaukta-turetajs-barning-horns-105x105mm-natural\/\" \/>\n<meta property=\"og:locale\" content=\"lv_LV\" \/>\n<meta property=\"og:type\" content=\"article\" \/>\n<meta property=\"og:title\" content=\"Plaukta tur\u0113t\u0101js BARNING Horns 105x105mm NATURAL - MetalTale.com\" \/>\n<meta property=\"og:description\" content=\"Modelis 01.070I. AI.100 EAN. 5905369921773 Materi\u0101ls Ketus Kop\u0113jais augstums (cm ) 10,5 Kop\u0113j\u0101 projekcija (cm ) 10,5 Pamatnes izm\u0113ri (cm)\" \/>\n<meta property=\"og:url\" content=\"https:\/\/metaltale.com\/lv\/produkts\/plaukta-turetajs-barning-horns-105x105mm-natural\/\" \/>\n<meta property=\"og:site_name\" content=\"MetalTale.com\" \/>\n<meta property=\"og:image\" content=\"https:\/\/metaltale.com\/wp-content\/uploads\/2023\/11\/Laikiklis-x116RIUKx172-RAGAI-105x105-plienas.jpg\" \/>\n\t<meta property=\"og:image:width\" content=\"800\" \/>\n\t<meta property=\"og:image:height\" content=\"800\" \/>\n\t<meta property=\"og:image:type\" content=\"image\/jpeg\" \/>\n<meta name=\"twitter:card\" content=\"summary_large_image\" \/>\n<meta name=\"twitter:label1\" content=\"Est. reading time\" \/>\n\t<meta name=\"twitter:data1\" content=\"1 minute\" \/>\n<script type=\"application\/ld+json\" class=\"yoast-schema-graph\">{\"@context\":\"https:\/\/schema.org\",\"@graph\":[{\"@type\":\"WebPage\",\"@id\":\"https:\/\/metaltale.com\/lv\/produkts\/plaukta-turetajs-barning-horns-105x105mm-natural\/\",\"url\":\"https:\/\/metaltale.com\/lv\/produkts\/plaukta-turetajs-barning-horns-105x105mm-natural\/\",\"name\":\"Plaukta tur\u0113t\u0101js BARNING Horns 105x105mm NATURAL - MetalTale.com\",\"isPartOf\":{\"@id\":\"https:\/\/metaltale.com\/lv\/#website\"},\"primaryImageOfPage\":{\"@id\":\"https:\/\/metaltale.com\/lv\/produkts\/plaukta-turetajs-barning-horns-105x105mm-natural\/#primaryimage\"},\"image\":{\"@id\":\"https:\/\/metaltale.com\/lv\/produkts\/plaukta-turetajs-barning-horns-105x105mm-natural\/#primaryimage\"},\"thumbnailUrl\":\"https:\/\/metaltale.com\/wp-content\/uploads\/2023\/11\/Laikiklis-x116RIUKx172-RAGAI-105x105-plienas.jpg\",\"datePublished\":\"2024-02-13T12:01:42+00:00\",\"breadcrumb\":{\"@id\":\"https:\/\/metaltale.com\/lv\/produkts\/plaukta-turetajs-barning-horns-105x105mm-natural\/#breadcrumb\"},\"inLanguage\":\"lv-LV\",\"potentialAction\":[{\"@type\":\"ReadAction\",\"target\":[\"https:\/\/metaltale.com\/lv\/produkts\/plaukta-turetajs-barning-horns-105x105mm-natural\/\"]}]},{\"@type\":\"ImageObject\",\"inLanguage\":\"lv-LV\",\"@id\":\"https:\/\/metaltale.com\/lv\/produkts\/plaukta-turetajs-barning-horns-105x105mm-natural\/#primaryimage\",\"url\":\"https:\/\/metaltale.com\/wp-content\/uploads\/2023\/11\/Laikiklis-x116RIUKx172-RAGAI-105x105-plienas.jpg\",\"contentUrl\":\"https:\/\/metaltale.com\/wp-content\/uploads\/2023\/11\/Laikiklis-x116RIUKx172-RAGAI-105x105-plienas.jpg\",\"width\":800,\"height\":800,\"caption\":\"Plaukta kron\u0161teins\"},{\"@type\":\"BreadcrumbList\",\"@id\":\"https:\/\/metaltale.com\/lv\/produkts\/plaukta-turetajs-barning-horns-105x105mm-natural\/#breadcrumb\",\"itemListElement\":[{\"@type\":\"ListItem\",\"position\":1,\"name\":\"Home\",\"item\":\"https:\/\/metaltale.com\/lv\/majas\/\"},{\"@type\":\"ListItem\",\"position\":2,\"name\":\"Veikals\",\"item\":\"https:\/\/metaltale.com\/lv\/shop\/\"},{\"@type\":\"ListItem\",\"position\":3,\"name\":\"Plaukta tur\u0113t\u0101js BARNING Horns 105x105mm NATURAL\"}]},{\"@type\":\"WebSite\",\"@id\":\"https:\/\/metaltale.com\/lv\/#website\",\"url\":\"https:\/\/metaltale.com\/lv\/\",\"name\":\"Metaltale.com\",\"description\":\"\",\"potentialAction\":[{\"@type\":\"SearchAction\",\"target\":{\"@type\":\"EntryPoint\",\"urlTemplate\":\"https:\/\/metaltale.com\/lv\/?s={search_term_string}\"},\"query-input\":{\"@type\":\"PropertyValueSpecification\",\"valueRequired\":true,\"valueName\":\"search_term_string\"}}],\"inLanguage\":\"lv-LV\"}]}<\/script>\n<!-- \/ Yoast SEO plugin. -->","yoast_head_json":{"title":"Plaukta tur\u0113t\u0101js BARNING Horns 105x105mm NATURAL - MetalTale.com","robots":{"index":"index","follow":"follow","max-snippet":"max-snippet:-1","max-image-preview":"max-image-preview:large","max-video-preview":"max-video-preview:-1"},"canonical":"https:\/\/metaltale.com\/lv\/produkts\/plaukta-turetajs-barning-horns-105x105mm-natural\/","og_locale":"lv_LV","og_type":"article","og_title":"Plaukta tur\u0113t\u0101js BARNING Horns 105x105mm NATURAL - MetalTale.com","og_description":"Modelis 01.070I. AI.100 EAN. 5905369921773 Materi\u0101ls Ketus Kop\u0113jais augstums (cm ) 10,5 Kop\u0113j\u0101 projekcija (cm ) 10,5 Pamatnes izm\u0113ri (cm)","og_url":"https:\/\/metaltale.com\/lv\/produkts\/plaukta-turetajs-barning-horns-105x105mm-natural\/","og_site_name":"MetalTale.com","og_image":[{"width":800,"height":800,"url":"https:\/\/metaltale.com\/wp-content\/uploads\/2023\/11\/Laikiklis-x116RIUKx172-RAGAI-105x105-plienas.jpg","type":"image\/jpeg"}],"twitter_card":"summary_large_image","twitter_misc":{"Est. reading time":"1 minute"},"schema":{"@context":"https:\/\/schema.org","@graph":[{"@type":"WebPage","@id":"https:\/\/metaltale.com\/lv\/produkts\/plaukta-turetajs-barning-horns-105x105mm-natural\/","url":"https:\/\/metaltale.com\/lv\/produkts\/plaukta-turetajs-barning-horns-105x105mm-natural\/","name":"Plaukta tur\u0113t\u0101js BARNING Horns 105x105mm NATURAL - MetalTale.com","isPartOf":{"@id":"https:\/\/metaltale.com\/lv\/#website"},"primaryImageOfPage":{"@id":"https:\/\/metaltale.com\/lv\/produkts\/plaukta-turetajs-barning-horns-105x105mm-natural\/#primaryimage"},"image":{"@id":"https:\/\/metaltale.com\/lv\/produkts\/plaukta-turetajs-barning-horns-105x105mm-natural\/#primaryimage"},"thumbnailUrl":"https:\/\/metaltale.com\/wp-content\/uploads\/2023\/11\/Laikiklis-x116RIUKx172-RAGAI-105x105-plienas.jpg","datePublished":"2024-02-13T12:01:42+00:00","breadcrumb":{"@id":"https:\/\/metaltale.com\/lv\/produkts\/plaukta-turetajs-barning-horns-105x105mm-natural\/#breadcrumb"},"inLanguage":"lv-LV","potentialAction":[{"@type":"ReadAction","target":["https:\/\/metaltale.com\/lv\/produkts\/plaukta-turetajs-barning-horns-105x105mm-natural\/"]}]},{"@type":"ImageObject","inLanguage":"lv-LV","@id":"https:\/\/metaltale.com\/lv\/produkts\/plaukta-turetajs-barning-horns-105x105mm-natural\/#primaryimage","url":"https:\/\/metaltale.com\/wp-content\/uploads\/2023\/11\/Laikiklis-x116RIUKx172-RAGAI-105x105-plienas.jpg","contentUrl":"https:\/\/metaltale.com\/wp-content\/uploads\/2023\/11\/Laikiklis-x116RIUKx172-RAGAI-105x105-plienas.jpg","width":800,"height":800,"caption":"Plaukta kron\u0161teins"},{"@type":"BreadcrumbList","@id":"https:\/\/metaltale.com\/lv\/produkts\/plaukta-turetajs-barning-horns-105x105mm-natural\/#breadcrumb","itemListElement":[{"@type":"ListItem","position":1,"name":"Home","item":"https:\/\/metaltale.com\/lv\/majas\/"},{"@type":"ListItem","position":2,"name":"Veikals","item":"https:\/\/metaltale.com\/lv\/shop\/"},{"@type":"ListItem","position":3,"name":"Plaukta tur\u0113t\u0101js BARNING Horns 105x105mm NATURAL"}]},{"@type":"WebSite","@id":"https:\/\/metaltale.com\/lv\/#website","url":"https:\/\/metaltale.com\/lv\/","name":"Metaltale.com","description":"","potentialAction":[{"@type":"SearchAction","target":{"@type":"EntryPoint","urlTemplate":"https:\/\/metaltale.com\/lv\/?s={search_term_string}"},"query-input":{"@type":"PropertyValueSpecification","valueRequired":true,"valueName":"search_term_string"}}],"inLanguage":"lv-LV"}]}},"_links":{"self":[{"href":"https:\/\/metaltale.com\/lv\/wp-json\/wp\/v2\/product\/138796","targetHints":{"allow":["GET"]}}],"collection":[{"href":"https:\/\/metaltale.com\/lv\/wp-json\/wp\/v2\/product"}],"about":[{"href":"https:\/\/metaltale.com\/lv\/wp-json\/wp\/v2\/types\/product"}],"replies":[{"embeddable":true,"href":"https:\/\/metaltale.com\/lv\/wp-json\/wp\/v2\/comments?post=138796"}],"version-history":[{"count":0,"href":"https:\/\/metaltale.com\/lv\/wp-json\/wp\/v2\/product\/138796\/revisions"}],"wp:featuredmedia":[{"embeddable":true,"href":"https:\/\/metaltale.com\/lv\/wp-json\/wp\/v2\/media\/112551"}],"wp:attachment":[{"href":"https:\/\/metaltale.com\/lv\/wp-json\/wp\/v2\/media?parent=138796"}],"wp:term":[{"taxonomy":"product_brand","embeddable":true,"href":"https:\/\/metaltale.com\/lv\/wp-json\/wp\/v2\/product_brand?post=138796"},{"taxonomy":"product_cat","embeddable":true,"href":"https:\/\/metaltale.com\/lv\/wp-json\/wp\/v2\/product_cat?post=138796"},{"taxonomy":"product_tag","embeddable":true,"href":"https:\/\/metaltale.com\/lv\/wp-json\/wp\/v2\/product_tag?post=138796"}],"curies":[{"name":"wp","href":"https:\/\/api.w.org\/{rel}","templated":true}]}}