{"id":138781,"date":"2024-02-13T14:01:42","date_gmt":"2024-02-13T12:01:42","guid":{"rendered":"https:\/\/metaltale.com\/produktas\/puku-podinu-turetajs-potted-m\/"},"modified":"2024-02-13T14:01:42","modified_gmt":"2024-02-13T12:01:42","slug":"puku-podinu-turetajs-potted-m","status":"publish","type":"product","link":"https:\/\/metaltale.com\/lv\/produkts\/puku-podinu-turetajs-potted-m\/","title":{"rendered":"Pu\u0137u podi\u0146u tur\u0113t\u0101js POTTED M"},"content":{"rendered":"<div class=\"prod_data\">\n<p><strong>Modelis<\/strong> AF.446.971.6-PRGR<br \/>\nMateri\u0101ls Met\u0101ls<br \/>\n<strong>Kop\u0113jais augstums (cm<\/strong> ) 7<br \/>\n<strong>Kop\u0113j\u0101 projekcija (cm <\/strong>) 21,5<br \/>\nKr\u0101sa Melna<br \/>\n[CM] P<strong>APILDU INFORM\u0100CIJA<\/strong> Gredzena iek\u0161\u0113jais diametrs 13<\/p>\n<p>Virtuve bez gar\u0161augiem ir k\u0101 d\u0101rzs bez ziediem. R\u016bsgans podi\u0146u rokturis ir lieliski piem\u0113rots stil\u012bgai vietas izmanto\u0161anai un augu ekspon\u0113\u0161anai. Klasiskais modelis nep\u0101rsp\u012bl\u0113, bet vienlaikus ir iztur\u012bgs atbalsts podiem un b\u013cod\u0101m.<\/p>\n<p>Tie\u0161a un ilgsto\u0161a mitruma iedarb\u012bba var saboj\u0101t izstr\u0101d\u0101jumu.<\/p>\n<\/div>\n","protected":false},"excerpt":{"rendered":"<p>Modelis AF.446.971.6-PRGR Materi\u0101ls Met\u0101ls Kop\u0113jais augstums (cm ) 7 Kop\u0113j\u0101 projekcija (cm ) 21,5 Kr\u0101sa Melna [CM] PAPILDU INFORM\u0100CIJA Gredzena<\/p>\n","protected":false},"featured_media":68854,"comment_status":"open","ping_status":"closed","template":"","meta":{"_acf_changed":false,"pmpro_default_level":""},"product_brand":[],"product_cat":[24055,24130,23897],"product_tag":[],"class_list":{"0":"post-138781","1":"product","2":"type-product","3":"status-publish","4":"has-post-thumbnail","6":"product_cat-rotajumi","7":"product_cat-ziedu-un-augu-rotajumi","8":"product_cat-geliu-pakabos-ir-vazonu-laikikliai-lv","9":"pmpro-has-access","11":"first","12":"instock","13":"shipping-taxable","14":"purchasable","15":"product-type-simple"},"acf":[],"yoast_head":"<!-- This site is optimized with the Yoast SEO plugin v24.9 - https:\/\/yoast.com\/wordpress\/plugins\/seo\/ -->\n<title>Pu\u0137u podi\u0146u tur\u0113t\u0101js POTTED M - MetalTale.com<\/title>\n<meta name=\"robots\" content=\"index, follow, max-snippet:-1, max-image-preview:large, max-video-preview:-1\" \/>\n<link rel=\"canonical\" href=\"https:\/\/metaltale.com\/lv\/produkts\/puku-podinu-turetajs-potted-m\/\" \/>\n<meta property=\"og:locale\" content=\"lv_LV\" \/>\n<meta property=\"og:type\" content=\"article\" \/>\n<meta property=\"og:title\" content=\"Pu\u0137u podi\u0146u tur\u0113t\u0101js POTTED M - MetalTale.com\" \/>\n<meta property=\"og:description\" content=\"Modelis AF.446.971.6-PRGR Materi\u0101ls Met\u0101ls Kop\u0113jais augstums (cm ) 7 Kop\u0113j\u0101 projekcija (cm ) 21,5 Kr\u0101sa Melna [CM] PAPILDU INFORM\u0100CIJA Gredzena\" \/>\n<meta property=\"og:url\" content=\"https:\/\/metaltale.com\/lv\/produkts\/puku-podinu-turetajs-potted-m\/\" \/>\n<meta property=\"og:site_name\" content=\"MetalTale.com\" \/>\n<meta property=\"og:image\" content=\"https:\/\/metaltale.com\/wp-content\/uploads\/2023\/09\/MAx17DAS-vazoninis-laikiklis.jpg\" \/>\n\t<meta property=\"og:image:width\" content=\"800\" \/>\n\t<meta property=\"og:image:height\" content=\"800\" \/>\n\t<meta property=\"og:image:type\" content=\"image\/jpeg\" \/>\n<meta name=\"twitter:card\" content=\"summary_large_image\" \/>\n<script type=\"application\/ld+json\" class=\"yoast-schema-graph\">{\"@context\":\"https:\/\/schema.org\",\"@graph\":[{\"@type\":\"WebPage\",\"@id\":\"https:\/\/metaltale.com\/lv\/produkts\/puku-podinu-turetajs-potted-m\/\",\"url\":\"https:\/\/metaltale.com\/lv\/produkts\/puku-podinu-turetajs-potted-m\/\",\"name\":\"Pu\u0137u podi\u0146u tur\u0113t\u0101js POTTED M - MetalTale.com\",\"isPartOf\":{\"@id\":\"https:\/\/metaltale.com\/lv\/#website\"},\"primaryImageOfPage\":{\"@id\":\"https:\/\/metaltale.com\/lv\/produkts\/puku-podinu-turetajs-potted-m\/#primaryimage\"},\"image\":{\"@id\":\"https:\/\/metaltale.com\/lv\/produkts\/puku-podinu-turetajs-potted-m\/#primaryimage\"},\"thumbnailUrl\":\"https:\/\/metaltale.com\/wp-content\/uploads\/2023\/09\/MAx17DAS-vazoninis-laikiklis.jpg\",\"datePublished\":\"2024-02-13T12:01:42+00:00\",\"breadcrumb\":{\"@id\":\"https:\/\/metaltale.com\/lv\/produkts\/puku-podinu-turetajs-potted-m\/#breadcrumb\"},\"inLanguage\":\"lv-LV\",\"potentialAction\":[{\"@type\":\"ReadAction\",\"target\":[\"https:\/\/metaltale.com\/lv\/produkts\/puku-podinu-turetajs-potted-m\/\"]}]},{\"@type\":\"ImageObject\",\"inLanguage\":\"lv-LV\",\"@id\":\"https:\/\/metaltale.com\/lv\/produkts\/puku-podinu-turetajs-potted-m\/#primaryimage\",\"url\":\"https:\/\/metaltale.com\/wp-content\/uploads\/2023\/09\/MAx17DAS-vazoninis-laikiklis.jpg\",\"contentUrl\":\"https:\/\/metaltale.com\/wp-content\/uploads\/2023\/09\/MAx17DAS-vazoninis-laikiklis.jpg\",\"width\":800,\"height\":800},{\"@type\":\"BreadcrumbList\",\"@id\":\"https:\/\/metaltale.com\/lv\/produkts\/puku-podinu-turetajs-potted-m\/#breadcrumb\",\"itemListElement\":[{\"@type\":\"ListItem\",\"position\":1,\"name\":\"Home\",\"item\":\"https:\/\/metaltale.com\/lv\/majas\/\"},{\"@type\":\"ListItem\",\"position\":2,\"name\":\"Veikals\",\"item\":\"https:\/\/metaltale.com\/lv\/shop\/\"},{\"@type\":\"ListItem\",\"position\":3,\"name\":\"Pu\u0137u podi\u0146u tur\u0113t\u0101js POTTED M\"}]},{\"@type\":\"WebSite\",\"@id\":\"https:\/\/metaltale.com\/lv\/#website\",\"url\":\"https:\/\/metaltale.com\/lv\/\",\"name\":\"Metaltale.com\",\"description\":\"\",\"potentialAction\":[{\"@type\":\"SearchAction\",\"target\":{\"@type\":\"EntryPoint\",\"urlTemplate\":\"https:\/\/metaltale.com\/lv\/?s={search_term_string}\"},\"query-input\":{\"@type\":\"PropertyValueSpecification\",\"valueRequired\":true,\"valueName\":\"search_term_string\"}}],\"inLanguage\":\"lv-LV\"}]}<\/script>\n<!-- \/ Yoast SEO plugin. -->","yoast_head_json":{"title":"Pu\u0137u podi\u0146u tur\u0113t\u0101js POTTED M - MetalTale.com","robots":{"index":"index","follow":"follow","max-snippet":"max-snippet:-1","max-image-preview":"max-image-preview:large","max-video-preview":"max-video-preview:-1"},"canonical":"https:\/\/metaltale.com\/lv\/produkts\/puku-podinu-turetajs-potted-m\/","og_locale":"lv_LV","og_type":"article","og_title":"Pu\u0137u podi\u0146u tur\u0113t\u0101js POTTED M - MetalTale.com","og_description":"Modelis AF.446.971.6-PRGR Materi\u0101ls Met\u0101ls Kop\u0113jais augstums (cm ) 7 Kop\u0113j\u0101 projekcija (cm ) 21,5 Kr\u0101sa Melna [CM] PAPILDU INFORM\u0100CIJA Gredzena","og_url":"https:\/\/metaltale.com\/lv\/produkts\/puku-podinu-turetajs-potted-m\/","og_site_name":"MetalTale.com","og_image":[{"width":800,"height":800,"url":"https:\/\/metaltale.com\/wp-content\/uploads\/2023\/09\/MAx17DAS-vazoninis-laikiklis.jpg","type":"image\/jpeg"}],"twitter_card":"summary_large_image","schema":{"@context":"https:\/\/schema.org","@graph":[{"@type":"WebPage","@id":"https:\/\/metaltale.com\/lv\/produkts\/puku-podinu-turetajs-potted-m\/","url":"https:\/\/metaltale.com\/lv\/produkts\/puku-podinu-turetajs-potted-m\/","name":"Pu\u0137u podi\u0146u tur\u0113t\u0101js POTTED M - MetalTale.com","isPartOf":{"@id":"https:\/\/metaltale.com\/lv\/#website"},"primaryImageOfPage":{"@id":"https:\/\/metaltale.com\/lv\/produkts\/puku-podinu-turetajs-potted-m\/#primaryimage"},"image":{"@id":"https:\/\/metaltale.com\/lv\/produkts\/puku-podinu-turetajs-potted-m\/#primaryimage"},"thumbnailUrl":"https:\/\/metaltale.com\/wp-content\/uploads\/2023\/09\/MAx17DAS-vazoninis-laikiklis.jpg","datePublished":"2024-02-13T12:01:42+00:00","breadcrumb":{"@id":"https:\/\/metaltale.com\/lv\/produkts\/puku-podinu-turetajs-potted-m\/#breadcrumb"},"inLanguage":"lv-LV","potentialAction":[{"@type":"ReadAction","target":["https:\/\/metaltale.com\/lv\/produkts\/puku-podinu-turetajs-potted-m\/"]}]},{"@type":"ImageObject","inLanguage":"lv-LV","@id":"https:\/\/metaltale.com\/lv\/produkts\/puku-podinu-turetajs-potted-m\/#primaryimage","url":"https:\/\/metaltale.com\/wp-content\/uploads\/2023\/09\/MAx17DAS-vazoninis-laikiklis.jpg","contentUrl":"https:\/\/metaltale.com\/wp-content\/uploads\/2023\/09\/MAx17DAS-vazoninis-laikiklis.jpg","width":800,"height":800},{"@type":"BreadcrumbList","@id":"https:\/\/metaltale.com\/lv\/produkts\/puku-podinu-turetajs-potted-m\/#breadcrumb","itemListElement":[{"@type":"ListItem","position":1,"name":"Home","item":"https:\/\/metaltale.com\/lv\/majas\/"},{"@type":"ListItem","position":2,"name":"Veikals","item":"https:\/\/metaltale.com\/lv\/shop\/"},{"@type":"ListItem","position":3,"name":"Pu\u0137u podi\u0146u tur\u0113t\u0101js POTTED M"}]},{"@type":"WebSite","@id":"https:\/\/metaltale.com\/lv\/#website","url":"https:\/\/metaltale.com\/lv\/","name":"Metaltale.com","description":"","potentialAction":[{"@type":"SearchAction","target":{"@type":"EntryPoint","urlTemplate":"https:\/\/metaltale.com\/lv\/?s={search_term_string}"},"query-input":{"@type":"PropertyValueSpecification","valueRequired":true,"valueName":"search_term_string"}}],"inLanguage":"lv-LV"}]}},"_links":{"self":[{"href":"https:\/\/metaltale.com\/lv\/wp-json\/wp\/v2\/product\/138781","targetHints":{"allow":["GET"]}}],"collection":[{"href":"https:\/\/metaltale.com\/lv\/wp-json\/wp\/v2\/product"}],"about":[{"href":"https:\/\/metaltale.com\/lv\/wp-json\/wp\/v2\/types\/product"}],"replies":[{"embeddable":true,"href":"https:\/\/metaltale.com\/lv\/wp-json\/wp\/v2\/comments?post=138781"}],"version-history":[{"count":0,"href":"https:\/\/metaltale.com\/lv\/wp-json\/wp\/v2\/product\/138781\/revisions"}],"wp:featuredmedia":[{"embeddable":true,"href":"https:\/\/metaltale.com\/lv\/wp-json\/wp\/v2\/media\/68854"}],"wp:attachment":[{"href":"https:\/\/metaltale.com\/lv\/wp-json\/wp\/v2\/media?parent=138781"}],"wp:term":[{"taxonomy":"product_brand","embeddable":true,"href":"https:\/\/metaltale.com\/lv\/wp-json\/wp\/v2\/product_brand?post=138781"},{"taxonomy":"product_cat","embeddable":true,"href":"https:\/\/metaltale.com\/lv\/wp-json\/wp\/v2\/product_cat?post=138781"},{"taxonomy":"product_tag","embeddable":true,"href":"https:\/\/metaltale.com\/lv\/wp-json\/wp\/v2\/product_tag?post=138781"}],"curies":[{"name":"wp","href":"https:\/\/api.w.org\/{rel}","templated":true}]}}