{"id":138763,"date":"2024-02-13T14:01:04","date_gmt":"2024-02-13T12:01:04","guid":{"rendered":"https:\/\/metaltale.com\/produktas\/plaukta-turetajs-kogut-200x270mm-natural\/"},"modified":"2024-02-13T14:01:04","modified_gmt":"2024-02-13T12:01:04","slug":"plaukta-turetajs-kogut-200x270mm-natural","status":"publish","type":"product","link":"https:\/\/metaltale.com\/lv\/produkts\/plaukta-turetajs-kogut-200x270mm-natural\/","title":{"rendered":"Plaukta tur\u0113t\u0101js KOGUT 200x270mm NATURAL"},"content":{"rendered":"<div class=\"prod_data\">\n<p>49 070E <strong>modelis<\/strong>. AI.200<br \/>\n<strong>EAN.<\/strong>  5905369922121<br \/>\nMateri\u0101ls Ketus<br \/>\nKop\u0113jais augstums (cm ) 27<br \/>\n<strong>Kop\u0113jais platums (cm<\/strong> ) 5,5<br \/>\nKop\u0113j\u0101 projekcija (cm ) 20<br \/>\nMont\u0101\u017eas skr\u016bves J\u0101<br \/>\nT\u0113rauda <strong>kr\u0101sa<\/strong><br \/>\nDaudzums komplekt\u0101 1 gab.<\/p>\n<p class=\"western\"><span style=\"font-size: medium;\">  Tur\u0113t\u0101js ir no cieta \u010duguna ar ar rok\u0101m darin\u0101t\u0101m deta\u013c\u0101m.<\/span><br \/>\n<span style=\"font-size: medium;\">&#8211; cinkotie stiprin\u0101juma caurumi \u013cauj skr\u016bv\u0113m atrasties vien\u0101 l\u012bmen\u012b ar kron\u0161teina virsmu.<\/span><br \/>\n<span style=\"font-size: medium;\">&#8211; Izstr\u0101d\u0101juma ciet\u012bba nodro\u0161ina visa plaukta stabilit\u0101ti.<\/span><br \/>\n<span style=\"font-size: medium;\">&#8211; Var izmantot MDF vai skaidu pl\u0101tni, bet vislab\u0101k tur\u0113t\u0101js ir pak\u013cauts dab\u012bg\u0101 koka iedarb\u012bbai.<\/span><br \/>\n<span style=\"font-size: medium;\">&#8211; noapa\u013cot\u0101m mal\u0101m ir est\u0113tiska funkcija un t\u0101s ietekm\u0113 mont\u0101\u017eas un lieto\u0161anas dro\u0161\u012bbu.<\/span><br \/>\n<span style=\"font-size: medium;\">&#8211; izstr\u0101d\u0101jums izce\u013cas ar dekorat\u012bviem putna formas akcentiem.<\/span><br \/>\n<span style=\"font-size: medium;\">&#8211; r\u016bp\u012bga izgatavo\u0161ana, piev\u0113r\u0161ot uzman\u012bbu katrai deta\u013cai, padara tur\u0113t\u0101ju \u012bpa\u0161i iespaid\u012bgu.<\/span><\/p>\n<hr>\n<p class=\"western\"><span style=\"font-size: medium;\">Kron\u0161teina centr\u0101laj\u0101 viet\u0101 redzamais gailis ir piem\u0113rs idilliskaj\u0101m m\u0113be\u013cu aksesu\u0101ru sakn\u0113m, kas veidotas retro stil\u0101. Gudrais dizains \u013cauj izstr\u0101d\u0101jumu izmantot ar\u012b k\u0101 dr\u0113bju \u0101\u0137i. Produkts apvieno m\u016bsdien\u012bgumu un stilu. \u0160\u012b s\u0113rija izce\u013c gan retro, gan moderno interjeru raksturu. Gailis ir tur\u0113t\u0101js ikvienam, kas mekl\u0113 stabilu pamatu gr\u0101matu plauktam vai liel\u0101kam dekoram.<\/span><\/p>\n<hr>\n<p class=\"western\">* Plauktu kron\u0161teini ir izgatavoti ar rok\u0101m, t\u0101p\u0113c var b\u016bt neliela nob\u012bde (ne prec\u012bzi 90\u00b0).<\/p>\n<\/div>\n","protected":false},"excerpt":{"rendered":"<p>49 070E modelis. AI.200 EAN. 5905369922121 Materi\u0101ls Ketus Kop\u0113jais augstums (cm ) 27 Kop\u0113jais platums (cm ) 5,5 Kop\u0113j\u0101 projekcija<\/p>\n","protected":false},"featured_media":84318,"comment_status":"open","ping_status":"closed","template":"","meta":{"_acf_changed":false,"pmpro_default_level":""},"product_brand":[],"product_cat":[23861,23837],"product_tag":[],"class_list":{"0":"post-138763","1":"product","2":"type-product","3":"status-publish","4":"has-post-thumbnail","6":"product_cat-lentynu-laikikliai-lv","7":"product_cat-mebeles-piederumi","8":"pmpro-has-access","10":"first","11":"instock","12":"shipping-taxable","13":"purchasable","14":"product-type-simple"},"acf":[],"yoast_head":"<!-- This site is optimized with the Yoast SEO plugin v24.9 - https:\/\/yoast.com\/wordpress\/plugins\/seo\/ -->\n<title>Plaukta tur\u0113t\u0101js KOGUT 200x270mm NATURAL - MetalTale.com<\/title>\n<meta name=\"robots\" content=\"index, follow, max-snippet:-1, max-image-preview:large, max-video-preview:-1\" \/>\n<link rel=\"canonical\" href=\"https:\/\/metaltale.com\/lv\/produkts\/plaukta-turetajs-kogut-200x270mm-natural\/\" \/>\n<meta property=\"og:locale\" content=\"lv_LV\" \/>\n<meta property=\"og:type\" content=\"article\" \/>\n<meta property=\"og:title\" content=\"Plaukta tur\u0113t\u0101js KOGUT 200x270mm NATURAL - MetalTale.com\" \/>\n<meta property=\"og:description\" content=\"49 070E modelis. AI.200 EAN. 5905369922121 Materi\u0101ls Ketus Kop\u0113jais augstums (cm ) 27 Kop\u0113jais platums (cm ) 5,5 Kop\u0113j\u0101 projekcija\" \/>\n<meta property=\"og:url\" content=\"https:\/\/metaltale.com\/lv\/produkts\/plaukta-turetajs-kogut-200x270mm-natural\/\" \/>\n<meta property=\"og:site_name\" content=\"MetalTale.com\" \/>\n<meta property=\"og:image\" content=\"https:\/\/metaltale.com\/wp-content\/uploads\/2023\/10\/Gaidx17Eio-laikiklis-200x270-1.jpg\" \/>\n\t<meta property=\"og:image:width\" content=\"800\" \/>\n\t<meta property=\"og:image:height\" content=\"800\" \/>\n\t<meta property=\"og:image:type\" content=\"image\/jpeg\" \/>\n<meta name=\"twitter:card\" content=\"summary_large_image\" \/>\n<meta name=\"twitter:label1\" content=\"Est. reading time\" \/>\n\t<meta name=\"twitter:data1\" content=\"1 minute\" \/>\n<script type=\"application\/ld+json\" class=\"yoast-schema-graph\">{\"@context\":\"https:\/\/schema.org\",\"@graph\":[{\"@type\":\"WebPage\",\"@id\":\"https:\/\/metaltale.com\/lv\/produkts\/plaukta-turetajs-kogut-200x270mm-natural\/\",\"url\":\"https:\/\/metaltale.com\/lv\/produkts\/plaukta-turetajs-kogut-200x270mm-natural\/\",\"name\":\"Plaukta tur\u0113t\u0101js KOGUT 200x270mm NATURAL - MetalTale.com\",\"isPartOf\":{\"@id\":\"https:\/\/metaltale.com\/lv\/#website\"},\"primaryImageOfPage\":{\"@id\":\"https:\/\/metaltale.com\/lv\/produkts\/plaukta-turetajs-kogut-200x270mm-natural\/#primaryimage\"},\"image\":{\"@id\":\"https:\/\/metaltale.com\/lv\/produkts\/plaukta-turetajs-kogut-200x270mm-natural\/#primaryimage\"},\"thumbnailUrl\":\"https:\/\/metaltale.com\/wp-content\/uploads\/2023\/10\/Gaidx17Eio-laikiklis-200x270-1.jpg\",\"datePublished\":\"2024-02-13T12:01:04+00:00\",\"breadcrumb\":{\"@id\":\"https:\/\/metaltale.com\/lv\/produkts\/plaukta-turetajs-kogut-200x270mm-natural\/#breadcrumb\"},\"inLanguage\":\"lv-LV\",\"potentialAction\":[{\"@type\":\"ReadAction\",\"target\":[\"https:\/\/metaltale.com\/lv\/produkts\/plaukta-turetajs-kogut-200x270mm-natural\/\"]}]},{\"@type\":\"ImageObject\",\"inLanguage\":\"lv-LV\",\"@id\":\"https:\/\/metaltale.com\/lv\/produkts\/plaukta-turetajs-kogut-200x270mm-natural\/#primaryimage\",\"url\":\"https:\/\/metaltale.com\/wp-content\/uploads\/2023\/10\/Gaidx17Eio-laikiklis-200x270-1.jpg\",\"contentUrl\":\"https:\/\/metaltale.com\/wp-content\/uploads\/2023\/10\/Gaidx17Eio-laikiklis-200x270-1.jpg\",\"width\":800,\"height\":800,\"caption\":\"Atlikumi glab\u0101\u0161anas laik\u0101\"},{\"@type\":\"BreadcrumbList\",\"@id\":\"https:\/\/metaltale.com\/lv\/produkts\/plaukta-turetajs-kogut-200x270mm-natural\/#breadcrumb\",\"itemListElement\":[{\"@type\":\"ListItem\",\"position\":1,\"name\":\"Home\",\"item\":\"https:\/\/metaltale.com\/lv\/majas\/\"},{\"@type\":\"ListItem\",\"position\":2,\"name\":\"Veikals\",\"item\":\"https:\/\/metaltale.com\/lv\/shop\/\"},{\"@type\":\"ListItem\",\"position\":3,\"name\":\"Plaukta tur\u0113t\u0101js KOGUT 200x270mm NATURAL\"}]},{\"@type\":\"WebSite\",\"@id\":\"https:\/\/metaltale.com\/lv\/#website\",\"url\":\"https:\/\/metaltale.com\/lv\/\",\"name\":\"Metaltale.com\",\"description\":\"\",\"potentialAction\":[{\"@type\":\"SearchAction\",\"target\":{\"@type\":\"EntryPoint\",\"urlTemplate\":\"https:\/\/metaltale.com\/lv\/?s={search_term_string}\"},\"query-input\":{\"@type\":\"PropertyValueSpecification\",\"valueRequired\":true,\"valueName\":\"search_term_string\"}}],\"inLanguage\":\"lv-LV\"}]}<\/script>\n<!-- \/ Yoast SEO plugin. -->","yoast_head_json":{"title":"Plaukta tur\u0113t\u0101js KOGUT 200x270mm NATURAL - MetalTale.com","robots":{"index":"index","follow":"follow","max-snippet":"max-snippet:-1","max-image-preview":"max-image-preview:large","max-video-preview":"max-video-preview:-1"},"canonical":"https:\/\/metaltale.com\/lv\/produkts\/plaukta-turetajs-kogut-200x270mm-natural\/","og_locale":"lv_LV","og_type":"article","og_title":"Plaukta tur\u0113t\u0101js KOGUT 200x270mm NATURAL - MetalTale.com","og_description":"49 070E modelis. AI.200 EAN. 5905369922121 Materi\u0101ls Ketus Kop\u0113jais augstums (cm ) 27 Kop\u0113jais platums (cm ) 5,5 Kop\u0113j\u0101 projekcija","og_url":"https:\/\/metaltale.com\/lv\/produkts\/plaukta-turetajs-kogut-200x270mm-natural\/","og_site_name":"MetalTale.com","og_image":[{"width":800,"height":800,"url":"https:\/\/metaltale.com\/wp-content\/uploads\/2023\/10\/Gaidx17Eio-laikiklis-200x270-1.jpg","type":"image\/jpeg"}],"twitter_card":"summary_large_image","twitter_misc":{"Est. reading time":"1 minute"},"schema":{"@context":"https:\/\/schema.org","@graph":[{"@type":"WebPage","@id":"https:\/\/metaltale.com\/lv\/produkts\/plaukta-turetajs-kogut-200x270mm-natural\/","url":"https:\/\/metaltale.com\/lv\/produkts\/plaukta-turetajs-kogut-200x270mm-natural\/","name":"Plaukta tur\u0113t\u0101js KOGUT 200x270mm NATURAL - MetalTale.com","isPartOf":{"@id":"https:\/\/metaltale.com\/lv\/#website"},"primaryImageOfPage":{"@id":"https:\/\/metaltale.com\/lv\/produkts\/plaukta-turetajs-kogut-200x270mm-natural\/#primaryimage"},"image":{"@id":"https:\/\/metaltale.com\/lv\/produkts\/plaukta-turetajs-kogut-200x270mm-natural\/#primaryimage"},"thumbnailUrl":"https:\/\/metaltale.com\/wp-content\/uploads\/2023\/10\/Gaidx17Eio-laikiklis-200x270-1.jpg","datePublished":"2024-02-13T12:01:04+00:00","breadcrumb":{"@id":"https:\/\/metaltale.com\/lv\/produkts\/plaukta-turetajs-kogut-200x270mm-natural\/#breadcrumb"},"inLanguage":"lv-LV","potentialAction":[{"@type":"ReadAction","target":["https:\/\/metaltale.com\/lv\/produkts\/plaukta-turetajs-kogut-200x270mm-natural\/"]}]},{"@type":"ImageObject","inLanguage":"lv-LV","@id":"https:\/\/metaltale.com\/lv\/produkts\/plaukta-turetajs-kogut-200x270mm-natural\/#primaryimage","url":"https:\/\/metaltale.com\/wp-content\/uploads\/2023\/10\/Gaidx17Eio-laikiklis-200x270-1.jpg","contentUrl":"https:\/\/metaltale.com\/wp-content\/uploads\/2023\/10\/Gaidx17Eio-laikiklis-200x270-1.jpg","width":800,"height":800,"caption":"Atlikumi glab\u0101\u0161anas laik\u0101"},{"@type":"BreadcrumbList","@id":"https:\/\/metaltale.com\/lv\/produkts\/plaukta-turetajs-kogut-200x270mm-natural\/#breadcrumb","itemListElement":[{"@type":"ListItem","position":1,"name":"Home","item":"https:\/\/metaltale.com\/lv\/majas\/"},{"@type":"ListItem","position":2,"name":"Veikals","item":"https:\/\/metaltale.com\/lv\/shop\/"},{"@type":"ListItem","position":3,"name":"Plaukta tur\u0113t\u0101js KOGUT 200x270mm NATURAL"}]},{"@type":"WebSite","@id":"https:\/\/metaltale.com\/lv\/#website","url":"https:\/\/metaltale.com\/lv\/","name":"Metaltale.com","description":"","potentialAction":[{"@type":"SearchAction","target":{"@type":"EntryPoint","urlTemplate":"https:\/\/metaltale.com\/lv\/?s={search_term_string}"},"query-input":{"@type":"PropertyValueSpecification","valueRequired":true,"valueName":"search_term_string"}}],"inLanguage":"lv-LV"}]}},"_links":{"self":[{"href":"https:\/\/metaltale.com\/lv\/wp-json\/wp\/v2\/product\/138763","targetHints":{"allow":["GET"]}}],"collection":[{"href":"https:\/\/metaltale.com\/lv\/wp-json\/wp\/v2\/product"}],"about":[{"href":"https:\/\/metaltale.com\/lv\/wp-json\/wp\/v2\/types\/product"}],"replies":[{"embeddable":true,"href":"https:\/\/metaltale.com\/lv\/wp-json\/wp\/v2\/comments?post=138763"}],"version-history":[{"count":0,"href":"https:\/\/metaltale.com\/lv\/wp-json\/wp\/v2\/product\/138763\/revisions"}],"wp:featuredmedia":[{"embeddable":true,"href":"https:\/\/metaltale.com\/lv\/wp-json\/wp\/v2\/media\/84318"}],"wp:attachment":[{"href":"https:\/\/metaltale.com\/lv\/wp-json\/wp\/v2\/media?parent=138763"}],"wp:term":[{"taxonomy":"product_brand","embeddable":true,"href":"https:\/\/metaltale.com\/lv\/wp-json\/wp\/v2\/product_brand?post=138763"},{"taxonomy":"product_cat","embeddable":true,"href":"https:\/\/metaltale.com\/lv\/wp-json\/wp\/v2\/product_cat?post=138763"},{"taxonomy":"product_tag","embeddable":true,"href":"https:\/\/metaltale.com\/lv\/wp-json\/wp\/v2\/product_tag?post=138763"}],"curies":[{"name":"wp","href":"https:\/\/api.w.org\/{rel}","templated":true}]}}