{"id":138758,"date":"2024-02-13T14:01:04","date_gmt":"2024-02-13T12:01:04","guid":{"rendered":"https:\/\/metaltale.com\/produktas\/plaukts-atbalsts-bar-210x170mm-natural\/"},"modified":"2024-02-13T14:01:04","modified_gmt":"2024-02-13T12:01:04","slug":"plaukts-atbalsts-bar-210x170mm-natural","status":"publish","type":"product","link":"https:\/\/metaltale.com\/lv\/produkts\/plaukts-atbalsts-bar-210x170mm-natural\/","title":{"rendered":"Plaukts atbalsts BAR 210x170mm NATURAL"},"content":{"rendered":"<div class=\"prod_data\">\n<p><strong>Modelis<\/strong> 70.070J. AI.180<br \/>\n<strong>EAN.<\/strong>  5905369922138<br \/>\nMateri\u0101ls Ketus<br \/>\n<strong>Kop\u0113jais augstums (cm<\/strong> ) 17<br \/>\n<strong>Kop\u0113jais platums (cm<\/strong> ) 2<br \/>\n<strong>Kop\u0113j\u0101 projekcija (cm<\/strong> ) 21<br \/>\nMont\u0101\u017eas skr\u016bves J\u0101<br \/>\nT\u0113rauda <strong>kr\u0101sa<\/strong><br \/>\nDaudzums komplekt\u0101 1 gab.<\/p>\n<div>\n<p><span style=\"color: #333333; font-size: medium;\">&#8211; kron\u0161teins ir izgatavots no cieta \u010duguna<br \/>\n&#8211; mont\u0101\u017eas caurumi ir vien\u0101 l\u012bmen\u012b ar kron\u0161teina virsmu, jo karn\u012bzes forma ir t\u0101da pati k\u0101 karn\u012bzes.<br \/>\n&#8211; produkta iztur\u012bba nodro\u0161ina visa plaukta stabilit\u0101ti.<br \/>\n&#8211; Plauktam var izmantot MDF vai skaidu pl\u0101tni, bet kron\u0161teinu vislab\u0101k izmantot no dab\u012bg\u0101 koka.<br \/>\n&#8211; noapa\u013cot\u0101m mal\u0101m ir est\u0113tiska funkcija un t\u0101s veicina uzst\u0101d\u012b\u0161anas un lieto\u0161anas dro\u0161\u012bbu.<\/span><\/p>\n<hr>\n<\/div>\n<div style=\"text-align: left;\">\n<p><span style=\"color: #333333; font-size: medium;\"><span style=\"color: #333333; font-size: medium;\">KRATKA ir klasiskas formas st\u016bra tur\u0113t\u0101js, kas bag\u0101tin\u0101ts ar dekorat\u012bviem mot\u012bviem, kurus iedvesmojusi vitr\u0101\u017eu m\u0101ksla. \u0160is tur\u0113t\u0101js ir vintage dekors, kas jebkuram interjeram pie\u0161\u0137irs vecuma auru.<\/span><\/span><\/p>\n<hr>\n<p>* Plauktu kron\u0161teini ir izgatavoti ar rok\u0101m, t\u0101p\u0113c var b\u016bt neliela nob\u012bde (ne prec\u012bzi 90\u00b0).<\/p>\n<\/div>\n<div style=\"text-align: center;\"><\/div>\n<div style=\"text-align: center;\"><\/div>\n<\/div>\n","protected":false},"excerpt":{"rendered":"<p>Modelis 70.070J. AI.180 EAN. 5905369922138 Materi\u0101ls Ketus Kop\u0113jais augstums (cm ) 17 Kop\u0113jais platums (cm ) 2 Kop\u0113j\u0101 projekcija (cm<\/p>\n","protected":false},"featured_media":84283,"comment_status":"open","ping_status":"closed","template":"","meta":{"_acf_changed":false,"pmpro_default_level":""},"product_brand":[],"product_cat":[23861,23837],"product_tag":[],"class_list":{"0":"post-138758","1":"product","2":"type-product","3":"status-publish","4":"has-post-thumbnail","6":"product_cat-lentynu-laikikliai-lv","7":"product_cat-mebeles-piederumi","8":"pmpro-has-access","10":"first","11":"instock","12":"shipping-taxable","13":"purchasable","14":"product-type-simple"},"acf":[],"yoast_head":"<!-- This site is optimized with the Yoast SEO plugin v24.9 - https:\/\/yoast.com\/wordpress\/plugins\/seo\/ -->\n<title>Plaukts atbalsts BAR 210x170mm NATURAL - MetalTale.com<\/title>\n<meta name=\"robots\" content=\"index, follow, max-snippet:-1, max-image-preview:large, max-video-preview:-1\" \/>\n<link rel=\"canonical\" href=\"https:\/\/metaltale.com\/lv\/produkts\/plaukts-atbalsts-bar-210x170mm-natural\/\" \/>\n<meta property=\"og:locale\" content=\"lv_LV\" \/>\n<meta property=\"og:type\" content=\"article\" \/>\n<meta property=\"og:title\" content=\"Plaukts atbalsts BAR 210x170mm NATURAL - MetalTale.com\" \/>\n<meta property=\"og:description\" content=\"Modelis 70.070J. AI.180 EAN. 5905369922138 Materi\u0101ls Ketus Kop\u0113jais augstums (cm ) 17 Kop\u0113jais platums (cm ) 2 Kop\u0113j\u0101 projekcija (cm\" \/>\n<meta property=\"og:url\" content=\"https:\/\/metaltale.com\/lv\/produkts\/plaukts-atbalsts-bar-210x170mm-natural\/\" \/>\n<meta property=\"og:site_name\" content=\"MetalTale.com\" \/>\n<meta property=\"og:image\" content=\"https:\/\/metaltale.com\/wp-content\/uploads\/2023\/10\/Laikiklis-GRILLE-210x170-plienas.jpg\" \/>\n\t<meta property=\"og:image:width\" content=\"800\" \/>\n\t<meta property=\"og:image:height\" content=\"800\" \/>\n\t<meta property=\"og:image:type\" content=\"image\/jpeg\" \/>\n<meta name=\"twitter:card\" content=\"summary_large_image\" \/>\n<meta name=\"twitter:label1\" content=\"Est. reading time\" \/>\n\t<meta name=\"twitter:data1\" content=\"1 minute\" \/>\n<script type=\"application\/ld+json\" class=\"yoast-schema-graph\">{\"@context\":\"https:\/\/schema.org\",\"@graph\":[{\"@type\":\"WebPage\",\"@id\":\"https:\/\/metaltale.com\/lv\/produkts\/plaukts-atbalsts-bar-210x170mm-natural\/\",\"url\":\"https:\/\/metaltale.com\/lv\/produkts\/plaukts-atbalsts-bar-210x170mm-natural\/\",\"name\":\"Plaukts atbalsts BAR 210x170mm NATURAL - MetalTale.com\",\"isPartOf\":{\"@id\":\"https:\/\/metaltale.com\/lv\/#website\"},\"primaryImageOfPage\":{\"@id\":\"https:\/\/metaltale.com\/lv\/produkts\/plaukts-atbalsts-bar-210x170mm-natural\/#primaryimage\"},\"image\":{\"@id\":\"https:\/\/metaltale.com\/lv\/produkts\/plaukts-atbalsts-bar-210x170mm-natural\/#primaryimage\"},\"thumbnailUrl\":\"https:\/\/metaltale.com\/wp-content\/uploads\/2023\/10\/Laikiklis-GRILLE-210x170-plienas.jpg\",\"datePublished\":\"2024-02-13T12:01:04+00:00\",\"breadcrumb\":{\"@id\":\"https:\/\/metaltale.com\/lv\/produkts\/plaukts-atbalsts-bar-210x170mm-natural\/#breadcrumb\"},\"inLanguage\":\"lv-LV\",\"potentialAction\":[{\"@type\":\"ReadAction\",\"target\":[\"https:\/\/metaltale.com\/lv\/produkts\/plaukts-atbalsts-bar-210x170mm-natural\/\"]}]},{\"@type\":\"ImageObject\",\"inLanguage\":\"lv-LV\",\"@id\":\"https:\/\/metaltale.com\/lv\/produkts\/plaukts-atbalsts-bar-210x170mm-natural\/#primaryimage\",\"url\":\"https:\/\/metaltale.com\/wp-content\/uploads\/2023\/10\/Laikiklis-GRILLE-210x170-plienas.jpg\",\"contentUrl\":\"https:\/\/metaltale.com\/wp-content\/uploads\/2023\/10\/Laikiklis-GRILLE-210x170-plienas.jpg\",\"width\":800,\"height\":800,\"caption\":\"Plauktu kron\u0161teini\"},{\"@type\":\"BreadcrumbList\",\"@id\":\"https:\/\/metaltale.com\/lv\/produkts\/plaukts-atbalsts-bar-210x170mm-natural\/#breadcrumb\",\"itemListElement\":[{\"@type\":\"ListItem\",\"position\":1,\"name\":\"Home\",\"item\":\"https:\/\/metaltale.com\/lv\/majas\/\"},{\"@type\":\"ListItem\",\"position\":2,\"name\":\"Veikals\",\"item\":\"https:\/\/metaltale.com\/lv\/shop\/\"},{\"@type\":\"ListItem\",\"position\":3,\"name\":\"Plaukts atbalsts BAR 210x170mm NATURAL\"}]},{\"@type\":\"WebSite\",\"@id\":\"https:\/\/metaltale.com\/lv\/#website\",\"url\":\"https:\/\/metaltale.com\/lv\/\",\"name\":\"Metaltale.com\",\"description\":\"\",\"potentialAction\":[{\"@type\":\"SearchAction\",\"target\":{\"@type\":\"EntryPoint\",\"urlTemplate\":\"https:\/\/metaltale.com\/lv\/?s={search_term_string}\"},\"query-input\":{\"@type\":\"PropertyValueSpecification\",\"valueRequired\":true,\"valueName\":\"search_term_string\"}}],\"inLanguage\":\"lv-LV\"}]}<\/script>\n<!-- \/ Yoast SEO plugin. -->","yoast_head_json":{"title":"Plaukts atbalsts BAR 210x170mm NATURAL - MetalTale.com","robots":{"index":"index","follow":"follow","max-snippet":"max-snippet:-1","max-image-preview":"max-image-preview:large","max-video-preview":"max-video-preview:-1"},"canonical":"https:\/\/metaltale.com\/lv\/produkts\/plaukts-atbalsts-bar-210x170mm-natural\/","og_locale":"lv_LV","og_type":"article","og_title":"Plaukts atbalsts BAR 210x170mm NATURAL - MetalTale.com","og_description":"Modelis 70.070J. AI.180 EAN. 5905369922138 Materi\u0101ls Ketus Kop\u0113jais augstums (cm ) 17 Kop\u0113jais platums (cm ) 2 Kop\u0113j\u0101 projekcija (cm","og_url":"https:\/\/metaltale.com\/lv\/produkts\/plaukts-atbalsts-bar-210x170mm-natural\/","og_site_name":"MetalTale.com","og_image":[{"width":800,"height":800,"url":"https:\/\/metaltale.com\/wp-content\/uploads\/2023\/10\/Laikiklis-GRILLE-210x170-plienas.jpg","type":"image\/jpeg"}],"twitter_card":"summary_large_image","twitter_misc":{"Est. reading time":"1 minute"},"schema":{"@context":"https:\/\/schema.org","@graph":[{"@type":"WebPage","@id":"https:\/\/metaltale.com\/lv\/produkts\/plaukts-atbalsts-bar-210x170mm-natural\/","url":"https:\/\/metaltale.com\/lv\/produkts\/plaukts-atbalsts-bar-210x170mm-natural\/","name":"Plaukts atbalsts BAR 210x170mm NATURAL - MetalTale.com","isPartOf":{"@id":"https:\/\/metaltale.com\/lv\/#website"},"primaryImageOfPage":{"@id":"https:\/\/metaltale.com\/lv\/produkts\/plaukts-atbalsts-bar-210x170mm-natural\/#primaryimage"},"image":{"@id":"https:\/\/metaltale.com\/lv\/produkts\/plaukts-atbalsts-bar-210x170mm-natural\/#primaryimage"},"thumbnailUrl":"https:\/\/metaltale.com\/wp-content\/uploads\/2023\/10\/Laikiklis-GRILLE-210x170-plienas.jpg","datePublished":"2024-02-13T12:01:04+00:00","breadcrumb":{"@id":"https:\/\/metaltale.com\/lv\/produkts\/plaukts-atbalsts-bar-210x170mm-natural\/#breadcrumb"},"inLanguage":"lv-LV","potentialAction":[{"@type":"ReadAction","target":["https:\/\/metaltale.com\/lv\/produkts\/plaukts-atbalsts-bar-210x170mm-natural\/"]}]},{"@type":"ImageObject","inLanguage":"lv-LV","@id":"https:\/\/metaltale.com\/lv\/produkts\/plaukts-atbalsts-bar-210x170mm-natural\/#primaryimage","url":"https:\/\/metaltale.com\/wp-content\/uploads\/2023\/10\/Laikiklis-GRILLE-210x170-plienas.jpg","contentUrl":"https:\/\/metaltale.com\/wp-content\/uploads\/2023\/10\/Laikiklis-GRILLE-210x170-plienas.jpg","width":800,"height":800,"caption":"Plauktu kron\u0161teini"},{"@type":"BreadcrumbList","@id":"https:\/\/metaltale.com\/lv\/produkts\/plaukts-atbalsts-bar-210x170mm-natural\/#breadcrumb","itemListElement":[{"@type":"ListItem","position":1,"name":"Home","item":"https:\/\/metaltale.com\/lv\/majas\/"},{"@type":"ListItem","position":2,"name":"Veikals","item":"https:\/\/metaltale.com\/lv\/shop\/"},{"@type":"ListItem","position":3,"name":"Plaukts atbalsts BAR 210x170mm NATURAL"}]},{"@type":"WebSite","@id":"https:\/\/metaltale.com\/lv\/#website","url":"https:\/\/metaltale.com\/lv\/","name":"Metaltale.com","description":"","potentialAction":[{"@type":"SearchAction","target":{"@type":"EntryPoint","urlTemplate":"https:\/\/metaltale.com\/lv\/?s={search_term_string}"},"query-input":{"@type":"PropertyValueSpecification","valueRequired":true,"valueName":"search_term_string"}}],"inLanguage":"lv-LV"}]}},"_links":{"self":[{"href":"https:\/\/metaltale.com\/lv\/wp-json\/wp\/v2\/product\/138758","targetHints":{"allow":["GET"]}}],"collection":[{"href":"https:\/\/metaltale.com\/lv\/wp-json\/wp\/v2\/product"}],"about":[{"href":"https:\/\/metaltale.com\/lv\/wp-json\/wp\/v2\/types\/product"}],"replies":[{"embeddable":true,"href":"https:\/\/metaltale.com\/lv\/wp-json\/wp\/v2\/comments?post=138758"}],"version-history":[{"count":0,"href":"https:\/\/metaltale.com\/lv\/wp-json\/wp\/v2\/product\/138758\/revisions"}],"wp:featuredmedia":[{"embeddable":true,"href":"https:\/\/metaltale.com\/lv\/wp-json\/wp\/v2\/media\/84283"}],"wp:attachment":[{"href":"https:\/\/metaltale.com\/lv\/wp-json\/wp\/v2\/media?parent=138758"}],"wp:term":[{"taxonomy":"product_brand","embeddable":true,"href":"https:\/\/metaltale.com\/lv\/wp-json\/wp\/v2\/product_brand?post=138758"},{"taxonomy":"product_cat","embeddable":true,"href":"https:\/\/metaltale.com\/lv\/wp-json\/wp\/v2\/product_cat?post=138758"},{"taxonomy":"product_tag","embeddable":true,"href":"https:\/\/metaltale.com\/lv\/wp-json\/wp\/v2\/product_tag?post=138758"}],"curies":[{"name":"wp","href":"https:\/\/api.w.org\/{rel}","templated":true}]}}