{"id":138756,"date":"2024-02-13T14:01:04","date_gmt":"2024-02-13T12:01:04","guid":{"rendered":"https:\/\/metaltale.com\/produktas\/plaukta-turetajs-leaf-130x110mm-natural\/"},"modified":"2024-02-13T14:01:04","modified_gmt":"2024-02-13T12:01:04","slug":"plaukta-turetajs-leaf-130x110mm-natural","status":"publish","type":"product","link":"https:\/\/metaltale.com\/lv\/produkts\/plaukta-turetajs-leaf-130x110mm-natural\/","title":{"rendered":"Plaukta tur\u0113t\u0101js LEAF 130x110mm NATURAL"},"content":{"rendered":"<div class=\"prod_data\">\n<p><strong>Modelis<\/strong> 01.070L. AI.115<br \/>\n<strong>EAN.<\/strong>  5905369922152<br \/>\nMateri\u0101ls Ketus<br \/>\nKop\u0113jais augstums (cm ) 11<br \/>\n<strong>Kop\u0113j\u0101 projekcija (cm<\/strong> ) 13<br \/>\n<strong>Pamatnes izm\u0113ri (cm)<\/strong> 2 (platums)<br \/>\nMont\u0101\u017eas skr\u016bves J\u0101<br \/>\nT\u0113rauda <strong>kr\u0101sa<\/strong><br \/>\nDaudzums komplekt\u0101 1 gab.<\/p>\n<div>\n<p><span style=\"color: #333333;\">&#8211; \u010duguna tur\u0113t\u0101js ar ar rok\u0101m darin\u0101t\u0101m deta\u013c\u0101m<br \/>\n&#8211; cinkotie stiprin\u0101juma caurumi \u013cauj skr\u016bv\u0113m atrasties vien\u0101 l\u012bmen\u012b ar kron\u0161teina virsmu.<br \/>\n&#8211; Produktu izm\u0113ri \u013cauj izmantot maz\u0101ku plauktu izm\u0113rus<br \/>\n&#8211; Plauktiem var izmantot MDF vai skaidu pl\u0101tni, bet vislab\u0101k to izdara no dab\u012bg\u0101 koka.<br \/>\n&#8211; noapa\u013cotaj\u0101m mal\u0101m ir est\u0113tiska funkcija un t\u0101s ietekm\u0113 tur\u0113t\u0101ja dro\u0161\u012bbu.<br \/>\n&#8211; izstr\u0101d\u0101jumam ir prec\u012bzi izgatavoti dekorat\u012bvie akcenti lapu form\u0101.<\/span><\/p>\n<hr>\n<p>&nbsp;<\/p>\n<\/div>\n<div style=\"text-align: left;\">\n<p><span style=\"color: #333333;\"><span style=\"color: #333333;\">\u010cuguna tur\u0113t\u0101js, kas kop\u0101 ar dab\u012bgo koku akcent\u0113s stil\u012bgi pabeigtu interjeru. Kop\u0101 ar balto plauktu t\u0101 ir ide\u0101la kompoz\u012bcija Provansas interjeram. Iedvesmojoties no dabas, vi\u0146\u0161 prec\u012bzi izgatavoja dekorat\u012bvus elementus lapu form\u0101. T\u0101s mazie izm\u0113ri \u013cauj izveidot plauktu viet\u0101, kur svar\u012bgs ir katrs centimetrs. Tur\u0113t\u0101ja skaistums padara to par ide\u0101lu pied\u0101v\u0101jumu ikvienam, kas mekl\u0113 retro stilu, kas apvienots ar smalkumu un izsmalcin\u0101t\u012bbu.<\/span><\/span><\/p>\n<hr>\n<p>* Plauktu kron\u0161teini ir izgatavoti ar rok\u0101m, t\u0101p\u0113c var b\u016bt neliela nob\u012bde (ne prec\u012bzi 90\u00b0).<\/p>\n<\/div>\n<div style=\"text-align: left;\"><\/div>\n<div style=\"text-align: center;\"><\/div>\n<\/div>\n","protected":false},"excerpt":{"rendered":"<p>Modelis 01.070L. AI.115 EAN. 5905369922152 Materi\u0101ls Ketus Kop\u0113jais augstums (cm ) 11 Kop\u0113j\u0101 projekcija (cm ) 13 Pamatnes izm\u0113ri (cm)<\/p>\n","protected":false},"featured_media":84203,"comment_status":"open","ping_status":"closed","template":"","meta":{"_acf_changed":false,"pmpro_default_level":""},"product_brand":[],"product_cat":[23861,23837],"product_tag":[],"class_list":{"0":"post-138756","1":"product","2":"type-product","3":"status-publish","4":"has-post-thumbnail","6":"product_cat-lentynu-laikikliai-lv","7":"product_cat-mebeles-piederumi","8":"pmpro-has-access","10":"first","11":"instock","12":"shipping-taxable","13":"purchasable","14":"product-type-simple"},"acf":[],"yoast_head":"<!-- This site is optimized with the Yoast SEO plugin v24.9 - https:\/\/yoast.com\/wordpress\/plugins\/seo\/ -->\n<title>Plaukta tur\u0113t\u0101js LEAF 130x110mm NATURAL - MetalTale.com<\/title>\n<meta name=\"robots\" content=\"index, follow, max-snippet:-1, max-image-preview:large, max-video-preview:-1\" \/>\n<link rel=\"canonical\" href=\"https:\/\/metaltale.com\/lv\/produkts\/plaukta-turetajs-leaf-130x110mm-natural\/\" \/>\n<meta property=\"og:locale\" content=\"lv_LV\" \/>\n<meta property=\"og:type\" content=\"article\" \/>\n<meta property=\"og:title\" content=\"Plaukta tur\u0113t\u0101js LEAF 130x110mm NATURAL - MetalTale.com\" \/>\n<meta property=\"og:description\" content=\"Modelis 01.070L. AI.115 EAN. 5905369922152 Materi\u0101ls Ketus Kop\u0113jais augstums (cm ) 11 Kop\u0113j\u0101 projekcija (cm ) 13 Pamatnes izm\u0113ri (cm)\" \/>\n<meta property=\"og:url\" content=\"https:\/\/metaltale.com\/lv\/produkts\/plaukta-turetajs-leaf-130x110mm-natural\/\" \/>\n<meta property=\"og:site_name\" content=\"MetalTale.com\" \/>\n<meta property=\"og:image\" content=\"https:\/\/metaltale.com\/wp-content\/uploads\/2023\/10\/LEAF-laikiklis-130x110-plienas.jpg\" \/>\n\t<meta property=\"og:image:width\" content=\"800\" \/>\n\t<meta property=\"og:image:height\" content=\"800\" \/>\n\t<meta property=\"og:image:type\" content=\"image\/jpeg\" \/>\n<meta name=\"twitter:card\" content=\"summary_large_image\" \/>\n<meta name=\"twitter:label1\" content=\"Est. reading time\" \/>\n\t<meta name=\"twitter:data1\" content=\"1 minute\" \/>\n<script type=\"application\/ld+json\" class=\"yoast-schema-graph\">{\"@context\":\"https:\/\/schema.org\",\"@graph\":[{\"@type\":\"WebPage\",\"@id\":\"https:\/\/metaltale.com\/lv\/produkts\/plaukta-turetajs-leaf-130x110mm-natural\/\",\"url\":\"https:\/\/metaltale.com\/lv\/produkts\/plaukta-turetajs-leaf-130x110mm-natural\/\",\"name\":\"Plaukta tur\u0113t\u0101js LEAF 130x110mm NATURAL - MetalTale.com\",\"isPartOf\":{\"@id\":\"https:\/\/metaltale.com\/lv\/#website\"},\"primaryImageOfPage\":{\"@id\":\"https:\/\/metaltale.com\/lv\/produkts\/plaukta-turetajs-leaf-130x110mm-natural\/#primaryimage\"},\"image\":{\"@id\":\"https:\/\/metaltale.com\/lv\/produkts\/plaukta-turetajs-leaf-130x110mm-natural\/#primaryimage\"},\"thumbnailUrl\":\"https:\/\/metaltale.com\/wp-content\/uploads\/2023\/10\/LEAF-laikiklis-130x110-plienas.jpg\",\"datePublished\":\"2024-02-13T12:01:04+00:00\",\"breadcrumb\":{\"@id\":\"https:\/\/metaltale.com\/lv\/produkts\/plaukta-turetajs-leaf-130x110mm-natural\/#breadcrumb\"},\"inLanguage\":\"lv-LV\",\"potentialAction\":[{\"@type\":\"ReadAction\",\"target\":[\"https:\/\/metaltale.com\/lv\/produkts\/plaukta-turetajs-leaf-130x110mm-natural\/\"]}]},{\"@type\":\"ImageObject\",\"inLanguage\":\"lv-LV\",\"@id\":\"https:\/\/metaltale.com\/lv\/produkts\/plaukta-turetajs-leaf-130x110mm-natural\/#primaryimage\",\"url\":\"https:\/\/metaltale.com\/wp-content\/uploads\/2023\/10\/LEAF-laikiklis-130x110-plienas.jpg\",\"contentUrl\":\"https:\/\/metaltale.com\/wp-content\/uploads\/2023\/10\/LEAF-laikiklis-130x110-plienas.jpg\",\"width\":800,\"height\":800,\"caption\":\"Plauktu kron\u0161teini\"},{\"@type\":\"BreadcrumbList\",\"@id\":\"https:\/\/metaltale.com\/lv\/produkts\/plaukta-turetajs-leaf-130x110mm-natural\/#breadcrumb\",\"itemListElement\":[{\"@type\":\"ListItem\",\"position\":1,\"name\":\"Home\",\"item\":\"https:\/\/metaltale.com\/lv\/majas\/\"},{\"@type\":\"ListItem\",\"position\":2,\"name\":\"Veikals\",\"item\":\"https:\/\/metaltale.com\/lv\/shop\/\"},{\"@type\":\"ListItem\",\"position\":3,\"name\":\"Plaukta tur\u0113t\u0101js LEAF 130x110mm NATURAL\"}]},{\"@type\":\"WebSite\",\"@id\":\"https:\/\/metaltale.com\/lv\/#website\",\"url\":\"https:\/\/metaltale.com\/lv\/\",\"name\":\"Metaltale.com\",\"description\":\"\",\"potentialAction\":[{\"@type\":\"SearchAction\",\"target\":{\"@type\":\"EntryPoint\",\"urlTemplate\":\"https:\/\/metaltale.com\/lv\/?s={search_term_string}\"},\"query-input\":{\"@type\":\"PropertyValueSpecification\",\"valueRequired\":true,\"valueName\":\"search_term_string\"}}],\"inLanguage\":\"lv-LV\"}]}<\/script>\n<!-- \/ Yoast SEO plugin. -->","yoast_head_json":{"title":"Plaukta tur\u0113t\u0101js LEAF 130x110mm NATURAL - MetalTale.com","robots":{"index":"index","follow":"follow","max-snippet":"max-snippet:-1","max-image-preview":"max-image-preview:large","max-video-preview":"max-video-preview:-1"},"canonical":"https:\/\/metaltale.com\/lv\/produkts\/plaukta-turetajs-leaf-130x110mm-natural\/","og_locale":"lv_LV","og_type":"article","og_title":"Plaukta tur\u0113t\u0101js LEAF 130x110mm NATURAL - MetalTale.com","og_description":"Modelis 01.070L. AI.115 EAN. 5905369922152 Materi\u0101ls Ketus Kop\u0113jais augstums (cm ) 11 Kop\u0113j\u0101 projekcija (cm ) 13 Pamatnes izm\u0113ri (cm)","og_url":"https:\/\/metaltale.com\/lv\/produkts\/plaukta-turetajs-leaf-130x110mm-natural\/","og_site_name":"MetalTale.com","og_image":[{"width":800,"height":800,"url":"https:\/\/metaltale.com\/wp-content\/uploads\/2023\/10\/LEAF-laikiklis-130x110-plienas.jpg","type":"image\/jpeg"}],"twitter_card":"summary_large_image","twitter_misc":{"Est. reading time":"1 minute"},"schema":{"@context":"https:\/\/schema.org","@graph":[{"@type":"WebPage","@id":"https:\/\/metaltale.com\/lv\/produkts\/plaukta-turetajs-leaf-130x110mm-natural\/","url":"https:\/\/metaltale.com\/lv\/produkts\/plaukta-turetajs-leaf-130x110mm-natural\/","name":"Plaukta tur\u0113t\u0101js LEAF 130x110mm NATURAL - MetalTale.com","isPartOf":{"@id":"https:\/\/metaltale.com\/lv\/#website"},"primaryImageOfPage":{"@id":"https:\/\/metaltale.com\/lv\/produkts\/plaukta-turetajs-leaf-130x110mm-natural\/#primaryimage"},"image":{"@id":"https:\/\/metaltale.com\/lv\/produkts\/plaukta-turetajs-leaf-130x110mm-natural\/#primaryimage"},"thumbnailUrl":"https:\/\/metaltale.com\/wp-content\/uploads\/2023\/10\/LEAF-laikiklis-130x110-plienas.jpg","datePublished":"2024-02-13T12:01:04+00:00","breadcrumb":{"@id":"https:\/\/metaltale.com\/lv\/produkts\/plaukta-turetajs-leaf-130x110mm-natural\/#breadcrumb"},"inLanguage":"lv-LV","potentialAction":[{"@type":"ReadAction","target":["https:\/\/metaltale.com\/lv\/produkts\/plaukta-turetajs-leaf-130x110mm-natural\/"]}]},{"@type":"ImageObject","inLanguage":"lv-LV","@id":"https:\/\/metaltale.com\/lv\/produkts\/plaukta-turetajs-leaf-130x110mm-natural\/#primaryimage","url":"https:\/\/metaltale.com\/wp-content\/uploads\/2023\/10\/LEAF-laikiklis-130x110-plienas.jpg","contentUrl":"https:\/\/metaltale.com\/wp-content\/uploads\/2023\/10\/LEAF-laikiklis-130x110-plienas.jpg","width":800,"height":800,"caption":"Plauktu kron\u0161teini"},{"@type":"BreadcrumbList","@id":"https:\/\/metaltale.com\/lv\/produkts\/plaukta-turetajs-leaf-130x110mm-natural\/#breadcrumb","itemListElement":[{"@type":"ListItem","position":1,"name":"Home","item":"https:\/\/metaltale.com\/lv\/majas\/"},{"@type":"ListItem","position":2,"name":"Veikals","item":"https:\/\/metaltale.com\/lv\/shop\/"},{"@type":"ListItem","position":3,"name":"Plaukta tur\u0113t\u0101js LEAF 130x110mm NATURAL"}]},{"@type":"WebSite","@id":"https:\/\/metaltale.com\/lv\/#website","url":"https:\/\/metaltale.com\/lv\/","name":"Metaltale.com","description":"","potentialAction":[{"@type":"SearchAction","target":{"@type":"EntryPoint","urlTemplate":"https:\/\/metaltale.com\/lv\/?s={search_term_string}"},"query-input":{"@type":"PropertyValueSpecification","valueRequired":true,"valueName":"search_term_string"}}],"inLanguage":"lv-LV"}]}},"_links":{"self":[{"href":"https:\/\/metaltale.com\/lv\/wp-json\/wp\/v2\/product\/138756","targetHints":{"allow":["GET"]}}],"collection":[{"href":"https:\/\/metaltale.com\/lv\/wp-json\/wp\/v2\/product"}],"about":[{"href":"https:\/\/metaltale.com\/lv\/wp-json\/wp\/v2\/types\/product"}],"replies":[{"embeddable":true,"href":"https:\/\/metaltale.com\/lv\/wp-json\/wp\/v2\/comments?post=138756"}],"version-history":[{"count":0,"href":"https:\/\/metaltale.com\/lv\/wp-json\/wp\/v2\/product\/138756\/revisions"}],"wp:featuredmedia":[{"embeddable":true,"href":"https:\/\/metaltale.com\/lv\/wp-json\/wp\/v2\/media\/84203"}],"wp:attachment":[{"href":"https:\/\/metaltale.com\/lv\/wp-json\/wp\/v2\/media?parent=138756"}],"wp:term":[{"taxonomy":"product_brand","embeddable":true,"href":"https:\/\/metaltale.com\/lv\/wp-json\/wp\/v2\/product_brand?post=138756"},{"taxonomy":"product_cat","embeddable":true,"href":"https:\/\/metaltale.com\/lv\/wp-json\/wp\/v2\/product_cat?post=138756"},{"taxonomy":"product_tag","embeddable":true,"href":"https:\/\/metaltale.com\/lv\/wp-json\/wp\/v2\/product_tag?post=138756"}],"curies":[{"name":"wp","href":"https:\/\/api.w.org\/{rel}","templated":true}]}}