{"id":138747,"date":"2024-02-13T14:01:04","date_gmt":"2024-02-13T12:01:04","guid":{"rendered":"https:\/\/metaltale.com\/produktas\/plaukta-kronsteins-valencia-150x150-mm-black\/"},"modified":"2024-02-13T14:01:04","modified_gmt":"2024-02-13T12:01:04","slug":"plaukta-kronsteins-valencia-150x150-mm-black","status":"publish","type":"product","link":"https:\/\/metaltale.com\/lv\/produkts\/plaukta-kronsteins-valencia-150x150-mm-black\/","title":{"rendered":"Plaukta kron\u0161teins VALENCIA 150&#215;150 mm BLACK"},"content":{"rendered":"<div class=\"prod_data\">\n<p><strong>Modelis<\/strong> AG.12347<br \/>\n<strong>EAN.<\/strong>  5905369911842<br \/>\n<strong>Materi\u0101ls<\/strong> T\u0113rauds<br \/>\n<strong>Kop\u0113jais augstums (cm<\/strong> ) 15<br \/>\n<strong>Kop\u0113jais platums (cm<\/strong> ) 2<br \/>\nKop\u0113j\u0101 projekcija (cm ) 15<br \/>\nMont\u0101\u017eas skr\u016bves J\u0101<br \/>\n<strong>Pamatnes diametrs (cm)<\/strong> 2<br \/>\nKr\u0101sa Melna<br \/>\n<strong>Virsmas tips<\/strong> Gluda <strong>virsma<\/strong><br \/>\nDaudzums komplekt\u0101 1 gab.<\/p>\n<p><span style=\"font-size: medium;\">&#8211; tur\u0113t\u0101js ir izgatavots no augst\u0101k\u0101s kvalit\u0101tes t\u0113rauda<\/span><br \/>\n<span style=\"font-size: medium;\">&#8211; lako\u0161ana \u013cauj izstr\u0101d\u0101jumu izmantot gan iek\u0161telp\u0101s, gan \u0101r\u0101.<\/span><br \/>\n<span style=\"font-size: medium;\">&#8211; da\u017e\u0101di izm\u0113ri \u013cauj izgatavot plauktus ar vajadz\u012bgajiem izm\u0113riem.<\/span><br \/>\n<span style=\"font-size: medium;\">&#8211; Pareiza deta\u013cu apdare nodro\u0161ina dro\u0161u mont\u0101\u017eu un lieto\u0161anu.<\/span><br \/>\n<span style=\"font-size: medium;\">&#8211; produkts ir piln\u012bgi gluds, pateicoties profesion\u0101lajai lakas uzkl\u0101\u0161anas metodei.<\/span><br \/>\n<span style=\"font-size: medium;\">&#8211; Iesp\u0113ja izgatavot plauktu no da\u017e\u0101da biezuma d\u0113\u013ciem\/pl\u0101tn\u0113m<\/span><br \/>\n<span style=\"font-size: medium;\">&#8211; izstr\u0101d\u0101juma forma \u013cauj to uzst\u0101d\u012bt uz jebkuras tur\u0113t\u0101ja rokas.<\/span><\/p>\n<hr>\n<p><span style=\"font-size: medium;\">VALENCIA kron\u0161teins \u013cauj izveidot plauktu, kas rot\u0101s j\u016bsu m\u0101ju, dz\u012bvokli, k\u0101 ar\u012b lieven\u012bti vai lapeni. No \u0161\u012b tur\u0113t\u0101ja izgatavotais plaukts ir lielisks papildin\u0101jums jebkura veida interjeram. Kron\u0161teina meln\u0101 kr\u0101sa un smalki velm\u0113tie gali ir ide\u0101ls pamats Provansas plaukta izveidei.  <\/span><\/p>\n<hr>\n<p style=\"text-align: left;\">* Plauktu kron\u0161teini ir izgatavoti ar rok\u0101m, t\u0101p\u0113c var b\u016bt neliela nob\u012bde (ne prec\u012bzi 90\u00b0).<\/p>\n<\/div>\n","protected":false},"excerpt":{"rendered":"<p>Modelis AG.12347 EAN. 5905369911842 Materi\u0101ls T\u0113rauds Kop\u0113jais augstums (cm ) 15 Kop\u0113jais platums (cm ) 2 Kop\u0113j\u0101 projekcija (cm )<\/p>\n","protected":false},"featured_media":84061,"comment_status":"open","ping_status":"closed","template":"","meta":{"_acf_changed":false,"pmpro_default_level":""},"product_brand":[],"product_cat":[23861,23837],"product_tag":[],"class_list":{"0":"post-138747","1":"product","2":"type-product","3":"status-publish","4":"has-post-thumbnail","6":"product_cat-lentynu-laikikliai-lv","7":"product_cat-mebeles-piederumi","8":"pmpro-has-access","10":"first","11":"instock","12":"shipping-taxable","13":"purchasable","14":"product-type-simple"},"acf":[],"yoast_head":"<!-- This site is optimized with the Yoast SEO plugin v24.9 - https:\/\/yoast.com\/wordpress\/plugins\/seo\/ -->\n<title>Plaukta kron\u0161teins VALENCIA 150x150 mm BLACK - MetalTale.com<\/title>\n<meta name=\"robots\" content=\"index, follow, max-snippet:-1, max-image-preview:large, max-video-preview:-1\" \/>\n<link rel=\"canonical\" href=\"https:\/\/metaltale.com\/lv\/produkts\/plaukta-kronsteins-valencia-150x150-mm-black\/\" \/>\n<meta property=\"og:locale\" content=\"lv_LV\" \/>\n<meta property=\"og:type\" content=\"article\" \/>\n<meta property=\"og:title\" content=\"Plaukta kron\u0161teins VALENCIA 150x150 mm BLACK - MetalTale.com\" \/>\n<meta property=\"og:description\" content=\"Modelis AG.12347 EAN. 5905369911842 Materi\u0101ls T\u0113rauds Kop\u0113jais augstums (cm ) 15 Kop\u0113jais platums (cm ) 2 Kop\u0113j\u0101 projekcija (cm )\" \/>\n<meta property=\"og:url\" content=\"https:\/\/metaltale.com\/lv\/produkts\/plaukta-kronsteins-valencia-150x150-mm-black\/\" \/>\n<meta property=\"og:site_name\" content=\"MetalTale.com\" \/>\n<meta property=\"og:image\" content=\"https:\/\/metaltale.com\/wp-content\/uploads\/2023\/10\/VALENSIJOS-laikiklis.jpg\" \/>\n\t<meta property=\"og:image:width\" content=\"800\" \/>\n\t<meta property=\"og:image:height\" content=\"800\" \/>\n\t<meta property=\"og:image:type\" content=\"image\/jpeg\" \/>\n<meta name=\"twitter:card\" content=\"summary_large_image\" \/>\n<meta name=\"twitter:label1\" content=\"Est. reading time\" \/>\n\t<meta name=\"twitter:data1\" content=\"1 minute\" \/>\n<script type=\"application\/ld+json\" class=\"yoast-schema-graph\">{\"@context\":\"https:\/\/schema.org\",\"@graph\":[{\"@type\":\"WebPage\",\"@id\":\"https:\/\/metaltale.com\/lv\/produkts\/plaukta-kronsteins-valencia-150x150-mm-black\/\",\"url\":\"https:\/\/metaltale.com\/lv\/produkts\/plaukta-kronsteins-valencia-150x150-mm-black\/\",\"name\":\"Plaukta kron\u0161teins VALENCIA 150x150 mm BLACK - MetalTale.com\",\"isPartOf\":{\"@id\":\"https:\/\/metaltale.com\/lv\/#website\"},\"primaryImageOfPage\":{\"@id\":\"https:\/\/metaltale.com\/lv\/produkts\/plaukta-kronsteins-valencia-150x150-mm-black\/#primaryimage\"},\"image\":{\"@id\":\"https:\/\/metaltale.com\/lv\/produkts\/plaukta-kronsteins-valencia-150x150-mm-black\/#primaryimage\"},\"thumbnailUrl\":\"https:\/\/metaltale.com\/wp-content\/uploads\/2023\/10\/VALENSIJOS-laikiklis.jpg\",\"datePublished\":\"2024-02-13T12:01:04+00:00\",\"breadcrumb\":{\"@id\":\"https:\/\/metaltale.com\/lv\/produkts\/plaukta-kronsteins-valencia-150x150-mm-black\/#breadcrumb\"},\"inLanguage\":\"lv-LV\",\"potentialAction\":[{\"@type\":\"ReadAction\",\"target\":[\"https:\/\/metaltale.com\/lv\/produkts\/plaukta-kronsteins-valencia-150x150-mm-black\/\"]}]},{\"@type\":\"ImageObject\",\"inLanguage\":\"lv-LV\",\"@id\":\"https:\/\/metaltale.com\/lv\/produkts\/plaukta-kronsteins-valencia-150x150-mm-black\/#primaryimage\",\"url\":\"https:\/\/metaltale.com\/wp-content\/uploads\/2023\/10\/VALENSIJOS-laikiklis.jpg\",\"contentUrl\":\"https:\/\/metaltale.com\/wp-content\/uploads\/2023\/10\/VALENSIJOS-laikiklis.jpg\",\"width\":800,\"height\":800,\"caption\":\"Plaukta kron\u0161teins VALENCIA 150x150 mm BLACK\"},{\"@type\":\"BreadcrumbList\",\"@id\":\"https:\/\/metaltale.com\/lv\/produkts\/plaukta-kronsteins-valencia-150x150-mm-black\/#breadcrumb\",\"itemListElement\":[{\"@type\":\"ListItem\",\"position\":1,\"name\":\"Home\",\"item\":\"https:\/\/metaltale.com\/lv\/majas\/\"},{\"@type\":\"ListItem\",\"position\":2,\"name\":\"Veikals\",\"item\":\"https:\/\/metaltale.com\/lv\/shop\/\"},{\"@type\":\"ListItem\",\"position\":3,\"name\":\"Plaukta kron\u0161teins VALENCIA 150&#215;150 mm BLACK\"}]},{\"@type\":\"WebSite\",\"@id\":\"https:\/\/metaltale.com\/lv\/#website\",\"url\":\"https:\/\/metaltale.com\/lv\/\",\"name\":\"Metaltale.com\",\"description\":\"\",\"potentialAction\":[{\"@type\":\"SearchAction\",\"target\":{\"@type\":\"EntryPoint\",\"urlTemplate\":\"https:\/\/metaltale.com\/lv\/?s={search_term_string}\"},\"query-input\":{\"@type\":\"PropertyValueSpecification\",\"valueRequired\":true,\"valueName\":\"search_term_string\"}}],\"inLanguage\":\"lv-LV\"}]}<\/script>\n<!-- \/ Yoast SEO plugin. -->","yoast_head_json":{"title":"Plaukta kron\u0161teins VALENCIA 150x150 mm BLACK - MetalTale.com","robots":{"index":"index","follow":"follow","max-snippet":"max-snippet:-1","max-image-preview":"max-image-preview:large","max-video-preview":"max-video-preview:-1"},"canonical":"https:\/\/metaltale.com\/lv\/produkts\/plaukta-kronsteins-valencia-150x150-mm-black\/","og_locale":"lv_LV","og_type":"article","og_title":"Plaukta kron\u0161teins VALENCIA 150x150 mm BLACK - MetalTale.com","og_description":"Modelis AG.12347 EAN. 5905369911842 Materi\u0101ls T\u0113rauds Kop\u0113jais augstums (cm ) 15 Kop\u0113jais platums (cm ) 2 Kop\u0113j\u0101 projekcija (cm )","og_url":"https:\/\/metaltale.com\/lv\/produkts\/plaukta-kronsteins-valencia-150x150-mm-black\/","og_site_name":"MetalTale.com","og_image":[{"width":800,"height":800,"url":"https:\/\/metaltale.com\/wp-content\/uploads\/2023\/10\/VALENSIJOS-laikiklis.jpg","type":"image\/jpeg"}],"twitter_card":"summary_large_image","twitter_misc":{"Est. reading time":"1 minute"},"schema":{"@context":"https:\/\/schema.org","@graph":[{"@type":"WebPage","@id":"https:\/\/metaltale.com\/lv\/produkts\/plaukta-kronsteins-valencia-150x150-mm-black\/","url":"https:\/\/metaltale.com\/lv\/produkts\/plaukta-kronsteins-valencia-150x150-mm-black\/","name":"Plaukta kron\u0161teins VALENCIA 150x150 mm BLACK - MetalTale.com","isPartOf":{"@id":"https:\/\/metaltale.com\/lv\/#website"},"primaryImageOfPage":{"@id":"https:\/\/metaltale.com\/lv\/produkts\/plaukta-kronsteins-valencia-150x150-mm-black\/#primaryimage"},"image":{"@id":"https:\/\/metaltale.com\/lv\/produkts\/plaukta-kronsteins-valencia-150x150-mm-black\/#primaryimage"},"thumbnailUrl":"https:\/\/metaltale.com\/wp-content\/uploads\/2023\/10\/VALENSIJOS-laikiklis.jpg","datePublished":"2024-02-13T12:01:04+00:00","breadcrumb":{"@id":"https:\/\/metaltale.com\/lv\/produkts\/plaukta-kronsteins-valencia-150x150-mm-black\/#breadcrumb"},"inLanguage":"lv-LV","potentialAction":[{"@type":"ReadAction","target":["https:\/\/metaltale.com\/lv\/produkts\/plaukta-kronsteins-valencia-150x150-mm-black\/"]}]},{"@type":"ImageObject","inLanguage":"lv-LV","@id":"https:\/\/metaltale.com\/lv\/produkts\/plaukta-kronsteins-valencia-150x150-mm-black\/#primaryimage","url":"https:\/\/metaltale.com\/wp-content\/uploads\/2023\/10\/VALENSIJOS-laikiklis.jpg","contentUrl":"https:\/\/metaltale.com\/wp-content\/uploads\/2023\/10\/VALENSIJOS-laikiklis.jpg","width":800,"height":800,"caption":"Plaukta kron\u0161teins VALENCIA 150x150 mm BLACK"},{"@type":"BreadcrumbList","@id":"https:\/\/metaltale.com\/lv\/produkts\/plaukta-kronsteins-valencia-150x150-mm-black\/#breadcrumb","itemListElement":[{"@type":"ListItem","position":1,"name":"Home","item":"https:\/\/metaltale.com\/lv\/majas\/"},{"@type":"ListItem","position":2,"name":"Veikals","item":"https:\/\/metaltale.com\/lv\/shop\/"},{"@type":"ListItem","position":3,"name":"Plaukta kron\u0161teins VALENCIA 150&#215;150 mm BLACK"}]},{"@type":"WebSite","@id":"https:\/\/metaltale.com\/lv\/#website","url":"https:\/\/metaltale.com\/lv\/","name":"Metaltale.com","description":"","potentialAction":[{"@type":"SearchAction","target":{"@type":"EntryPoint","urlTemplate":"https:\/\/metaltale.com\/lv\/?s={search_term_string}"},"query-input":{"@type":"PropertyValueSpecification","valueRequired":true,"valueName":"search_term_string"}}],"inLanguage":"lv-LV"}]}},"_links":{"self":[{"href":"https:\/\/metaltale.com\/lv\/wp-json\/wp\/v2\/product\/138747","targetHints":{"allow":["GET"]}}],"collection":[{"href":"https:\/\/metaltale.com\/lv\/wp-json\/wp\/v2\/product"}],"about":[{"href":"https:\/\/metaltale.com\/lv\/wp-json\/wp\/v2\/types\/product"}],"replies":[{"embeddable":true,"href":"https:\/\/metaltale.com\/lv\/wp-json\/wp\/v2\/comments?post=138747"}],"version-history":[{"count":0,"href":"https:\/\/metaltale.com\/lv\/wp-json\/wp\/v2\/product\/138747\/revisions"}],"wp:featuredmedia":[{"embeddable":true,"href":"https:\/\/metaltale.com\/lv\/wp-json\/wp\/v2\/media\/84061"}],"wp:attachment":[{"href":"https:\/\/metaltale.com\/lv\/wp-json\/wp\/v2\/media?parent=138747"}],"wp:term":[{"taxonomy":"product_brand","embeddable":true,"href":"https:\/\/metaltale.com\/lv\/wp-json\/wp\/v2\/product_brand?post=138747"},{"taxonomy":"product_cat","embeddable":true,"href":"https:\/\/metaltale.com\/lv\/wp-json\/wp\/v2\/product_cat?post=138747"},{"taxonomy":"product_tag","embeddable":true,"href":"https:\/\/metaltale.com\/lv\/wp-json\/wp\/v2\/product_tag?post=138747"}],"curies":[{"name":"wp","href":"https:\/\/api.w.org\/{rel}","templated":true}]}}