{"id":138744,"date":"2024-02-13T14:01:04","date_gmt":"2024-02-13T12:01:04","guid":{"rendered":"https:\/\/metaltale.com\/produktas\/plaukta-atbalsts-unique-125x125-mm-natural\/"},"modified":"2024-02-13T14:01:04","modified_gmt":"2024-02-13T12:01:04","slug":"plaukta-atbalsts-unique-125x125-mm-natural","status":"publish","type":"product","link":"https:\/\/metaltale.com\/lv\/produkts\/plaukta-atbalsts-unique-125x125-mm-natural\/","title":{"rendered":"Plaukta atbalsts UNIQUE 125&#215;125 mm NATURAL"},"content":{"rendered":"<div class=\"prod_data\">\n<p><strong>Modelis<\/strong> 70.070C. AI.125<br \/>\n<strong>EAN.<\/strong>  5905369922367<br \/>\nMateri\u0101ls Ketus<br \/>\n<strong>Kop\u0113jais augstums (cm<\/strong> ) 12,5<br \/>\n<strong>Kop\u0113jais platums (cm<\/strong> ) 2<br \/>\n<strong>Kop\u0113j\u0101 projekcija (cm<\/strong> ) 12,5<br \/>\nMont\u0101\u017eas skr\u016bves J\u0101<br \/>\nT\u0113rauda <strong>kr\u0101sa<\/strong><br \/>\nDaudzums komplekt\u0101 1 gab.<\/p>\n<div><span style=\"color: #333333; font-size: medium;\">&#8211; izgatavots no augstas kvalit\u0101tes \u010duguna<br \/>\n&#8211; materi\u0101la biezums padara tur\u0113t\u0101ju stabilu un iztur\u012bgu.<br \/>\n&#8211; iesp\u0113ja izgatavot plauktu no da\u017e\u0101da biezuma d\u0113\u013ciem\/pl\u0101tn\u0113m.<br \/>\n&#8211; izstr\u0101d\u0101juma forma \u013cauj to uzst\u0101d\u012bt uz jebkura tur\u0113t\u0101ja pleca.<\/span><\/div>\n<div>\n<p><span style=\"color: #333333; font-size: medium;\">&#8211; kron\u0161teinu var izmantot, lai izgatavotu koka, skaidu pl\u0101tnes un MDF plauktus.<br \/>\n&#8211; Malu sl\u012bp\u0113\u0161ana nodro\u0161ina dro\u0161u uzst\u0101d\u012b\u0161anu un lieto\u0161anu<\/span><\/p>\n<p>&nbsp;<\/p>\n<\/div>\n<div>\n<p><span style=\"color: #333333; font-size: medium;\"><span style=\"color: #333333; font-size: medium;\">UNIQUE tur\u0113t\u0101js pie\u0161\u0137ir retro izskatu parastai sienai un padara to par praktisku vietu gaiten\u012b, viesistab\u0101 vai biroj\u0101. Tur\u0113t\u0101ju var veiksm\u012bgi izmantot gan dz\u012bvok\u013cos, gan pal\u012bgtelp\u0101s. \u0160is tur\u0113t\u0101js apvieno pietic\u012bbu un funkcionalit\u0101ti.<\/span><\/span><\/p>\n<hr>\n<p>* Plauktu kron\u0161teini ir izgatavoti ar rok\u0101m, t\u0101p\u0113c var b\u016bt neliela nob\u012bde (ne prec\u012bzi 90\u00b0).<\/p>\n<\/div>\n<div><\/div>\n<div style=\"text-align: center;\"><\/div>\n<\/div>\n","protected":false},"excerpt":{"rendered":"<p>Modelis 70.070C. AI.125 EAN. 5905369922367 Materi\u0101ls Ketus Kop\u0113jais augstums (cm ) 12,5 Kop\u0113jais platums (cm ) 2 Kop\u0113j\u0101 projekcija (cm<\/p>\n","protected":false},"featured_media":84097,"comment_status":"open","ping_status":"closed","template":"","meta":{"_acf_changed":false,"pmpro_default_level":""},"product_brand":[],"product_cat":[23861,23837],"product_tag":[],"class_list":{"0":"post-138744","1":"product","2":"type-product","3":"status-publish","4":"has-post-thumbnail","6":"product_cat-lentynu-laikikliai-lv","7":"product_cat-mebeles-piederumi","8":"pmpro-has-access","10":"first","11":"instock","12":"shipping-taxable","13":"purchasable","14":"product-type-simple"},"acf":[],"yoast_head":"<!-- This site is optimized with the Yoast SEO plugin v24.9 - https:\/\/yoast.com\/wordpress\/plugins\/seo\/ -->\n<title>Plaukta atbalsts UNIQUE 125x125 mm NATURAL - MetalTale.com<\/title>\n<meta name=\"robots\" content=\"index, follow, max-snippet:-1, max-image-preview:large, max-video-preview:-1\" \/>\n<link rel=\"canonical\" href=\"https:\/\/metaltale.com\/lv\/produkts\/plaukta-atbalsts-unique-125x125-mm-natural\/\" \/>\n<meta property=\"og:locale\" content=\"lv_LV\" \/>\n<meta property=\"og:type\" content=\"article\" \/>\n<meta property=\"og:title\" content=\"Plaukta atbalsts UNIQUE 125x125 mm NATURAL - MetalTale.com\" \/>\n<meta property=\"og:description\" content=\"Modelis 70.070C. AI.125 EAN. 5905369922367 Materi\u0101ls Ketus Kop\u0113jais augstums (cm ) 12,5 Kop\u0113jais platums (cm ) 2 Kop\u0113j\u0101 projekcija (cm\" \/>\n<meta property=\"og:url\" content=\"https:\/\/metaltale.com\/lv\/produkts\/plaukta-atbalsts-unique-125x125-mm-natural\/\" \/>\n<meta property=\"og:site_name\" content=\"MetalTale.com\" \/>\n<meta property=\"og:image\" content=\"https:\/\/metaltale.com\/wp-content\/uploads\/2023\/10\/UNIKALUS-laikiklis-125x125-plienas.jpg\" \/>\n\t<meta property=\"og:image:width\" content=\"800\" \/>\n\t<meta property=\"og:image:height\" content=\"800\" \/>\n\t<meta property=\"og:image:type\" content=\"image\/jpeg\" \/>\n<meta name=\"twitter:card\" content=\"summary_large_image\" \/>\n<meta name=\"twitter:label1\" content=\"Est. reading time\" \/>\n\t<meta name=\"twitter:data1\" content=\"1 minute\" \/>\n<script type=\"application\/ld+json\" class=\"yoast-schema-graph\">{\"@context\":\"https:\/\/schema.org\",\"@graph\":[{\"@type\":\"WebPage\",\"@id\":\"https:\/\/metaltale.com\/lv\/produkts\/plaukta-atbalsts-unique-125x125-mm-natural\/\",\"url\":\"https:\/\/metaltale.com\/lv\/produkts\/plaukta-atbalsts-unique-125x125-mm-natural\/\",\"name\":\"Plaukta atbalsts UNIQUE 125x125 mm NATURAL - MetalTale.com\",\"isPartOf\":{\"@id\":\"https:\/\/metaltale.com\/lv\/#website\"},\"primaryImageOfPage\":{\"@id\":\"https:\/\/metaltale.com\/lv\/produkts\/plaukta-atbalsts-unique-125x125-mm-natural\/#primaryimage\"},\"image\":{\"@id\":\"https:\/\/metaltale.com\/lv\/produkts\/plaukta-atbalsts-unique-125x125-mm-natural\/#primaryimage\"},\"thumbnailUrl\":\"https:\/\/metaltale.com\/wp-content\/uploads\/2023\/10\/UNIKALUS-laikiklis-125x125-plienas.jpg\",\"datePublished\":\"2024-02-13T12:01:04+00:00\",\"breadcrumb\":{\"@id\":\"https:\/\/metaltale.com\/lv\/produkts\/plaukta-atbalsts-unique-125x125-mm-natural\/#breadcrumb\"},\"inLanguage\":\"lv-LV\",\"potentialAction\":[{\"@type\":\"ReadAction\",\"target\":[\"https:\/\/metaltale.com\/lv\/produkts\/plaukta-atbalsts-unique-125x125-mm-natural\/\"]}]},{\"@type\":\"ImageObject\",\"inLanguage\":\"lv-LV\",\"@id\":\"https:\/\/metaltale.com\/lv\/produkts\/plaukta-atbalsts-unique-125x125-mm-natural\/#primaryimage\",\"url\":\"https:\/\/metaltale.com\/wp-content\/uploads\/2023\/10\/UNIKALUS-laikiklis-125x125-plienas.jpg\",\"contentUrl\":\"https:\/\/metaltale.com\/wp-content\/uploads\/2023\/10\/UNIKALUS-laikiklis-125x125-plienas.jpg\",\"width\":800,\"height\":800,\"caption\":\"Plaukta atbalsts UNIQUE 125x125 mm NATURAL\"},{\"@type\":\"BreadcrumbList\",\"@id\":\"https:\/\/metaltale.com\/lv\/produkts\/plaukta-atbalsts-unique-125x125-mm-natural\/#breadcrumb\",\"itemListElement\":[{\"@type\":\"ListItem\",\"position\":1,\"name\":\"Home\",\"item\":\"https:\/\/metaltale.com\/lv\/majas\/\"},{\"@type\":\"ListItem\",\"position\":2,\"name\":\"Veikals\",\"item\":\"https:\/\/metaltale.com\/lv\/shop\/\"},{\"@type\":\"ListItem\",\"position\":3,\"name\":\"Plaukta atbalsts UNIQUE 125&#215;125 mm NATURAL\"}]},{\"@type\":\"WebSite\",\"@id\":\"https:\/\/metaltale.com\/lv\/#website\",\"url\":\"https:\/\/metaltale.com\/lv\/\",\"name\":\"Metaltale.com\",\"description\":\"\",\"potentialAction\":[{\"@type\":\"SearchAction\",\"target\":{\"@type\":\"EntryPoint\",\"urlTemplate\":\"https:\/\/metaltale.com\/lv\/?s={search_term_string}\"},\"query-input\":{\"@type\":\"PropertyValueSpecification\",\"valueRequired\":true,\"valueName\":\"search_term_string\"}}],\"inLanguage\":\"lv-LV\"}]}<\/script>\n<!-- \/ Yoast SEO plugin. -->","yoast_head_json":{"title":"Plaukta atbalsts UNIQUE 125x125 mm NATURAL - MetalTale.com","robots":{"index":"index","follow":"follow","max-snippet":"max-snippet:-1","max-image-preview":"max-image-preview:large","max-video-preview":"max-video-preview:-1"},"canonical":"https:\/\/metaltale.com\/lv\/produkts\/plaukta-atbalsts-unique-125x125-mm-natural\/","og_locale":"lv_LV","og_type":"article","og_title":"Plaukta atbalsts UNIQUE 125x125 mm NATURAL - MetalTale.com","og_description":"Modelis 70.070C. AI.125 EAN. 5905369922367 Materi\u0101ls Ketus Kop\u0113jais augstums (cm ) 12,5 Kop\u0113jais platums (cm ) 2 Kop\u0113j\u0101 projekcija (cm","og_url":"https:\/\/metaltale.com\/lv\/produkts\/plaukta-atbalsts-unique-125x125-mm-natural\/","og_site_name":"MetalTale.com","og_image":[{"width":800,"height":800,"url":"https:\/\/metaltale.com\/wp-content\/uploads\/2023\/10\/UNIKALUS-laikiklis-125x125-plienas.jpg","type":"image\/jpeg"}],"twitter_card":"summary_large_image","twitter_misc":{"Est. reading time":"1 minute"},"schema":{"@context":"https:\/\/schema.org","@graph":[{"@type":"WebPage","@id":"https:\/\/metaltale.com\/lv\/produkts\/plaukta-atbalsts-unique-125x125-mm-natural\/","url":"https:\/\/metaltale.com\/lv\/produkts\/plaukta-atbalsts-unique-125x125-mm-natural\/","name":"Plaukta atbalsts UNIQUE 125x125 mm NATURAL - MetalTale.com","isPartOf":{"@id":"https:\/\/metaltale.com\/lv\/#website"},"primaryImageOfPage":{"@id":"https:\/\/metaltale.com\/lv\/produkts\/plaukta-atbalsts-unique-125x125-mm-natural\/#primaryimage"},"image":{"@id":"https:\/\/metaltale.com\/lv\/produkts\/plaukta-atbalsts-unique-125x125-mm-natural\/#primaryimage"},"thumbnailUrl":"https:\/\/metaltale.com\/wp-content\/uploads\/2023\/10\/UNIKALUS-laikiklis-125x125-plienas.jpg","datePublished":"2024-02-13T12:01:04+00:00","breadcrumb":{"@id":"https:\/\/metaltale.com\/lv\/produkts\/plaukta-atbalsts-unique-125x125-mm-natural\/#breadcrumb"},"inLanguage":"lv-LV","potentialAction":[{"@type":"ReadAction","target":["https:\/\/metaltale.com\/lv\/produkts\/plaukta-atbalsts-unique-125x125-mm-natural\/"]}]},{"@type":"ImageObject","inLanguage":"lv-LV","@id":"https:\/\/metaltale.com\/lv\/produkts\/plaukta-atbalsts-unique-125x125-mm-natural\/#primaryimage","url":"https:\/\/metaltale.com\/wp-content\/uploads\/2023\/10\/UNIKALUS-laikiklis-125x125-plienas.jpg","contentUrl":"https:\/\/metaltale.com\/wp-content\/uploads\/2023\/10\/UNIKALUS-laikiklis-125x125-plienas.jpg","width":800,"height":800,"caption":"Plaukta atbalsts UNIQUE 125x125 mm NATURAL"},{"@type":"BreadcrumbList","@id":"https:\/\/metaltale.com\/lv\/produkts\/plaukta-atbalsts-unique-125x125-mm-natural\/#breadcrumb","itemListElement":[{"@type":"ListItem","position":1,"name":"Home","item":"https:\/\/metaltale.com\/lv\/majas\/"},{"@type":"ListItem","position":2,"name":"Veikals","item":"https:\/\/metaltale.com\/lv\/shop\/"},{"@type":"ListItem","position":3,"name":"Plaukta atbalsts UNIQUE 125&#215;125 mm NATURAL"}]},{"@type":"WebSite","@id":"https:\/\/metaltale.com\/lv\/#website","url":"https:\/\/metaltale.com\/lv\/","name":"Metaltale.com","description":"","potentialAction":[{"@type":"SearchAction","target":{"@type":"EntryPoint","urlTemplate":"https:\/\/metaltale.com\/lv\/?s={search_term_string}"},"query-input":{"@type":"PropertyValueSpecification","valueRequired":true,"valueName":"search_term_string"}}],"inLanguage":"lv-LV"}]}},"_links":{"self":[{"href":"https:\/\/metaltale.com\/lv\/wp-json\/wp\/v2\/product\/138744","targetHints":{"allow":["GET"]}}],"collection":[{"href":"https:\/\/metaltale.com\/lv\/wp-json\/wp\/v2\/product"}],"about":[{"href":"https:\/\/metaltale.com\/lv\/wp-json\/wp\/v2\/types\/product"}],"replies":[{"embeddable":true,"href":"https:\/\/metaltale.com\/lv\/wp-json\/wp\/v2\/comments?post=138744"}],"version-history":[{"count":0,"href":"https:\/\/metaltale.com\/lv\/wp-json\/wp\/v2\/product\/138744\/revisions"}],"wp:featuredmedia":[{"embeddable":true,"href":"https:\/\/metaltale.com\/lv\/wp-json\/wp\/v2\/media\/84097"}],"wp:attachment":[{"href":"https:\/\/metaltale.com\/lv\/wp-json\/wp\/v2\/media?parent=138744"}],"wp:term":[{"taxonomy":"product_brand","embeddable":true,"href":"https:\/\/metaltale.com\/lv\/wp-json\/wp\/v2\/product_brand?post=138744"},{"taxonomy":"product_cat","embeddable":true,"href":"https:\/\/metaltale.com\/lv\/wp-json\/wp\/v2\/product_cat?post=138744"},{"taxonomy":"product_tag","embeddable":true,"href":"https:\/\/metaltale.com\/lv\/wp-json\/wp\/v2\/product_tag?post=138744"}],"curies":[{"name":"wp","href":"https:\/\/api.w.org\/{rel}","templated":true}]}}