{"id":138740,"date":"2024-02-13T13:59:38","date_gmt":"2024-02-13T11:59:38","guid":{"rendered":"https:\/\/metaltale.com\/produktas\/plauktu-balsti-karina-40x150-mm-melni-komplekts\/"},"modified":"2024-02-13T13:59:38","modified_gmt":"2024-02-13T11:59:38","slug":"plauktu-balsti-karina-40x150-mm-melni-komplekts","status":"publish","type":"product","link":"https:\/\/metaltale.com\/lv\/produkts\/plauktu-balsti-karina-40x150-mm-melni-komplekts\/","title":{"rendered":"Plauktu balsti KARINA 40&#215;150 mm melni &#8211; komplekts"},"content":{"rendered":"<div class=\"prod_data\">\n<p>ZA.131 <strong>modelis<\/strong><br \/>\n<strong>Materi\u0101ls<\/strong> T\u0113rauds<br \/>\nMont\u0101\u017eas skr\u016bves N\u0113<br \/>\n<strong>Kr\u0101sa<\/strong> Melna<br \/>\n<strong>Daudzums komplekt\u0101<\/strong> 2 gab.<\/p>\n<p style=\"margin-bottom: 0cm;\">&#8211; izgatavots no augstas kvalit\u0101tes t\u0113rauda, kura biezums ir 3 mm, lai nodro\u0161in\u0101tu stabilit\u0101ti plaukt\u0101.<br \/>\n&#8211; Pulvera p\u0101rkl\u0101jums garant\u0113 augstu iztur\u012bbu pret skr\u0101p\u0113jumiem un sasitumiem.<br \/>\n&#8211; augst\u0101k\u0101s kvalit\u0101tes lakas p\u0101rkl\u0101jums ilgnotur\u012bgai kr\u0101sas saglab\u0101\u0161anai.<br \/>\n&#8211; Pla\u0161s izm\u0113ru diapazons, lai izveidotu r\u016bpniecisko plauktu ar vispiem\u0113rot\u0101kajiem izm\u0113riem<br \/>\n&#8211; daudzpus\u012bba &#8211; kron\u0161teinu var izmantot plauktiem, kas izgatavoti no koka, skaidu pl\u0101tnes un MDF.<br \/>\n&#8211; Unik\u0101ls dizains izce\u013c interjera retro raksturu un p\u0101rr\u0101vumu ar m\u016bsdien\u012bgu apdari.<br \/>\n&#8211; vieta, kur atrodas kron\u0161teina savienojuma ar plati vieta izstr\u0101d\u0101juma aizmugur\u0113 mask\u0113 savienojumu.<br \/>\n&#8211; atveres apdare pasarg\u0101 sienu no iesp\u0113jamiem skr\u0101p\u0113jumiem.<\/p>\n<hr>\n<p>* Plauktu kron\u0161teini ir izgatavoti ar rok\u0101m, t\u0101p\u0113c var b\u016bt neliela nob\u012bde (ne prec\u012bzi 90\u00b0).<\/p>\n<\/div>\n","protected":false},"excerpt":{"rendered":"<p>ZA.131 modelis Materi\u0101ls T\u0113rauds Mont\u0101\u017eas skr\u016bves N\u0113 Kr\u0101sa Melna Daudzums komplekt\u0101 2 gab. &#8211; izgatavots no augstas kvalit\u0101tes t\u0113rauda, kura<\/p>\n","protected":false},"featured_media":131588,"comment_status":"open","ping_status":"closed","template":"","meta":{"_acf_changed":false,"pmpro_default_level":""},"product_brand":[],"product_cat":[23861,23837],"product_tag":[],"class_list":{"0":"post-138740","1":"product","2":"type-product","3":"status-publish","4":"has-post-thumbnail","6":"product_cat-lentynu-laikikliai-lv","7":"product_cat-mebeles-piederumi","8":"pmpro-has-access","10":"first","11":"outofstock","12":"shipping-taxable","13":"purchasable","14":"product-type-simple"},"acf":[],"yoast_head":"<!-- This site is optimized with the Yoast SEO plugin v24.9 - https:\/\/yoast.com\/wordpress\/plugins\/seo\/ -->\n<title>Plauktu balsti KARINA 40x150 mm melni - komplekts - MetalTale.com<\/title>\n<meta name=\"robots\" content=\"index, follow, max-snippet:-1, max-image-preview:large, max-video-preview:-1\" \/>\n<link rel=\"canonical\" href=\"https:\/\/metaltale.com\/lv\/produkts\/plauktu-balsti-karina-40x150-mm-melni-komplekts\/\" \/>\n<meta property=\"og:locale\" content=\"lv_LV\" \/>\n<meta property=\"og:type\" content=\"article\" \/>\n<meta property=\"og:title\" content=\"Plauktu balsti KARINA 40x150 mm melni - komplekts - MetalTale.com\" \/>\n<meta property=\"og:description\" content=\"ZA.131 modelis Materi\u0101ls T\u0113rauds Mont\u0101\u017eas skr\u016bves N\u0113 Kr\u0101sa Melna Daudzums komplekt\u0101 2 gab. &#8211; izgatavots no augstas kvalit\u0101tes t\u0113rauda, kura\" \/>\n<meta property=\"og:url\" content=\"https:\/\/metaltale.com\/lv\/produkts\/plauktu-balsti-karina-40x150-mm-melni-komplekts\/\" \/>\n<meta property=\"og:site_name\" content=\"MetalTale.com\" \/>\n<meta property=\"og:image\" content=\"https:\/\/metaltale.com\/wp-content\/uploads\/2024\/02\/wsporniki-do-polki-czarne-retro-52166.jpg\" \/>\n\t<meta property=\"og:image:width\" content=\"800\" \/>\n\t<meta property=\"og:image:height\" content=\"800\" \/>\n\t<meta property=\"og:image:type\" content=\"image\/jpeg\" \/>\n<meta name=\"twitter:card\" content=\"summary_large_image\" \/>\n<meta name=\"twitter:label1\" content=\"Est. reading time\" \/>\n\t<meta name=\"twitter:data1\" content=\"1 minute\" \/>\n<script type=\"application\/ld+json\" class=\"yoast-schema-graph\">{\"@context\":\"https:\/\/schema.org\",\"@graph\":[{\"@type\":\"WebPage\",\"@id\":\"https:\/\/metaltale.com\/lv\/produkts\/plauktu-balsti-karina-40x150-mm-melni-komplekts\/\",\"url\":\"https:\/\/metaltale.com\/lv\/produkts\/plauktu-balsti-karina-40x150-mm-melni-komplekts\/\",\"name\":\"Plauktu balsti KARINA 40x150 mm melni - komplekts - MetalTale.com\",\"isPartOf\":{\"@id\":\"https:\/\/metaltale.com\/lv\/#website\"},\"primaryImageOfPage\":{\"@id\":\"https:\/\/metaltale.com\/lv\/produkts\/plauktu-balsti-karina-40x150-mm-melni-komplekts\/#primaryimage\"},\"image\":{\"@id\":\"https:\/\/metaltale.com\/lv\/produkts\/plauktu-balsti-karina-40x150-mm-melni-komplekts\/#primaryimage\"},\"thumbnailUrl\":\"https:\/\/metaltale.com\/wp-content\/uploads\/2024\/02\/wsporniki-do-polki-czarne-retro-52166.jpg\",\"datePublished\":\"2024-02-13T11:59:38+00:00\",\"breadcrumb\":{\"@id\":\"https:\/\/metaltale.com\/lv\/produkts\/plauktu-balsti-karina-40x150-mm-melni-komplekts\/#breadcrumb\"},\"inLanguage\":\"lv-LV\",\"potentialAction\":[{\"@type\":\"ReadAction\",\"target\":[\"https:\/\/metaltale.com\/lv\/produkts\/plauktu-balsti-karina-40x150-mm-melni-komplekts\/\"]}]},{\"@type\":\"ImageObject\",\"inLanguage\":\"lv-LV\",\"@id\":\"https:\/\/metaltale.com\/lv\/produkts\/plauktu-balsti-karina-40x150-mm-melni-komplekts\/#primaryimage\",\"url\":\"https:\/\/metaltale.com\/wp-content\/uploads\/2024\/02\/wsporniki-do-polki-czarne-retro-52166.jpg\",\"contentUrl\":\"https:\/\/metaltale.com\/wp-content\/uploads\/2024\/02\/wsporniki-do-polki-czarne-retro-52166.jpg\",\"width\":800,\"height\":800,\"caption\":\"Plauktu balsti KARINA 20x150 mm melni - komplekts\"},{\"@type\":\"BreadcrumbList\",\"@id\":\"https:\/\/metaltale.com\/lv\/produkts\/plauktu-balsti-karina-40x150-mm-melni-komplekts\/#breadcrumb\",\"itemListElement\":[{\"@type\":\"ListItem\",\"position\":1,\"name\":\"Home\",\"item\":\"https:\/\/metaltale.com\/lv\/majas\/\"},{\"@type\":\"ListItem\",\"position\":2,\"name\":\"Veikals\",\"item\":\"https:\/\/metaltale.com\/lv\/shop\/\"},{\"@type\":\"ListItem\",\"position\":3,\"name\":\"Plauktu balsti KARINA 40&#215;150 mm melni &#8211; komplekts\"}]},{\"@type\":\"WebSite\",\"@id\":\"https:\/\/metaltale.com\/lv\/#website\",\"url\":\"https:\/\/metaltale.com\/lv\/\",\"name\":\"Metaltale.com\",\"description\":\"\",\"potentialAction\":[{\"@type\":\"SearchAction\",\"target\":{\"@type\":\"EntryPoint\",\"urlTemplate\":\"https:\/\/metaltale.com\/lv\/?s={search_term_string}\"},\"query-input\":{\"@type\":\"PropertyValueSpecification\",\"valueRequired\":true,\"valueName\":\"search_term_string\"}}],\"inLanguage\":\"lv-LV\"}]}<\/script>\n<!-- \/ Yoast SEO plugin. -->","yoast_head_json":{"title":"Plauktu balsti KARINA 40x150 mm melni - komplekts - MetalTale.com","robots":{"index":"index","follow":"follow","max-snippet":"max-snippet:-1","max-image-preview":"max-image-preview:large","max-video-preview":"max-video-preview:-1"},"canonical":"https:\/\/metaltale.com\/lv\/produkts\/plauktu-balsti-karina-40x150-mm-melni-komplekts\/","og_locale":"lv_LV","og_type":"article","og_title":"Plauktu balsti KARINA 40x150 mm melni - komplekts - MetalTale.com","og_description":"ZA.131 modelis Materi\u0101ls T\u0113rauds Mont\u0101\u017eas skr\u016bves N\u0113 Kr\u0101sa Melna Daudzums komplekt\u0101 2 gab. &#8211; izgatavots no augstas kvalit\u0101tes t\u0113rauda, kura","og_url":"https:\/\/metaltale.com\/lv\/produkts\/plauktu-balsti-karina-40x150-mm-melni-komplekts\/","og_site_name":"MetalTale.com","og_image":[{"width":800,"height":800,"url":"https:\/\/metaltale.com\/wp-content\/uploads\/2024\/02\/wsporniki-do-polki-czarne-retro-52166.jpg","type":"image\/jpeg"}],"twitter_card":"summary_large_image","twitter_misc":{"Est. reading time":"1 minute"},"schema":{"@context":"https:\/\/schema.org","@graph":[{"@type":"WebPage","@id":"https:\/\/metaltale.com\/lv\/produkts\/plauktu-balsti-karina-40x150-mm-melni-komplekts\/","url":"https:\/\/metaltale.com\/lv\/produkts\/plauktu-balsti-karina-40x150-mm-melni-komplekts\/","name":"Plauktu balsti KARINA 40x150 mm melni - komplekts - MetalTale.com","isPartOf":{"@id":"https:\/\/metaltale.com\/lv\/#website"},"primaryImageOfPage":{"@id":"https:\/\/metaltale.com\/lv\/produkts\/plauktu-balsti-karina-40x150-mm-melni-komplekts\/#primaryimage"},"image":{"@id":"https:\/\/metaltale.com\/lv\/produkts\/plauktu-balsti-karina-40x150-mm-melni-komplekts\/#primaryimage"},"thumbnailUrl":"https:\/\/metaltale.com\/wp-content\/uploads\/2024\/02\/wsporniki-do-polki-czarne-retro-52166.jpg","datePublished":"2024-02-13T11:59:38+00:00","breadcrumb":{"@id":"https:\/\/metaltale.com\/lv\/produkts\/plauktu-balsti-karina-40x150-mm-melni-komplekts\/#breadcrumb"},"inLanguage":"lv-LV","potentialAction":[{"@type":"ReadAction","target":["https:\/\/metaltale.com\/lv\/produkts\/plauktu-balsti-karina-40x150-mm-melni-komplekts\/"]}]},{"@type":"ImageObject","inLanguage":"lv-LV","@id":"https:\/\/metaltale.com\/lv\/produkts\/plauktu-balsti-karina-40x150-mm-melni-komplekts\/#primaryimage","url":"https:\/\/metaltale.com\/wp-content\/uploads\/2024\/02\/wsporniki-do-polki-czarne-retro-52166.jpg","contentUrl":"https:\/\/metaltale.com\/wp-content\/uploads\/2024\/02\/wsporniki-do-polki-czarne-retro-52166.jpg","width":800,"height":800,"caption":"Plauktu balsti KARINA 20x150 mm melni - komplekts"},{"@type":"BreadcrumbList","@id":"https:\/\/metaltale.com\/lv\/produkts\/plauktu-balsti-karina-40x150-mm-melni-komplekts\/#breadcrumb","itemListElement":[{"@type":"ListItem","position":1,"name":"Home","item":"https:\/\/metaltale.com\/lv\/majas\/"},{"@type":"ListItem","position":2,"name":"Veikals","item":"https:\/\/metaltale.com\/lv\/shop\/"},{"@type":"ListItem","position":3,"name":"Plauktu balsti KARINA 40&#215;150 mm melni &#8211; komplekts"}]},{"@type":"WebSite","@id":"https:\/\/metaltale.com\/lv\/#website","url":"https:\/\/metaltale.com\/lv\/","name":"Metaltale.com","description":"","potentialAction":[{"@type":"SearchAction","target":{"@type":"EntryPoint","urlTemplate":"https:\/\/metaltale.com\/lv\/?s={search_term_string}"},"query-input":{"@type":"PropertyValueSpecification","valueRequired":true,"valueName":"search_term_string"}}],"inLanguage":"lv-LV"}]}},"_links":{"self":[{"href":"https:\/\/metaltale.com\/lv\/wp-json\/wp\/v2\/product\/138740","targetHints":{"allow":["GET"]}}],"collection":[{"href":"https:\/\/metaltale.com\/lv\/wp-json\/wp\/v2\/product"}],"about":[{"href":"https:\/\/metaltale.com\/lv\/wp-json\/wp\/v2\/types\/product"}],"replies":[{"embeddable":true,"href":"https:\/\/metaltale.com\/lv\/wp-json\/wp\/v2\/comments?post=138740"}],"version-history":[{"count":0,"href":"https:\/\/metaltale.com\/lv\/wp-json\/wp\/v2\/product\/138740\/revisions"}],"wp:featuredmedia":[{"embeddable":true,"href":"https:\/\/metaltale.com\/lv\/wp-json\/wp\/v2\/media\/131588"}],"wp:attachment":[{"href":"https:\/\/metaltale.com\/lv\/wp-json\/wp\/v2\/media?parent=138740"}],"wp:term":[{"taxonomy":"product_brand","embeddable":true,"href":"https:\/\/metaltale.com\/lv\/wp-json\/wp\/v2\/product_brand?post=138740"},{"taxonomy":"product_cat","embeddable":true,"href":"https:\/\/metaltale.com\/lv\/wp-json\/wp\/v2\/product_cat?post=138740"},{"taxonomy":"product_tag","embeddable":true,"href":"https:\/\/metaltale.com\/lv\/wp-json\/wp\/v2\/product_tag?post=138740"}],"curies":[{"name":"wp","href":"https:\/\/api.w.org\/{rel}","templated":true}]}}