{"id":138735,"date":"2024-02-13T14:01:04","date_gmt":"2024-02-13T12:01:04","guid":{"rendered":"https:\/\/metaltale.com\/produktas\/plaukta-balsts-dekoria-155x155-mm\/"},"modified":"2024-02-13T14:01:04","modified_gmt":"2024-02-13T12:01:04","slug":"plaukta-balsts-dekoria-155x155-mm","status":"publish","type":"product","link":"https:\/\/metaltale.com\/lv\/produkts\/plaukta-balsts-dekoria-155x155-mm\/","title":{"rendered":"Plaukta balsts DEKORIA 155&#215;155 mm"},"content":{"rendered":"<div class=\"prod_data\">\n<p><strong>Modelis<\/strong> 70.070.XX<br \/>\nMateri\u0101ls Ketus<br \/>\n<strong>Kop\u0113jais augstums (cm<\/strong> )<br \/>\nMont\u0101\u017eas skr\u016bves J\u0101<br \/>\nT\u0113rauda <strong>kr\u0101sa<\/strong><br \/>\nDaudzums komplekt\u0101 1 gab.<\/p>\n<p><span style=\"color: #333333; font-size: medium;\">  &#8211; da\u017e\u0101di izm\u0113ri \u013cauj izveidot plauktu ar vajadz\u012bgajiem izm\u0113riem.<\/span><br \/>\n<span style=\"color: #333333; font-size: medium;\">  &#8211; vecums, ko nosaka pel\u0113juma p\u0113das, pie\u0161\u0137ir izstr\u0101d\u0101jumam lauku raksturu un padara to unik\u0101lu.<\/span><br \/>\n<span style=\"color: #333333; font-size: medium;\">  &#8211; mont\u0101\u017eas dro\u0161\u012bba un lieto\u0161anas \u0113rtums, lai sl\u012bp\u0113tu nel\u012bdzenumus.<\/span><br \/>\n<span style=\"color: #333333; font-size: medium;\">  &#8211; roku apdare garant\u0113 retro raksturu<\/span><br \/>\n<span style=\"color: #333333; font-size: medium;\">  &#8211; unikalit\u0101te &#8211; izstr\u0101d\u0101jums tiek ra\u017eots p\u0113c manufakt\u016bras principa, kad atsevi\u0161\u0137us eksempl\u0101rus at\u0161\u0137ir p\u0113c to deta\u013c\u0101m.<\/span><br \/>\n<span style=\"color: #333333; font-size: medium;\">  &#8211; daudzpus\u012bba, pateicoties kurai pie kron\u0161teina var piestiprin\u0101t gan koka plauktus, kas izgatavoti no skaidu pl\u0101tnes, gan MDF.<\/span><br \/>\n<span style=\"color: #333333; font-size: medium;\">  &#8211; t\u0101 netradicion\u0101lais izskats padara to ide\u0101li piem\u0113rotu gan retro, gan modern\u0101m telp\u0101m;<\/span><\/p>\n<hr>\n<div style=\"font-style: normal;\"><\/div>\n<div style=\"font-style: normal;\">\n<p><span style=\"color: #333333; font-size: medium;\"><span style=\"color: #333333; font-size: medium;\">Ori\u0123in\u0101lais un uzman\u012bbu piesaisto\u0161ais DEKORIA tur\u0113t\u0101js ir lielisks papildin\u0101jums jebkuram modernam un retro interjeram. Formu un veid\u0146u izv\u0113le padara izstr\u0101d\u0101jumu \u013coti iespaid\u012bgu. Prec\u012bzi izgatavots, tas garant\u0113 stabilit\u0101ti un iztur\u012bbu. Pateicoties t\u0101 da\u017e\u0101dajiem izm\u0113riem, tur\u0113t\u0101js kalpos k\u0101 iztur\u012bgs plaukts gr\u0101mat\u0101m vai rot\u0101jumiem. Neapstr\u0101d\u0101t\u0101 \u010duguna strukt\u016bra padara tur\u0113t\u0101ju l\u012bdz\u012bgu \u012bstam senatn\u012bgam priek\u0161metam.<\/span><\/span><\/p>\n<hr>\n<p>* Plauktu kron\u0161teini ir izgatavoti ar rok\u0101m, t\u0101p\u0113c var b\u016bt neliela nob\u012bde (ne prec\u012bzi 90\u00b0).<\/p>\n<\/div>\n<div style=\"text-align: center;\"><span style=\"color: #333333; font-size: medium;\"> <\/span><\/div>\n<\/div>\n","protected":false},"excerpt":{"rendered":"<p>Modelis 70.070.XX Materi\u0101ls Ketus Kop\u0113jais augstums (cm ) Mont\u0101\u017eas skr\u016bves J\u0101 T\u0113rauda kr\u0101sa Daudzums komplekt\u0101 1 gab. &#8211; da\u017e\u0101di izm\u0113ri<\/p>\n","protected":false},"featured_media":101167,"comment_status":"open","ping_status":"closed","template":"","meta":{"_acf_changed":false,"pmpro_default_level":""},"product_brand":[],"product_cat":[23861,23837],"product_tag":[],"class_list":{"0":"post-138735","1":"product","2":"type-product","3":"status-publish","4":"has-post-thumbnail","6":"product_cat-lentynu-laikikliai-lv","7":"product_cat-mebeles-piederumi","8":"pmpro-has-access","10":"first","11":"instock","12":"shipping-taxable","13":"purchasable","14":"product-type-simple"},"acf":[],"yoast_head":"<!-- This site is optimized with the Yoast SEO plugin v24.9 - https:\/\/yoast.com\/wordpress\/plugins\/seo\/ -->\n<title>Plaukta balsts DEKORIA 155x155 mm - MetalTale.com<\/title>\n<meta name=\"robots\" content=\"index, follow, max-snippet:-1, max-image-preview:large, max-video-preview:-1\" \/>\n<link rel=\"canonical\" href=\"https:\/\/metaltale.com\/lv\/produkts\/plaukta-balsts-dekoria-155x155-mm\/\" \/>\n<meta property=\"og:locale\" content=\"lv_LV\" \/>\n<meta property=\"og:type\" content=\"article\" \/>\n<meta property=\"og:title\" content=\"Plaukta balsts DEKORIA 155x155 mm - MetalTale.com\" \/>\n<meta property=\"og:description\" content=\"Modelis 70.070.XX Materi\u0101ls Ketus Kop\u0113jais augstums (cm ) Mont\u0101\u017eas skr\u016bves J\u0101 T\u0113rauda kr\u0101sa Daudzums komplekt\u0101 1 gab. &#8211; da\u017e\u0101di izm\u0113ri\" \/>\n<meta property=\"og:url\" content=\"https:\/\/metaltale.com\/lv\/produkts\/plaukta-balsts-dekoria-155x155-mm\/\" \/>\n<meta property=\"og:site_name\" content=\"MetalTale.com\" \/>\n<meta property=\"og:image\" content=\"https:\/\/metaltale.com\/wp-content\/uploads\/2023\/11\/DEKORIA-laikiklis-100x90-plienas.jpg\" \/>\n\t<meta property=\"og:image:width\" content=\"800\" \/>\n\t<meta property=\"og:image:height\" content=\"800\" \/>\n\t<meta property=\"og:image:type\" content=\"image\/jpeg\" \/>\n<meta name=\"twitter:card\" content=\"summary_large_image\" \/>\n<meta name=\"twitter:label1\" content=\"Est. reading time\" \/>\n\t<meta name=\"twitter:data1\" content=\"1 minute\" \/>\n<script type=\"application\/ld+json\" class=\"yoast-schema-graph\">{\"@context\":\"https:\/\/schema.org\",\"@graph\":[{\"@type\":\"WebPage\",\"@id\":\"https:\/\/metaltale.com\/lv\/produkts\/plaukta-balsts-dekoria-155x155-mm\/\",\"url\":\"https:\/\/metaltale.com\/lv\/produkts\/plaukta-balsts-dekoria-155x155-mm\/\",\"name\":\"Plaukta balsts DEKORIA 155x155 mm - MetalTale.com\",\"isPartOf\":{\"@id\":\"https:\/\/metaltale.com\/lv\/#website\"},\"primaryImageOfPage\":{\"@id\":\"https:\/\/metaltale.com\/lv\/produkts\/plaukta-balsts-dekoria-155x155-mm\/#primaryimage\"},\"image\":{\"@id\":\"https:\/\/metaltale.com\/lv\/produkts\/plaukta-balsts-dekoria-155x155-mm\/#primaryimage\"},\"thumbnailUrl\":\"https:\/\/metaltale.com\/wp-content\/uploads\/2023\/11\/DEKORIA-laikiklis-100x90-plienas.jpg\",\"datePublished\":\"2024-02-13T12:01:04+00:00\",\"breadcrumb\":{\"@id\":\"https:\/\/metaltale.com\/lv\/produkts\/plaukta-balsts-dekoria-155x155-mm\/#breadcrumb\"},\"inLanguage\":\"lv-LV\",\"potentialAction\":[{\"@type\":\"ReadAction\",\"target\":[\"https:\/\/metaltale.com\/lv\/produkts\/plaukta-balsts-dekoria-155x155-mm\/\"]}]},{\"@type\":\"ImageObject\",\"inLanguage\":\"lv-LV\",\"@id\":\"https:\/\/metaltale.com\/lv\/produkts\/plaukta-balsts-dekoria-155x155-mm\/#primaryimage\",\"url\":\"https:\/\/metaltale.com\/wp-content\/uploads\/2023\/11\/DEKORIA-laikiklis-100x90-plienas.jpg\",\"contentUrl\":\"https:\/\/metaltale.com\/wp-content\/uploads\/2023\/11\/DEKORIA-laikiklis-100x90-plienas.jpg\",\"width\":800,\"height\":800,\"caption\":\"Plaukta atbalsts DEKORIA 70x72 mm\"},{\"@type\":\"BreadcrumbList\",\"@id\":\"https:\/\/metaltale.com\/lv\/produkts\/plaukta-balsts-dekoria-155x155-mm\/#breadcrumb\",\"itemListElement\":[{\"@type\":\"ListItem\",\"position\":1,\"name\":\"Home\",\"item\":\"https:\/\/metaltale.com\/lv\/majas\/\"},{\"@type\":\"ListItem\",\"position\":2,\"name\":\"Veikals\",\"item\":\"https:\/\/metaltale.com\/lv\/shop\/\"},{\"@type\":\"ListItem\",\"position\":3,\"name\":\"Plaukta balsts DEKORIA 155&#215;155 mm\"}]},{\"@type\":\"WebSite\",\"@id\":\"https:\/\/metaltale.com\/lv\/#website\",\"url\":\"https:\/\/metaltale.com\/lv\/\",\"name\":\"Metaltale.com\",\"description\":\"\",\"potentialAction\":[{\"@type\":\"SearchAction\",\"target\":{\"@type\":\"EntryPoint\",\"urlTemplate\":\"https:\/\/metaltale.com\/lv\/?s={search_term_string}\"},\"query-input\":{\"@type\":\"PropertyValueSpecification\",\"valueRequired\":true,\"valueName\":\"search_term_string\"}}],\"inLanguage\":\"lv-LV\"}]}<\/script>\n<!-- \/ Yoast SEO plugin. -->","yoast_head_json":{"title":"Plaukta balsts DEKORIA 155x155 mm - MetalTale.com","robots":{"index":"index","follow":"follow","max-snippet":"max-snippet:-1","max-image-preview":"max-image-preview:large","max-video-preview":"max-video-preview:-1"},"canonical":"https:\/\/metaltale.com\/lv\/produkts\/plaukta-balsts-dekoria-155x155-mm\/","og_locale":"lv_LV","og_type":"article","og_title":"Plaukta balsts DEKORIA 155x155 mm - MetalTale.com","og_description":"Modelis 70.070.XX Materi\u0101ls Ketus Kop\u0113jais augstums (cm ) Mont\u0101\u017eas skr\u016bves J\u0101 T\u0113rauda kr\u0101sa Daudzums komplekt\u0101 1 gab. &#8211; da\u017e\u0101di izm\u0113ri","og_url":"https:\/\/metaltale.com\/lv\/produkts\/plaukta-balsts-dekoria-155x155-mm\/","og_site_name":"MetalTale.com","og_image":[{"width":800,"height":800,"url":"https:\/\/metaltale.com\/wp-content\/uploads\/2023\/11\/DEKORIA-laikiklis-100x90-plienas.jpg","type":"image\/jpeg"}],"twitter_card":"summary_large_image","twitter_misc":{"Est. reading time":"1 minute"},"schema":{"@context":"https:\/\/schema.org","@graph":[{"@type":"WebPage","@id":"https:\/\/metaltale.com\/lv\/produkts\/plaukta-balsts-dekoria-155x155-mm\/","url":"https:\/\/metaltale.com\/lv\/produkts\/plaukta-balsts-dekoria-155x155-mm\/","name":"Plaukta balsts DEKORIA 155x155 mm - MetalTale.com","isPartOf":{"@id":"https:\/\/metaltale.com\/lv\/#website"},"primaryImageOfPage":{"@id":"https:\/\/metaltale.com\/lv\/produkts\/plaukta-balsts-dekoria-155x155-mm\/#primaryimage"},"image":{"@id":"https:\/\/metaltale.com\/lv\/produkts\/plaukta-balsts-dekoria-155x155-mm\/#primaryimage"},"thumbnailUrl":"https:\/\/metaltale.com\/wp-content\/uploads\/2023\/11\/DEKORIA-laikiklis-100x90-plienas.jpg","datePublished":"2024-02-13T12:01:04+00:00","breadcrumb":{"@id":"https:\/\/metaltale.com\/lv\/produkts\/plaukta-balsts-dekoria-155x155-mm\/#breadcrumb"},"inLanguage":"lv-LV","potentialAction":[{"@type":"ReadAction","target":["https:\/\/metaltale.com\/lv\/produkts\/plaukta-balsts-dekoria-155x155-mm\/"]}]},{"@type":"ImageObject","inLanguage":"lv-LV","@id":"https:\/\/metaltale.com\/lv\/produkts\/plaukta-balsts-dekoria-155x155-mm\/#primaryimage","url":"https:\/\/metaltale.com\/wp-content\/uploads\/2023\/11\/DEKORIA-laikiklis-100x90-plienas.jpg","contentUrl":"https:\/\/metaltale.com\/wp-content\/uploads\/2023\/11\/DEKORIA-laikiklis-100x90-plienas.jpg","width":800,"height":800,"caption":"Plaukta atbalsts DEKORIA 70x72 mm"},{"@type":"BreadcrumbList","@id":"https:\/\/metaltale.com\/lv\/produkts\/plaukta-balsts-dekoria-155x155-mm\/#breadcrumb","itemListElement":[{"@type":"ListItem","position":1,"name":"Home","item":"https:\/\/metaltale.com\/lv\/majas\/"},{"@type":"ListItem","position":2,"name":"Veikals","item":"https:\/\/metaltale.com\/lv\/shop\/"},{"@type":"ListItem","position":3,"name":"Plaukta balsts DEKORIA 155&#215;155 mm"}]},{"@type":"WebSite","@id":"https:\/\/metaltale.com\/lv\/#website","url":"https:\/\/metaltale.com\/lv\/","name":"Metaltale.com","description":"","potentialAction":[{"@type":"SearchAction","target":{"@type":"EntryPoint","urlTemplate":"https:\/\/metaltale.com\/lv\/?s={search_term_string}"},"query-input":{"@type":"PropertyValueSpecification","valueRequired":true,"valueName":"search_term_string"}}],"inLanguage":"lv-LV"}]}},"_links":{"self":[{"href":"https:\/\/metaltale.com\/lv\/wp-json\/wp\/v2\/product\/138735","targetHints":{"allow":["GET"]}}],"collection":[{"href":"https:\/\/metaltale.com\/lv\/wp-json\/wp\/v2\/product"}],"about":[{"href":"https:\/\/metaltale.com\/lv\/wp-json\/wp\/v2\/types\/product"}],"replies":[{"embeddable":true,"href":"https:\/\/metaltale.com\/lv\/wp-json\/wp\/v2\/comments?post=138735"}],"version-history":[{"count":0,"href":"https:\/\/metaltale.com\/lv\/wp-json\/wp\/v2\/product\/138735\/revisions"}],"wp:featuredmedia":[{"embeddable":true,"href":"https:\/\/metaltale.com\/lv\/wp-json\/wp\/v2\/media\/101167"}],"wp:attachment":[{"href":"https:\/\/metaltale.com\/lv\/wp-json\/wp\/v2\/media?parent=138735"}],"wp:term":[{"taxonomy":"product_brand","embeddable":true,"href":"https:\/\/metaltale.com\/lv\/wp-json\/wp\/v2\/product_brand?post=138735"},{"taxonomy":"product_cat","embeddable":true,"href":"https:\/\/metaltale.com\/lv\/wp-json\/wp\/v2\/product_cat?post=138735"},{"taxonomy":"product_tag","embeddable":true,"href":"https:\/\/metaltale.com\/lv\/wp-json\/wp\/v2\/product_tag?post=138735"}],"curies":[{"name":"wp","href":"https:\/\/api.w.org\/{rel}","templated":true}]}}