{"id":138713,"date":"2024-02-13T13:59:38","date_gmt":"2024-02-13T11:59:38","guid":{"rendered":"https:\/\/metaltale.com\/produktas\/plaukta-turetajs-duet-205x60-mm\/"},"modified":"2024-02-13T13:59:38","modified_gmt":"2024-02-13T11:59:38","slug":"plaukta-turetajs-duet-205x60-mm","status":"publish","type":"product","link":"https:\/\/metaltale.com\/lv\/produkts\/plaukta-turetajs-duet-205x60-mm\/","title":{"rendered":"Plaukta tur\u0113t\u0101js DUET 205&#215;60 mm"},"content":{"rendered":"<div class=\"prod_data\">\n<p><strong>Modelis<\/strong> 01.076TXX<br \/>\nMateri\u0101ls Ketus<br \/>\n<strong>Kop\u0113jais augstums (cm<\/strong> ) 60<br \/>\nMont\u0101\u017eas skr\u016bves J\u0101<br \/>\nT\u0113rauda <strong>kr\u0101sa<\/strong><br \/>\nDaudzums komplekt\u0101 1 gab.<\/p>\n<p><span style=\"color: #383838; font-family: oswaldlight2; font-size: 16px; font-style: normal; font-variant-ligatures: normal; font-variant-caps: normal; font-weight: 300; letter-spacing: normal; orphans: 2; text-align: left; text-indent: 0px; text-transform: none; white-space: normal; widows: 2; word-spacing: 0px; -webkit-text-stroke-width: 0px; background-color: #ffffff; text-decoration-style: initial; text-decoration-color: initial; display: inline !important; float: none;\">&#8211; da\u017e\u0101di izm\u0113ri \u013cauj izveidot plauktu ar vajadz\u012bgajiem izm\u0113riem.<br \/>\n&#8211; vecums, ko nosaka pel\u0113juma p\u0113das, pie\u0161\u0137ir izstr\u0101d\u0101jumam lauku raksturu un padara to unik\u0101lu.<br \/>\n&#8211; mont\u0101\u017eas dro\u0161\u012bba un lieto\u0161anas \u0113rtums, lai sl\u012bp\u0113tu nel\u012bdzenumus.<br \/>\n&#8211; roku apdare garant\u0113 retro raksturu<br \/>\n&#8211; unikalit\u0101te &#8211; izstr\u0101d\u0101jums tiek ra\u017eots p\u0113c manufakt\u016bras principa, kad atsevi\u0161\u0137us eksempl\u0101rus at\u0161\u0137ir p\u0113c to deta\u013c\u0101m.<br \/>\n&#8211; daudzpus\u012bba, pateicoties kurai pie kron\u0161teina var piestiprin\u0101t gan koka plauktus, kas izgatavoti no skaidu pl\u0101tnes, gan MDF.<br \/>\n&#8211; t\u0101 netradicion\u0101lais izskats padara to ide\u0101li piem\u0113rotu gan retro, gan modern\u0101m telp\u0101m;<\/span><\/p>\n<hr>\n<p><span style=\"color: #383838; font-family: oswaldlight2; font-size: 16px; font-style: normal; font-variant-ligatures: normal; font-variant-caps: normal; font-weight: 300; letter-spacing: normal; orphans: 2; text-align: left; text-indent: 0px; text-transform: none; white-space: normal; widows: 2; word-spacing: 0px; -webkit-text-stroke-width: 0px; background-color: #ffffff; text-decoration-style: initial; text-decoration-color: initial; display: inline !important; float: none;\">Att\u0113l\u0101 redzamais plauktu kron\u0161teins noteikti ir \u012bpa\u0161as formas un bag\u0101t\u012bgi dekor\u0113ts. Iztur\u012bgi izgatavotais dzelzs l\u0113jums garant\u0113 dro\u0161u mont\u0101\u017eu un stabilu satv\u0113rienu ar tur\u0113t\u0101ju. Ori\u0123in\u0101lais un uzman\u012bbu piesaisto\u0161ais DUET tur\u0113t\u0101js ir lielisks papildin\u0101jums jebkuram modernam un retro interjeram. Papildus plauktu funkcijai tas kalpos ar\u012b k\u0101 dr\u0113bju vai citu s\u012bkumu plaukts.<\/span><\/p>\n<hr>\n<p style=\"text-align: left;\"><span style=\"color: #383838; font-family: oswaldlight2; font-size: 16px; font-style: normal; font-variant-ligatures: normal; font-variant-caps: normal; font-weight: 300; letter-spacing: normal; orphans: 2; text-align: left; text-indent: 0px; text-transform: none; white-space: normal; widows: 2; word-spacing: 0px; -webkit-text-stroke-width: 0px; background-color: #ffffff; text-decoration-style: initial; text-decoration-color: initial; display: inline !important; float: none;\"> * Plauktu kron\u0161teini ir izgatavoti ar rok\u0101m, t\u0101p\u0113c var b\u016bt neliela nob\u012bde (ne prec\u012bzi 90\u00b0).<\/span><\/p>\n<\/div>\n","protected":false},"excerpt":{"rendered":"<p>Modelis 01.076TXX Materi\u0101ls Ketus Kop\u0113jais augstums (cm ) 60 Mont\u0101\u017eas skr\u016bves J\u0101 T\u0113rauda kr\u0101sa Daudzums komplekt\u0101 1 gab. &#8211; da\u017e\u0101di<\/p>\n","protected":false},"featured_media":83850,"comment_status":"open","ping_status":"closed","template":"","meta":{"_acf_changed":false,"pmpro_default_level":""},"product_brand":[],"product_cat":[23861,23837],"product_tag":[],"class_list":{"0":"post-138713","1":"product","2":"type-product","3":"status-publish","4":"has-post-thumbnail","6":"product_cat-lentynu-laikikliai-lv","7":"product_cat-mebeles-piederumi","8":"pmpro-has-access","10":"first","11":"instock","12":"shipping-taxable","13":"purchasable","14":"product-type-simple"},"acf":[],"yoast_head":"<!-- This site is optimized with the Yoast SEO plugin v24.9 - https:\/\/yoast.com\/wordpress\/plugins\/seo\/ -->\n<title>Plaukta tur\u0113t\u0101js DUET 205x60 mm - MetalTale.com<\/title>\n<meta name=\"robots\" content=\"index, follow, max-snippet:-1, max-image-preview:large, max-video-preview:-1\" \/>\n<link rel=\"canonical\" href=\"https:\/\/metaltale.com\/lv\/produkts\/plaukta-turetajs-duet-205x60-mm\/\" \/>\n<meta property=\"og:locale\" content=\"lv_LV\" \/>\n<meta property=\"og:type\" content=\"article\" \/>\n<meta property=\"og:title\" content=\"Plaukta tur\u0113t\u0101js DUET 205x60 mm - MetalTale.com\" \/>\n<meta property=\"og:description\" content=\"Modelis 01.076TXX Materi\u0101ls Ketus Kop\u0113jais augstums (cm ) 60 Mont\u0101\u017eas skr\u016bves J\u0101 T\u0113rauda kr\u0101sa Daudzums komplekt\u0101 1 gab. &#8211; da\u017e\u0101di\" \/>\n<meta property=\"og:url\" content=\"https:\/\/metaltale.com\/lv\/produkts\/plaukta-turetajs-duet-205x60-mm\/\" \/>\n<meta property=\"og:site_name\" content=\"MetalTale.com\" \/>\n<meta property=\"og:image\" content=\"https:\/\/metaltale.com\/wp-content\/uploads\/2023\/10\/Laikiklis-DUET-105x60-plienas.jpg\" \/>\n\t<meta property=\"og:image:width\" content=\"800\" \/>\n\t<meta property=\"og:image:height\" content=\"800\" \/>\n\t<meta property=\"og:image:type\" content=\"image\/jpeg\" \/>\n<meta name=\"twitter:card\" content=\"summary_large_image\" \/>\n<meta name=\"twitter:label1\" content=\"Est. reading time\" \/>\n\t<meta name=\"twitter:data1\" content=\"1 minute\" \/>\n<script type=\"application\/ld+json\" class=\"yoast-schema-graph\">{\"@context\":\"https:\/\/schema.org\",\"@graph\":[{\"@type\":\"WebPage\",\"@id\":\"https:\/\/metaltale.com\/lv\/produkts\/plaukta-turetajs-duet-205x60-mm\/\",\"url\":\"https:\/\/metaltale.com\/lv\/produkts\/plaukta-turetajs-duet-205x60-mm\/\",\"name\":\"Plaukta tur\u0113t\u0101js DUET 205x60 mm - MetalTale.com\",\"isPartOf\":{\"@id\":\"https:\/\/metaltale.com\/lv\/#website\"},\"primaryImageOfPage\":{\"@id\":\"https:\/\/metaltale.com\/lv\/produkts\/plaukta-turetajs-duet-205x60-mm\/#primaryimage\"},\"image\":{\"@id\":\"https:\/\/metaltale.com\/lv\/produkts\/plaukta-turetajs-duet-205x60-mm\/#primaryimage\"},\"thumbnailUrl\":\"https:\/\/metaltale.com\/wp-content\/uploads\/2023\/10\/Laikiklis-DUET-105x60-plienas.jpg\",\"datePublished\":\"2024-02-13T11:59:38+00:00\",\"breadcrumb\":{\"@id\":\"https:\/\/metaltale.com\/lv\/produkts\/plaukta-turetajs-duet-205x60-mm\/#breadcrumb\"},\"inLanguage\":\"lv-LV\",\"potentialAction\":[{\"@type\":\"ReadAction\",\"target\":[\"https:\/\/metaltale.com\/lv\/produkts\/plaukta-turetajs-duet-205x60-mm\/\"]}]},{\"@type\":\"ImageObject\",\"inLanguage\":\"lv-LV\",\"@id\":\"https:\/\/metaltale.com\/lv\/produkts\/plaukta-turetajs-duet-205x60-mm\/#primaryimage\",\"url\":\"https:\/\/metaltale.com\/wp-content\/uploads\/2023\/10\/Laikiklis-DUET-105x60-plienas.jpg\",\"contentUrl\":\"https:\/\/metaltale.com\/wp-content\/uploads\/2023\/10\/Laikiklis-DUET-105x60-plienas.jpg\",\"width\":800,\"height\":800,\"caption\":\"Plaukta tur\u0113t\u0101js DUET 205x60 mm\"},{\"@type\":\"BreadcrumbList\",\"@id\":\"https:\/\/metaltale.com\/lv\/produkts\/plaukta-turetajs-duet-205x60-mm\/#breadcrumb\",\"itemListElement\":[{\"@type\":\"ListItem\",\"position\":1,\"name\":\"Home\",\"item\":\"https:\/\/metaltale.com\/lv\/majas\/\"},{\"@type\":\"ListItem\",\"position\":2,\"name\":\"Veikals\",\"item\":\"https:\/\/metaltale.com\/lv\/shop\/\"},{\"@type\":\"ListItem\",\"position\":3,\"name\":\"Plaukta tur\u0113t\u0101js DUET 205&#215;60 mm\"}]},{\"@type\":\"WebSite\",\"@id\":\"https:\/\/metaltale.com\/lv\/#website\",\"url\":\"https:\/\/metaltale.com\/lv\/\",\"name\":\"Metaltale.com\",\"description\":\"\",\"potentialAction\":[{\"@type\":\"SearchAction\",\"target\":{\"@type\":\"EntryPoint\",\"urlTemplate\":\"https:\/\/metaltale.com\/lv\/?s={search_term_string}\"},\"query-input\":{\"@type\":\"PropertyValueSpecification\",\"valueRequired\":true,\"valueName\":\"search_term_string\"}}],\"inLanguage\":\"lv-LV\"}]}<\/script>\n<!-- \/ Yoast SEO plugin. -->","yoast_head_json":{"title":"Plaukta tur\u0113t\u0101js DUET 205x60 mm - MetalTale.com","robots":{"index":"index","follow":"follow","max-snippet":"max-snippet:-1","max-image-preview":"max-image-preview:large","max-video-preview":"max-video-preview:-1"},"canonical":"https:\/\/metaltale.com\/lv\/produkts\/plaukta-turetajs-duet-205x60-mm\/","og_locale":"lv_LV","og_type":"article","og_title":"Plaukta tur\u0113t\u0101js DUET 205x60 mm - MetalTale.com","og_description":"Modelis 01.076TXX Materi\u0101ls Ketus Kop\u0113jais augstums (cm ) 60 Mont\u0101\u017eas skr\u016bves J\u0101 T\u0113rauda kr\u0101sa Daudzums komplekt\u0101 1 gab. &#8211; da\u017e\u0101di","og_url":"https:\/\/metaltale.com\/lv\/produkts\/plaukta-turetajs-duet-205x60-mm\/","og_site_name":"MetalTale.com","og_image":[{"width":800,"height":800,"url":"https:\/\/metaltale.com\/wp-content\/uploads\/2023\/10\/Laikiklis-DUET-105x60-plienas.jpg","type":"image\/jpeg"}],"twitter_card":"summary_large_image","twitter_misc":{"Est. reading time":"1 minute"},"schema":{"@context":"https:\/\/schema.org","@graph":[{"@type":"WebPage","@id":"https:\/\/metaltale.com\/lv\/produkts\/plaukta-turetajs-duet-205x60-mm\/","url":"https:\/\/metaltale.com\/lv\/produkts\/plaukta-turetajs-duet-205x60-mm\/","name":"Plaukta tur\u0113t\u0101js DUET 205x60 mm - MetalTale.com","isPartOf":{"@id":"https:\/\/metaltale.com\/lv\/#website"},"primaryImageOfPage":{"@id":"https:\/\/metaltale.com\/lv\/produkts\/plaukta-turetajs-duet-205x60-mm\/#primaryimage"},"image":{"@id":"https:\/\/metaltale.com\/lv\/produkts\/plaukta-turetajs-duet-205x60-mm\/#primaryimage"},"thumbnailUrl":"https:\/\/metaltale.com\/wp-content\/uploads\/2023\/10\/Laikiklis-DUET-105x60-plienas.jpg","datePublished":"2024-02-13T11:59:38+00:00","breadcrumb":{"@id":"https:\/\/metaltale.com\/lv\/produkts\/plaukta-turetajs-duet-205x60-mm\/#breadcrumb"},"inLanguage":"lv-LV","potentialAction":[{"@type":"ReadAction","target":["https:\/\/metaltale.com\/lv\/produkts\/plaukta-turetajs-duet-205x60-mm\/"]}]},{"@type":"ImageObject","inLanguage":"lv-LV","@id":"https:\/\/metaltale.com\/lv\/produkts\/plaukta-turetajs-duet-205x60-mm\/#primaryimage","url":"https:\/\/metaltale.com\/wp-content\/uploads\/2023\/10\/Laikiklis-DUET-105x60-plienas.jpg","contentUrl":"https:\/\/metaltale.com\/wp-content\/uploads\/2023\/10\/Laikiklis-DUET-105x60-plienas.jpg","width":800,"height":800,"caption":"Plaukta tur\u0113t\u0101js DUET 205x60 mm"},{"@type":"BreadcrumbList","@id":"https:\/\/metaltale.com\/lv\/produkts\/plaukta-turetajs-duet-205x60-mm\/#breadcrumb","itemListElement":[{"@type":"ListItem","position":1,"name":"Home","item":"https:\/\/metaltale.com\/lv\/majas\/"},{"@type":"ListItem","position":2,"name":"Veikals","item":"https:\/\/metaltale.com\/lv\/shop\/"},{"@type":"ListItem","position":3,"name":"Plaukta tur\u0113t\u0101js DUET 205&#215;60 mm"}]},{"@type":"WebSite","@id":"https:\/\/metaltale.com\/lv\/#website","url":"https:\/\/metaltale.com\/lv\/","name":"Metaltale.com","description":"","potentialAction":[{"@type":"SearchAction","target":{"@type":"EntryPoint","urlTemplate":"https:\/\/metaltale.com\/lv\/?s={search_term_string}"},"query-input":{"@type":"PropertyValueSpecification","valueRequired":true,"valueName":"search_term_string"}}],"inLanguage":"lv-LV"}]}},"_links":{"self":[{"href":"https:\/\/metaltale.com\/lv\/wp-json\/wp\/v2\/product\/138713","targetHints":{"allow":["GET"]}}],"collection":[{"href":"https:\/\/metaltale.com\/lv\/wp-json\/wp\/v2\/product"}],"about":[{"href":"https:\/\/metaltale.com\/lv\/wp-json\/wp\/v2\/types\/product"}],"replies":[{"embeddable":true,"href":"https:\/\/metaltale.com\/lv\/wp-json\/wp\/v2\/comments?post=138713"}],"version-history":[{"count":0,"href":"https:\/\/metaltale.com\/lv\/wp-json\/wp\/v2\/product\/138713\/revisions"}],"wp:featuredmedia":[{"embeddable":true,"href":"https:\/\/metaltale.com\/lv\/wp-json\/wp\/v2\/media\/83850"}],"wp:attachment":[{"href":"https:\/\/metaltale.com\/lv\/wp-json\/wp\/v2\/media?parent=138713"}],"wp:term":[{"taxonomy":"product_brand","embeddable":true,"href":"https:\/\/metaltale.com\/lv\/wp-json\/wp\/v2\/product_brand?post=138713"},{"taxonomy":"product_cat","embeddable":true,"href":"https:\/\/metaltale.com\/lv\/wp-json\/wp\/v2\/product_cat?post=138713"},{"taxonomy":"product_tag","embeddable":true,"href":"https:\/\/metaltale.com\/lv\/wp-json\/wp\/v2\/product_tag?post=138713"}],"curies":[{"name":"wp","href":"https:\/\/api.w.org\/{rel}","templated":true}]}}