{"id":138712,"date":"2024-02-13T13:59:38","date_gmt":"2024-02-13T11:59:38","guid":{"rendered":"https:\/\/metaltale.com\/produktas\/plaukts-atbalsts-engraved-155x155-mm\/"},"modified":"2024-02-13T13:59:38","modified_gmt":"2024-02-13T11:59:38","slug":"plaukts-atbalsts-engraved-155x155-mm","status":"publish","type":"product","link":"https:\/\/metaltale.com\/lv\/produkts\/plaukts-atbalsts-engraved-155x155-mm\/","title":{"rendered":"Plaukts atbalsts ENGRAVED 155&#215;155 mm"},"content":{"rendered":"<div class=\"prod_data\">\n<h2>M\u0113be\u013cu aksesu\u0101ri &#8211; ENGRAVED BOARD FRAMES ENGRAVED<\/h2>\n<p><strong>Modelis:<\/strong> 70.070FXX<br \/>\n<strong>Materi\u0101ls:<\/strong> \u010duguns<br \/>\n<strong>Kop\u0113jais augstums (cm<\/strong> ): 15,5<br \/>\n<strong>Mont\u0101\u017eas skr\u016bves:<\/strong> j\u0101<br \/>\n<strong>Kr\u0101sa:<\/strong> t\u0113rauda<br \/>\n<strong>Daudzums komplekt\u0101<\/strong>: 1 gab.<\/p>\n<p>Plauktu kron\u0161teini ir izgatavoti no augstas kvalit\u0101tes \u010duguna, t\u0101p\u0113c tie ir \u013coti iztur\u012bgi un kvalitat\u012bvi. Plauktiem var izmantot MDF vai skaidu pl\u0101tni, ta\u010du kron\u0161teini vislab\u0101k izskat\u0101s kombin\u0101cij\u0101 ar dab\u012bgo koku.<\/p>\n<p>\u0160is ori\u0123in\u0101lais un uzman\u012bbu piesaisto\u0161ais tur\u0113t\u0101js ir ide\u0101la izv\u0113le jebkuram modernam un retro interjeram. Neapstr\u0101d\u0101t\u0101 \u010duguna strukt\u016bra padara tur\u0113t\u0101ju l\u012bdz\u012bgu \u012bstam senatn\u012bgam priek\u0161metam.<\/p>\n<p>* Plauktu kron\u0161teini ir izgatavoti ar rok\u0101m, t\u0101p\u0113c var b\u016bt neliela nob\u012bde (ne prec\u012bzi 90\u00b0).<\/p>\n<\/div>\n","protected":false},"excerpt":{"rendered":"<p>M\u0113be\u013cu aksesu\u0101ri &#8211; ENGRAVED BOARD FRAMES ENGRAVED Modelis: 70.070FXX Materi\u0101ls: \u010duguns Kop\u0113jais augstums (cm ): 15,5 Mont\u0101\u017eas skr\u016bves: j\u0101 Kr\u0101sa:<\/p>\n","protected":false},"featured_media":101152,"comment_status":"open","ping_status":"closed","template":"","meta":{"_acf_changed":false,"pmpro_default_level":""},"product_brand":[],"product_cat":[23861,23837],"product_tag":[],"class_list":{"0":"post-138712","1":"product","2":"type-product","3":"status-publish","4":"has-post-thumbnail","6":"product_cat-lentynu-laikikliai-lv","7":"product_cat-mebeles-piederumi","8":"pmpro-has-access","10":"first","11":"instock","12":"shipping-taxable","13":"purchasable","14":"product-type-simple"},"acf":[],"yoast_head":"<!-- This site is optimized with the Yoast SEO plugin v24.9 - https:\/\/yoast.com\/wordpress\/plugins\/seo\/ -->\n<title>Plaukts atbalsts ENGRAVED 155x155 mm - MetalTale.com<\/title>\n<meta name=\"robots\" content=\"index, follow, max-snippet:-1, max-image-preview:large, max-video-preview:-1\" \/>\n<link rel=\"canonical\" href=\"https:\/\/metaltale.com\/lv\/produkts\/plaukts-atbalsts-engraved-155x155-mm\/\" \/>\n<meta property=\"og:locale\" content=\"lv_LV\" \/>\n<meta property=\"og:type\" content=\"article\" \/>\n<meta property=\"og:title\" content=\"Plaukts atbalsts ENGRAVED 155x155 mm - MetalTale.com\" \/>\n<meta property=\"og:description\" content=\"M\u0113be\u013cu aksesu\u0101ri &#8211; ENGRAVED BOARD FRAMES ENGRAVED Modelis: 70.070FXX Materi\u0101ls: \u010duguns Kop\u0113jais augstums (cm ): 15,5 Mont\u0101\u017eas skr\u016bves: j\u0101 Kr\u0101sa:\" \/>\n<meta property=\"og:url\" content=\"https:\/\/metaltale.com\/lv\/produkts\/plaukts-atbalsts-engraved-155x155-mm\/\" \/>\n<meta property=\"og:site_name\" content=\"MetalTale.com\" \/>\n<meta property=\"og:image\" content=\"https:\/\/metaltale.com\/wp-content\/uploads\/2023\/11\/Laikiklis-GRAVIRUOTAS-130x130-plienas.jpg\" \/>\n\t<meta property=\"og:image:width\" content=\"800\" \/>\n\t<meta property=\"og:image:height\" content=\"800\" \/>\n\t<meta property=\"og:image:type\" content=\"image\/jpeg\" \/>\n<meta name=\"twitter:card\" content=\"summary_large_image\" \/>\n<meta name=\"twitter:label1\" content=\"Est. reading time\" \/>\n\t<meta name=\"twitter:data1\" content=\"1 minute\" \/>\n<script type=\"application\/ld+json\" class=\"yoast-schema-graph\">{\"@context\":\"https:\/\/schema.org\",\"@graph\":[{\"@type\":\"WebPage\",\"@id\":\"https:\/\/metaltale.com\/lv\/produkts\/plaukts-atbalsts-engraved-155x155-mm\/\",\"url\":\"https:\/\/metaltale.com\/lv\/produkts\/plaukts-atbalsts-engraved-155x155-mm\/\",\"name\":\"Plaukts atbalsts ENGRAVED 155x155 mm - MetalTale.com\",\"isPartOf\":{\"@id\":\"https:\/\/metaltale.com\/lv\/#website\"},\"primaryImageOfPage\":{\"@id\":\"https:\/\/metaltale.com\/lv\/produkts\/plaukts-atbalsts-engraved-155x155-mm\/#primaryimage\"},\"image\":{\"@id\":\"https:\/\/metaltale.com\/lv\/produkts\/plaukts-atbalsts-engraved-155x155-mm\/#primaryimage\"},\"thumbnailUrl\":\"https:\/\/metaltale.com\/wp-content\/uploads\/2023\/11\/Laikiklis-GRAVIRUOTAS-130x130-plienas.jpg\",\"datePublished\":\"2024-02-13T11:59:38+00:00\",\"breadcrumb\":{\"@id\":\"https:\/\/metaltale.com\/lv\/produkts\/plaukts-atbalsts-engraved-155x155-mm\/#breadcrumb\"},\"inLanguage\":\"lv-LV\",\"potentialAction\":[{\"@type\":\"ReadAction\",\"target\":[\"https:\/\/metaltale.com\/lv\/produkts\/plaukts-atbalsts-engraved-155x155-mm\/\"]}]},{\"@type\":\"ImageObject\",\"inLanguage\":\"lv-LV\",\"@id\":\"https:\/\/metaltale.com\/lv\/produkts\/plaukts-atbalsts-engraved-155x155-mm\/#primaryimage\",\"url\":\"https:\/\/metaltale.com\/wp-content\/uploads\/2023\/11\/Laikiklis-GRAVIRUOTAS-130x130-plienas.jpg\",\"contentUrl\":\"https:\/\/metaltale.com\/wp-content\/uploads\/2023\/11\/Laikiklis-GRAVIRUOTAS-130x130-plienas.jpg\",\"width\":800,\"height\":800,\"caption\":\"Plaukts atbalsts ENGRAVED 155x155 mm\"},{\"@type\":\"BreadcrumbList\",\"@id\":\"https:\/\/metaltale.com\/lv\/produkts\/plaukts-atbalsts-engraved-155x155-mm\/#breadcrumb\",\"itemListElement\":[{\"@type\":\"ListItem\",\"position\":1,\"name\":\"Home\",\"item\":\"https:\/\/metaltale.com\/lv\/majas\/\"},{\"@type\":\"ListItem\",\"position\":2,\"name\":\"Veikals\",\"item\":\"https:\/\/metaltale.com\/lv\/shop\/\"},{\"@type\":\"ListItem\",\"position\":3,\"name\":\"Plaukts atbalsts ENGRAVED 155&#215;155 mm\"}]},{\"@type\":\"WebSite\",\"@id\":\"https:\/\/metaltale.com\/lv\/#website\",\"url\":\"https:\/\/metaltale.com\/lv\/\",\"name\":\"Metaltale.com\",\"description\":\"\",\"potentialAction\":[{\"@type\":\"SearchAction\",\"target\":{\"@type\":\"EntryPoint\",\"urlTemplate\":\"https:\/\/metaltale.com\/lv\/?s={search_term_string}\"},\"query-input\":{\"@type\":\"PropertyValueSpecification\",\"valueRequired\":true,\"valueName\":\"search_term_string\"}}],\"inLanguage\":\"lv-LV\"}]}<\/script>\n<!-- \/ Yoast SEO plugin. -->","yoast_head_json":{"title":"Plaukts atbalsts ENGRAVED 155x155 mm - MetalTale.com","robots":{"index":"index","follow":"follow","max-snippet":"max-snippet:-1","max-image-preview":"max-image-preview:large","max-video-preview":"max-video-preview:-1"},"canonical":"https:\/\/metaltale.com\/lv\/produkts\/plaukts-atbalsts-engraved-155x155-mm\/","og_locale":"lv_LV","og_type":"article","og_title":"Plaukts atbalsts ENGRAVED 155x155 mm - MetalTale.com","og_description":"M\u0113be\u013cu aksesu\u0101ri &#8211; ENGRAVED BOARD FRAMES ENGRAVED Modelis: 70.070FXX Materi\u0101ls: \u010duguns Kop\u0113jais augstums (cm ): 15,5 Mont\u0101\u017eas skr\u016bves: j\u0101 Kr\u0101sa:","og_url":"https:\/\/metaltale.com\/lv\/produkts\/plaukts-atbalsts-engraved-155x155-mm\/","og_site_name":"MetalTale.com","og_image":[{"width":800,"height":800,"url":"https:\/\/metaltale.com\/wp-content\/uploads\/2023\/11\/Laikiklis-GRAVIRUOTAS-130x130-plienas.jpg","type":"image\/jpeg"}],"twitter_card":"summary_large_image","twitter_misc":{"Est. reading time":"1 minute"},"schema":{"@context":"https:\/\/schema.org","@graph":[{"@type":"WebPage","@id":"https:\/\/metaltale.com\/lv\/produkts\/plaukts-atbalsts-engraved-155x155-mm\/","url":"https:\/\/metaltale.com\/lv\/produkts\/plaukts-atbalsts-engraved-155x155-mm\/","name":"Plaukts atbalsts ENGRAVED 155x155 mm - MetalTale.com","isPartOf":{"@id":"https:\/\/metaltale.com\/lv\/#website"},"primaryImageOfPage":{"@id":"https:\/\/metaltale.com\/lv\/produkts\/plaukts-atbalsts-engraved-155x155-mm\/#primaryimage"},"image":{"@id":"https:\/\/metaltale.com\/lv\/produkts\/plaukts-atbalsts-engraved-155x155-mm\/#primaryimage"},"thumbnailUrl":"https:\/\/metaltale.com\/wp-content\/uploads\/2023\/11\/Laikiklis-GRAVIRUOTAS-130x130-plienas.jpg","datePublished":"2024-02-13T11:59:38+00:00","breadcrumb":{"@id":"https:\/\/metaltale.com\/lv\/produkts\/plaukts-atbalsts-engraved-155x155-mm\/#breadcrumb"},"inLanguage":"lv-LV","potentialAction":[{"@type":"ReadAction","target":["https:\/\/metaltale.com\/lv\/produkts\/plaukts-atbalsts-engraved-155x155-mm\/"]}]},{"@type":"ImageObject","inLanguage":"lv-LV","@id":"https:\/\/metaltale.com\/lv\/produkts\/plaukts-atbalsts-engraved-155x155-mm\/#primaryimage","url":"https:\/\/metaltale.com\/wp-content\/uploads\/2023\/11\/Laikiklis-GRAVIRUOTAS-130x130-plienas.jpg","contentUrl":"https:\/\/metaltale.com\/wp-content\/uploads\/2023\/11\/Laikiklis-GRAVIRUOTAS-130x130-plienas.jpg","width":800,"height":800,"caption":"Plaukts atbalsts ENGRAVED 155x155 mm"},{"@type":"BreadcrumbList","@id":"https:\/\/metaltale.com\/lv\/produkts\/plaukts-atbalsts-engraved-155x155-mm\/#breadcrumb","itemListElement":[{"@type":"ListItem","position":1,"name":"Home","item":"https:\/\/metaltale.com\/lv\/majas\/"},{"@type":"ListItem","position":2,"name":"Veikals","item":"https:\/\/metaltale.com\/lv\/shop\/"},{"@type":"ListItem","position":3,"name":"Plaukts atbalsts ENGRAVED 155&#215;155 mm"}]},{"@type":"WebSite","@id":"https:\/\/metaltale.com\/lv\/#website","url":"https:\/\/metaltale.com\/lv\/","name":"Metaltale.com","description":"","potentialAction":[{"@type":"SearchAction","target":{"@type":"EntryPoint","urlTemplate":"https:\/\/metaltale.com\/lv\/?s={search_term_string}"},"query-input":{"@type":"PropertyValueSpecification","valueRequired":true,"valueName":"search_term_string"}}],"inLanguage":"lv-LV"}]}},"_links":{"self":[{"href":"https:\/\/metaltale.com\/lv\/wp-json\/wp\/v2\/product\/138712","targetHints":{"allow":["GET"]}}],"collection":[{"href":"https:\/\/metaltale.com\/lv\/wp-json\/wp\/v2\/product"}],"about":[{"href":"https:\/\/metaltale.com\/lv\/wp-json\/wp\/v2\/types\/product"}],"replies":[{"embeddable":true,"href":"https:\/\/metaltale.com\/lv\/wp-json\/wp\/v2\/comments?post=138712"}],"version-history":[{"count":0,"href":"https:\/\/metaltale.com\/lv\/wp-json\/wp\/v2\/product\/138712\/revisions"}],"wp:featuredmedia":[{"embeddable":true,"href":"https:\/\/metaltale.com\/lv\/wp-json\/wp\/v2\/media\/101152"}],"wp:attachment":[{"href":"https:\/\/metaltale.com\/lv\/wp-json\/wp\/v2\/media?parent=138712"}],"wp:term":[{"taxonomy":"product_brand","embeddable":true,"href":"https:\/\/metaltale.com\/lv\/wp-json\/wp\/v2\/product_brand?post=138712"},{"taxonomy":"product_cat","embeddable":true,"href":"https:\/\/metaltale.com\/lv\/wp-json\/wp\/v2\/product_cat?post=138712"},{"taxonomy":"product_tag","embeddable":true,"href":"https:\/\/metaltale.com\/lv\/wp-json\/wp\/v2\/product_tag?post=138712"}],"curies":[{"name":"wp","href":"https:\/\/api.w.org\/{rel}","templated":true}]}}