{"id":138683,"date":"2024-02-13T14:01:04","date_gmt":"2024-02-13T12:01:04","guid":{"rendered":"https:\/\/metaltale.com\/produktas\/plaukta-kronsteins-navia-80x50-mm\/"},"modified":"2024-02-13T14:01:04","modified_gmt":"2024-02-13T12:01:04","slug":"plaukta-kronsteins-navia-80x50-mm","status":"publish","type":"product","link":"https:\/\/metaltale.com\/lv\/produkts\/plaukta-kronsteins-navia-80x50-mm\/","title":{"rendered":"Plaukta kron\u0161teins NAVIA 80&#215;50 mm"},"content":{"rendered":"<div class=\"prod_data\">\n<p><strong>Modelis<\/strong> AG.6116<br \/>\n<strong>EAN.<\/strong>  5905369911859<br \/>\n<strong>Materi\u0101ls<\/strong> T\u0113rauds<br \/>\nMont\u0101\u017eas skr\u016bves J\u0101<br \/>\nKr\u0101sa Melna<br \/>\n<strong>Virsmas tips<\/strong> Gluda <strong>virsma<\/strong><br \/>\nDaudzums komplekt\u0101 1 gab.<br \/>\n<strong>Kop\u0113jais diametrs (cm<\/strong> ) 5<br \/>\n<strong>Kop\u0113j\u0101 projekcija (cm<\/strong> ) 8<\/p>\n<p>Univers\u0101lajam melnajam rustik\u0101lajam kron\u0161teinam ir iesp\u0113ja veidot iztur\u012bgus un neparastus dekorus retro stila interjeros.<\/p>\n<p>\u0160aj\u0101 gad\u012bjum\u0101 pla\u0161\u0101s izmanto\u0161anas iesp\u0113jas ierobe\u017eo tikai izt\u0113le, jo kompakt\u0101 pamatne un rokas izm\u0113rs \u013cauj to izmantot uz gandr\u012bz jebkuras virsmas. Iespaid\u012bgi aizkaru stangas, apgaismojuma elementi, plauktu balsti vai margu uzst\u0101d\u012b\u0161ana ir tikai da\u017ei piem\u0113ri no par\u0101d\u012bto rokturu izmanto\u0161anas iesp\u0113j\u0101m.<\/p>\n<p>Laipni l\u016bgti m\u016bsu lauku rokturu veikala galvenaj\u0101 lap\u0101, kur varat iepaz\u012bties ar m\u016bsu m\u0113be\u013cu piederumu, m\u0113be\u013cu rokturu un m\u0113be\u013cu furnit\u016bras pied\u0101v\u0101jumu.<\/p>\n<\/div>\n","protected":false},"excerpt":{"rendered":"<p>Modelis AG.6116 EAN. 5905369911859 Materi\u0101ls T\u0113rauds Mont\u0101\u017eas skr\u016bves J\u0101 Kr\u0101sa Melna Virsmas tips Gluda virsma Daudzums komplekt\u0101 1 gab. Kop\u0113jais<\/p>\n","protected":false},"featured_media":84001,"comment_status":"open","ping_status":"closed","template":"","meta":{"_acf_changed":false,"pmpro_default_level":""},"product_brand":[],"product_cat":[23861,23837],"product_tag":[],"class_list":{"0":"post-138683","1":"product","2":"type-product","3":"status-publish","4":"has-post-thumbnail","6":"product_cat-lentynu-laikikliai-lv","7":"product_cat-mebeles-piederumi","8":"pmpro-has-access","10":"first","11":"instock","12":"shipping-taxable","13":"purchasable","14":"product-type-simple"},"acf":[],"yoast_head":"<!-- This site is optimized with the Yoast SEO plugin v24.9 - https:\/\/yoast.com\/wordpress\/plugins\/seo\/ -->\n<title>Plaukta kron\u0161teins NAVIA 80x50 mm - MetalTale.com<\/title>\n<meta name=\"robots\" content=\"index, follow, max-snippet:-1, max-image-preview:large, max-video-preview:-1\" \/>\n<link rel=\"canonical\" href=\"https:\/\/metaltale.com\/lv\/produkts\/plaukta-kronsteins-navia-80x50-mm\/\" \/>\n<meta property=\"og:locale\" content=\"lv_LV\" \/>\n<meta property=\"og:type\" content=\"article\" \/>\n<meta property=\"og:title\" content=\"Plaukta kron\u0161teins NAVIA 80x50 mm - MetalTale.com\" \/>\n<meta property=\"og:description\" content=\"Modelis AG.6116 EAN. 5905369911859 Materi\u0101ls T\u0113rauds Mont\u0101\u017eas skr\u016bves J\u0101 Kr\u0101sa Melna Virsmas tips Gluda virsma Daudzums komplekt\u0101 1 gab. Kop\u0113jais\" \/>\n<meta property=\"og:url\" content=\"https:\/\/metaltale.com\/lv\/produkts\/plaukta-kronsteins-navia-80x50-mm\/\" \/>\n<meta property=\"og:site_name\" content=\"MetalTale.com\" \/>\n<meta property=\"og:image\" content=\"https:\/\/metaltale.com\/wp-content\/uploads\/2023\/10\/Laikiklis-NAVIA-80x50-Juoda.jpg\" \/>\n\t<meta property=\"og:image:width\" content=\"800\" \/>\n\t<meta property=\"og:image:height\" content=\"800\" \/>\n\t<meta property=\"og:image:type\" content=\"image\/jpeg\" \/>\n<meta name=\"twitter:card\" content=\"summary_large_image\" \/>\n<meta name=\"twitter:label1\" content=\"Est. reading time\" \/>\n\t<meta name=\"twitter:data1\" content=\"1 minute\" \/>\n<script type=\"application\/ld+json\" class=\"yoast-schema-graph\">{\"@context\":\"https:\/\/schema.org\",\"@graph\":[{\"@type\":\"WebPage\",\"@id\":\"https:\/\/metaltale.com\/lv\/produkts\/plaukta-kronsteins-navia-80x50-mm\/\",\"url\":\"https:\/\/metaltale.com\/lv\/produkts\/plaukta-kronsteins-navia-80x50-mm\/\",\"name\":\"Plaukta kron\u0161teins NAVIA 80x50 mm - MetalTale.com\",\"isPartOf\":{\"@id\":\"https:\/\/metaltale.com\/lv\/#website\"},\"primaryImageOfPage\":{\"@id\":\"https:\/\/metaltale.com\/lv\/produkts\/plaukta-kronsteins-navia-80x50-mm\/#primaryimage\"},\"image\":{\"@id\":\"https:\/\/metaltale.com\/lv\/produkts\/plaukta-kronsteins-navia-80x50-mm\/#primaryimage\"},\"thumbnailUrl\":\"https:\/\/metaltale.com\/wp-content\/uploads\/2023\/10\/Laikiklis-NAVIA-80x50-Juoda.jpg\",\"datePublished\":\"2024-02-13T12:01:04+00:00\",\"breadcrumb\":{\"@id\":\"https:\/\/metaltale.com\/lv\/produkts\/plaukta-kronsteins-navia-80x50-mm\/#breadcrumb\"},\"inLanguage\":\"lv-LV\",\"potentialAction\":[{\"@type\":\"ReadAction\",\"target\":[\"https:\/\/metaltale.com\/lv\/produkts\/plaukta-kronsteins-navia-80x50-mm\/\"]}]},{\"@type\":\"ImageObject\",\"inLanguage\":\"lv-LV\",\"@id\":\"https:\/\/metaltale.com\/lv\/produkts\/plaukta-kronsteins-navia-80x50-mm\/#primaryimage\",\"url\":\"https:\/\/metaltale.com\/wp-content\/uploads\/2023\/10\/Laikiklis-NAVIA-80x50-Juoda.jpg\",\"contentUrl\":\"https:\/\/metaltale.com\/wp-content\/uploads\/2023\/10\/Laikiklis-NAVIA-80x50-Juoda.jpg\",\"width\":800,\"height\":800,\"caption\":\"Plaukta kron\u0161teins NAVIA 80x50 mm\"},{\"@type\":\"BreadcrumbList\",\"@id\":\"https:\/\/metaltale.com\/lv\/produkts\/plaukta-kronsteins-navia-80x50-mm\/#breadcrumb\",\"itemListElement\":[{\"@type\":\"ListItem\",\"position\":1,\"name\":\"Home\",\"item\":\"https:\/\/metaltale.com\/lv\/majas\/\"},{\"@type\":\"ListItem\",\"position\":2,\"name\":\"Veikals\",\"item\":\"https:\/\/metaltale.com\/lv\/shop\/\"},{\"@type\":\"ListItem\",\"position\":3,\"name\":\"Plaukta kron\u0161teins NAVIA 80&#215;50 mm\"}]},{\"@type\":\"WebSite\",\"@id\":\"https:\/\/metaltale.com\/lv\/#website\",\"url\":\"https:\/\/metaltale.com\/lv\/\",\"name\":\"Metaltale.com\",\"description\":\"\",\"potentialAction\":[{\"@type\":\"SearchAction\",\"target\":{\"@type\":\"EntryPoint\",\"urlTemplate\":\"https:\/\/metaltale.com\/lv\/?s={search_term_string}\"},\"query-input\":{\"@type\":\"PropertyValueSpecification\",\"valueRequired\":true,\"valueName\":\"search_term_string\"}}],\"inLanguage\":\"lv-LV\"}]}<\/script>\n<!-- \/ Yoast SEO plugin. -->","yoast_head_json":{"title":"Plaukta kron\u0161teins NAVIA 80x50 mm - MetalTale.com","robots":{"index":"index","follow":"follow","max-snippet":"max-snippet:-1","max-image-preview":"max-image-preview:large","max-video-preview":"max-video-preview:-1"},"canonical":"https:\/\/metaltale.com\/lv\/produkts\/plaukta-kronsteins-navia-80x50-mm\/","og_locale":"lv_LV","og_type":"article","og_title":"Plaukta kron\u0161teins NAVIA 80x50 mm - MetalTale.com","og_description":"Modelis AG.6116 EAN. 5905369911859 Materi\u0101ls T\u0113rauds Mont\u0101\u017eas skr\u016bves J\u0101 Kr\u0101sa Melna Virsmas tips Gluda virsma Daudzums komplekt\u0101 1 gab. Kop\u0113jais","og_url":"https:\/\/metaltale.com\/lv\/produkts\/plaukta-kronsteins-navia-80x50-mm\/","og_site_name":"MetalTale.com","og_image":[{"width":800,"height":800,"url":"https:\/\/metaltale.com\/wp-content\/uploads\/2023\/10\/Laikiklis-NAVIA-80x50-Juoda.jpg","type":"image\/jpeg"}],"twitter_card":"summary_large_image","twitter_misc":{"Est. reading time":"1 minute"},"schema":{"@context":"https:\/\/schema.org","@graph":[{"@type":"WebPage","@id":"https:\/\/metaltale.com\/lv\/produkts\/plaukta-kronsteins-navia-80x50-mm\/","url":"https:\/\/metaltale.com\/lv\/produkts\/plaukta-kronsteins-navia-80x50-mm\/","name":"Plaukta kron\u0161teins NAVIA 80x50 mm - MetalTale.com","isPartOf":{"@id":"https:\/\/metaltale.com\/lv\/#website"},"primaryImageOfPage":{"@id":"https:\/\/metaltale.com\/lv\/produkts\/plaukta-kronsteins-navia-80x50-mm\/#primaryimage"},"image":{"@id":"https:\/\/metaltale.com\/lv\/produkts\/plaukta-kronsteins-navia-80x50-mm\/#primaryimage"},"thumbnailUrl":"https:\/\/metaltale.com\/wp-content\/uploads\/2023\/10\/Laikiklis-NAVIA-80x50-Juoda.jpg","datePublished":"2024-02-13T12:01:04+00:00","breadcrumb":{"@id":"https:\/\/metaltale.com\/lv\/produkts\/plaukta-kronsteins-navia-80x50-mm\/#breadcrumb"},"inLanguage":"lv-LV","potentialAction":[{"@type":"ReadAction","target":["https:\/\/metaltale.com\/lv\/produkts\/plaukta-kronsteins-navia-80x50-mm\/"]}]},{"@type":"ImageObject","inLanguage":"lv-LV","@id":"https:\/\/metaltale.com\/lv\/produkts\/plaukta-kronsteins-navia-80x50-mm\/#primaryimage","url":"https:\/\/metaltale.com\/wp-content\/uploads\/2023\/10\/Laikiklis-NAVIA-80x50-Juoda.jpg","contentUrl":"https:\/\/metaltale.com\/wp-content\/uploads\/2023\/10\/Laikiklis-NAVIA-80x50-Juoda.jpg","width":800,"height":800,"caption":"Plaukta kron\u0161teins NAVIA 80x50 mm"},{"@type":"BreadcrumbList","@id":"https:\/\/metaltale.com\/lv\/produkts\/plaukta-kronsteins-navia-80x50-mm\/#breadcrumb","itemListElement":[{"@type":"ListItem","position":1,"name":"Home","item":"https:\/\/metaltale.com\/lv\/majas\/"},{"@type":"ListItem","position":2,"name":"Veikals","item":"https:\/\/metaltale.com\/lv\/shop\/"},{"@type":"ListItem","position":3,"name":"Plaukta kron\u0161teins NAVIA 80&#215;50 mm"}]},{"@type":"WebSite","@id":"https:\/\/metaltale.com\/lv\/#website","url":"https:\/\/metaltale.com\/lv\/","name":"Metaltale.com","description":"","potentialAction":[{"@type":"SearchAction","target":{"@type":"EntryPoint","urlTemplate":"https:\/\/metaltale.com\/lv\/?s={search_term_string}"},"query-input":{"@type":"PropertyValueSpecification","valueRequired":true,"valueName":"search_term_string"}}],"inLanguage":"lv-LV"}]}},"_links":{"self":[{"href":"https:\/\/metaltale.com\/lv\/wp-json\/wp\/v2\/product\/138683","targetHints":{"allow":["GET"]}}],"collection":[{"href":"https:\/\/metaltale.com\/lv\/wp-json\/wp\/v2\/product"}],"about":[{"href":"https:\/\/metaltale.com\/lv\/wp-json\/wp\/v2\/types\/product"}],"replies":[{"embeddable":true,"href":"https:\/\/metaltale.com\/lv\/wp-json\/wp\/v2\/comments?post=138683"}],"version-history":[{"count":0,"href":"https:\/\/metaltale.com\/lv\/wp-json\/wp\/v2\/product\/138683\/revisions"}],"wp:featuredmedia":[{"embeddable":true,"href":"https:\/\/metaltale.com\/lv\/wp-json\/wp\/v2\/media\/84001"}],"wp:attachment":[{"href":"https:\/\/metaltale.com\/lv\/wp-json\/wp\/v2\/media?parent=138683"}],"wp:term":[{"taxonomy":"product_brand","embeddable":true,"href":"https:\/\/metaltale.com\/lv\/wp-json\/wp\/v2\/product_brand?post=138683"},{"taxonomy":"product_cat","embeddable":true,"href":"https:\/\/metaltale.com\/lv\/wp-json\/wp\/v2\/product_cat?post=138683"},{"taxonomy":"product_tag","embeddable":true,"href":"https:\/\/metaltale.com\/lv\/wp-json\/wp\/v2\/product_tag?post=138683"}],"curies":[{"name":"wp","href":"https:\/\/api.w.org\/{rel}","templated":true}]}}