{"id":138668,"date":"2024-02-13T14:01:04","date_gmt":"2024-02-13T12:01:04","guid":{"rendered":"https:\/\/metaltale.com\/produktas\/plaukta-turetajs-daria-160x105-mm\/"},"modified":"2024-02-13T14:01:04","modified_gmt":"2024-02-13T12:01:04","slug":"plaukta-turetajs-daria-160x105-mm","status":"publish","type":"product","link":"https:\/\/metaltale.com\/lv\/produkts\/plaukta-turetajs-daria-160x105-mm\/","title":{"rendered":"Plaukta tur\u0113t\u0101js DARIA 160&#215;105 mm"},"content":{"rendered":"<div class=\"prod_data\">\n<p>Mont\u0101\u017eas skr\u016bves J\u0101<br \/>\nT\u0113rauda <strong>kr\u0101sa<\/strong><br \/>\nDaudzums komplekt\u0101 1 gab.<br \/>\n<strong>Modelis<\/strong> 01.070DXX<br \/>\nMateri\u0101ls Ketus<br \/>\n<strong>Kop\u0113jais augstums (cm<\/strong> )<br \/>\n<strong>Pamatnes izm\u0113ri (cm<\/strong> ) 1,8<\/p>\n<p>&#8211; Da\u017e\u0101di izm\u0113ri, lai izveidotu v\u0113lamo plauktu izm\u0113ru<br \/>\n&#8211; vec\u0101 stila izskats, ko pie\u0161\u0137ir pel\u0113juma p\u0113das, pie\u0161\u0137ir tai lauku raksturu un padara to unik\u0101lu.<br \/>\n&#8211; dro\u0161\u012bbu un lieto\u0161anas \u0113rtumu nodro\u0161ina, nosl\u012bp\u0113jot visas nel\u012bdzenumus.<br \/>\n&#8211; ar rok\u0101m veidota apdare nodro\u0161ina retro stila saglab\u0101\u0161anu.<br \/>\n&#8211; unikalit\u0101te &#8211; izstr\u0101d\u0101jums tiek ra\u017eots manufakt\u016bras proces\u0101, t\u0101p\u0113c kron\u0161teini detaliz\u0113ti at\u0161\u0137iras viens no otra.<br \/>\n&#8211; daudzpus\u012bba &#8211; kron\u0161teinu var izmantot, lai piestiprin\u0101tu koka plauktus, kas izgatavoti no skaidu pl\u0101tnes vai MDF.<br \/>\n&#8211; t\u0101s netradicion\u0101lais izskats padara to piem\u0113rotu gan retro, gan modernam interjeram.<\/p>\n<hr>\n<p>\u0160eit att\u0113lotais plaukts noteikti ir netradicion\u0101las formas un bag\u0101t\u012bgi rot\u0101ts. Ciet\u0101 \u010duguna konstrukcija garant\u0113 vieglu un dro\u0161u uzst\u0101d\u012b\u0161anu un stabilu satv\u0113rienu. Pateicoties redzamajam rot\u0101jumam, izstr\u0101d\u0101jumu var izmantot gan k\u0101 funkcion\u0101lu plauktu, gan k\u0101 dekorat\u012bvu elementu. Ori\u0123in\u0101lais un uzman\u012bbu piesaisto\u0161ais DARIA plaukts ir lieliski piem\u0113rots jebkuram modernam vai retro interjeram.<\/p>\n<p>* Plauktu kron\u0161teini ir izgatavoti ar rok\u0101m, t\u0101p\u0113c var b\u016bt neliela nob\u012bde (ne prec\u012bzi 90\u00b0).<\/p>\n<\/div>\n","protected":false},"excerpt":{"rendered":"<p>Mont\u0101\u017eas skr\u016bves J\u0101 T\u0113rauda kr\u0101sa Daudzums komplekt\u0101 1 gab. Modelis 01.070DXX Materi\u0101ls Ketus Kop\u0113jais augstums (cm ) Pamatnes izm\u0113ri (cm<\/p>\n","protected":false},"featured_media":115327,"comment_status":"open","ping_status":"closed","template":"","meta":{"_acf_changed":false,"pmpro_default_level":""},"product_brand":[],"product_cat":[23861,23837],"product_tag":[],"class_list":{"0":"post-138668","1":"product","2":"type-product","3":"status-publish","4":"has-post-thumbnail","6":"product_cat-lentynu-laikikliai-lv","7":"product_cat-mebeles-piederumi","8":"pmpro-has-access","10":"first","11":"instock","12":"shipping-taxable","13":"purchasable","14":"product-type-simple"},"acf":[],"yoast_head":"<!-- This site is optimized with the Yoast SEO plugin v24.9 - https:\/\/yoast.com\/wordpress\/plugins\/seo\/ -->\n<title>Plaukta tur\u0113t\u0101js DARIA 160x105 mm - MetalTale.com<\/title>\n<meta name=\"robots\" content=\"index, follow, max-snippet:-1, max-image-preview:large, max-video-preview:-1\" \/>\n<link rel=\"canonical\" href=\"https:\/\/metaltale.com\/lv\/produkts\/plaukta-turetajs-daria-160x105-mm\/\" \/>\n<meta property=\"og:locale\" content=\"lv_LV\" \/>\n<meta property=\"og:type\" content=\"article\" \/>\n<meta property=\"og:title\" content=\"Plaukta tur\u0113t\u0101js DARIA 160x105 mm - MetalTale.com\" \/>\n<meta property=\"og:description\" content=\"Mont\u0101\u017eas skr\u016bves J\u0101 T\u0113rauda kr\u0101sa Daudzums komplekt\u0101 1 gab. Modelis 01.070DXX Materi\u0101ls Ketus Kop\u0113jais augstums (cm ) Pamatnes izm\u0113ri (cm\" \/>\n<meta property=\"og:url\" content=\"https:\/\/metaltale.com\/lv\/produkts\/plaukta-turetajs-daria-160x105-mm\/\" \/>\n<meta property=\"og:site_name\" content=\"MetalTale.com\" \/>\n<meta property=\"og:image\" content=\"https:\/\/metaltale.com\/wp-content\/uploads\/2023\/11\/Kronx161teinas-DARIA-230x120-Plieninis.jpg\" \/>\n\t<meta property=\"og:image:width\" content=\"800\" \/>\n\t<meta property=\"og:image:height\" content=\"800\" \/>\n\t<meta property=\"og:image:type\" content=\"image\/jpeg\" \/>\n<meta name=\"twitter:card\" content=\"summary_large_image\" \/>\n<meta name=\"twitter:label1\" content=\"Est. reading time\" \/>\n\t<meta name=\"twitter:data1\" content=\"1 minute\" \/>\n<script type=\"application\/ld+json\" class=\"yoast-schema-graph\">{\"@context\":\"https:\/\/schema.org\",\"@graph\":[{\"@type\":\"WebPage\",\"@id\":\"https:\/\/metaltale.com\/lv\/produkts\/plaukta-turetajs-daria-160x105-mm\/\",\"url\":\"https:\/\/metaltale.com\/lv\/produkts\/plaukta-turetajs-daria-160x105-mm\/\",\"name\":\"Plaukta tur\u0113t\u0101js DARIA 160x105 mm - MetalTale.com\",\"isPartOf\":{\"@id\":\"https:\/\/metaltale.com\/lv\/#website\"},\"primaryImageOfPage\":{\"@id\":\"https:\/\/metaltale.com\/lv\/produkts\/plaukta-turetajs-daria-160x105-mm\/#primaryimage\"},\"image\":{\"@id\":\"https:\/\/metaltale.com\/lv\/produkts\/plaukta-turetajs-daria-160x105-mm\/#primaryimage\"},\"thumbnailUrl\":\"https:\/\/metaltale.com\/wp-content\/uploads\/2023\/11\/Kronx161teinas-DARIA-230x120-Plieninis.jpg\",\"datePublished\":\"2024-02-13T12:01:04+00:00\",\"breadcrumb\":{\"@id\":\"https:\/\/metaltale.com\/lv\/produkts\/plaukta-turetajs-daria-160x105-mm\/#breadcrumb\"},\"inLanguage\":\"lv-LV\",\"potentialAction\":[{\"@type\":\"ReadAction\",\"target\":[\"https:\/\/metaltale.com\/lv\/produkts\/plaukta-turetajs-daria-160x105-mm\/\"]}]},{\"@type\":\"ImageObject\",\"inLanguage\":\"lv-LV\",\"@id\":\"https:\/\/metaltale.com\/lv\/produkts\/plaukta-turetajs-daria-160x105-mm\/#primaryimage\",\"url\":\"https:\/\/metaltale.com\/wp-content\/uploads\/2023\/11\/Kronx161teinas-DARIA-230x120-Plieninis.jpg\",\"contentUrl\":\"https:\/\/metaltale.com\/wp-content\/uploads\/2023\/11\/Kronx161teinas-DARIA-230x120-Plieninis.jpg\",\"width\":800,\"height\":800,\"caption\":\"Valdes tur\u0113t\u0101js DARIA\"},{\"@type\":\"BreadcrumbList\",\"@id\":\"https:\/\/metaltale.com\/lv\/produkts\/plaukta-turetajs-daria-160x105-mm\/#breadcrumb\",\"itemListElement\":[{\"@type\":\"ListItem\",\"position\":1,\"name\":\"Home\",\"item\":\"https:\/\/metaltale.com\/lv\/majas\/\"},{\"@type\":\"ListItem\",\"position\":2,\"name\":\"Veikals\",\"item\":\"https:\/\/metaltale.com\/lv\/shop\/\"},{\"@type\":\"ListItem\",\"position\":3,\"name\":\"Plaukta tur\u0113t\u0101js DARIA 160&#215;105 mm\"}]},{\"@type\":\"WebSite\",\"@id\":\"https:\/\/metaltale.com\/lv\/#website\",\"url\":\"https:\/\/metaltale.com\/lv\/\",\"name\":\"Metaltale.com\",\"description\":\"\",\"potentialAction\":[{\"@type\":\"SearchAction\",\"target\":{\"@type\":\"EntryPoint\",\"urlTemplate\":\"https:\/\/metaltale.com\/lv\/?s={search_term_string}\"},\"query-input\":{\"@type\":\"PropertyValueSpecification\",\"valueRequired\":true,\"valueName\":\"search_term_string\"}}],\"inLanguage\":\"lv-LV\"}]}<\/script>\n<!-- \/ Yoast SEO plugin. -->","yoast_head_json":{"title":"Plaukta tur\u0113t\u0101js DARIA 160x105 mm - MetalTale.com","robots":{"index":"index","follow":"follow","max-snippet":"max-snippet:-1","max-image-preview":"max-image-preview:large","max-video-preview":"max-video-preview:-1"},"canonical":"https:\/\/metaltale.com\/lv\/produkts\/plaukta-turetajs-daria-160x105-mm\/","og_locale":"lv_LV","og_type":"article","og_title":"Plaukta tur\u0113t\u0101js DARIA 160x105 mm - MetalTale.com","og_description":"Mont\u0101\u017eas skr\u016bves J\u0101 T\u0113rauda kr\u0101sa Daudzums komplekt\u0101 1 gab. Modelis 01.070DXX Materi\u0101ls Ketus Kop\u0113jais augstums (cm ) Pamatnes izm\u0113ri (cm","og_url":"https:\/\/metaltale.com\/lv\/produkts\/plaukta-turetajs-daria-160x105-mm\/","og_site_name":"MetalTale.com","og_image":[{"width":800,"height":800,"url":"https:\/\/metaltale.com\/wp-content\/uploads\/2023\/11\/Kronx161teinas-DARIA-230x120-Plieninis.jpg","type":"image\/jpeg"}],"twitter_card":"summary_large_image","twitter_misc":{"Est. reading time":"1 minute"},"schema":{"@context":"https:\/\/schema.org","@graph":[{"@type":"WebPage","@id":"https:\/\/metaltale.com\/lv\/produkts\/plaukta-turetajs-daria-160x105-mm\/","url":"https:\/\/metaltale.com\/lv\/produkts\/plaukta-turetajs-daria-160x105-mm\/","name":"Plaukta tur\u0113t\u0101js DARIA 160x105 mm - MetalTale.com","isPartOf":{"@id":"https:\/\/metaltale.com\/lv\/#website"},"primaryImageOfPage":{"@id":"https:\/\/metaltale.com\/lv\/produkts\/plaukta-turetajs-daria-160x105-mm\/#primaryimage"},"image":{"@id":"https:\/\/metaltale.com\/lv\/produkts\/plaukta-turetajs-daria-160x105-mm\/#primaryimage"},"thumbnailUrl":"https:\/\/metaltale.com\/wp-content\/uploads\/2023\/11\/Kronx161teinas-DARIA-230x120-Plieninis.jpg","datePublished":"2024-02-13T12:01:04+00:00","breadcrumb":{"@id":"https:\/\/metaltale.com\/lv\/produkts\/plaukta-turetajs-daria-160x105-mm\/#breadcrumb"},"inLanguage":"lv-LV","potentialAction":[{"@type":"ReadAction","target":["https:\/\/metaltale.com\/lv\/produkts\/plaukta-turetajs-daria-160x105-mm\/"]}]},{"@type":"ImageObject","inLanguage":"lv-LV","@id":"https:\/\/metaltale.com\/lv\/produkts\/plaukta-turetajs-daria-160x105-mm\/#primaryimage","url":"https:\/\/metaltale.com\/wp-content\/uploads\/2023\/11\/Kronx161teinas-DARIA-230x120-Plieninis.jpg","contentUrl":"https:\/\/metaltale.com\/wp-content\/uploads\/2023\/11\/Kronx161teinas-DARIA-230x120-Plieninis.jpg","width":800,"height":800,"caption":"Valdes tur\u0113t\u0101js DARIA"},{"@type":"BreadcrumbList","@id":"https:\/\/metaltale.com\/lv\/produkts\/plaukta-turetajs-daria-160x105-mm\/#breadcrumb","itemListElement":[{"@type":"ListItem","position":1,"name":"Home","item":"https:\/\/metaltale.com\/lv\/majas\/"},{"@type":"ListItem","position":2,"name":"Veikals","item":"https:\/\/metaltale.com\/lv\/shop\/"},{"@type":"ListItem","position":3,"name":"Plaukta tur\u0113t\u0101js DARIA 160&#215;105 mm"}]},{"@type":"WebSite","@id":"https:\/\/metaltale.com\/lv\/#website","url":"https:\/\/metaltale.com\/lv\/","name":"Metaltale.com","description":"","potentialAction":[{"@type":"SearchAction","target":{"@type":"EntryPoint","urlTemplate":"https:\/\/metaltale.com\/lv\/?s={search_term_string}"},"query-input":{"@type":"PropertyValueSpecification","valueRequired":true,"valueName":"search_term_string"}}],"inLanguage":"lv-LV"}]}},"_links":{"self":[{"href":"https:\/\/metaltale.com\/lv\/wp-json\/wp\/v2\/product\/138668","targetHints":{"allow":["GET"]}}],"collection":[{"href":"https:\/\/metaltale.com\/lv\/wp-json\/wp\/v2\/product"}],"about":[{"href":"https:\/\/metaltale.com\/lv\/wp-json\/wp\/v2\/types\/product"}],"replies":[{"embeddable":true,"href":"https:\/\/metaltale.com\/lv\/wp-json\/wp\/v2\/comments?post=138668"}],"version-history":[{"count":0,"href":"https:\/\/metaltale.com\/lv\/wp-json\/wp\/v2\/product\/138668\/revisions"}],"wp:featuredmedia":[{"embeddable":true,"href":"https:\/\/metaltale.com\/lv\/wp-json\/wp\/v2\/media\/115327"}],"wp:attachment":[{"href":"https:\/\/metaltale.com\/lv\/wp-json\/wp\/v2\/media?parent=138668"}],"wp:term":[{"taxonomy":"product_brand","embeddable":true,"href":"https:\/\/metaltale.com\/lv\/wp-json\/wp\/v2\/product_brand?post=138668"},{"taxonomy":"product_cat","embeddable":true,"href":"https:\/\/metaltale.com\/lv\/wp-json\/wp\/v2\/product_cat?post=138668"},{"taxonomy":"product_tag","embeddable":true,"href":"https:\/\/metaltale.com\/lv\/wp-json\/wp\/v2\/product_tag?post=138668"}],"curies":[{"name":"wp","href":"https:\/\/api.w.org\/{rel}","templated":true}]}}