{"id":138667,"date":"2024-02-13T14:01:04","date_gmt":"2024-02-13T12:01:04","guid":{"rendered":"https:\/\/metaltale.com\/produktas\/plauktu-balsti-blanka-90x130-mm\/"},"modified":"2024-02-13T14:01:04","modified_gmt":"2024-02-13T12:01:04","slug":"plauktu-balsti-blanka-90x130-mm","status":"publish","type":"product","link":"https:\/\/metaltale.com\/lv\/produkts\/plauktu-balsti-blanka-90x130-mm\/","title":{"rendered":"Plauktu balsti BLANKA 90&#215;130 mm"},"content":{"rendered":"<div class=\"prod_data\">\n<p><strong>Modelis<\/strong> FOR. WDRXX<br \/>\n<strong>Materi\u0101ls<\/strong> T\u0113rauds<br \/>\n<strong>Kop\u0113jais augstums (cm<\/strong> )<br \/>\n<strong>Kop\u0113j\u0101 projekcija (cm<\/strong> ) 18<br \/>\nMont\u0101\u017eas skr\u016bves N\u0113<br \/>\nT\u0113rauda <strong>kr\u0101sa<\/strong><br \/>\n<strong>Daudzums komplekt\u0101<\/strong> 2 gab.<\/p>\n<p>&#8211; daudzpus\u012bba \u013cauj tur\u0113t\u0101ju izmantot plauktiem, kas izgatavoti no da\u017e\u0101diem materi\u0101liem: koka, skaidu pl\u0101tnes un MDF.<br \/>\n&#8211; ori\u0123in\u0101lais dizains, ko rada stie\u0146a un plakan\u0101 stie\u0146a kombin\u0101cija, at\u0161\u0137ir izstr\u0101d\u0101jumu no citiem \u0161\u012bs kategorijas izstr\u0101d\u0101jumiem.<br \/>\n&#8211; iztur\u012bba un stabilit\u0101te, ko garant\u0113 iepriek\u0161min\u0113t\u0101 savieno\u0161ana.<br \/>\n&#8211; Pulvera p\u0101rkl\u0101juma izmanto\u0161ana nodro\u0161ina augstu iztur\u012bbu pret skr\u0101p\u0113jumiem un sasitumiem.<br \/>\n&#8211; augst\u0101k\u0101s kvalit\u0101tes lakas apdare garant\u0113 ilgsto\u0161u kr\u0101sas notur\u012bbu.<br \/>\n&#8211; da\u017e\u0101di izm\u0113ri un kr\u0101sas, lai izveidotu plauktu ar vispiem\u0113rot\u0101kajiem izm\u0113riem.<br \/>\n&#8211; Iesp\u0113ja izmantot da\u017e\u0101da biezuma d\u0113\u013cus \/ d\u0113\u013cus<br \/>\n&#8211; malu un st\u016bru sl\u012bp\u0113\u0161ana garant\u0113 dro\u0161u mont\u0101\u017eu un lieto\u0161anu.<\/p>\n<hr>\n<p style=\"margin-bottom: 0cm;\">Blanka industri\u0101lie plaukti ir pied\u0101v\u0101jums visiem, kas mekl\u0113 praktiskus un iztur\u012bgus produktus ar vienk\u0101r\u0161u arhitekt\u016bru, bet neparastu dizainu.<\/p>\n<hr>\n<p style=\"margin-bottom: 0cm; text-align: left;\">* Plauktu kron\u0161teini ir izgatavoti ar rok\u0101m, t\u0101p\u0113c var b\u016bt neliela nob\u012bde (ne prec\u012bzi 90\u00b0).<\/p>\n<\/div>\n","protected":false},"excerpt":{"rendered":"<p>Modelis FOR. WDRXX Materi\u0101ls T\u0113rauds Kop\u0113jais augstums (cm ) Kop\u0113j\u0101 projekcija (cm ) 18 Mont\u0101\u017eas skr\u016bves N\u0113 T\u0113rauda kr\u0101sa Daudzums<\/p>\n","protected":false},"featured_media":131753,"comment_status":"open","ping_status":"closed","template":"","meta":{"_acf_changed":false,"pmpro_default_level":""},"product_brand":[],"product_cat":[23861,23837],"product_tag":[],"class_list":{"0":"post-138667","1":"product","2":"type-product","3":"status-publish","4":"has-post-thumbnail","6":"product_cat-lentynu-laikikliai-lv","7":"product_cat-mebeles-piederumi","8":"pmpro-has-access","10":"first","11":"instock","12":"shipping-taxable","13":"purchasable","14":"product-type-simple"},"acf":[],"yoast_head":"<!-- This site is optimized with the Yoast SEO plugin v24.9 - https:\/\/yoast.com\/wordpress\/plugins\/seo\/ -->\n<title>Plauktu balsti BLANKA 90x130 mm - MetalTale.com<\/title>\n<meta name=\"robots\" content=\"index, follow, max-snippet:-1, max-image-preview:large, max-video-preview:-1\" \/>\n<link rel=\"canonical\" href=\"https:\/\/metaltale.com\/lv\/produkts\/plauktu-balsti-blanka-90x130-mm\/\" \/>\n<meta property=\"og:locale\" content=\"lv_LV\" \/>\n<meta property=\"og:type\" content=\"article\" \/>\n<meta property=\"og:title\" content=\"Plauktu balsti BLANKA 90x130 mm - MetalTale.com\" \/>\n<meta property=\"og:description\" content=\"Modelis FOR. WDRXX Materi\u0101ls T\u0113rauds Kop\u0113jais augstums (cm ) Kop\u0113j\u0101 projekcija (cm ) 18 Mont\u0101\u017eas skr\u016bves N\u0113 T\u0113rauda kr\u0101sa Daudzums\" \/>\n<meta property=\"og:url\" content=\"https:\/\/metaltale.com\/lv\/produkts\/plauktu-balsti-blanka-90x130-mm\/\" \/>\n<meta property=\"og:site_name\" content=\"MetalTale.com\" \/>\n<meta property=\"og:image\" content=\"https:\/\/metaltale.com\/wp-content\/uploads\/2024\/02\/Lentynos-atramos-BLANKA-90x130-mm.jpg\" \/>\n\t<meta property=\"og:image:width\" content=\"800\" \/>\n\t<meta property=\"og:image:height\" content=\"800\" \/>\n\t<meta property=\"og:image:type\" content=\"image\/jpeg\" \/>\n<meta name=\"twitter:card\" content=\"summary_large_image\" \/>\n<meta name=\"twitter:label1\" content=\"Est. reading time\" \/>\n\t<meta name=\"twitter:data1\" content=\"1 minute\" \/>\n<script type=\"application\/ld+json\" class=\"yoast-schema-graph\">{\"@context\":\"https:\/\/schema.org\",\"@graph\":[{\"@type\":\"WebPage\",\"@id\":\"https:\/\/metaltale.com\/lv\/produkts\/plauktu-balsti-blanka-90x130-mm\/\",\"url\":\"https:\/\/metaltale.com\/lv\/produkts\/plauktu-balsti-blanka-90x130-mm\/\",\"name\":\"Plauktu balsti BLANKA 90x130 mm - MetalTale.com\",\"isPartOf\":{\"@id\":\"https:\/\/metaltale.com\/lv\/#website\"},\"primaryImageOfPage\":{\"@id\":\"https:\/\/metaltale.com\/lv\/produkts\/plauktu-balsti-blanka-90x130-mm\/#primaryimage\"},\"image\":{\"@id\":\"https:\/\/metaltale.com\/lv\/produkts\/plauktu-balsti-blanka-90x130-mm\/#primaryimage\"},\"thumbnailUrl\":\"https:\/\/metaltale.com\/wp-content\/uploads\/2024\/02\/Lentynos-atramos-BLANKA-90x130-mm.jpg\",\"datePublished\":\"2024-02-13T12:01:04+00:00\",\"breadcrumb\":{\"@id\":\"https:\/\/metaltale.com\/lv\/produkts\/plauktu-balsti-blanka-90x130-mm\/#breadcrumb\"},\"inLanguage\":\"lv-LV\",\"potentialAction\":[{\"@type\":\"ReadAction\",\"target\":[\"https:\/\/metaltale.com\/lv\/produkts\/plauktu-balsti-blanka-90x130-mm\/\"]}]},{\"@type\":\"ImageObject\",\"inLanguage\":\"lv-LV\",\"@id\":\"https:\/\/metaltale.com\/lv\/produkts\/plauktu-balsti-blanka-90x130-mm\/#primaryimage\",\"url\":\"https:\/\/metaltale.com\/wp-content\/uploads\/2024\/02\/Lentynos-atramos-BLANKA-90x130-mm.jpg\",\"contentUrl\":\"https:\/\/metaltale.com\/wp-content\/uploads\/2024\/02\/Lentynos-atramos-BLANKA-90x130-mm.jpg\",\"width\":800,\"height\":800,\"caption\":\"Plauktu balsti BLANKA 90x130 mm\"},{\"@type\":\"BreadcrumbList\",\"@id\":\"https:\/\/metaltale.com\/lv\/produkts\/plauktu-balsti-blanka-90x130-mm\/#breadcrumb\",\"itemListElement\":[{\"@type\":\"ListItem\",\"position\":1,\"name\":\"Home\",\"item\":\"https:\/\/metaltale.com\/lv\/majas\/\"},{\"@type\":\"ListItem\",\"position\":2,\"name\":\"Veikals\",\"item\":\"https:\/\/metaltale.com\/lv\/shop\/\"},{\"@type\":\"ListItem\",\"position\":3,\"name\":\"Plauktu balsti BLANKA 90&#215;130 mm\"}]},{\"@type\":\"WebSite\",\"@id\":\"https:\/\/metaltale.com\/lv\/#website\",\"url\":\"https:\/\/metaltale.com\/lv\/\",\"name\":\"Metaltale.com\",\"description\":\"\",\"potentialAction\":[{\"@type\":\"SearchAction\",\"target\":{\"@type\":\"EntryPoint\",\"urlTemplate\":\"https:\/\/metaltale.com\/lv\/?s={search_term_string}\"},\"query-input\":{\"@type\":\"PropertyValueSpecification\",\"valueRequired\":true,\"valueName\":\"search_term_string\"}}],\"inLanguage\":\"lv-LV\"}]}<\/script>\n<!-- \/ Yoast SEO plugin. -->","yoast_head_json":{"title":"Plauktu balsti BLANKA 90x130 mm - MetalTale.com","robots":{"index":"index","follow":"follow","max-snippet":"max-snippet:-1","max-image-preview":"max-image-preview:large","max-video-preview":"max-video-preview:-1"},"canonical":"https:\/\/metaltale.com\/lv\/produkts\/plauktu-balsti-blanka-90x130-mm\/","og_locale":"lv_LV","og_type":"article","og_title":"Plauktu balsti BLANKA 90x130 mm - MetalTale.com","og_description":"Modelis FOR. WDRXX Materi\u0101ls T\u0113rauds Kop\u0113jais augstums (cm ) Kop\u0113j\u0101 projekcija (cm ) 18 Mont\u0101\u017eas skr\u016bves N\u0113 T\u0113rauda kr\u0101sa Daudzums","og_url":"https:\/\/metaltale.com\/lv\/produkts\/plauktu-balsti-blanka-90x130-mm\/","og_site_name":"MetalTale.com","og_image":[{"width":800,"height":800,"url":"https:\/\/metaltale.com\/wp-content\/uploads\/2024\/02\/Lentynos-atramos-BLANKA-90x130-mm.jpg","type":"image\/jpeg"}],"twitter_card":"summary_large_image","twitter_misc":{"Est. reading time":"1 minute"},"schema":{"@context":"https:\/\/schema.org","@graph":[{"@type":"WebPage","@id":"https:\/\/metaltale.com\/lv\/produkts\/plauktu-balsti-blanka-90x130-mm\/","url":"https:\/\/metaltale.com\/lv\/produkts\/plauktu-balsti-blanka-90x130-mm\/","name":"Plauktu balsti BLANKA 90x130 mm - MetalTale.com","isPartOf":{"@id":"https:\/\/metaltale.com\/lv\/#website"},"primaryImageOfPage":{"@id":"https:\/\/metaltale.com\/lv\/produkts\/plauktu-balsti-blanka-90x130-mm\/#primaryimage"},"image":{"@id":"https:\/\/metaltale.com\/lv\/produkts\/plauktu-balsti-blanka-90x130-mm\/#primaryimage"},"thumbnailUrl":"https:\/\/metaltale.com\/wp-content\/uploads\/2024\/02\/Lentynos-atramos-BLANKA-90x130-mm.jpg","datePublished":"2024-02-13T12:01:04+00:00","breadcrumb":{"@id":"https:\/\/metaltale.com\/lv\/produkts\/plauktu-balsti-blanka-90x130-mm\/#breadcrumb"},"inLanguage":"lv-LV","potentialAction":[{"@type":"ReadAction","target":["https:\/\/metaltale.com\/lv\/produkts\/plauktu-balsti-blanka-90x130-mm\/"]}]},{"@type":"ImageObject","inLanguage":"lv-LV","@id":"https:\/\/metaltale.com\/lv\/produkts\/plauktu-balsti-blanka-90x130-mm\/#primaryimage","url":"https:\/\/metaltale.com\/wp-content\/uploads\/2024\/02\/Lentynos-atramos-BLANKA-90x130-mm.jpg","contentUrl":"https:\/\/metaltale.com\/wp-content\/uploads\/2024\/02\/Lentynos-atramos-BLANKA-90x130-mm.jpg","width":800,"height":800,"caption":"Plauktu balsti BLANKA 90x130 mm"},{"@type":"BreadcrumbList","@id":"https:\/\/metaltale.com\/lv\/produkts\/plauktu-balsti-blanka-90x130-mm\/#breadcrumb","itemListElement":[{"@type":"ListItem","position":1,"name":"Home","item":"https:\/\/metaltale.com\/lv\/majas\/"},{"@type":"ListItem","position":2,"name":"Veikals","item":"https:\/\/metaltale.com\/lv\/shop\/"},{"@type":"ListItem","position":3,"name":"Plauktu balsti BLANKA 90&#215;130 mm"}]},{"@type":"WebSite","@id":"https:\/\/metaltale.com\/lv\/#website","url":"https:\/\/metaltale.com\/lv\/","name":"Metaltale.com","description":"","potentialAction":[{"@type":"SearchAction","target":{"@type":"EntryPoint","urlTemplate":"https:\/\/metaltale.com\/lv\/?s={search_term_string}"},"query-input":{"@type":"PropertyValueSpecification","valueRequired":true,"valueName":"search_term_string"}}],"inLanguage":"lv-LV"}]}},"_links":{"self":[{"href":"https:\/\/metaltale.com\/lv\/wp-json\/wp\/v2\/product\/138667","targetHints":{"allow":["GET"]}}],"collection":[{"href":"https:\/\/metaltale.com\/lv\/wp-json\/wp\/v2\/product"}],"about":[{"href":"https:\/\/metaltale.com\/lv\/wp-json\/wp\/v2\/types\/product"}],"replies":[{"embeddable":true,"href":"https:\/\/metaltale.com\/lv\/wp-json\/wp\/v2\/comments?post=138667"}],"version-history":[{"count":0,"href":"https:\/\/metaltale.com\/lv\/wp-json\/wp\/v2\/product\/138667\/revisions"}],"wp:featuredmedia":[{"embeddable":true,"href":"https:\/\/metaltale.com\/lv\/wp-json\/wp\/v2\/media\/131753"}],"wp:attachment":[{"href":"https:\/\/metaltale.com\/lv\/wp-json\/wp\/v2\/media?parent=138667"}],"wp:term":[{"taxonomy":"product_brand","embeddable":true,"href":"https:\/\/metaltale.com\/lv\/wp-json\/wp\/v2\/product_brand?post=138667"},{"taxonomy":"product_cat","embeddable":true,"href":"https:\/\/metaltale.com\/lv\/wp-json\/wp\/v2\/product_cat?post=138667"},{"taxonomy":"product_tag","embeddable":true,"href":"https:\/\/metaltale.com\/lv\/wp-json\/wp\/v2\/product_tag?post=138667"}],"curies":[{"name":"wp","href":"https:\/\/api.w.org\/{rel}","templated":true}]}}