{"id":138664,"date":"2024-02-13T14:01:42","date_gmt":"2024-02-13T12:01:42","guid":{"rendered":"https:\/\/metaltale.com\/produktas\/drebju-akis-serce-rm-melns\/"},"modified":"2024-02-13T14:01:42","modified_gmt":"2024-02-13T12:01:42","slug":"drebju-akis-serce-rm-melns","status":"publish","type":"product","link":"https:\/\/metaltale.com\/lv\/produkts\/drebju-akis-serce-rm-melns\/","title":{"rendered":"Dr\u0113bju \u0101\u0137is SERCE R&amp;M, melns"},"content":{"rendered":"<div class=\"prod_data\">\n<p><strong>Modelis<\/strong> 70.336G. AI.101-PRGR<br \/>\nMateri\u0101ls Ketus<br \/>\n<strong>Kop\u0113jais augstums (cm<\/strong> ) 10<br \/>\n<strong>Kop\u0113j\u0101 projekcija (cm<\/strong> ) 6<br \/>\n<strong>Pamatnes izm\u0113ri (cm)<\/strong> 5 x 5,5<br \/>\n<strong>Veids<\/strong> Vienviet\u012bgs<br \/>\nKr\u0101sa Melna<\/p>\n<p>Pareizi izgatavots \u010duguns garant\u0113 no t\u0101 izgatavoto m\u0113be\u013cu piederumu augstu iztur\u012bbu. R\u016bp\u012bgi izv\u0113l\u0113ti lauku aksesu\u0101ri vis\u0101 telp\u0101 rada unik\u0101lu atmosf\u0113ru, kas ir \u013coti rakstur\u012bga retro interjera dizainam.<\/p>\n<p>Att\u0113l\u0101 redzamais <strong>piekaramais \u0101\u0137is<\/strong> ir viens no klasiskajiem funkcion\u0101lo \u0101\u0137u mode\u013ciem. Viens piekari\u0146\u0161, pacelts virs dekorat\u012bva, grav\u0113ta pane\u013ca, atg\u0101dina \u0161\u0137\u0113pu, kas iestr\u0113dzis sav\u0101 form\u0101. Lai palielin\u0101tu lietot\u0101ja dro\u0161\u012bbu un komfortu, kulona aug\u0161\u0113j\u0101 da\u013ca ir nogludin\u0101ta un noapa\u013cota.<\/p>\n<p>Vair\u0101k nek\u0101 500 vien\u012bbu ieg\u0101de Varat izveidot piel\u0101gotu logotipu vai uzrakstu.<\/p>\n<p>Fiks\u0113jams, pateicoties trim stiprin\u0101juma caurumiem, skr\u016bves ir iek\u013cautas komplekt\u0101.<\/p>\n<\/div>\n","protected":false},"excerpt":{"rendered":"<p>Modelis 70.336G. AI.101-PRGR Materi\u0101ls Ketus Kop\u0113jais augstums (cm ) 10 Kop\u0113j\u0101 projekcija (cm ) 6 Pamatnes izm\u0113ri (cm) 5 x<\/p>\n","protected":false},"featured_media":129980,"comment_status":"open","ping_status":"closed","template":"","meta":{"_acf_changed":false,"pmpro_default_level":""},"product_brand":[],"product_cat":[23837,23862],"product_tag":[],"class_list":{"0":"post-138664","1":"product","2":"type-product","3":"status-publish","4":"has-post-thumbnail","6":"product_cat-mebeles-piederumi","7":"product_cat-pakabos-ir-kabliukai-lv","8":"pmpro-has-access","10":"first","11":"instock","12":"shipping-taxable","13":"purchasable","14":"product-type-simple"},"acf":[],"yoast_head":"<!-- This site is optimized with the Yoast SEO plugin v24.9 - https:\/\/yoast.com\/wordpress\/plugins\/seo\/ -->\n<title>Dr\u0113bju \u0101\u0137is SERCE R&amp;M, melns - MetalTale.com<\/title>\n<meta name=\"robots\" content=\"index, follow, max-snippet:-1, max-image-preview:large, max-video-preview:-1\" \/>\n<link rel=\"canonical\" href=\"https:\/\/metaltale.com\/lv\/produkts\/drebju-akis-serce-rm-melns\/\" \/>\n<meta property=\"og:locale\" content=\"lv_LV\" \/>\n<meta property=\"og:type\" content=\"article\" \/>\n<meta property=\"og:title\" content=\"Dr\u0113bju \u0101\u0137is SERCE R&amp;M, melns - MetalTale.com\" \/>\n<meta property=\"og:description\" content=\"Modelis 70.336G. AI.101-PRGR Materi\u0101ls Ketus Kop\u0113jais augstums (cm ) 10 Kop\u0113j\u0101 projekcija (cm ) 6 Pamatnes izm\u0113ri (cm) 5 x\" \/>\n<meta property=\"og:url\" content=\"https:\/\/metaltale.com\/lv\/produkts\/drebju-akis-serce-rm-melns\/\" \/>\n<meta property=\"og:site_name\" content=\"MetalTale.com\" \/>\n<meta name=\"twitter:card\" content=\"summary_large_image\" \/>\n<meta name=\"twitter:label1\" content=\"Est. reading time\" \/>\n\t<meta name=\"twitter:data1\" content=\"1 minute\" \/>\n<script type=\"application\/ld+json\" class=\"yoast-schema-graph\">{\"@context\":\"https:\/\/schema.org\",\"@graph\":[{\"@type\":\"WebPage\",\"@id\":\"https:\/\/metaltale.com\/lv\/produkts\/drebju-akis-serce-rm-melns\/\",\"url\":\"https:\/\/metaltale.com\/lv\/produkts\/drebju-akis-serce-rm-melns\/\",\"name\":\"Dr\u0113bju \u0101\u0137is SERCE R&amp;M, melns - MetalTale.com\",\"isPartOf\":{\"@id\":\"https:\/\/metaltale.com\/lv\/#website\"},\"primaryImageOfPage\":{\"@id\":\"https:\/\/metaltale.com\/lv\/produkts\/drebju-akis-serce-rm-melns\/#primaryimage\"},\"image\":{\"@id\":\"https:\/\/metaltale.com\/lv\/produkts\/drebju-akis-serce-rm-melns\/#primaryimage\"},\"thumbnailUrl\":\"https:\/\/metaltale.com\/wp-content\/uploads\/2024\/01\/Kabliukas-rubams-SERCE-RM-juoda.jpg\",\"datePublished\":\"2024-02-13T12:01:42+00:00\",\"breadcrumb\":{\"@id\":\"https:\/\/metaltale.com\/lv\/produkts\/drebju-akis-serce-rm-melns\/#breadcrumb\"},\"inLanguage\":\"lv-LV\",\"potentialAction\":[{\"@type\":\"ReadAction\",\"target\":[\"https:\/\/metaltale.com\/lv\/produkts\/drebju-akis-serce-rm-melns\/\"]}]},{\"@type\":\"ImageObject\",\"inLanguage\":\"lv-LV\",\"@id\":\"https:\/\/metaltale.com\/lv\/produkts\/drebju-akis-serce-rm-melns\/#primaryimage\",\"url\":\"https:\/\/metaltale.com\/wp-content\/uploads\/2024\/01\/Kabliukas-rubams-SERCE-RM-juoda.jpg\",\"contentUrl\":\"https:\/\/metaltale.com\/wp-content\/uploads\/2024\/01\/Kabliukas-rubams-SERCE-RM-juoda.jpg\",\"width\":800,\"height\":800,\"caption\":\"Dr\u0113bju \u0101\u0137is SERCE R&amp;M, melns\"},{\"@type\":\"BreadcrumbList\",\"@id\":\"https:\/\/metaltale.com\/lv\/produkts\/drebju-akis-serce-rm-melns\/#breadcrumb\",\"itemListElement\":[{\"@type\":\"ListItem\",\"position\":1,\"name\":\"Home\",\"item\":\"https:\/\/metaltale.com\/lv\/majas\/\"},{\"@type\":\"ListItem\",\"position\":2,\"name\":\"Veikals\",\"item\":\"https:\/\/metaltale.com\/lv\/shop\/\"},{\"@type\":\"ListItem\",\"position\":3,\"name\":\"Dr\u0113bju \u0101\u0137is SERCE R&amp;M, melns\"}]},{\"@type\":\"WebSite\",\"@id\":\"https:\/\/metaltale.com\/lv\/#website\",\"url\":\"https:\/\/metaltale.com\/lv\/\",\"name\":\"Metaltale.com\",\"description\":\"\",\"potentialAction\":[{\"@type\":\"SearchAction\",\"target\":{\"@type\":\"EntryPoint\",\"urlTemplate\":\"https:\/\/metaltale.com\/lv\/?s={search_term_string}\"},\"query-input\":{\"@type\":\"PropertyValueSpecification\",\"valueRequired\":true,\"valueName\":\"search_term_string\"}}],\"inLanguage\":\"lv-LV\"}]}<\/script>\n<!-- \/ Yoast SEO plugin. -->","yoast_head_json":{"title":"Dr\u0113bju \u0101\u0137is SERCE R&amp;M, melns - MetalTale.com","robots":{"index":"index","follow":"follow","max-snippet":"max-snippet:-1","max-image-preview":"max-image-preview:large","max-video-preview":"max-video-preview:-1"},"canonical":"https:\/\/metaltale.com\/lv\/produkts\/drebju-akis-serce-rm-melns\/","og_locale":"lv_LV","og_type":"article","og_title":"Dr\u0113bju \u0101\u0137is SERCE R&amp;M, melns - MetalTale.com","og_description":"Modelis 70.336G. AI.101-PRGR Materi\u0101ls Ketus Kop\u0113jais augstums (cm ) 10 Kop\u0113j\u0101 projekcija (cm ) 6 Pamatnes izm\u0113ri (cm) 5 x","og_url":"https:\/\/metaltale.com\/lv\/produkts\/drebju-akis-serce-rm-melns\/","og_site_name":"MetalTale.com","twitter_card":"summary_large_image","twitter_misc":{"Est. reading time":"1 minute"},"schema":{"@context":"https:\/\/schema.org","@graph":[{"@type":"WebPage","@id":"https:\/\/metaltale.com\/lv\/produkts\/drebju-akis-serce-rm-melns\/","url":"https:\/\/metaltale.com\/lv\/produkts\/drebju-akis-serce-rm-melns\/","name":"Dr\u0113bju \u0101\u0137is SERCE R&amp;M, melns - MetalTale.com","isPartOf":{"@id":"https:\/\/metaltale.com\/lv\/#website"},"primaryImageOfPage":{"@id":"https:\/\/metaltale.com\/lv\/produkts\/drebju-akis-serce-rm-melns\/#primaryimage"},"image":{"@id":"https:\/\/metaltale.com\/lv\/produkts\/drebju-akis-serce-rm-melns\/#primaryimage"},"thumbnailUrl":"https:\/\/metaltale.com\/wp-content\/uploads\/2024\/01\/Kabliukas-rubams-SERCE-RM-juoda.jpg","datePublished":"2024-02-13T12:01:42+00:00","breadcrumb":{"@id":"https:\/\/metaltale.com\/lv\/produkts\/drebju-akis-serce-rm-melns\/#breadcrumb"},"inLanguage":"lv-LV","potentialAction":[{"@type":"ReadAction","target":["https:\/\/metaltale.com\/lv\/produkts\/drebju-akis-serce-rm-melns\/"]}]},{"@type":"ImageObject","inLanguage":"lv-LV","@id":"https:\/\/metaltale.com\/lv\/produkts\/drebju-akis-serce-rm-melns\/#primaryimage","url":"https:\/\/metaltale.com\/wp-content\/uploads\/2024\/01\/Kabliukas-rubams-SERCE-RM-juoda.jpg","contentUrl":"https:\/\/metaltale.com\/wp-content\/uploads\/2024\/01\/Kabliukas-rubams-SERCE-RM-juoda.jpg","width":800,"height":800,"caption":"Dr\u0113bju \u0101\u0137is SERCE R&amp;M, melns"},{"@type":"BreadcrumbList","@id":"https:\/\/metaltale.com\/lv\/produkts\/drebju-akis-serce-rm-melns\/#breadcrumb","itemListElement":[{"@type":"ListItem","position":1,"name":"Home","item":"https:\/\/metaltale.com\/lv\/majas\/"},{"@type":"ListItem","position":2,"name":"Veikals","item":"https:\/\/metaltale.com\/lv\/shop\/"},{"@type":"ListItem","position":3,"name":"Dr\u0113bju \u0101\u0137is SERCE R&amp;M, melns"}]},{"@type":"WebSite","@id":"https:\/\/metaltale.com\/lv\/#website","url":"https:\/\/metaltale.com\/lv\/","name":"Metaltale.com","description":"","potentialAction":[{"@type":"SearchAction","target":{"@type":"EntryPoint","urlTemplate":"https:\/\/metaltale.com\/lv\/?s={search_term_string}"},"query-input":{"@type":"PropertyValueSpecification","valueRequired":true,"valueName":"search_term_string"}}],"inLanguage":"lv-LV"}]}},"_links":{"self":[{"href":"https:\/\/metaltale.com\/lv\/wp-json\/wp\/v2\/product\/138664","targetHints":{"allow":["GET"]}}],"collection":[{"href":"https:\/\/metaltale.com\/lv\/wp-json\/wp\/v2\/product"}],"about":[{"href":"https:\/\/metaltale.com\/lv\/wp-json\/wp\/v2\/types\/product"}],"replies":[{"embeddable":true,"href":"https:\/\/metaltale.com\/lv\/wp-json\/wp\/v2\/comments?post=138664"}],"version-history":[{"count":0,"href":"https:\/\/metaltale.com\/lv\/wp-json\/wp\/v2\/product\/138664\/revisions"}],"wp:featuredmedia":[{"embeddable":true,"href":"https:\/\/metaltale.com\/lv\/wp-json\/wp\/v2\/media\/129980"}],"wp:attachment":[{"href":"https:\/\/metaltale.com\/lv\/wp-json\/wp\/v2\/media?parent=138664"}],"wp:term":[{"taxonomy":"product_brand","embeddable":true,"href":"https:\/\/metaltale.com\/lv\/wp-json\/wp\/v2\/product_brand?post=138664"},{"taxonomy":"product_cat","embeddable":true,"href":"https:\/\/metaltale.com\/lv\/wp-json\/wp\/v2\/product_cat?post=138664"},{"taxonomy":"product_tag","embeddable":true,"href":"https:\/\/metaltale.com\/lv\/wp-json\/wp\/v2\/product_tag?post=138664"}],"curies":[{"name":"wp","href":"https:\/\/api.w.org\/{rel}","templated":true}]}}