{"id":138650,"date":"2024-02-13T14:01:42","date_gmt":"2024-02-13T12:01:42","guid":{"rendered":"https:\/\/metaltale.com\/produktas\/plaukta-atbalsts-arizona-195x185mm-natural\/"},"modified":"2024-02-13T14:01:42","modified_gmt":"2024-02-13T12:01:42","slug":"plaukta-atbalsts-arizona-195x185mm-natural","status":"publish","type":"product","link":"https:\/\/metaltale.com\/lv\/produkts\/plaukta-atbalsts-arizona-195x185mm-natural\/","title":{"rendered":"Plaukta atbalsts ARIZONA 195x185mm NATURAL"},"content":{"rendered":"<div class=\"prod_data\">\n<p>49.070A <strong>paraugs.<\/strong>  AI.190<br \/>\n<strong>EAN.<\/strong>  5905369921759<br \/>\n<strong>Materi\u0101ls<\/strong> T\u0113rauds<br \/>\n<strong>Kop\u0113jais augstums (cm<\/strong> ) 18,5<br \/>\n<strong>Kop\u0113jais platums (cm<\/strong> ) 5,5<br \/>\n<strong>Kop\u0113j\u0101 projekcija (cm<\/strong> ) 19,5<br \/>\nMont\u0101\u017eas skr\u016bves J\u0101<br \/>\nT\u0113rauda <strong>kr\u0101sa<\/strong><br \/>\nDaudzums komplekt\u0101 1 gab.<\/p>\n<p><span style=\"font-size: medium;\">&#8211; cinkotie stiprin\u0101juma caurumi \u013cauj skr\u016bv\u0113m atrasties vien\u0101 l\u012bmen\u012b ar kron\u0161teina virsmu.<\/span><br \/>\n<span style=\"font-size: medium;\">&#8211; fiks\u0101cijas punktu kl\u0101tb\u016btne ne\u013cauj pl\u0101ksnei kust\u0113ties.<\/span><span style=\"font-size: medium;\"><\/p>\n<p>&#8211; izgatavots no \u010duguna <span style=\"font-size: medium;\">ar dekorat\u012bvu loku un trim savienojuma elementiem<\/span> &#8211; pateicoties augstas kvalit\u0101tes sakaus\u0113jumam, tas nodro\u0161ina stabilu atbalstu zem plaukta &#8211; kron\u0161teina forma un izm\u0113rs \u013cauj izgatavot da\u017e\u0101da biezuma un dzi\u013cuma plauktus &#8211; noapa\u013cot\u0101s malas un ar rok\u0101m veidot\u0101s deta\u013cas padara izstr\u0101d\u0101jumu ne tikai est\u0113tisku, bet ar\u012b praktisku un dro\u0161u<\/span><br \/>\n<span style=\"font-size: medium;\">&#8211; daudzpus\u012bba \u013cauj plauktu izgatavot no koka pl\u0101ksnes, skaidu pl\u0101tnes vai MDF.<\/span><\/p>\n<hr>\n<p><span style=\"font-size: medium;\">Arizona ir izstr\u0101d\u0101jums, kas ir ide\u0101li piem\u0113rots k\u0101 gr\u0101matu vai dekor\u0101ciju plauktu tur\u0113t\u0101js. T\u0101 arhitekt\u016bra nedomin\u0113s plaukt\u0101, bet gan uzsv\u0113rs t\u0101 lauku raksturu.<\/span><br \/>\n<span style=\"font-size: medium;\">Tas ir lielisks papildin\u0101jums pla\u0161ajiem, industri\u0101lajiem interjeriem, k\u0101 ar\u012b pietic\u012bg\u0101m viesistab\u0101m un cit\u0101m m\u016bsdien\u012bga dizaina telp\u0101m.<\/span><\/p>\n<hr>\n<p style=\"text-align: left;\"><span style=\"font-size: medium;\">* Plauktu kron\u0161teini ir izgatavoti ar rok\u0101m, t\u0101p\u0113c var b\u016bt neliela nob\u012bde (ne prec\u012bzi 90\u00b0). <\/span><\/p>\n<\/div>\n","protected":false},"excerpt":{"rendered":"<p>49.070A paraugs. AI.190 EAN. 5905369921759 Materi\u0101ls T\u0113rauds Kop\u0113jais augstums (cm ) 18,5 Kop\u0113jais platums (cm ) 5,5 Kop\u0113j\u0101 projekcija (cm<\/p>\n","protected":false},"featured_media":119739,"comment_status":"open","ping_status":"closed","template":"","meta":{"_acf_changed":false,"pmpro_default_level":""},"product_brand":[],"product_cat":[23861,23837],"product_tag":[],"class_list":{"0":"post-138650","1":"product","2":"type-product","3":"status-publish","4":"has-post-thumbnail","6":"product_cat-lentynu-laikikliai-lv","7":"product_cat-mebeles-piederumi","8":"pmpro-has-access","10":"first","11":"instock","12":"shipping-taxable","13":"purchasable","14":"product-type-simple"},"acf":[],"yoast_head":"<!-- This site is optimized with the Yoast SEO plugin v24.9 - https:\/\/yoast.com\/wordpress\/plugins\/seo\/ -->\n<title>Plaukta atbalsts ARIZONA 195x185mm NATURAL - MetalTale.com<\/title>\n<meta name=\"robots\" content=\"index, follow, max-snippet:-1, max-image-preview:large, max-video-preview:-1\" \/>\n<link rel=\"canonical\" href=\"https:\/\/metaltale.com\/lv\/produkts\/plaukta-atbalsts-arizona-195x185mm-natural\/\" \/>\n<meta property=\"og:locale\" content=\"lv_LV\" \/>\n<meta property=\"og:type\" content=\"article\" \/>\n<meta property=\"og:title\" content=\"Plaukta atbalsts ARIZONA 195x185mm NATURAL - MetalTale.com\" \/>\n<meta property=\"og:description\" content=\"49.070A paraugs. AI.190 EAN. 5905369921759 Materi\u0101ls T\u0113rauds Kop\u0113jais augstums (cm ) 18,5 Kop\u0113jais platums (cm ) 5,5 Kop\u0113j\u0101 projekcija (cm\" \/>\n<meta property=\"og:url\" content=\"https:\/\/metaltale.com\/lv\/produkts\/plaukta-atbalsts-arizona-195x185mm-natural\/\" \/>\n<meta property=\"og:site_name\" content=\"MetalTale.com\" \/>\n<meta property=\"og:image\" content=\"https:\/\/metaltale.com\/wp-content\/uploads\/2024\/01\/lentynos-laikiklis-2.jpg\" \/>\n\t<meta property=\"og:image:width\" content=\"800\" \/>\n\t<meta property=\"og:image:height\" content=\"800\" \/>\n\t<meta property=\"og:image:type\" content=\"image\/jpeg\" \/>\n<meta name=\"twitter:card\" content=\"summary_large_image\" \/>\n<meta name=\"twitter:label1\" content=\"Est. reading time\" \/>\n\t<meta name=\"twitter:data1\" content=\"1 minute\" \/>\n<script type=\"application\/ld+json\" class=\"yoast-schema-graph\">{\"@context\":\"https:\/\/schema.org\",\"@graph\":[{\"@type\":\"WebPage\",\"@id\":\"https:\/\/metaltale.com\/lv\/produkts\/plaukta-atbalsts-arizona-195x185mm-natural\/\",\"url\":\"https:\/\/metaltale.com\/lv\/produkts\/plaukta-atbalsts-arizona-195x185mm-natural\/\",\"name\":\"Plaukta atbalsts ARIZONA 195x185mm NATURAL - MetalTale.com\",\"isPartOf\":{\"@id\":\"https:\/\/metaltale.com\/lv\/#website\"},\"primaryImageOfPage\":{\"@id\":\"https:\/\/metaltale.com\/lv\/produkts\/plaukta-atbalsts-arizona-195x185mm-natural\/#primaryimage\"},\"image\":{\"@id\":\"https:\/\/metaltale.com\/lv\/produkts\/plaukta-atbalsts-arizona-195x185mm-natural\/#primaryimage\"},\"thumbnailUrl\":\"https:\/\/metaltale.com\/wp-content\/uploads\/2024\/01\/lentynos-laikiklis-2.jpg\",\"datePublished\":\"2024-02-13T12:01:42+00:00\",\"breadcrumb\":{\"@id\":\"https:\/\/metaltale.com\/lv\/produkts\/plaukta-atbalsts-arizona-195x185mm-natural\/#breadcrumb\"},\"inLanguage\":\"lv-LV\",\"potentialAction\":[{\"@type\":\"ReadAction\",\"target\":[\"https:\/\/metaltale.com\/lv\/produkts\/plaukta-atbalsts-arizona-195x185mm-natural\/\"]}]},{\"@type\":\"ImageObject\",\"inLanguage\":\"lv-LV\",\"@id\":\"https:\/\/metaltale.com\/lv\/produkts\/plaukta-atbalsts-arizona-195x185mm-natural\/#primaryimage\",\"url\":\"https:\/\/metaltale.com\/wp-content\/uploads\/2024\/01\/lentynos-laikiklis-2.jpg\",\"contentUrl\":\"https:\/\/metaltale.com\/wp-content\/uploads\/2024\/01\/lentynos-laikiklis-2.jpg\",\"width\":800,\"height\":800,\"caption\":\"plaukta kron\u0161teins\"},{\"@type\":\"BreadcrumbList\",\"@id\":\"https:\/\/metaltale.com\/lv\/produkts\/plaukta-atbalsts-arizona-195x185mm-natural\/#breadcrumb\",\"itemListElement\":[{\"@type\":\"ListItem\",\"position\":1,\"name\":\"Home\",\"item\":\"https:\/\/metaltale.com\/lv\/majas\/\"},{\"@type\":\"ListItem\",\"position\":2,\"name\":\"Veikals\",\"item\":\"https:\/\/metaltale.com\/lv\/shop\/\"},{\"@type\":\"ListItem\",\"position\":3,\"name\":\"Plaukta atbalsts ARIZONA 195x185mm NATURAL\"}]},{\"@type\":\"WebSite\",\"@id\":\"https:\/\/metaltale.com\/lv\/#website\",\"url\":\"https:\/\/metaltale.com\/lv\/\",\"name\":\"Metaltale.com\",\"description\":\"\",\"potentialAction\":[{\"@type\":\"SearchAction\",\"target\":{\"@type\":\"EntryPoint\",\"urlTemplate\":\"https:\/\/metaltale.com\/lv\/?s={search_term_string}\"},\"query-input\":{\"@type\":\"PropertyValueSpecification\",\"valueRequired\":true,\"valueName\":\"search_term_string\"}}],\"inLanguage\":\"lv-LV\"}]}<\/script>\n<!-- \/ Yoast SEO plugin. -->","yoast_head_json":{"title":"Plaukta atbalsts ARIZONA 195x185mm NATURAL - MetalTale.com","robots":{"index":"index","follow":"follow","max-snippet":"max-snippet:-1","max-image-preview":"max-image-preview:large","max-video-preview":"max-video-preview:-1"},"canonical":"https:\/\/metaltale.com\/lv\/produkts\/plaukta-atbalsts-arizona-195x185mm-natural\/","og_locale":"lv_LV","og_type":"article","og_title":"Plaukta atbalsts ARIZONA 195x185mm NATURAL - MetalTale.com","og_description":"49.070A paraugs. AI.190 EAN. 5905369921759 Materi\u0101ls T\u0113rauds Kop\u0113jais augstums (cm ) 18,5 Kop\u0113jais platums (cm ) 5,5 Kop\u0113j\u0101 projekcija (cm","og_url":"https:\/\/metaltale.com\/lv\/produkts\/plaukta-atbalsts-arizona-195x185mm-natural\/","og_site_name":"MetalTale.com","og_image":[{"width":800,"height":800,"url":"https:\/\/metaltale.com\/wp-content\/uploads\/2024\/01\/lentynos-laikiklis-2.jpg","type":"image\/jpeg"}],"twitter_card":"summary_large_image","twitter_misc":{"Est. reading time":"1 minute"},"schema":{"@context":"https:\/\/schema.org","@graph":[{"@type":"WebPage","@id":"https:\/\/metaltale.com\/lv\/produkts\/plaukta-atbalsts-arizona-195x185mm-natural\/","url":"https:\/\/metaltale.com\/lv\/produkts\/plaukta-atbalsts-arizona-195x185mm-natural\/","name":"Plaukta atbalsts ARIZONA 195x185mm NATURAL - MetalTale.com","isPartOf":{"@id":"https:\/\/metaltale.com\/lv\/#website"},"primaryImageOfPage":{"@id":"https:\/\/metaltale.com\/lv\/produkts\/plaukta-atbalsts-arizona-195x185mm-natural\/#primaryimage"},"image":{"@id":"https:\/\/metaltale.com\/lv\/produkts\/plaukta-atbalsts-arizona-195x185mm-natural\/#primaryimage"},"thumbnailUrl":"https:\/\/metaltale.com\/wp-content\/uploads\/2024\/01\/lentynos-laikiklis-2.jpg","datePublished":"2024-02-13T12:01:42+00:00","breadcrumb":{"@id":"https:\/\/metaltale.com\/lv\/produkts\/plaukta-atbalsts-arizona-195x185mm-natural\/#breadcrumb"},"inLanguage":"lv-LV","potentialAction":[{"@type":"ReadAction","target":["https:\/\/metaltale.com\/lv\/produkts\/plaukta-atbalsts-arizona-195x185mm-natural\/"]}]},{"@type":"ImageObject","inLanguage":"lv-LV","@id":"https:\/\/metaltale.com\/lv\/produkts\/plaukta-atbalsts-arizona-195x185mm-natural\/#primaryimage","url":"https:\/\/metaltale.com\/wp-content\/uploads\/2024\/01\/lentynos-laikiklis-2.jpg","contentUrl":"https:\/\/metaltale.com\/wp-content\/uploads\/2024\/01\/lentynos-laikiklis-2.jpg","width":800,"height":800,"caption":"plaukta kron\u0161teins"},{"@type":"BreadcrumbList","@id":"https:\/\/metaltale.com\/lv\/produkts\/plaukta-atbalsts-arizona-195x185mm-natural\/#breadcrumb","itemListElement":[{"@type":"ListItem","position":1,"name":"Home","item":"https:\/\/metaltale.com\/lv\/majas\/"},{"@type":"ListItem","position":2,"name":"Veikals","item":"https:\/\/metaltale.com\/lv\/shop\/"},{"@type":"ListItem","position":3,"name":"Plaukta atbalsts ARIZONA 195x185mm NATURAL"}]},{"@type":"WebSite","@id":"https:\/\/metaltale.com\/lv\/#website","url":"https:\/\/metaltale.com\/lv\/","name":"Metaltale.com","description":"","potentialAction":[{"@type":"SearchAction","target":{"@type":"EntryPoint","urlTemplate":"https:\/\/metaltale.com\/lv\/?s={search_term_string}"},"query-input":{"@type":"PropertyValueSpecification","valueRequired":true,"valueName":"search_term_string"}}],"inLanguage":"lv-LV"}]}},"_links":{"self":[{"href":"https:\/\/metaltale.com\/lv\/wp-json\/wp\/v2\/product\/138650","targetHints":{"allow":["GET"]}}],"collection":[{"href":"https:\/\/metaltale.com\/lv\/wp-json\/wp\/v2\/product"}],"about":[{"href":"https:\/\/metaltale.com\/lv\/wp-json\/wp\/v2\/types\/product"}],"replies":[{"embeddable":true,"href":"https:\/\/metaltale.com\/lv\/wp-json\/wp\/v2\/comments?post=138650"}],"version-history":[{"count":0,"href":"https:\/\/metaltale.com\/lv\/wp-json\/wp\/v2\/product\/138650\/revisions"}],"wp:featuredmedia":[{"embeddable":true,"href":"https:\/\/metaltale.com\/lv\/wp-json\/wp\/v2\/media\/119739"}],"wp:attachment":[{"href":"https:\/\/metaltale.com\/lv\/wp-json\/wp\/v2\/media?parent=138650"}],"wp:term":[{"taxonomy":"product_brand","embeddable":true,"href":"https:\/\/metaltale.com\/lv\/wp-json\/wp\/v2\/product_brand?post=138650"},{"taxonomy":"product_cat","embeddable":true,"href":"https:\/\/metaltale.com\/lv\/wp-json\/wp\/v2\/product_cat?post=138650"},{"taxonomy":"product_tag","embeddable":true,"href":"https:\/\/metaltale.com\/lv\/wp-json\/wp\/v2\/product_tag?post=138650"}],"curies":[{"name":"wp","href":"https:\/\/api.w.org\/{rel}","templated":true}]}}