{"id":138645,"date":"2024-02-13T14:01:42","date_gmt":"2024-02-13T12:01:42","guid":{"rendered":"https:\/\/metaltale.com\/produktas\/plaukta-atbalsts-arrow-195x150mm-natural\/"},"modified":"2024-02-13T14:01:42","modified_gmt":"2024-02-13T12:01:42","slug":"plaukta-atbalsts-arrow-195x150mm-natural","status":"publish","type":"product","link":"https:\/\/metaltale.com\/lv\/produkts\/plaukta-atbalsts-arrow-195x150mm-natural\/","title":{"rendered":"Plaukta atbalsts ARROW 195x150mm NATURAL"},"content":{"rendered":"<div class=\"prod_data\">\n<p><strong>Modelis<\/strong> 70.074.AI..200<br \/>\n<strong>EAN.<\/strong>  5905369921766<br \/>\n<strong>Materi\u0101ls<\/strong> T\u0113rauds<br \/>\n<strong>Kop\u0113jais augstums (cm<\/strong> ) 15<br \/>\n<strong>Kop\u0113jais platums (cm<\/strong> ) 3<br \/>\n<strong>Kop\u0113j\u0101 projekcija (cm<\/strong> ) 19,5<br \/>\nMont\u0101\u017eas skr\u016bves J\u0101<br \/>\nT\u0113rauda <strong>kr\u0101sa<\/strong><br \/>\n<strong>Apdare<\/strong> Rough<br \/>\nDaudzums komplekt\u0101 1 gab.<\/p>\n<p><span style=\"font-size: medium;\">&#8211; <\/span><span style=\"font-size: medium;\"><\/p>\n<p>\u010duguna kron\u0161teins ar \u013coti vienk\u0101r\u0161u un neapstr\u0101d\u0101tu dizainu &#8211; stils atsaucas uz vecajiem le\u0146\u0137a kron\u0161teiniem &#8211; tam ir rakstur\u012bgi re\u017e\u0123a formas gali &#8211; lie\u0161anas biezums nodro\u0161ina visa plaukta stabilit\u0101ti &#8211; kron\u0161teins pied\u0101v\u0101 iesp\u0113ju plauktu apdare ar MDF, skaidu pl\u0101tni, bet vislab\u0101k to kombin\u0113t ar dab\u012bgo koku. &#8211; &#8211; gan kron\u0161teina galu uzga\u013ci, gan visas malas ir sl\u012bp\u0113tas, lai nodro\u0161in\u0101tu komfortu un dro\u0161\u012bbu.<\/span><\/p>\n<hr>\n<p><span style=\"font-size: medium;\">Albions, t\u0101pat k\u0101 liela da\u013ca kron\u0161teinu, ir no \u010duguna, ta\u010du stil\u012bgi atsaucas uz kal\u0113ju laikmetu. Sprauslu konusveida gali atg\u0101dina ar rok\u0101m kaltu t\u0113raudu. Tur\u0113t\u0101js kop\u0101 ar plauktu, kas izgatavots no dab\u012bga koka, \u012bpa\u0161i no vecin\u0101ta koka, izskat\u0101s patie\u0161\u0101m iespaid\u012bgi. Tas ir lielisks papildin\u0101jums telp\u0101m ar \u0137ie\u0123e\u013cu vai raupja akmens elementiem.<br \/>\nTas izskat\u0101s vienl\u012bdz iespaid\u012bgi ar\u012b m\u016bsdien\u012bgos interjeros, drosm\u012bgi izce\u013cot stilu.<\/span><\/p>\n<hr>\n<p style=\"text-align: left;\"><span style=\"font-size: medium;\"> * Plauktu kron\u0161teini ir izgatavoti ar rok\u0101m, t\u0101p\u0113c var b\u016bt neliela nob\u012bde (ne prec\u012bzi 90\u00b0).<\/span><\/p>\n<\/div>\n","protected":false},"excerpt":{"rendered":"<p>Modelis 70.074.AI..200 EAN. 5905369921766 Materi\u0101ls T\u0113rauds Kop\u0113jais augstums (cm ) 15 Kop\u0113jais platums (cm ) 3 Kop\u0113j\u0101 projekcija (cm )<\/p>\n","protected":false},"featured_media":119745,"comment_status":"open","ping_status":"closed","template":"","meta":{"_acf_changed":false,"pmpro_default_level":""},"product_brand":[],"product_cat":[23861,23837],"product_tag":[],"class_list":{"0":"post-138645","1":"product","2":"type-product","3":"status-publish","4":"has-post-thumbnail","6":"product_cat-lentynu-laikikliai-lv","7":"product_cat-mebeles-piederumi","8":"pmpro-has-access","10":"first","11":"instock","12":"shipping-taxable","13":"purchasable","14":"product-type-simple"},"acf":[],"yoast_head":"<!-- This site is optimized with the Yoast SEO plugin v24.9 - https:\/\/yoast.com\/wordpress\/plugins\/seo\/ -->\n<title>Plaukta atbalsts ARROW 195x150mm NATURAL - MetalTale.com<\/title>\n<meta name=\"robots\" content=\"index, follow, max-snippet:-1, max-image-preview:large, max-video-preview:-1\" \/>\n<link rel=\"canonical\" href=\"https:\/\/metaltale.com\/lv\/produkts\/plaukta-atbalsts-arrow-195x150mm-natural\/\" \/>\n<meta property=\"og:locale\" content=\"lv_LV\" \/>\n<meta property=\"og:type\" content=\"article\" \/>\n<meta property=\"og:title\" content=\"Plaukta atbalsts ARROW 195x150mm NATURAL - MetalTale.com\" \/>\n<meta property=\"og:description\" content=\"Modelis 70.074.AI..200 EAN. 5905369921766 Materi\u0101ls T\u0113rauds Kop\u0113jais augstums (cm ) 15 Kop\u0113jais platums (cm ) 3 Kop\u0113j\u0101 projekcija (cm )\" \/>\n<meta property=\"og:url\" content=\"https:\/\/metaltale.com\/lv\/produkts\/plaukta-atbalsts-arrow-195x150mm-natural\/\" \/>\n<meta property=\"og:site_name\" content=\"MetalTale.com\" \/>\n<meta property=\"og:image\" content=\"https:\/\/metaltale.com\/wp-content\/uploads\/2024\/01\/Lentynos-laikiklis-3.jpg\" \/>\n\t<meta property=\"og:image:width\" content=\"800\" \/>\n\t<meta property=\"og:image:height\" content=\"800\" \/>\n\t<meta property=\"og:image:type\" content=\"image\/jpeg\" \/>\n<meta name=\"twitter:card\" content=\"summary_large_image\" \/>\n<meta name=\"twitter:label1\" content=\"Est. reading time\" \/>\n\t<meta name=\"twitter:data1\" content=\"1 minute\" \/>\n<script type=\"application\/ld+json\" class=\"yoast-schema-graph\">{\"@context\":\"https:\/\/schema.org\",\"@graph\":[{\"@type\":\"WebPage\",\"@id\":\"https:\/\/metaltale.com\/lv\/produkts\/plaukta-atbalsts-arrow-195x150mm-natural\/\",\"url\":\"https:\/\/metaltale.com\/lv\/produkts\/plaukta-atbalsts-arrow-195x150mm-natural\/\",\"name\":\"Plaukta atbalsts ARROW 195x150mm NATURAL - MetalTale.com\",\"isPartOf\":{\"@id\":\"https:\/\/metaltale.com\/lv\/#website\"},\"primaryImageOfPage\":{\"@id\":\"https:\/\/metaltale.com\/lv\/produkts\/plaukta-atbalsts-arrow-195x150mm-natural\/#primaryimage\"},\"image\":{\"@id\":\"https:\/\/metaltale.com\/lv\/produkts\/plaukta-atbalsts-arrow-195x150mm-natural\/#primaryimage\"},\"thumbnailUrl\":\"https:\/\/metaltale.com\/wp-content\/uploads\/2024\/01\/Lentynos-laikiklis-3.jpg\",\"datePublished\":\"2024-02-13T12:01:42+00:00\",\"breadcrumb\":{\"@id\":\"https:\/\/metaltale.com\/lv\/produkts\/plaukta-atbalsts-arrow-195x150mm-natural\/#breadcrumb\"},\"inLanguage\":\"lv-LV\",\"potentialAction\":[{\"@type\":\"ReadAction\",\"target\":[\"https:\/\/metaltale.com\/lv\/produkts\/plaukta-atbalsts-arrow-195x150mm-natural\/\"]}]},{\"@type\":\"ImageObject\",\"inLanguage\":\"lv-LV\",\"@id\":\"https:\/\/metaltale.com\/lv\/produkts\/plaukta-atbalsts-arrow-195x150mm-natural\/#primaryimage\",\"url\":\"https:\/\/metaltale.com\/wp-content\/uploads\/2024\/01\/Lentynos-laikiklis-3.jpg\",\"contentUrl\":\"https:\/\/metaltale.com\/wp-content\/uploads\/2024\/01\/Lentynos-laikiklis-3.jpg\",\"width\":800,\"height\":800,\"caption\":\"plaukta kron\u0161teins\"},{\"@type\":\"BreadcrumbList\",\"@id\":\"https:\/\/metaltale.com\/lv\/produkts\/plaukta-atbalsts-arrow-195x150mm-natural\/#breadcrumb\",\"itemListElement\":[{\"@type\":\"ListItem\",\"position\":1,\"name\":\"Home\",\"item\":\"https:\/\/metaltale.com\/lv\/majas\/\"},{\"@type\":\"ListItem\",\"position\":2,\"name\":\"Veikals\",\"item\":\"https:\/\/metaltale.com\/lv\/shop\/\"},{\"@type\":\"ListItem\",\"position\":3,\"name\":\"Plaukta atbalsts ARROW 195x150mm NATURAL\"}]},{\"@type\":\"WebSite\",\"@id\":\"https:\/\/metaltale.com\/lv\/#website\",\"url\":\"https:\/\/metaltale.com\/lv\/\",\"name\":\"Metaltale.com\",\"description\":\"\",\"potentialAction\":[{\"@type\":\"SearchAction\",\"target\":{\"@type\":\"EntryPoint\",\"urlTemplate\":\"https:\/\/metaltale.com\/lv\/?s={search_term_string}\"},\"query-input\":{\"@type\":\"PropertyValueSpecification\",\"valueRequired\":true,\"valueName\":\"search_term_string\"}}],\"inLanguage\":\"lv-LV\"}]}<\/script>\n<!-- \/ Yoast SEO plugin. -->","yoast_head_json":{"title":"Plaukta atbalsts ARROW 195x150mm NATURAL - MetalTale.com","robots":{"index":"index","follow":"follow","max-snippet":"max-snippet:-1","max-image-preview":"max-image-preview:large","max-video-preview":"max-video-preview:-1"},"canonical":"https:\/\/metaltale.com\/lv\/produkts\/plaukta-atbalsts-arrow-195x150mm-natural\/","og_locale":"lv_LV","og_type":"article","og_title":"Plaukta atbalsts ARROW 195x150mm NATURAL - MetalTale.com","og_description":"Modelis 70.074.AI..200 EAN. 5905369921766 Materi\u0101ls T\u0113rauds Kop\u0113jais augstums (cm ) 15 Kop\u0113jais platums (cm ) 3 Kop\u0113j\u0101 projekcija (cm )","og_url":"https:\/\/metaltale.com\/lv\/produkts\/plaukta-atbalsts-arrow-195x150mm-natural\/","og_site_name":"MetalTale.com","og_image":[{"width":800,"height":800,"url":"https:\/\/metaltale.com\/wp-content\/uploads\/2024\/01\/Lentynos-laikiklis-3.jpg","type":"image\/jpeg"}],"twitter_card":"summary_large_image","twitter_misc":{"Est. reading time":"1 minute"},"schema":{"@context":"https:\/\/schema.org","@graph":[{"@type":"WebPage","@id":"https:\/\/metaltale.com\/lv\/produkts\/plaukta-atbalsts-arrow-195x150mm-natural\/","url":"https:\/\/metaltale.com\/lv\/produkts\/plaukta-atbalsts-arrow-195x150mm-natural\/","name":"Plaukta atbalsts ARROW 195x150mm NATURAL - MetalTale.com","isPartOf":{"@id":"https:\/\/metaltale.com\/lv\/#website"},"primaryImageOfPage":{"@id":"https:\/\/metaltale.com\/lv\/produkts\/plaukta-atbalsts-arrow-195x150mm-natural\/#primaryimage"},"image":{"@id":"https:\/\/metaltale.com\/lv\/produkts\/plaukta-atbalsts-arrow-195x150mm-natural\/#primaryimage"},"thumbnailUrl":"https:\/\/metaltale.com\/wp-content\/uploads\/2024\/01\/Lentynos-laikiklis-3.jpg","datePublished":"2024-02-13T12:01:42+00:00","breadcrumb":{"@id":"https:\/\/metaltale.com\/lv\/produkts\/plaukta-atbalsts-arrow-195x150mm-natural\/#breadcrumb"},"inLanguage":"lv-LV","potentialAction":[{"@type":"ReadAction","target":["https:\/\/metaltale.com\/lv\/produkts\/plaukta-atbalsts-arrow-195x150mm-natural\/"]}]},{"@type":"ImageObject","inLanguage":"lv-LV","@id":"https:\/\/metaltale.com\/lv\/produkts\/plaukta-atbalsts-arrow-195x150mm-natural\/#primaryimage","url":"https:\/\/metaltale.com\/wp-content\/uploads\/2024\/01\/Lentynos-laikiklis-3.jpg","contentUrl":"https:\/\/metaltale.com\/wp-content\/uploads\/2024\/01\/Lentynos-laikiklis-3.jpg","width":800,"height":800,"caption":"plaukta kron\u0161teins"},{"@type":"BreadcrumbList","@id":"https:\/\/metaltale.com\/lv\/produkts\/plaukta-atbalsts-arrow-195x150mm-natural\/#breadcrumb","itemListElement":[{"@type":"ListItem","position":1,"name":"Home","item":"https:\/\/metaltale.com\/lv\/majas\/"},{"@type":"ListItem","position":2,"name":"Veikals","item":"https:\/\/metaltale.com\/lv\/shop\/"},{"@type":"ListItem","position":3,"name":"Plaukta atbalsts ARROW 195x150mm NATURAL"}]},{"@type":"WebSite","@id":"https:\/\/metaltale.com\/lv\/#website","url":"https:\/\/metaltale.com\/lv\/","name":"Metaltale.com","description":"","potentialAction":[{"@type":"SearchAction","target":{"@type":"EntryPoint","urlTemplate":"https:\/\/metaltale.com\/lv\/?s={search_term_string}"},"query-input":{"@type":"PropertyValueSpecification","valueRequired":true,"valueName":"search_term_string"}}],"inLanguage":"lv-LV"}]}},"_links":{"self":[{"href":"https:\/\/metaltale.com\/lv\/wp-json\/wp\/v2\/product\/138645","targetHints":{"allow":["GET"]}}],"collection":[{"href":"https:\/\/metaltale.com\/lv\/wp-json\/wp\/v2\/product"}],"about":[{"href":"https:\/\/metaltale.com\/lv\/wp-json\/wp\/v2\/types\/product"}],"replies":[{"embeddable":true,"href":"https:\/\/metaltale.com\/lv\/wp-json\/wp\/v2\/comments?post=138645"}],"version-history":[{"count":0,"href":"https:\/\/metaltale.com\/lv\/wp-json\/wp\/v2\/product\/138645\/revisions"}],"wp:featuredmedia":[{"embeddable":true,"href":"https:\/\/metaltale.com\/lv\/wp-json\/wp\/v2\/media\/119745"}],"wp:attachment":[{"href":"https:\/\/metaltale.com\/lv\/wp-json\/wp\/v2\/media?parent=138645"}],"wp:term":[{"taxonomy":"product_brand","embeddable":true,"href":"https:\/\/metaltale.com\/lv\/wp-json\/wp\/v2\/product_brand?post=138645"},{"taxonomy":"product_cat","embeddable":true,"href":"https:\/\/metaltale.com\/lv\/wp-json\/wp\/v2\/product_cat?post=138645"},{"taxonomy":"product_tag","embeddable":true,"href":"https:\/\/metaltale.com\/lv\/wp-json\/wp\/v2\/product_tag?post=138645"}],"curies":[{"name":"wp","href":"https:\/\/api.w.org\/{rel}","templated":true}]}}