{"id":138639,"date":"2024-02-13T14:01:42","date_gmt":"2024-02-13T12:01:42","guid":{"rendered":"https:\/\/metaltale.com\/produktas\/plaukta-turetajs-cherubin-240x240mm-natural\/"},"modified":"2024-02-13T14:01:42","modified_gmt":"2024-02-13T12:01:42","slug":"plaukta-turetajs-cherubin-240x240mm-natural","status":"publish","type":"product","link":"https:\/\/metaltale.com\/lv\/produkts\/plaukta-turetajs-cherubin-240x240mm-natural\/","title":{"rendered":"Plaukta tur\u0113t\u0101js CHERUBIN 240x240mm NATURAL"},"content":{"rendered":"<div class=\"prod_data\">\n<p><strong>Modelis<\/strong> 70.070.AI.240<br \/>\n<strong>EAN.<\/strong>  5905369921780<br \/>\n<strong>Materi\u0101ls<\/strong> T\u0113rauds<br \/>\n<strong>Kop\u0113jais augstums (cm<\/strong> ) 24<br \/>\n<strong>Kop\u0113j\u0101 projekcija (cm<\/strong> ) 24<br \/>\n<strong>Pamatnes izm\u0113ri (cm)<\/strong> 5 (platums)<br \/>\nMont\u0101\u017eas skr\u016bves J\u0101<br \/>\nT\u0113rauda <strong>kr\u0101sa<\/strong><br \/>\nDaudzums komplekt\u0101 1 gab.<\/p>\n<p><span style=\"font-size: medium;\">&#8211; kron\u0161teins izgatavots no cieta \u010duguna ar ar rok\u0101m apstr\u0101d\u0101t\u0101m deta\u013c\u0101m.<\/span><br \/>\n<span style=\"font-size: medium;\">&#8211; Gofr\u0113ti mont\u0101\u017eas caurumi \u013cauj skr\u016bv\u0113m atrasties vien\u0101 l\u012bmen\u012b ar atbalsta virsmu.<\/span><br \/>\n<span style=\"font-size: medium;\">&#8211; produkta iztur\u012bba nodro\u0161ina visa plaukta stabilit\u0101ti.<\/span><br \/>\n<span style=\"font-size: medium;\">&#8211; Plaukts var b\u016bt izgatavots no MDF vai skaidu pl\u0101tnes, bet vislab\u0101k kron\u0161teins darbojas ar dab\u012bgo koku.<\/span><br \/>\n<span style=\"font-size: medium;\">&#8211; noapa\u013cot\u0101s malas ir est\u0113tiski pievilc\u012bgas un dro\u0161as lieto\u0161anai.<\/span><br \/>\n<span style=\"font-size: medium;\">&#8211; izstr\u0101d\u0101jums izce\u013cas ar dekorat\u012bviem akcentiem cilv\u0113ka fig\u016bras form\u0101.<\/span><br \/>\n<span style=\"font-size: medium;\">&#8211; Kron\u0161teins ir \u013coti iespaid\u012bgs, pateicoties t\u0101 r\u016bp\u012bgai izgatavo\u0161anai un uzman\u012bbai deta\u013c\u0101m.<\/span><\/p>\n<hr>\n<p><span style=\"font-size: medium;\">CHERUBIN ir ide\u0101li piem\u0113rots k\u0101 gr\u0101matu vai dekor\u0101ciju plaukts. Unik\u0101lais dekorat\u012bv\u0101 \u0137erubi\u0146a akcents pie\u0161\u0137ir plauktam at\u0161\u0137ir\u012bgu izskatu. CHERUBIN ir ide\u0101li piem\u0113rots pla\u0161ajiem industri\u0101lajiem interjeriem, k\u0101 ar\u012b dz\u012bvojam\u0101m istab\u0101m un cit\u0101m modern\u0101m telp\u0101m. Neapstr\u0101d\u0101t\u0101 \u010duguna unik\u0101l\u0101 strukt\u016bra padara tur\u0113t\u0101ju l\u012bdz\u012bgu \u012bstam senatn\u012bgam.<\/span><\/p>\n<hr>\n<p style=\"text-align: left;\">* Plauktu kron\u0161teini ir izgatavoti ar rok\u0101m, t\u0101p\u0113c var b\u016bt neliela nob\u012bde (ne prec\u012bzi 90\u00b0).<\/p>\n<\/div>\n","protected":false},"excerpt":{"rendered":"<p>Modelis 70.070.AI.240 EAN. 5905369921780 Materi\u0101ls T\u0113rauds Kop\u0113jais augstums (cm ) 24 Kop\u0113j\u0101 projekcija (cm ) 24 Pamatnes izm\u0113ri (cm) 5<\/p>\n","protected":false},"featured_media":119825,"comment_status":"open","ping_status":"closed","template":"","meta":{"_acf_changed":false,"pmpro_default_level":""},"product_brand":[],"product_cat":[23861,23837],"product_tag":[],"class_list":{"0":"post-138639","1":"product","2":"type-product","3":"status-publish","4":"has-post-thumbnail","6":"product_cat-lentynu-laikikliai-lv","7":"product_cat-mebeles-piederumi","8":"pmpro-has-access","10":"first","11":"instock","12":"shipping-taxable","13":"purchasable","14":"product-type-simple"},"acf":[],"yoast_head":"<!-- This site is optimized with the Yoast SEO plugin v24.9 - https:\/\/yoast.com\/wordpress\/plugins\/seo\/ -->\n<title>Plaukta tur\u0113t\u0101js CHERUBIN 240x240mm NATURAL - MetalTale.com<\/title>\n<meta name=\"robots\" content=\"index, follow, max-snippet:-1, max-image-preview:large, max-video-preview:-1\" \/>\n<link rel=\"canonical\" href=\"https:\/\/metaltale.com\/lv\/produkts\/plaukta-turetajs-cherubin-240x240mm-natural\/\" \/>\n<meta property=\"og:locale\" content=\"lv_LV\" \/>\n<meta property=\"og:type\" content=\"article\" \/>\n<meta property=\"og:title\" content=\"Plaukta tur\u0113t\u0101js CHERUBIN 240x240mm NATURAL - MetalTale.com\" \/>\n<meta property=\"og:description\" content=\"Modelis 70.070.AI.240 EAN. 5905369921780 Materi\u0101ls T\u0113rauds Kop\u0113jais augstums (cm ) 24 Kop\u0113j\u0101 projekcija (cm ) 24 Pamatnes izm\u0113ri (cm) 5\" \/>\n<meta property=\"og:url\" content=\"https:\/\/metaltale.com\/lv\/produkts\/plaukta-turetajs-cherubin-240x240mm-natural\/\" \/>\n<meta property=\"og:site_name\" content=\"MetalTale.com\" \/>\n<meta property=\"og:image\" content=\"https:\/\/metaltale.com\/wp-content\/uploads\/2023\/12\/Lentynu-laikikliai.jpg\" \/>\n\t<meta property=\"og:image:width\" content=\"800\" \/>\n\t<meta property=\"og:image:height\" content=\"800\" \/>\n\t<meta property=\"og:image:type\" content=\"image\/jpeg\" \/>\n<meta name=\"twitter:card\" content=\"summary_large_image\" \/>\n<meta name=\"twitter:label1\" content=\"Est. reading time\" \/>\n\t<meta name=\"twitter:data1\" content=\"1 minute\" \/>\n<script type=\"application\/ld+json\" class=\"yoast-schema-graph\">{\"@context\":\"https:\/\/schema.org\",\"@graph\":[{\"@type\":\"WebPage\",\"@id\":\"https:\/\/metaltale.com\/lv\/produkts\/plaukta-turetajs-cherubin-240x240mm-natural\/\",\"url\":\"https:\/\/metaltale.com\/lv\/produkts\/plaukta-turetajs-cherubin-240x240mm-natural\/\",\"name\":\"Plaukta tur\u0113t\u0101js CHERUBIN 240x240mm NATURAL - MetalTale.com\",\"isPartOf\":{\"@id\":\"https:\/\/metaltale.com\/lv\/#website\"},\"primaryImageOfPage\":{\"@id\":\"https:\/\/metaltale.com\/lv\/produkts\/plaukta-turetajs-cherubin-240x240mm-natural\/#primaryimage\"},\"image\":{\"@id\":\"https:\/\/metaltale.com\/lv\/produkts\/plaukta-turetajs-cherubin-240x240mm-natural\/#primaryimage\"},\"thumbnailUrl\":\"https:\/\/metaltale.com\/wp-content\/uploads\/2023\/12\/Lentynu-laikikliai.jpg\",\"datePublished\":\"2024-02-13T12:01:42+00:00\",\"breadcrumb\":{\"@id\":\"https:\/\/metaltale.com\/lv\/produkts\/plaukta-turetajs-cherubin-240x240mm-natural\/#breadcrumb\"},\"inLanguage\":\"lv-LV\",\"potentialAction\":[{\"@type\":\"ReadAction\",\"target\":[\"https:\/\/metaltale.com\/lv\/produkts\/plaukta-turetajs-cherubin-240x240mm-natural\/\"]}]},{\"@type\":\"ImageObject\",\"inLanguage\":\"lv-LV\",\"@id\":\"https:\/\/metaltale.com\/lv\/produkts\/plaukta-turetajs-cherubin-240x240mm-natural\/#primaryimage\",\"url\":\"https:\/\/metaltale.com\/wp-content\/uploads\/2023\/12\/Lentynu-laikikliai.jpg\",\"contentUrl\":\"https:\/\/metaltale.com\/wp-content\/uploads\/2023\/12\/Lentynu-laikikliai.jpg\",\"width\":800,\"height\":800,\"caption\":\"Plauktu kron\u0161teini\"},{\"@type\":\"BreadcrumbList\",\"@id\":\"https:\/\/metaltale.com\/lv\/produkts\/plaukta-turetajs-cherubin-240x240mm-natural\/#breadcrumb\",\"itemListElement\":[{\"@type\":\"ListItem\",\"position\":1,\"name\":\"Home\",\"item\":\"https:\/\/metaltale.com\/lv\/majas\/\"},{\"@type\":\"ListItem\",\"position\":2,\"name\":\"Veikals\",\"item\":\"https:\/\/metaltale.com\/lv\/shop\/\"},{\"@type\":\"ListItem\",\"position\":3,\"name\":\"Plaukta tur\u0113t\u0101js CHERUBIN 240x240mm NATURAL\"}]},{\"@type\":\"WebSite\",\"@id\":\"https:\/\/metaltale.com\/lv\/#website\",\"url\":\"https:\/\/metaltale.com\/lv\/\",\"name\":\"Metaltale.com\",\"description\":\"\",\"potentialAction\":[{\"@type\":\"SearchAction\",\"target\":{\"@type\":\"EntryPoint\",\"urlTemplate\":\"https:\/\/metaltale.com\/lv\/?s={search_term_string}\"},\"query-input\":{\"@type\":\"PropertyValueSpecification\",\"valueRequired\":true,\"valueName\":\"search_term_string\"}}],\"inLanguage\":\"lv-LV\"}]}<\/script>\n<!-- \/ Yoast SEO plugin. -->","yoast_head_json":{"title":"Plaukta tur\u0113t\u0101js CHERUBIN 240x240mm NATURAL - MetalTale.com","robots":{"index":"index","follow":"follow","max-snippet":"max-snippet:-1","max-image-preview":"max-image-preview:large","max-video-preview":"max-video-preview:-1"},"canonical":"https:\/\/metaltale.com\/lv\/produkts\/plaukta-turetajs-cherubin-240x240mm-natural\/","og_locale":"lv_LV","og_type":"article","og_title":"Plaukta tur\u0113t\u0101js CHERUBIN 240x240mm NATURAL - MetalTale.com","og_description":"Modelis 70.070.AI.240 EAN. 5905369921780 Materi\u0101ls T\u0113rauds Kop\u0113jais augstums (cm ) 24 Kop\u0113j\u0101 projekcija (cm ) 24 Pamatnes izm\u0113ri (cm) 5","og_url":"https:\/\/metaltale.com\/lv\/produkts\/plaukta-turetajs-cherubin-240x240mm-natural\/","og_site_name":"MetalTale.com","og_image":[{"width":800,"height":800,"url":"https:\/\/metaltale.com\/wp-content\/uploads\/2023\/12\/Lentynu-laikikliai.jpg","type":"image\/jpeg"}],"twitter_card":"summary_large_image","twitter_misc":{"Est. reading time":"1 minute"},"schema":{"@context":"https:\/\/schema.org","@graph":[{"@type":"WebPage","@id":"https:\/\/metaltale.com\/lv\/produkts\/plaukta-turetajs-cherubin-240x240mm-natural\/","url":"https:\/\/metaltale.com\/lv\/produkts\/plaukta-turetajs-cherubin-240x240mm-natural\/","name":"Plaukta tur\u0113t\u0101js CHERUBIN 240x240mm NATURAL - MetalTale.com","isPartOf":{"@id":"https:\/\/metaltale.com\/lv\/#website"},"primaryImageOfPage":{"@id":"https:\/\/metaltale.com\/lv\/produkts\/plaukta-turetajs-cherubin-240x240mm-natural\/#primaryimage"},"image":{"@id":"https:\/\/metaltale.com\/lv\/produkts\/plaukta-turetajs-cherubin-240x240mm-natural\/#primaryimage"},"thumbnailUrl":"https:\/\/metaltale.com\/wp-content\/uploads\/2023\/12\/Lentynu-laikikliai.jpg","datePublished":"2024-02-13T12:01:42+00:00","breadcrumb":{"@id":"https:\/\/metaltale.com\/lv\/produkts\/plaukta-turetajs-cherubin-240x240mm-natural\/#breadcrumb"},"inLanguage":"lv-LV","potentialAction":[{"@type":"ReadAction","target":["https:\/\/metaltale.com\/lv\/produkts\/plaukta-turetajs-cherubin-240x240mm-natural\/"]}]},{"@type":"ImageObject","inLanguage":"lv-LV","@id":"https:\/\/metaltale.com\/lv\/produkts\/plaukta-turetajs-cherubin-240x240mm-natural\/#primaryimage","url":"https:\/\/metaltale.com\/wp-content\/uploads\/2023\/12\/Lentynu-laikikliai.jpg","contentUrl":"https:\/\/metaltale.com\/wp-content\/uploads\/2023\/12\/Lentynu-laikikliai.jpg","width":800,"height":800,"caption":"Plauktu kron\u0161teini"},{"@type":"BreadcrumbList","@id":"https:\/\/metaltale.com\/lv\/produkts\/plaukta-turetajs-cherubin-240x240mm-natural\/#breadcrumb","itemListElement":[{"@type":"ListItem","position":1,"name":"Home","item":"https:\/\/metaltale.com\/lv\/majas\/"},{"@type":"ListItem","position":2,"name":"Veikals","item":"https:\/\/metaltale.com\/lv\/shop\/"},{"@type":"ListItem","position":3,"name":"Plaukta tur\u0113t\u0101js CHERUBIN 240x240mm NATURAL"}]},{"@type":"WebSite","@id":"https:\/\/metaltale.com\/lv\/#website","url":"https:\/\/metaltale.com\/lv\/","name":"Metaltale.com","description":"","potentialAction":[{"@type":"SearchAction","target":{"@type":"EntryPoint","urlTemplate":"https:\/\/metaltale.com\/lv\/?s={search_term_string}"},"query-input":{"@type":"PropertyValueSpecification","valueRequired":true,"valueName":"search_term_string"}}],"inLanguage":"lv-LV"}]}},"_links":{"self":[{"href":"https:\/\/metaltale.com\/lv\/wp-json\/wp\/v2\/product\/138639","targetHints":{"allow":["GET"]}}],"collection":[{"href":"https:\/\/metaltale.com\/lv\/wp-json\/wp\/v2\/product"}],"about":[{"href":"https:\/\/metaltale.com\/lv\/wp-json\/wp\/v2\/types\/product"}],"replies":[{"embeddable":true,"href":"https:\/\/metaltale.com\/lv\/wp-json\/wp\/v2\/comments?post=138639"}],"version-history":[{"count":0,"href":"https:\/\/metaltale.com\/lv\/wp-json\/wp\/v2\/product\/138639\/revisions"}],"wp:featuredmedia":[{"embeddable":true,"href":"https:\/\/metaltale.com\/lv\/wp-json\/wp\/v2\/media\/119825"}],"wp:attachment":[{"href":"https:\/\/metaltale.com\/lv\/wp-json\/wp\/v2\/media?parent=138639"}],"wp:term":[{"taxonomy":"product_brand","embeddable":true,"href":"https:\/\/metaltale.com\/lv\/wp-json\/wp\/v2\/product_brand?post=138639"},{"taxonomy":"product_cat","embeddable":true,"href":"https:\/\/metaltale.com\/lv\/wp-json\/wp\/v2\/product_cat?post=138639"},{"taxonomy":"product_tag","embeddable":true,"href":"https:\/\/metaltale.com\/lv\/wp-json\/wp\/v2\/product_tag?post=138639"}],"curies":[{"name":"wp","href":"https:\/\/api.w.org\/{rel}","templated":true}]}}