{"id":138628,"date":"2024-02-13T14:05:05","date_gmt":"2024-02-13T12:05:05","guid":{"rendered":"https:\/\/metaltale.com\/produktas\/skruvejams-drebju-akis-50-mm\/"},"modified":"2024-02-13T14:05:05","modified_gmt":"2024-02-13T12:05:05","slug":"skruvejams-drebju-akis-50-mm","status":"publish","type":"product","link":"https:\/\/metaltale.com\/lv\/produkts\/skruvejams-drebju-akis-50-mm\/","title":{"rendered":"Skr\u016bv\u0113jams dr\u0113bju \u0101\u0137is 50 mm"},"content":{"rendered":"<div class=\"prod_data\">\n<p><strong>Modelis<\/strong> 70.335.AI.50<br \/>\n<strong>EAN.<\/strong>  5905369918513<br \/>\nMateri\u0101ls Ketus<br \/>\n<strong>Kop\u0113jais platums (cm<\/strong> ) 5,5<br \/>\n<strong>Kop\u0113j\u0101 projekcija (cm<\/strong> ) 3,6<br \/>\n<strong>Tips<\/strong> Cits<br \/>\n<strong>Pamatnes diametrs (cm)<\/strong> 1,3<br \/>\nT\u0113rauda <strong>kr\u0101sa<\/strong> <\/p>\n<p>Lauku stilu pareizo m\u0113be\u013cu piederumu izv\u0113l\u0113 raksturo funkcion\u0101lo funkciju un \u012bpa\u0161a izskata kombin\u0101cija gatavaj\u0101 izstr\u0101d\u0101jum\u0101. <strong>Pieskr\u016bv\u0113jamais dzelzs \u0101\u0137is<\/strong>, kas izgatavots, pateicoties t\u0101 iztur\u012bgajam lie\u0161anai, ir \u013coti iztur\u012bgs pied\u0101v\u0101jums cilv\u0113kiem, kuri mekl\u0113 p\u0101rbaud\u012btus lietu nostiprin\u0101\u0161anas veidus.<\/p>\n<p>T\u0101 kompaktais izm\u0113rs un taj\u0101 pa\u0161\u0101 laik\u0101 liel\u0101 iztur\u012bba padara to par perfektu griestu lampu stiprin\u0101jumu. T\u0101 pla\u0161\u0101s iesp\u0113jas un daudzpus\u012bgais raksturs nodro\u0161ina pla\u0161u pielietojumu kl\u0101stu da\u017e\u0101du priek\u0161metu piek\u0101r\u0161anai neatkar\u012bgi no izv\u0113l\u0113t\u0101s virsmas.<\/p>\n<p><strong>\u010cuguna<\/strong> skr\u016bve ir savienota ar stiprin\u0101juma skr\u016bvi.<\/p>\n<\/div>\n","protected":false},"excerpt":{"rendered":"<p>Modelis 70.335.AI.50 EAN. 5905369918513 Materi\u0101ls Ketus Kop\u0113jais platums (cm ) 5,5 Kop\u0113j\u0101 projekcija (cm ) 3,6 Tips Cits Pamatnes diametrs<\/p>\n","protected":false},"featured_media":85093,"comment_status":"open","ping_status":"closed","template":"","meta":{"_acf_changed":false,"pmpro_default_level":""},"product_brand":[],"product_cat":[23837,23862],"product_tag":[],"class_list":{"0":"post-138628","1":"product","2":"type-product","3":"status-publish","4":"has-post-thumbnail","6":"product_cat-mebeles-piederumi","7":"product_cat-pakabos-ir-kabliukai-lv","8":"pmpro-has-access","10":"first","11":"instock","12":"shipping-taxable","13":"purchasable","14":"product-type-simple"},"acf":[],"yoast_head":"<!-- This site is optimized with the Yoast SEO plugin v24.9 - https:\/\/yoast.com\/wordpress\/plugins\/seo\/ -->\n<title>Skr\u016bv\u0113jams dr\u0113bju \u0101\u0137is 50 mm - MetalTale.com<\/title>\n<meta name=\"robots\" content=\"index, follow, max-snippet:-1, max-image-preview:large, max-video-preview:-1\" \/>\n<link rel=\"canonical\" href=\"https:\/\/metaltale.com\/lv\/produkts\/skruvejams-drebju-akis-50-mm\/\" \/>\n<meta property=\"og:locale\" content=\"lv_LV\" \/>\n<meta property=\"og:type\" content=\"article\" \/>\n<meta property=\"og:title\" content=\"Skr\u016bv\u0113jams dr\u0113bju \u0101\u0137is 50 mm - MetalTale.com\" \/>\n<meta property=\"og:description\" content=\"Modelis 70.335.AI.50 EAN. 5905369918513 Materi\u0101ls Ketus Kop\u0113jais platums (cm ) 5,5 Kop\u0113j\u0101 projekcija (cm ) 3,6 Tips Cits Pamatnes diametrs\" \/>\n<meta property=\"og:url\" content=\"https:\/\/metaltale.com\/lv\/produkts\/skruvejams-drebju-akis-50-mm\/\" \/>\n<meta property=\"og:site_name\" content=\"MetalTale.com\" \/>\n<meta name=\"twitter:card\" content=\"summary_large_image\" \/>\n<meta name=\"twitter:label1\" content=\"Est. reading time\" \/>\n\t<meta name=\"twitter:data1\" content=\"1 minute\" \/>\n<script type=\"application\/ld+json\" class=\"yoast-schema-graph\">{\"@context\":\"https:\/\/schema.org\",\"@graph\":[{\"@type\":\"WebPage\",\"@id\":\"https:\/\/metaltale.com\/lv\/produkts\/skruvejams-drebju-akis-50-mm\/\",\"url\":\"https:\/\/metaltale.com\/lv\/produkts\/skruvejams-drebju-akis-50-mm\/\",\"name\":\"Skr\u016bv\u0113jams dr\u0113bju \u0101\u0137is 50 mm - MetalTale.com\",\"isPartOf\":{\"@id\":\"https:\/\/metaltale.com\/lv\/#website\"},\"primaryImageOfPage\":{\"@id\":\"https:\/\/metaltale.com\/lv\/produkts\/skruvejams-drebju-akis-50-mm\/#primaryimage\"},\"image\":{\"@id\":\"https:\/\/metaltale.com\/lv\/produkts\/skruvejams-drebju-akis-50-mm\/#primaryimage\"},\"thumbnailUrl\":\"https:\/\/metaltale.com\/wp-content\/uploads\/2023\/10\/x12Esukamas-kablys-50-plienas.jpg\",\"datePublished\":\"2024-02-13T12:05:05+00:00\",\"breadcrumb\":{\"@id\":\"https:\/\/metaltale.com\/lv\/produkts\/skruvejams-drebju-akis-50-mm\/#breadcrumb\"},\"inLanguage\":\"lv-LV\",\"potentialAction\":[{\"@type\":\"ReadAction\",\"target\":[\"https:\/\/metaltale.com\/lv\/produkts\/skruvejams-drebju-akis-50-mm\/\"]}]},{\"@type\":\"ImageObject\",\"inLanguage\":\"lv-LV\",\"@id\":\"https:\/\/metaltale.com\/lv\/produkts\/skruvejams-drebju-akis-50-mm\/#primaryimage\",\"url\":\"https:\/\/metaltale.com\/wp-content\/uploads\/2023\/10\/x12Esukamas-kablys-50-plienas.jpg\",\"contentUrl\":\"https:\/\/metaltale.com\/wp-content\/uploads\/2023\/10\/x12Esukamas-kablys-50-plienas.jpg\",\"width\":800,\"height\":800,\"caption\":\"Skr\u016bv\u0113jams dr\u0113bju \u0101\u0137is 50 mm\"},{\"@type\":\"BreadcrumbList\",\"@id\":\"https:\/\/metaltale.com\/lv\/produkts\/skruvejams-drebju-akis-50-mm\/#breadcrumb\",\"itemListElement\":[{\"@type\":\"ListItem\",\"position\":1,\"name\":\"Home\",\"item\":\"https:\/\/metaltale.com\/lv\/majas\/\"},{\"@type\":\"ListItem\",\"position\":2,\"name\":\"Veikals\",\"item\":\"https:\/\/metaltale.com\/lv\/shop\/\"},{\"@type\":\"ListItem\",\"position\":3,\"name\":\"Skr\u016bv\u0113jams dr\u0113bju \u0101\u0137is 50 mm\"}]},{\"@type\":\"WebSite\",\"@id\":\"https:\/\/metaltale.com\/lv\/#website\",\"url\":\"https:\/\/metaltale.com\/lv\/\",\"name\":\"Metaltale.com\",\"description\":\"\",\"potentialAction\":[{\"@type\":\"SearchAction\",\"target\":{\"@type\":\"EntryPoint\",\"urlTemplate\":\"https:\/\/metaltale.com\/lv\/?s={search_term_string}\"},\"query-input\":{\"@type\":\"PropertyValueSpecification\",\"valueRequired\":true,\"valueName\":\"search_term_string\"}}],\"inLanguage\":\"lv-LV\"}]}<\/script>\n<!-- \/ Yoast SEO plugin. -->","yoast_head_json":{"title":"Skr\u016bv\u0113jams dr\u0113bju \u0101\u0137is 50 mm - MetalTale.com","robots":{"index":"index","follow":"follow","max-snippet":"max-snippet:-1","max-image-preview":"max-image-preview:large","max-video-preview":"max-video-preview:-1"},"canonical":"https:\/\/metaltale.com\/lv\/produkts\/skruvejams-drebju-akis-50-mm\/","og_locale":"lv_LV","og_type":"article","og_title":"Skr\u016bv\u0113jams dr\u0113bju \u0101\u0137is 50 mm - MetalTale.com","og_description":"Modelis 70.335.AI.50 EAN. 5905369918513 Materi\u0101ls Ketus Kop\u0113jais platums (cm ) 5,5 Kop\u0113j\u0101 projekcija (cm ) 3,6 Tips Cits Pamatnes diametrs","og_url":"https:\/\/metaltale.com\/lv\/produkts\/skruvejams-drebju-akis-50-mm\/","og_site_name":"MetalTale.com","twitter_card":"summary_large_image","twitter_misc":{"Est. reading time":"1 minute"},"schema":{"@context":"https:\/\/schema.org","@graph":[{"@type":"WebPage","@id":"https:\/\/metaltale.com\/lv\/produkts\/skruvejams-drebju-akis-50-mm\/","url":"https:\/\/metaltale.com\/lv\/produkts\/skruvejams-drebju-akis-50-mm\/","name":"Skr\u016bv\u0113jams dr\u0113bju \u0101\u0137is 50 mm - MetalTale.com","isPartOf":{"@id":"https:\/\/metaltale.com\/lv\/#website"},"primaryImageOfPage":{"@id":"https:\/\/metaltale.com\/lv\/produkts\/skruvejams-drebju-akis-50-mm\/#primaryimage"},"image":{"@id":"https:\/\/metaltale.com\/lv\/produkts\/skruvejams-drebju-akis-50-mm\/#primaryimage"},"thumbnailUrl":"https:\/\/metaltale.com\/wp-content\/uploads\/2023\/10\/x12Esukamas-kablys-50-plienas.jpg","datePublished":"2024-02-13T12:05:05+00:00","breadcrumb":{"@id":"https:\/\/metaltale.com\/lv\/produkts\/skruvejams-drebju-akis-50-mm\/#breadcrumb"},"inLanguage":"lv-LV","potentialAction":[{"@type":"ReadAction","target":["https:\/\/metaltale.com\/lv\/produkts\/skruvejams-drebju-akis-50-mm\/"]}]},{"@type":"ImageObject","inLanguage":"lv-LV","@id":"https:\/\/metaltale.com\/lv\/produkts\/skruvejams-drebju-akis-50-mm\/#primaryimage","url":"https:\/\/metaltale.com\/wp-content\/uploads\/2023\/10\/x12Esukamas-kablys-50-plienas.jpg","contentUrl":"https:\/\/metaltale.com\/wp-content\/uploads\/2023\/10\/x12Esukamas-kablys-50-plienas.jpg","width":800,"height":800,"caption":"Skr\u016bv\u0113jams dr\u0113bju \u0101\u0137is 50 mm"},{"@type":"BreadcrumbList","@id":"https:\/\/metaltale.com\/lv\/produkts\/skruvejams-drebju-akis-50-mm\/#breadcrumb","itemListElement":[{"@type":"ListItem","position":1,"name":"Home","item":"https:\/\/metaltale.com\/lv\/majas\/"},{"@type":"ListItem","position":2,"name":"Veikals","item":"https:\/\/metaltale.com\/lv\/shop\/"},{"@type":"ListItem","position":3,"name":"Skr\u016bv\u0113jams dr\u0113bju \u0101\u0137is 50 mm"}]},{"@type":"WebSite","@id":"https:\/\/metaltale.com\/lv\/#website","url":"https:\/\/metaltale.com\/lv\/","name":"Metaltale.com","description":"","potentialAction":[{"@type":"SearchAction","target":{"@type":"EntryPoint","urlTemplate":"https:\/\/metaltale.com\/lv\/?s={search_term_string}"},"query-input":{"@type":"PropertyValueSpecification","valueRequired":true,"valueName":"search_term_string"}}],"inLanguage":"lv-LV"}]}},"_links":{"self":[{"href":"https:\/\/metaltale.com\/lv\/wp-json\/wp\/v2\/product\/138628","targetHints":{"allow":["GET"]}}],"collection":[{"href":"https:\/\/metaltale.com\/lv\/wp-json\/wp\/v2\/product"}],"about":[{"href":"https:\/\/metaltale.com\/lv\/wp-json\/wp\/v2\/types\/product"}],"replies":[{"embeddable":true,"href":"https:\/\/metaltale.com\/lv\/wp-json\/wp\/v2\/comments?post=138628"}],"version-history":[{"count":0,"href":"https:\/\/metaltale.com\/lv\/wp-json\/wp\/v2\/product\/138628\/revisions"}],"wp:featuredmedia":[{"embeddable":true,"href":"https:\/\/metaltale.com\/lv\/wp-json\/wp\/v2\/media\/85093"}],"wp:attachment":[{"href":"https:\/\/metaltale.com\/lv\/wp-json\/wp\/v2\/media?parent=138628"}],"wp:term":[{"taxonomy":"product_brand","embeddable":true,"href":"https:\/\/metaltale.com\/lv\/wp-json\/wp\/v2\/product_brand?post=138628"},{"taxonomy":"product_cat","embeddable":true,"href":"https:\/\/metaltale.com\/lv\/wp-json\/wp\/v2\/product_cat?post=138628"},{"taxonomy":"product_tag","embeddable":true,"href":"https:\/\/metaltale.com\/lv\/wp-json\/wp\/v2\/product_tag?post=138628"}],"curies":[{"name":"wp","href":"https:\/\/api.w.org\/{rel}","templated":true}]}}