{"id":138585,"date":"2024-02-13T14:07:04","date_gmt":"2024-02-13T12:07:04","guid":{"rendered":"https:\/\/metaltale.com\/produktas\/keramikas-mebelu-rokturis\/"},"modified":"2024-02-13T14:07:04","modified_gmt":"2024-02-13T12:07:04","slug":"keramikas-mebelu-rokturis","status":"publish","type":"product","link":"https:\/\/metaltale.com\/lv\/produkts\/keramikas-mebelu-rokturis\/","title":{"rendered":"Keramikas m\u0113be\u013cu rokturis"},"content":{"rendered":"<div class=\"prod_data\">\n<p><strong>Modelis<\/strong> 01.086K. CE.38<br \/>\n<strong>EAN.<\/strong>  5905369916885<br \/>\n<strong>Materi\u0101ls<\/strong> Keramika, t\u0113rauds<br \/>\n<strong>Kop\u0113jais diametrs (cm<\/strong> ) 3,7<br \/>\n<strong>Kop\u0113j\u0101 projekcija (cm<\/strong> ) 3<br \/>\n<strong>Mont\u0101\u017eas skr\u016bves<\/strong> Skr\u016bve<br \/>\n<strong>Pamatnes diametrs (cm)<\/strong> 1,2<br \/>\n<strong>Kr\u0101sa<\/strong> Daudzkr\u0101sains<br \/>\n<strong>Apdare<\/strong> Lakots<\/p>\n<p>&#8211; rokturis ir izgatavots no visaugst\u0101k\u0101s kvalit\u0101tes porcel\u0101na un t\u0113rauda, kas garant\u0113 iztur\u012bbu.<br \/>\n&#8211; praktiskas formas rokturis, kas palielina lieto\u0161anas \u0113rtumu.<br \/>\n&#8211; vienk\u0101r\u0161a mont\u0101\u017ea ir iesp\u0113jama, pateicoties izstr\u0101d\u0101jumam pievienotajai skr\u016bvei.<\/p>\n<hr>\n<p>M\u0113be\u013cu rokturi ir \u013coti svar\u012bgs dekorat\u012bvs elements lauku m\u0113bel\u0113s.<\/p>\n<p>Vienk\u0101r\u0161\u0101kais veids, k\u0101 p\u0101rv\u0113rst vienk\u0101r\u0161u virtuves skap\u012bti par neaizmirstamu retro m\u0113beli, ir nomain\u012bt rokturus un m\u0113be\u013cu rokturus. \u0160\u012b kombin\u0101cija ar kvadr\u0101tveida formu, unik\u0101l\u0101m kr\u0101s\u0101m un ori\u0123in\u0101lu rekl\u0101mas fig\u016bru vai z\u012bmogu izmanto\u0161anu uz priek\u0161puses ir ide\u0101li piem\u0113rota retro, vintage un rustik\u0101l\u0101m kompoz\u012bcij\u0101m. Mont\u0101\u017ea pie m\u0113bel\u0113m ar 4 mm skr\u016bvi.<\/p>\n<\/div>\n","protected":false},"excerpt":{"rendered":"<p>Modelis 01.086K. CE.38 EAN. 5905369916885 Materi\u0101ls Keramika, t\u0113rauds Kop\u0113jais diametrs (cm ) 3,7 Kop\u0113j\u0101 projekcija (cm ) 3 Mont\u0101\u017eas skr\u016bves<\/p>\n","protected":false},"featured_media":86035,"comment_status":"open","ping_status":"closed","template":"","meta":{"_acf_changed":false,"pmpro_default_level":""},"product_brand":[],"product_cat":[23864,23837,23875],"product_tag":[],"class_list":{"0":"post-138585","1":"product","2":"type-product","3":"status-publish","4":"has-post-thumbnail","6":"product_cat-baldu-rankeneles-lv","7":"product_cat-mebeles-piederumi","8":"product_cat-rankeneles-lv","9":"pmpro-has-access","11":"first","12":"instock","13":"shipping-taxable","14":"purchasable","15":"product-type-simple"},"acf":[],"yoast_head":"<!-- This site is optimized with the Yoast SEO plugin v24.9 - https:\/\/yoast.com\/wordpress\/plugins\/seo\/ -->\n<title>Keramikas m\u0113be\u013cu rokturis - MetalTale.com<\/title>\n<meta name=\"robots\" content=\"index, follow, max-snippet:-1, max-image-preview:large, max-video-preview:-1\" \/>\n<link rel=\"canonical\" href=\"https:\/\/metaltale.com\/lv\/produkts\/keramikas-mebelu-rokturis\/\" \/>\n<meta property=\"og:locale\" content=\"lv_LV\" \/>\n<meta property=\"og:type\" content=\"article\" \/>\n<meta property=\"og:title\" content=\"Keramikas m\u0113be\u013cu rokturis - MetalTale.com\" \/>\n<meta property=\"og:description\" content=\"Modelis 01.086K. CE.38 EAN. 5905369916885 Materi\u0101ls Keramika, t\u0113rauds Kop\u0113jais diametrs (cm ) 3,7 Kop\u0113j\u0101 projekcija (cm ) 3 Mont\u0101\u017eas skr\u016bves\" \/>\n<meta property=\"og:url\" content=\"https:\/\/metaltale.com\/lv\/produkts\/keramikas-mebelu-rokturis\/\" \/>\n<meta property=\"og:site_name\" content=\"MetalTale.com\" \/>\n<meta name=\"twitter:card\" content=\"summary_large_image\" \/>\n<meta name=\"twitter:label1\" content=\"Est. reading time\" \/>\n\t<meta name=\"twitter:data1\" content=\"1 minute\" \/>\n<script type=\"application\/ld+json\" class=\"yoast-schema-graph\">{\"@context\":\"https:\/\/schema.org\",\"@graph\":[{\"@type\":\"WebPage\",\"@id\":\"https:\/\/metaltale.com\/lv\/produkts\/keramikas-mebelu-rokturis\/\",\"url\":\"https:\/\/metaltale.com\/lv\/produkts\/keramikas-mebelu-rokturis\/\",\"name\":\"Keramikas m\u0113be\u013cu rokturis - MetalTale.com\",\"isPartOf\":{\"@id\":\"https:\/\/metaltale.com\/lv\/#website\"},\"primaryImageOfPage\":{\"@id\":\"https:\/\/metaltale.com\/lv\/produkts\/keramikas-mebelu-rokturis\/#primaryimage\"},\"image\":{\"@id\":\"https:\/\/metaltale.com\/lv\/produkts\/keramikas-mebelu-rokturis\/#primaryimage\"},\"thumbnailUrl\":\"https:\/\/metaltale.com\/wp-content\/uploads\/2023\/10\/Baldx173-rankenx117lx117-SPICES-37-Balta.jpg\",\"datePublished\":\"2024-02-13T12:07:04+00:00\",\"breadcrumb\":{\"@id\":\"https:\/\/metaltale.com\/lv\/produkts\/keramikas-mebelu-rokturis\/#breadcrumb\"},\"inLanguage\":\"lv-LV\",\"potentialAction\":[{\"@type\":\"ReadAction\",\"target\":[\"https:\/\/metaltale.com\/lv\/produkts\/keramikas-mebelu-rokturis\/\"]}]},{\"@type\":\"ImageObject\",\"inLanguage\":\"lv-LV\",\"@id\":\"https:\/\/metaltale.com\/lv\/produkts\/keramikas-mebelu-rokturis\/#primaryimage\",\"url\":\"https:\/\/metaltale.com\/wp-content\/uploads\/2023\/10\/Baldx173-rankenx117lx117-SPICES-37-Balta.jpg\",\"contentUrl\":\"https:\/\/metaltale.com\/wp-content\/uploads\/2023\/10\/Baldx173-rankenx117lx117-SPICES-37-Balta.jpg\",\"width\":800,\"height\":800,\"caption\":\"Keramikas m\u0113be\u013cu rokturis\"},{\"@type\":\"BreadcrumbList\",\"@id\":\"https:\/\/metaltale.com\/lv\/produkts\/keramikas-mebelu-rokturis\/#breadcrumb\",\"itemListElement\":[{\"@type\":\"ListItem\",\"position\":1,\"name\":\"Home\",\"item\":\"https:\/\/metaltale.com\/lv\/majas\/\"},{\"@type\":\"ListItem\",\"position\":2,\"name\":\"Veikals\",\"item\":\"https:\/\/metaltale.com\/lv\/shop\/\"},{\"@type\":\"ListItem\",\"position\":3,\"name\":\"Keramikas m\u0113be\u013cu rokturis\"}]},{\"@type\":\"WebSite\",\"@id\":\"https:\/\/metaltale.com\/lv\/#website\",\"url\":\"https:\/\/metaltale.com\/lv\/\",\"name\":\"Metaltale.com\",\"description\":\"\",\"potentialAction\":[{\"@type\":\"SearchAction\",\"target\":{\"@type\":\"EntryPoint\",\"urlTemplate\":\"https:\/\/metaltale.com\/lv\/?s={search_term_string}\"},\"query-input\":{\"@type\":\"PropertyValueSpecification\",\"valueRequired\":true,\"valueName\":\"search_term_string\"}}],\"inLanguage\":\"lv-LV\"}]}<\/script>\n<!-- \/ Yoast SEO plugin. -->","yoast_head_json":{"title":"Keramikas m\u0113be\u013cu rokturis - MetalTale.com","robots":{"index":"index","follow":"follow","max-snippet":"max-snippet:-1","max-image-preview":"max-image-preview:large","max-video-preview":"max-video-preview:-1"},"canonical":"https:\/\/metaltale.com\/lv\/produkts\/keramikas-mebelu-rokturis\/","og_locale":"lv_LV","og_type":"article","og_title":"Keramikas m\u0113be\u013cu rokturis - MetalTale.com","og_description":"Modelis 01.086K. CE.38 EAN. 5905369916885 Materi\u0101ls Keramika, t\u0113rauds Kop\u0113jais diametrs (cm ) 3,7 Kop\u0113j\u0101 projekcija (cm ) 3 Mont\u0101\u017eas skr\u016bves","og_url":"https:\/\/metaltale.com\/lv\/produkts\/keramikas-mebelu-rokturis\/","og_site_name":"MetalTale.com","twitter_card":"summary_large_image","twitter_misc":{"Est. reading time":"1 minute"},"schema":{"@context":"https:\/\/schema.org","@graph":[{"@type":"WebPage","@id":"https:\/\/metaltale.com\/lv\/produkts\/keramikas-mebelu-rokturis\/","url":"https:\/\/metaltale.com\/lv\/produkts\/keramikas-mebelu-rokturis\/","name":"Keramikas m\u0113be\u013cu rokturis - MetalTale.com","isPartOf":{"@id":"https:\/\/metaltale.com\/lv\/#website"},"primaryImageOfPage":{"@id":"https:\/\/metaltale.com\/lv\/produkts\/keramikas-mebelu-rokturis\/#primaryimage"},"image":{"@id":"https:\/\/metaltale.com\/lv\/produkts\/keramikas-mebelu-rokturis\/#primaryimage"},"thumbnailUrl":"https:\/\/metaltale.com\/wp-content\/uploads\/2023\/10\/Baldx173-rankenx117lx117-SPICES-37-Balta.jpg","datePublished":"2024-02-13T12:07:04+00:00","breadcrumb":{"@id":"https:\/\/metaltale.com\/lv\/produkts\/keramikas-mebelu-rokturis\/#breadcrumb"},"inLanguage":"lv-LV","potentialAction":[{"@type":"ReadAction","target":["https:\/\/metaltale.com\/lv\/produkts\/keramikas-mebelu-rokturis\/"]}]},{"@type":"ImageObject","inLanguage":"lv-LV","@id":"https:\/\/metaltale.com\/lv\/produkts\/keramikas-mebelu-rokturis\/#primaryimage","url":"https:\/\/metaltale.com\/wp-content\/uploads\/2023\/10\/Baldx173-rankenx117lx117-SPICES-37-Balta.jpg","contentUrl":"https:\/\/metaltale.com\/wp-content\/uploads\/2023\/10\/Baldx173-rankenx117lx117-SPICES-37-Balta.jpg","width":800,"height":800,"caption":"Keramikas m\u0113be\u013cu rokturis"},{"@type":"BreadcrumbList","@id":"https:\/\/metaltale.com\/lv\/produkts\/keramikas-mebelu-rokturis\/#breadcrumb","itemListElement":[{"@type":"ListItem","position":1,"name":"Home","item":"https:\/\/metaltale.com\/lv\/majas\/"},{"@type":"ListItem","position":2,"name":"Veikals","item":"https:\/\/metaltale.com\/lv\/shop\/"},{"@type":"ListItem","position":3,"name":"Keramikas m\u0113be\u013cu rokturis"}]},{"@type":"WebSite","@id":"https:\/\/metaltale.com\/lv\/#website","url":"https:\/\/metaltale.com\/lv\/","name":"Metaltale.com","description":"","potentialAction":[{"@type":"SearchAction","target":{"@type":"EntryPoint","urlTemplate":"https:\/\/metaltale.com\/lv\/?s={search_term_string}"},"query-input":{"@type":"PropertyValueSpecification","valueRequired":true,"valueName":"search_term_string"}}],"inLanguage":"lv-LV"}]}},"_links":{"self":[{"href":"https:\/\/metaltale.com\/lv\/wp-json\/wp\/v2\/product\/138585","targetHints":{"allow":["GET"]}}],"collection":[{"href":"https:\/\/metaltale.com\/lv\/wp-json\/wp\/v2\/product"}],"about":[{"href":"https:\/\/metaltale.com\/lv\/wp-json\/wp\/v2\/types\/product"}],"replies":[{"embeddable":true,"href":"https:\/\/metaltale.com\/lv\/wp-json\/wp\/v2\/comments?post=138585"}],"version-history":[{"count":0,"href":"https:\/\/metaltale.com\/lv\/wp-json\/wp\/v2\/product\/138585\/revisions"}],"wp:featuredmedia":[{"embeddable":true,"href":"https:\/\/metaltale.com\/lv\/wp-json\/wp\/v2\/media\/86035"}],"wp:attachment":[{"href":"https:\/\/metaltale.com\/lv\/wp-json\/wp\/v2\/media?parent=138585"}],"wp:term":[{"taxonomy":"product_brand","embeddable":true,"href":"https:\/\/metaltale.com\/lv\/wp-json\/wp\/v2\/product_brand?post=138585"},{"taxonomy":"product_cat","embeddable":true,"href":"https:\/\/metaltale.com\/lv\/wp-json\/wp\/v2\/product_cat?post=138585"},{"taxonomy":"product_tag","embeddable":true,"href":"https:\/\/metaltale.com\/lv\/wp-json\/wp\/v2\/product_tag?post=138585"}],"curies":[{"name":"wp","href":"https:\/\/api.w.org\/{rel}","templated":true}]}}