{"id":138579,"date":"2024-02-13T14:07:04","date_gmt":"2024-02-13T12:07:04","guid":{"rendered":"https:\/\/metaltale.com\/produktas\/keramikas-mebelu-poga-ceramic-flower-with-a-sign-38-mm\/"},"modified":"2024-02-13T14:07:04","modified_gmt":"2024-02-13T12:07:04","slug":"keramikas-mebelu-poga-ceramic-flower-with-a-sign-38-mm","status":"publish","type":"product","link":"https:\/\/metaltale.com\/lv\/produkts\/keramikas-mebelu-poga-ceramic-flower-with-a-sign-38-mm\/","title":{"rendered":"Keramikas m\u0113be\u013cu poga CERAMIC FLOWER WITH A SIGN 38 mm"},"content":{"rendered":"<div class=\"prod_data\">\n<p><strong>Modelis<\/strong> 49.089W. AI.50<br \/>\n<strong>EAN.<\/strong>  5905369916892<br \/>\n<strong>Materi\u0101ls<\/strong> Keramika, t\u0113rauds, \u010duguns<br \/>\n<strong>Kop\u0113jais diametrs (cm<\/strong> ) 3,8<br \/>\n<strong>Kop\u0113j\u0101 projekcija (cm<\/strong> ) 4<br \/>\n<strong>Pamatnes izm\u0113ri (cm)<\/strong> 4,5 x 13<br \/>\n<strong>Mont\u0101\u017eas skr\u016bves<\/strong> Skr\u016bve<br \/>\n<strong>Kr\u0101sa<\/strong> Balta, t\u0113rauda<\/p>\n<p>&#8211; rokturis ir izgatavots no augst\u0101k\u0101s kvalit\u0101tes keramikas un t\u0113rauda, kas garant\u0113 iztur\u012bbu.<br \/>\n&#8211; Klasisk\u0101 forma padara rokturi m\u016b\u017e\u012bgu<br \/>\n&#8211; izstr\u0101d\u0101jums ir univers\u0101ls, t\u0101p\u0113c to var uzst\u0101d\u012bt gan vertik\u0101li, gan horizont\u0101li.<br \/>\n&#8211; vienk\u0101r\u0161a mont\u0101\u017ea ir iesp\u0113jama, pateicoties izstr\u0101d\u0101jumam pievienotajai skr\u016bvei.<\/p>\n<hr>\n<p>M\u0113be\u013cu rokturi ir \u013coti svar\u012bgs dekorat\u012bvs elements lauku m\u0113bel\u0113s.<\/p>\n<p>Keramiska m\u0113be\u013cu poga ar dekorat\u012bvu \u010duguna embl\u0113mu ir diezgan neparasta kombin\u0101cija &#8211; galvenok\u0101rt materi\u0101lu d\u0113\u013c. \u0160\u0101ds m\u0113be\u013cu rokturis ir \u012bsts acu pievilc\u0113js. Spilgtais, piena kr\u0101sas rokturis ar rozeti un cilpu priek\u0161pus\u0113 labi kontrast\u0113 ar tum\u0161o izk\u0101rtni, veidojot elegantu m\u0113be\u013cu rokturi. Rokturis ir univers\u0101ls, un to var uzst\u0101d\u012bt gan vertik\u0101li, gan horizont\u0101li, t\u0101p\u0113c tas ir piem\u0113rots izmanto\u0161anai atvilktn\u0113s. Pied\u0101v\u0101tais modelis ir ide\u0101la izv\u0113le dz\u012bvojam\u0101m istab\u0101m un gu\u013camistab\u0101m. Mont\u0101\u017ea tiek veikta, izmantojot vienu 4 mm metrisku skr\u016bvi ar v\u012btni.<\/p>\n<\/div>\n","protected":false},"excerpt":{"rendered":"<p>Modelis 49.089W. AI.50 EAN. 5905369916892 Materi\u0101ls Keramika, t\u0113rauds, \u010duguns Kop\u0113jais diametrs (cm ) 3,8 Kop\u0113j\u0101 projekcija (cm ) 4 Pamatnes<\/p>\n","protected":false},"featured_media":86005,"comment_status":"open","ping_status":"closed","template":"","meta":{"_acf_changed":false,"pmpro_default_level":""},"product_brand":[],"product_cat":[23864,23837,23875],"product_tag":[],"class_list":{"0":"post-138579","1":"product","2":"type-product","3":"status-publish","4":"has-post-thumbnail","6":"product_cat-baldu-rankeneles-lv","7":"product_cat-mebeles-piederumi","8":"product_cat-rankeneles-lv","9":"pmpro-has-access","11":"first","12":"instock","13":"shipping-taxable","14":"purchasable","15":"product-type-simple"},"acf":[],"yoast_head":"<!-- This site is optimized with the Yoast SEO plugin v24.9 - https:\/\/yoast.com\/wordpress\/plugins\/seo\/ -->\n<title>Keramikas m\u0113be\u013cu poga CERAMIC FLOWER WITH A SIGN 38 mm - MetalTale.com<\/title>\n<meta name=\"robots\" content=\"index, follow, max-snippet:-1, max-image-preview:large, max-video-preview:-1\" \/>\n<link rel=\"canonical\" href=\"https:\/\/metaltale.com\/lv\/produkts\/keramikas-mebelu-poga-ceramic-flower-with-a-sign-38-mm\/\" \/>\n<meta property=\"og:locale\" content=\"lv_LV\" \/>\n<meta property=\"og:type\" content=\"article\" \/>\n<meta property=\"og:title\" content=\"Keramikas m\u0113be\u013cu poga CERAMIC FLOWER WITH A SIGN 38 mm - MetalTale.com\" \/>\n<meta property=\"og:description\" content=\"Modelis 49.089W. AI.50 EAN. 5905369916892 Materi\u0101ls Keramika, t\u0113rauds, \u010duguns Kop\u0113jais diametrs (cm ) 3,8 Kop\u0113j\u0101 projekcija (cm ) 4 Pamatnes\" \/>\n<meta property=\"og:url\" content=\"https:\/\/metaltale.com\/lv\/produkts\/keramikas-mebelu-poga-ceramic-flower-with-a-sign-38-mm\/\" \/>\n<meta property=\"og:site_name\" content=\"MetalTale.com\" \/>\n<meta name=\"twitter:card\" content=\"summary_large_image\" \/>\n<meta name=\"twitter:label1\" content=\"Est. reading time\" \/>\n\t<meta name=\"twitter:data1\" content=\"1 minute\" \/>\n<script type=\"application\/ld+json\" class=\"yoast-schema-graph\">{\"@context\":\"https:\/\/schema.org\",\"@graph\":[{\"@type\":\"WebPage\",\"@id\":\"https:\/\/metaltale.com\/lv\/produkts\/keramikas-mebelu-poga-ceramic-flower-with-a-sign-38-mm\/\",\"url\":\"https:\/\/metaltale.com\/lv\/produkts\/keramikas-mebelu-poga-ceramic-flower-with-a-sign-38-mm\/\",\"name\":\"Keramikas m\u0113be\u013cu poga CERAMIC FLOWER WITH A SIGN 38 mm - MetalTale.com\",\"isPartOf\":{\"@id\":\"https:\/\/metaltale.com\/lv\/#website\"},\"primaryImageOfPage\":{\"@id\":\"https:\/\/metaltale.com\/lv\/produkts\/keramikas-mebelu-poga-ceramic-flower-with-a-sign-38-mm\/#primaryimage\"},\"image\":{\"@id\":\"https:\/\/metaltale.com\/lv\/produkts\/keramikas-mebelu-poga-ceramic-flower-with-a-sign-38-mm\/#primaryimage\"},\"thumbnailUrl\":\"https:\/\/metaltale.com\/wp-content\/uploads\/2023\/10\/Baldx173-rankenx117lx117-CERAMIC-KWAIAT-SU-Ix160KABA-38-Balta.jpg\",\"datePublished\":\"2024-02-13T12:07:04+00:00\",\"breadcrumb\":{\"@id\":\"https:\/\/metaltale.com\/lv\/produkts\/keramikas-mebelu-poga-ceramic-flower-with-a-sign-38-mm\/#breadcrumb\"},\"inLanguage\":\"lv-LV\",\"potentialAction\":[{\"@type\":\"ReadAction\",\"target\":[\"https:\/\/metaltale.com\/lv\/produkts\/keramikas-mebelu-poga-ceramic-flower-with-a-sign-38-mm\/\"]}]},{\"@type\":\"ImageObject\",\"inLanguage\":\"lv-LV\",\"@id\":\"https:\/\/metaltale.com\/lv\/produkts\/keramikas-mebelu-poga-ceramic-flower-with-a-sign-38-mm\/#primaryimage\",\"url\":\"https:\/\/metaltale.com\/wp-content\/uploads\/2023\/10\/Baldx173-rankenx117lx117-CERAMIC-KWAIAT-SU-Ix160KABA-38-Balta.jpg\",\"contentUrl\":\"https:\/\/metaltale.com\/wp-content\/uploads\/2023\/10\/Baldx173-rankenx117lx117-CERAMIC-KWAIAT-SU-Ix160KABA-38-Balta.jpg\",\"width\":800,\"height\":800,\"caption\":\"Keramikas m\u0113be\u013cu poga CERAMIC FLOWER WITH A SIGN 38 mm\"},{\"@type\":\"BreadcrumbList\",\"@id\":\"https:\/\/metaltale.com\/lv\/produkts\/keramikas-mebelu-poga-ceramic-flower-with-a-sign-38-mm\/#breadcrumb\",\"itemListElement\":[{\"@type\":\"ListItem\",\"position\":1,\"name\":\"Home\",\"item\":\"https:\/\/metaltale.com\/lv\/majas\/\"},{\"@type\":\"ListItem\",\"position\":2,\"name\":\"Veikals\",\"item\":\"https:\/\/metaltale.com\/lv\/shop\/\"},{\"@type\":\"ListItem\",\"position\":3,\"name\":\"Keramikas m\u0113be\u013cu poga CERAMIC FLOWER WITH A SIGN 38 mm\"}]},{\"@type\":\"WebSite\",\"@id\":\"https:\/\/metaltale.com\/lv\/#website\",\"url\":\"https:\/\/metaltale.com\/lv\/\",\"name\":\"Metaltale.com\",\"description\":\"\",\"potentialAction\":[{\"@type\":\"SearchAction\",\"target\":{\"@type\":\"EntryPoint\",\"urlTemplate\":\"https:\/\/metaltale.com\/lv\/?s={search_term_string}\"},\"query-input\":{\"@type\":\"PropertyValueSpecification\",\"valueRequired\":true,\"valueName\":\"search_term_string\"}}],\"inLanguage\":\"lv-LV\"}]}<\/script>\n<!-- \/ Yoast SEO plugin. -->","yoast_head_json":{"title":"Keramikas m\u0113be\u013cu poga CERAMIC FLOWER WITH A SIGN 38 mm - MetalTale.com","robots":{"index":"index","follow":"follow","max-snippet":"max-snippet:-1","max-image-preview":"max-image-preview:large","max-video-preview":"max-video-preview:-1"},"canonical":"https:\/\/metaltale.com\/lv\/produkts\/keramikas-mebelu-poga-ceramic-flower-with-a-sign-38-mm\/","og_locale":"lv_LV","og_type":"article","og_title":"Keramikas m\u0113be\u013cu poga CERAMIC FLOWER WITH A SIGN 38 mm - MetalTale.com","og_description":"Modelis 49.089W. AI.50 EAN. 5905369916892 Materi\u0101ls Keramika, t\u0113rauds, \u010duguns Kop\u0113jais diametrs (cm ) 3,8 Kop\u0113j\u0101 projekcija (cm ) 4 Pamatnes","og_url":"https:\/\/metaltale.com\/lv\/produkts\/keramikas-mebelu-poga-ceramic-flower-with-a-sign-38-mm\/","og_site_name":"MetalTale.com","twitter_card":"summary_large_image","twitter_misc":{"Est. reading time":"1 minute"},"schema":{"@context":"https:\/\/schema.org","@graph":[{"@type":"WebPage","@id":"https:\/\/metaltale.com\/lv\/produkts\/keramikas-mebelu-poga-ceramic-flower-with-a-sign-38-mm\/","url":"https:\/\/metaltale.com\/lv\/produkts\/keramikas-mebelu-poga-ceramic-flower-with-a-sign-38-mm\/","name":"Keramikas m\u0113be\u013cu poga CERAMIC FLOWER WITH A SIGN 38 mm - MetalTale.com","isPartOf":{"@id":"https:\/\/metaltale.com\/lv\/#website"},"primaryImageOfPage":{"@id":"https:\/\/metaltale.com\/lv\/produkts\/keramikas-mebelu-poga-ceramic-flower-with-a-sign-38-mm\/#primaryimage"},"image":{"@id":"https:\/\/metaltale.com\/lv\/produkts\/keramikas-mebelu-poga-ceramic-flower-with-a-sign-38-mm\/#primaryimage"},"thumbnailUrl":"https:\/\/metaltale.com\/wp-content\/uploads\/2023\/10\/Baldx173-rankenx117lx117-CERAMIC-KWAIAT-SU-Ix160KABA-38-Balta.jpg","datePublished":"2024-02-13T12:07:04+00:00","breadcrumb":{"@id":"https:\/\/metaltale.com\/lv\/produkts\/keramikas-mebelu-poga-ceramic-flower-with-a-sign-38-mm\/#breadcrumb"},"inLanguage":"lv-LV","potentialAction":[{"@type":"ReadAction","target":["https:\/\/metaltale.com\/lv\/produkts\/keramikas-mebelu-poga-ceramic-flower-with-a-sign-38-mm\/"]}]},{"@type":"ImageObject","inLanguage":"lv-LV","@id":"https:\/\/metaltale.com\/lv\/produkts\/keramikas-mebelu-poga-ceramic-flower-with-a-sign-38-mm\/#primaryimage","url":"https:\/\/metaltale.com\/wp-content\/uploads\/2023\/10\/Baldx173-rankenx117lx117-CERAMIC-KWAIAT-SU-Ix160KABA-38-Balta.jpg","contentUrl":"https:\/\/metaltale.com\/wp-content\/uploads\/2023\/10\/Baldx173-rankenx117lx117-CERAMIC-KWAIAT-SU-Ix160KABA-38-Balta.jpg","width":800,"height":800,"caption":"Keramikas m\u0113be\u013cu poga CERAMIC FLOWER WITH A SIGN 38 mm"},{"@type":"BreadcrumbList","@id":"https:\/\/metaltale.com\/lv\/produkts\/keramikas-mebelu-poga-ceramic-flower-with-a-sign-38-mm\/#breadcrumb","itemListElement":[{"@type":"ListItem","position":1,"name":"Home","item":"https:\/\/metaltale.com\/lv\/majas\/"},{"@type":"ListItem","position":2,"name":"Veikals","item":"https:\/\/metaltale.com\/lv\/shop\/"},{"@type":"ListItem","position":3,"name":"Keramikas m\u0113be\u013cu poga CERAMIC FLOWER WITH A SIGN 38 mm"}]},{"@type":"WebSite","@id":"https:\/\/metaltale.com\/lv\/#website","url":"https:\/\/metaltale.com\/lv\/","name":"Metaltale.com","description":"","potentialAction":[{"@type":"SearchAction","target":{"@type":"EntryPoint","urlTemplate":"https:\/\/metaltale.com\/lv\/?s={search_term_string}"},"query-input":{"@type":"PropertyValueSpecification","valueRequired":true,"valueName":"search_term_string"}}],"inLanguage":"lv-LV"}]}},"_links":{"self":[{"href":"https:\/\/metaltale.com\/lv\/wp-json\/wp\/v2\/product\/138579","targetHints":{"allow":["GET"]}}],"collection":[{"href":"https:\/\/metaltale.com\/lv\/wp-json\/wp\/v2\/product"}],"about":[{"href":"https:\/\/metaltale.com\/lv\/wp-json\/wp\/v2\/types\/product"}],"replies":[{"embeddable":true,"href":"https:\/\/metaltale.com\/lv\/wp-json\/wp\/v2\/comments?post=138579"}],"version-history":[{"count":0,"href":"https:\/\/metaltale.com\/lv\/wp-json\/wp\/v2\/product\/138579\/revisions"}],"wp:featuredmedia":[{"embeddable":true,"href":"https:\/\/metaltale.com\/lv\/wp-json\/wp\/v2\/media\/86005"}],"wp:attachment":[{"href":"https:\/\/metaltale.com\/lv\/wp-json\/wp\/v2\/media?parent=138579"}],"wp:term":[{"taxonomy":"product_brand","embeddable":true,"href":"https:\/\/metaltale.com\/lv\/wp-json\/wp\/v2\/product_brand?post=138579"},{"taxonomy":"product_cat","embeddable":true,"href":"https:\/\/metaltale.com\/lv\/wp-json\/wp\/v2\/product_cat?post=138579"},{"taxonomy":"product_tag","embeddable":true,"href":"https:\/\/metaltale.com\/lv\/wp-json\/wp\/v2\/product_tag?post=138579"}],"curies":[{"name":"wp","href":"https:\/\/api.w.org\/{rel}","templated":true}]}}