{"id":138574,"date":"2024-02-13T14:07:04","date_gmt":"2024-02-13T12:07:04","guid":{"rendered":"https:\/\/metaltale.com\/produktas\/mebelu-poga-light-35-mm\/"},"modified":"2025-04-24T20:59:23","modified_gmt":"2025-04-24T18:59:23","slug":"mebelu-poga-light-35-mm","status":"publish","type":"product","link":"https:\/\/metaltale.com\/lv\/produkts\/mebelu-poga-light-35-mm\/","title":{"rendered":"M\u0113be\u013cu poga LIGHT 35 mm"},"content":{"rendered":"<div class=\"prod_data\">\n<p><strong>Modelis<\/strong> 70.086C. AI.35<br \/>\n<strong>EAN.<\/strong>  5905369916915<br \/>\nMateri\u0101ls Ketus<br \/>\n<strong>Kop\u0113jais diametrs (cm<\/strong> ) 4<br \/>\n<strong>Kop\u0113j\u0101 projekcija (cm<\/strong> ) 3<br \/>\n<strong>Mont\u0101\u017eas skr\u016bves<\/strong> Skr\u016bve<br \/>\n<strong>Pamatnes diametrs (cm)<\/strong> 2,2<br \/>\nT\u0113rauda <strong>kr\u0101sa<\/strong><br \/>\n<strong>Apdares<\/strong> vaska <strong>apdare<\/strong> <\/p>\n<p>&#8211; rokturis ir izgatavots no augst\u0101k\u0101s kvalit\u0101tes \u010duguna, kas garant\u0113 iztur\u012bbu.<br \/>\n&#8211; viegli tekstur\u0113t\u0101 virsma v\u0113l vair\u0101k izce\u013c retro stilu.<br \/>\n&#8211; vienk\u0101r\u0161a mont\u0101\u017ea ir iesp\u0113jama, pateicoties izstr\u0101d\u0101jumam pievienotajai skr\u016bvei.<\/p>\n<hr>\n<p>Att\u0113l\u0101 redzamais m\u0113be\u013cu rokturis ir ant\u012bks rokturis, kas m\u0113be\u013cu nozar\u0113 tiek izmantots jau vair\u0101kas paaudzes. Tas atg\u0101dina vintage m\u0113beles, kur \u0161\u0101ds risin\u0101jums bija vienk\u0101r\u0161s un funkcion\u0101ls visu elementu dekor\u0113\u0161anas veids. Klasisk\u0101 pogas forma galvenok\u0101rt ir palielin\u0101ts korpuss, kas novietots uz daudz maz\u0101kas k\u0101ji\u0146as, padarot elementu satver\u0161anu un atv\u0113r\u0161anu pavisam vienk\u0101r\u0161u.<\/p>\n<p>Rokturis ir izgatavots no augstas iztur\u012bbas \u010duguna sakaus\u0113juma, kas izce\u013c t\u0101 iztur\u012bbu pret nodilumu ikdienas lieto\u0161anas laik\u0101.<\/p>\n<\/div>\n","protected":false},"excerpt":{"rendered":"<p>Modelis 70.086C. AI.35 EAN. 5905369916915 Materi\u0101ls Ketus Kop\u0113jais diametrs (cm ) 4 Kop\u0113j\u0101 projekcija (cm ) 3 Mont\u0101\u017eas skr\u016bves Skr\u016bve<\/p>\n","protected":false},"featured_media":85910,"comment_status":"open","ping_status":"closed","template":"","meta":{"_acf_changed":false,"pmpro_default_level":""},"product_brand":[],"product_cat":[23864,23837,23875],"product_tag":[],"class_list":{"0":"post-138574","1":"product","2":"type-product","3":"status-publish","4":"has-post-thumbnail","6":"product_cat-baldu-rankeneles-lv","7":"product_cat-mebeles-piederumi","8":"product_cat-rankeneles-lv","9":"pmpro-has-access","11":"first","12":"instock","13":"shipping-taxable","14":"purchasable","15":"product-type-simple"},"acf":[],"yoast_head":"<!-- This site is optimized with the Yoast SEO plugin v24.9 - https:\/\/yoast.com\/wordpress\/plugins\/seo\/ -->\n<title>M\u0113be\u013cu poga LIGHT 35 mm - MetalTale.com<\/title>\n<meta name=\"robots\" content=\"index, follow, max-snippet:-1, max-image-preview:large, max-video-preview:-1\" \/>\n<link rel=\"canonical\" href=\"https:\/\/metaltale.com\/lv\/produkts\/mebelu-poga-light-35-mm\/\" \/>\n<meta property=\"og:locale\" content=\"lv_LV\" \/>\n<meta property=\"og:type\" content=\"article\" \/>\n<meta property=\"og:title\" content=\"M\u0113be\u013cu poga LIGHT 35 mm - MetalTale.com\" \/>\n<meta property=\"og:description\" content=\"Modelis 70.086C. AI.35 EAN. 5905369916915 Materi\u0101ls Ketus Kop\u0113jais diametrs (cm ) 4 Kop\u0113j\u0101 projekcija (cm ) 3 Mont\u0101\u017eas skr\u016bves Skr\u016bve\" \/>\n<meta property=\"og:url\" content=\"https:\/\/metaltale.com\/lv\/produkts\/mebelu-poga-light-35-mm\/\" \/>\n<meta property=\"og:site_name\" content=\"MetalTale.com\" \/>\n<meta property=\"article:modified_time\" content=\"2025-04-24T18:59:23+00:00\" \/>\n<meta name=\"twitter:card\" content=\"summary_large_image\" \/>\n<meta name=\"twitter:label1\" content=\"Est. reading time\" \/>\n\t<meta name=\"twitter:data1\" content=\"1 minute\" \/>\n<script type=\"application\/ld+json\" class=\"yoast-schema-graph\">{\"@context\":\"https:\/\/schema.org\",\"@graph\":[{\"@type\":\"WebPage\",\"@id\":\"https:\/\/metaltale.com\/lv\/produkts\/mebelu-poga-light-35-mm\/\",\"url\":\"https:\/\/metaltale.com\/lv\/produkts\/mebelu-poga-light-35-mm\/\",\"name\":\"M\u0113be\u013cu poga LIGHT 35 mm - MetalTale.com\",\"isPartOf\":{\"@id\":\"https:\/\/metaltale.com\/lv\/#website\"},\"primaryImageOfPage\":{\"@id\":\"https:\/\/metaltale.com\/lv\/produkts\/mebelu-poga-light-35-mm\/#primaryimage\"},\"image\":{\"@id\":\"https:\/\/metaltale.com\/lv\/produkts\/mebelu-poga-light-35-mm\/#primaryimage\"},\"thumbnailUrl\":\"https:\/\/metaltale.com\/wp-content\/uploads\/2023\/10\/Baldx173-rankenx117lx117-SMOOTH-35-Steel.jpg\",\"datePublished\":\"2024-02-13T12:07:04+00:00\",\"dateModified\":\"2025-04-24T18:59:23+00:00\",\"breadcrumb\":{\"@id\":\"https:\/\/metaltale.com\/lv\/produkts\/mebelu-poga-light-35-mm\/#breadcrumb\"},\"inLanguage\":\"lv-LV\",\"potentialAction\":[{\"@type\":\"ReadAction\",\"target\":[\"https:\/\/metaltale.com\/lv\/produkts\/mebelu-poga-light-35-mm\/\"]}]},{\"@type\":\"ImageObject\",\"inLanguage\":\"lv-LV\",\"@id\":\"https:\/\/metaltale.com\/lv\/produkts\/mebelu-poga-light-35-mm\/#primaryimage\",\"url\":\"https:\/\/metaltale.com\/wp-content\/uploads\/2023\/10\/Baldx173-rankenx117lx117-SMOOTH-35-Steel.jpg\",\"contentUrl\":\"https:\/\/metaltale.com\/wp-content\/uploads\/2023\/10\/Baldx173-rankenx117lx117-SMOOTH-35-Steel.jpg\",\"width\":800,\"height\":800,\"caption\":\"M\u0113be\u013cu poga LIGHT 35 mm\"},{\"@type\":\"BreadcrumbList\",\"@id\":\"https:\/\/metaltale.com\/lv\/produkts\/mebelu-poga-light-35-mm\/#breadcrumb\",\"itemListElement\":[{\"@type\":\"ListItem\",\"position\":1,\"name\":\"Home\",\"item\":\"https:\/\/metaltale.com\/lv\/majas\/\"},{\"@type\":\"ListItem\",\"position\":2,\"name\":\"Veikals\",\"item\":\"https:\/\/metaltale.com\/lv\/shop\/\"},{\"@type\":\"ListItem\",\"position\":3,\"name\":\"M\u0113be\u013cu poga LIGHT 35 mm\"}]},{\"@type\":\"WebSite\",\"@id\":\"https:\/\/metaltale.com\/lv\/#website\",\"url\":\"https:\/\/metaltale.com\/lv\/\",\"name\":\"Metaltale.com\",\"description\":\"\",\"potentialAction\":[{\"@type\":\"SearchAction\",\"target\":{\"@type\":\"EntryPoint\",\"urlTemplate\":\"https:\/\/metaltale.com\/lv\/?s={search_term_string}\"},\"query-input\":{\"@type\":\"PropertyValueSpecification\",\"valueRequired\":true,\"valueName\":\"search_term_string\"}}],\"inLanguage\":\"lv-LV\"}]}<\/script>\n<!-- \/ Yoast SEO plugin. -->","yoast_head_json":{"title":"M\u0113be\u013cu poga LIGHT 35 mm - MetalTale.com","robots":{"index":"index","follow":"follow","max-snippet":"max-snippet:-1","max-image-preview":"max-image-preview:large","max-video-preview":"max-video-preview:-1"},"canonical":"https:\/\/metaltale.com\/lv\/produkts\/mebelu-poga-light-35-mm\/","og_locale":"lv_LV","og_type":"article","og_title":"M\u0113be\u013cu poga LIGHT 35 mm - MetalTale.com","og_description":"Modelis 70.086C. AI.35 EAN. 5905369916915 Materi\u0101ls Ketus Kop\u0113jais diametrs (cm ) 4 Kop\u0113j\u0101 projekcija (cm ) 3 Mont\u0101\u017eas skr\u016bves Skr\u016bve","og_url":"https:\/\/metaltale.com\/lv\/produkts\/mebelu-poga-light-35-mm\/","og_site_name":"MetalTale.com","article_modified_time":"2025-04-24T18:59:23+00:00","twitter_card":"summary_large_image","twitter_misc":{"Est. reading time":"1 minute"},"schema":{"@context":"https:\/\/schema.org","@graph":[{"@type":"WebPage","@id":"https:\/\/metaltale.com\/lv\/produkts\/mebelu-poga-light-35-mm\/","url":"https:\/\/metaltale.com\/lv\/produkts\/mebelu-poga-light-35-mm\/","name":"M\u0113be\u013cu poga LIGHT 35 mm - MetalTale.com","isPartOf":{"@id":"https:\/\/metaltale.com\/lv\/#website"},"primaryImageOfPage":{"@id":"https:\/\/metaltale.com\/lv\/produkts\/mebelu-poga-light-35-mm\/#primaryimage"},"image":{"@id":"https:\/\/metaltale.com\/lv\/produkts\/mebelu-poga-light-35-mm\/#primaryimage"},"thumbnailUrl":"https:\/\/metaltale.com\/wp-content\/uploads\/2023\/10\/Baldx173-rankenx117lx117-SMOOTH-35-Steel.jpg","datePublished":"2024-02-13T12:07:04+00:00","dateModified":"2025-04-24T18:59:23+00:00","breadcrumb":{"@id":"https:\/\/metaltale.com\/lv\/produkts\/mebelu-poga-light-35-mm\/#breadcrumb"},"inLanguage":"lv-LV","potentialAction":[{"@type":"ReadAction","target":["https:\/\/metaltale.com\/lv\/produkts\/mebelu-poga-light-35-mm\/"]}]},{"@type":"ImageObject","inLanguage":"lv-LV","@id":"https:\/\/metaltale.com\/lv\/produkts\/mebelu-poga-light-35-mm\/#primaryimage","url":"https:\/\/metaltale.com\/wp-content\/uploads\/2023\/10\/Baldx173-rankenx117lx117-SMOOTH-35-Steel.jpg","contentUrl":"https:\/\/metaltale.com\/wp-content\/uploads\/2023\/10\/Baldx173-rankenx117lx117-SMOOTH-35-Steel.jpg","width":800,"height":800,"caption":"M\u0113be\u013cu poga LIGHT 35 mm"},{"@type":"BreadcrumbList","@id":"https:\/\/metaltale.com\/lv\/produkts\/mebelu-poga-light-35-mm\/#breadcrumb","itemListElement":[{"@type":"ListItem","position":1,"name":"Home","item":"https:\/\/metaltale.com\/lv\/majas\/"},{"@type":"ListItem","position":2,"name":"Veikals","item":"https:\/\/metaltale.com\/lv\/shop\/"},{"@type":"ListItem","position":3,"name":"M\u0113be\u013cu poga LIGHT 35 mm"}]},{"@type":"WebSite","@id":"https:\/\/metaltale.com\/lv\/#website","url":"https:\/\/metaltale.com\/lv\/","name":"Metaltale.com","description":"","potentialAction":[{"@type":"SearchAction","target":{"@type":"EntryPoint","urlTemplate":"https:\/\/metaltale.com\/lv\/?s={search_term_string}"},"query-input":{"@type":"PropertyValueSpecification","valueRequired":true,"valueName":"search_term_string"}}],"inLanguage":"lv-LV"}]}},"_links":{"self":[{"href":"https:\/\/metaltale.com\/lv\/wp-json\/wp\/v2\/product\/138574","targetHints":{"allow":["GET"]}}],"collection":[{"href":"https:\/\/metaltale.com\/lv\/wp-json\/wp\/v2\/product"}],"about":[{"href":"https:\/\/metaltale.com\/lv\/wp-json\/wp\/v2\/types\/product"}],"replies":[{"embeddable":true,"href":"https:\/\/metaltale.com\/lv\/wp-json\/wp\/v2\/comments?post=138574"}],"version-history":[{"count":0,"href":"https:\/\/metaltale.com\/lv\/wp-json\/wp\/v2\/product\/138574\/revisions"}],"wp:featuredmedia":[{"embeddable":true,"href":"https:\/\/metaltale.com\/lv\/wp-json\/wp\/v2\/media\/85910"}],"wp:attachment":[{"href":"https:\/\/metaltale.com\/lv\/wp-json\/wp\/v2\/media?parent=138574"}],"wp:term":[{"taxonomy":"product_brand","embeddable":true,"href":"https:\/\/metaltale.com\/lv\/wp-json\/wp\/v2\/product_brand?post=138574"},{"taxonomy":"product_cat","embeddable":true,"href":"https:\/\/metaltale.com\/lv\/wp-json\/wp\/v2\/product_cat?post=138574"},{"taxonomy":"product_tag","embeddable":true,"href":"https:\/\/metaltale.com\/lv\/wp-json\/wp\/v2\/product_tag?post=138574"}],"curies":[{"name":"wp","href":"https:\/\/api.w.org\/{rel}","templated":true}]}}