{"id":138569,"date":"2024-02-13T14:07:04","date_gmt":"2024-02-13T12:07:04","guid":{"rendered":"https:\/\/metaltale.com\/produktas\/mebelu-rokturis-cristal\/"},"modified":"2024-02-13T14:07:04","modified_gmt":"2024-02-13T12:07:04","slug":"mebelu-rokturis-cristal","status":"publish","type":"product","link":"https:\/\/metaltale.com\/lv\/produkts\/mebelu-rokturis-cristal\/","title":{"rendered":"M\u0113be\u013cu rokturis CRISTAL"},"content":{"rendered":"<div class=\"prod_data\">\n<p><strong>Modelis<\/strong> 01.086F. GL.38<br \/>\n<strong>EAN.<\/strong>  5905369916939<br \/>\nMateri\u0101ls T\u0113rauds, stikls<br \/>\n<strong>Kop\u0113jais diametrs (cm<\/strong> ) 3,9<br \/>\n<strong>Kop\u0113j\u0101 projekcija (cm<\/strong> ) 3<br \/>\n<strong>Mont\u0101\u017eas skr\u016bves<\/strong> Skr\u016bve<br \/>\nCaursp\u012bd\u012bga <strong>kr\u0101sa<\/strong> <\/p>\n<p>&#8211; stikla rokturis, kas pie\u0161\u0137ir tam smalku izskatu.<br \/>\n&#8211; rombveida formas ir ide\u0101li piem\u0113rotas kr\u0101\u0161\u0146am interjeram<br \/>\n&#8211; vienk\u0101r\u0161a mont\u0101\u017ea ir iesp\u0113jama, pateicoties izstr\u0101d\u0101jumam pievienotajai skr\u016bvei.<\/p>\n<hr>\n<p>Pat vismaz\u0101k\u0101s deta\u013cas un pareizi veidoti lauku aksesu\u0101ri var iev\u0113rojami palielin\u0101t visa m\u0113r\u012bjuma vizu\u0101lo ietekmi. M\u0113be\u013cu rokturi ir elements, kas \u0101tri un efekt\u012bvi pie\u0161\u0137irs j\u016bsu m\u0113bel\u0113m jaunu raksturu.<\/p>\n<p>Stikla m\u0113be\u013cu rokturis, kas izskat\u0101s k\u0101 krist\u0101ls, ir ide\u0101ls risin\u0101jums sievi\u0161\u0137\u012bgam interjeram glam\u016bra un fran\u010du budu\u0101ra stil\u0101. Izsmalcin\u0101tais dizains un roktura caursp\u012bd\u012bgums pie\u0161\u0137ir tam \u013coti maigu un pla\u0161u raksturu. Tas izskat\u012bsies skaisti ar\u012b ar dekorat\u012bvu rozeti. Mont\u0101\u017ea pie m\u0113bel\u0113m ar 4 mm skr\u016bvi un uzgriezni.<\/p>\n<\/div>\n","protected":false},"excerpt":{"rendered":"<p>Modelis 01.086F. GL.38 EAN. 5905369916939 Materi\u0101ls T\u0113rauds, stikls Kop\u0113jais diametrs (cm ) 3,9 Kop\u0113j\u0101 projekcija (cm ) 3 Mont\u0101\u017eas skr\u016bves<\/p>\n","protected":false},"featured_media":85892,"comment_status":"open","ping_status":"closed","template":"","meta":{"_acf_changed":false,"pmpro_default_level":""},"product_brand":[],"product_cat":[23864,23837,23875],"product_tag":[],"class_list":{"0":"post-138569","1":"product","2":"type-product","3":"status-publish","4":"has-post-thumbnail","6":"product_cat-baldu-rankeneles-lv","7":"product_cat-mebeles-piederumi","8":"product_cat-rankeneles-lv","9":"pmpro-has-access","11":"first","12":"instock","13":"shipping-taxable","14":"purchasable","15":"product-type-simple"},"acf":[],"yoast_head":"<!-- This site is optimized with the Yoast SEO plugin v24.9 - https:\/\/yoast.com\/wordpress\/plugins\/seo\/ -->\n<title>M\u0113be\u013cu rokturis CRISTAL - MetalTale.com<\/title>\n<meta name=\"robots\" content=\"index, follow, max-snippet:-1, max-image-preview:large, max-video-preview:-1\" \/>\n<link rel=\"canonical\" href=\"https:\/\/metaltale.com\/lv\/produkts\/mebelu-rokturis-cristal\/\" \/>\n<meta property=\"og:locale\" content=\"lv_LV\" \/>\n<meta property=\"og:type\" content=\"article\" \/>\n<meta property=\"og:title\" content=\"M\u0113be\u013cu rokturis CRISTAL - MetalTale.com\" \/>\n<meta property=\"og:description\" content=\"Modelis 01.086F. GL.38 EAN. 5905369916939 Materi\u0101ls T\u0113rauds, stikls Kop\u0113jais diametrs (cm ) 3,9 Kop\u0113j\u0101 projekcija (cm ) 3 Mont\u0101\u017eas skr\u016bves\" \/>\n<meta property=\"og:url\" content=\"https:\/\/metaltale.com\/lv\/produkts\/mebelu-rokturis-cristal\/\" \/>\n<meta property=\"og:site_name\" content=\"MetalTale.com\" \/>\n<meta name=\"twitter:card\" content=\"summary_large_image\" \/>\n<meta name=\"twitter:label1\" content=\"Est. reading time\" \/>\n\t<meta name=\"twitter:data1\" content=\"1 minute\" \/>\n<script type=\"application\/ld+json\" class=\"yoast-schema-graph\">{\"@context\":\"https:\/\/schema.org\",\"@graph\":[{\"@type\":\"WebPage\",\"@id\":\"https:\/\/metaltale.com\/lv\/produkts\/mebelu-rokturis-cristal\/\",\"url\":\"https:\/\/metaltale.com\/lv\/produkts\/mebelu-rokturis-cristal\/\",\"name\":\"M\u0113be\u013cu rokturis CRISTAL - MetalTale.com\",\"isPartOf\":{\"@id\":\"https:\/\/metaltale.com\/lv\/#website\"},\"primaryImageOfPage\":{\"@id\":\"https:\/\/metaltale.com\/lv\/produkts\/mebelu-rokturis-cristal\/#primaryimage\"},\"image\":{\"@id\":\"https:\/\/metaltale.com\/lv\/produkts\/mebelu-rokturis-cristal\/#primaryimage\"},\"thumbnailUrl\":\"https:\/\/metaltale.com\/wp-content\/uploads\/2023\/10\/Baldx173-rankenx117lx117-CRYSTAL-39-Transparent.jpg\",\"datePublished\":\"2024-02-13T12:07:04+00:00\",\"breadcrumb\":{\"@id\":\"https:\/\/metaltale.com\/lv\/produkts\/mebelu-rokturis-cristal\/#breadcrumb\"},\"inLanguage\":\"lv-LV\",\"potentialAction\":[{\"@type\":\"ReadAction\",\"target\":[\"https:\/\/metaltale.com\/lv\/produkts\/mebelu-rokturis-cristal\/\"]}]},{\"@type\":\"ImageObject\",\"inLanguage\":\"lv-LV\",\"@id\":\"https:\/\/metaltale.com\/lv\/produkts\/mebelu-rokturis-cristal\/#primaryimage\",\"url\":\"https:\/\/metaltale.com\/wp-content\/uploads\/2023\/10\/Baldx173-rankenx117lx117-CRYSTAL-39-Transparent.jpg\",\"contentUrl\":\"https:\/\/metaltale.com\/wp-content\/uploads\/2023\/10\/Baldx173-rankenx117lx117-CRYSTAL-39-Transparent.jpg\",\"width\":800,\"height\":800,\"caption\":\"M\u0113be\u013cu rokturis CRISTAL\"},{\"@type\":\"BreadcrumbList\",\"@id\":\"https:\/\/metaltale.com\/lv\/produkts\/mebelu-rokturis-cristal\/#breadcrumb\",\"itemListElement\":[{\"@type\":\"ListItem\",\"position\":1,\"name\":\"Home\",\"item\":\"https:\/\/metaltale.com\/lv\/majas\/\"},{\"@type\":\"ListItem\",\"position\":2,\"name\":\"Veikals\",\"item\":\"https:\/\/metaltale.com\/lv\/shop\/\"},{\"@type\":\"ListItem\",\"position\":3,\"name\":\"M\u0113be\u013cu rokturis CRISTAL\"}]},{\"@type\":\"WebSite\",\"@id\":\"https:\/\/metaltale.com\/lv\/#website\",\"url\":\"https:\/\/metaltale.com\/lv\/\",\"name\":\"Metaltale.com\",\"description\":\"\",\"potentialAction\":[{\"@type\":\"SearchAction\",\"target\":{\"@type\":\"EntryPoint\",\"urlTemplate\":\"https:\/\/metaltale.com\/lv\/?s={search_term_string}\"},\"query-input\":{\"@type\":\"PropertyValueSpecification\",\"valueRequired\":true,\"valueName\":\"search_term_string\"}}],\"inLanguage\":\"lv-LV\"}]}<\/script>\n<!-- \/ Yoast SEO plugin. -->","yoast_head_json":{"title":"M\u0113be\u013cu rokturis CRISTAL - MetalTale.com","robots":{"index":"index","follow":"follow","max-snippet":"max-snippet:-1","max-image-preview":"max-image-preview:large","max-video-preview":"max-video-preview:-1"},"canonical":"https:\/\/metaltale.com\/lv\/produkts\/mebelu-rokturis-cristal\/","og_locale":"lv_LV","og_type":"article","og_title":"M\u0113be\u013cu rokturis CRISTAL - MetalTale.com","og_description":"Modelis 01.086F. GL.38 EAN. 5905369916939 Materi\u0101ls T\u0113rauds, stikls Kop\u0113jais diametrs (cm ) 3,9 Kop\u0113j\u0101 projekcija (cm ) 3 Mont\u0101\u017eas skr\u016bves","og_url":"https:\/\/metaltale.com\/lv\/produkts\/mebelu-rokturis-cristal\/","og_site_name":"MetalTale.com","twitter_card":"summary_large_image","twitter_misc":{"Est. reading time":"1 minute"},"schema":{"@context":"https:\/\/schema.org","@graph":[{"@type":"WebPage","@id":"https:\/\/metaltale.com\/lv\/produkts\/mebelu-rokturis-cristal\/","url":"https:\/\/metaltale.com\/lv\/produkts\/mebelu-rokturis-cristal\/","name":"M\u0113be\u013cu rokturis CRISTAL - MetalTale.com","isPartOf":{"@id":"https:\/\/metaltale.com\/lv\/#website"},"primaryImageOfPage":{"@id":"https:\/\/metaltale.com\/lv\/produkts\/mebelu-rokturis-cristal\/#primaryimage"},"image":{"@id":"https:\/\/metaltale.com\/lv\/produkts\/mebelu-rokturis-cristal\/#primaryimage"},"thumbnailUrl":"https:\/\/metaltale.com\/wp-content\/uploads\/2023\/10\/Baldx173-rankenx117lx117-CRYSTAL-39-Transparent.jpg","datePublished":"2024-02-13T12:07:04+00:00","breadcrumb":{"@id":"https:\/\/metaltale.com\/lv\/produkts\/mebelu-rokturis-cristal\/#breadcrumb"},"inLanguage":"lv-LV","potentialAction":[{"@type":"ReadAction","target":["https:\/\/metaltale.com\/lv\/produkts\/mebelu-rokturis-cristal\/"]}]},{"@type":"ImageObject","inLanguage":"lv-LV","@id":"https:\/\/metaltale.com\/lv\/produkts\/mebelu-rokturis-cristal\/#primaryimage","url":"https:\/\/metaltale.com\/wp-content\/uploads\/2023\/10\/Baldx173-rankenx117lx117-CRYSTAL-39-Transparent.jpg","contentUrl":"https:\/\/metaltale.com\/wp-content\/uploads\/2023\/10\/Baldx173-rankenx117lx117-CRYSTAL-39-Transparent.jpg","width":800,"height":800,"caption":"M\u0113be\u013cu rokturis CRISTAL"},{"@type":"BreadcrumbList","@id":"https:\/\/metaltale.com\/lv\/produkts\/mebelu-rokturis-cristal\/#breadcrumb","itemListElement":[{"@type":"ListItem","position":1,"name":"Home","item":"https:\/\/metaltale.com\/lv\/majas\/"},{"@type":"ListItem","position":2,"name":"Veikals","item":"https:\/\/metaltale.com\/lv\/shop\/"},{"@type":"ListItem","position":3,"name":"M\u0113be\u013cu rokturis CRISTAL"}]},{"@type":"WebSite","@id":"https:\/\/metaltale.com\/lv\/#website","url":"https:\/\/metaltale.com\/lv\/","name":"Metaltale.com","description":"","potentialAction":[{"@type":"SearchAction","target":{"@type":"EntryPoint","urlTemplate":"https:\/\/metaltale.com\/lv\/?s={search_term_string}"},"query-input":{"@type":"PropertyValueSpecification","valueRequired":true,"valueName":"search_term_string"}}],"inLanguage":"lv-LV"}]}},"_links":{"self":[{"href":"https:\/\/metaltale.com\/lv\/wp-json\/wp\/v2\/product\/138569","targetHints":{"allow":["GET"]}}],"collection":[{"href":"https:\/\/metaltale.com\/lv\/wp-json\/wp\/v2\/product"}],"about":[{"href":"https:\/\/metaltale.com\/lv\/wp-json\/wp\/v2\/types\/product"}],"replies":[{"embeddable":true,"href":"https:\/\/metaltale.com\/lv\/wp-json\/wp\/v2\/comments?post=138569"}],"version-history":[{"count":0,"href":"https:\/\/metaltale.com\/lv\/wp-json\/wp\/v2\/product\/138569\/revisions"}],"wp:featuredmedia":[{"embeddable":true,"href":"https:\/\/metaltale.com\/lv\/wp-json\/wp\/v2\/media\/85892"}],"wp:attachment":[{"href":"https:\/\/metaltale.com\/lv\/wp-json\/wp\/v2\/media?parent=138569"}],"wp:term":[{"taxonomy":"product_brand","embeddable":true,"href":"https:\/\/metaltale.com\/lv\/wp-json\/wp\/v2\/product_brand?post=138569"},{"taxonomy":"product_cat","embeddable":true,"href":"https:\/\/metaltale.com\/lv\/wp-json\/wp\/v2\/product_cat?post=138569"},{"taxonomy":"product_tag","embeddable":true,"href":"https:\/\/metaltale.com\/lv\/wp-json\/wp\/v2\/product_tag?post=138569"}],"curies":[{"name":"wp","href":"https:\/\/api.w.org\/{rel}","templated":true}]}}