{"id":138561,"date":"2024-02-13T14:07:04","date_gmt":"2024-02-13T12:07:04","guid":{"rendered":"https:\/\/metaltale.com\/produktas\/mebelu-rokturis-flower-2\/"},"modified":"2024-02-13T14:07:04","modified_gmt":"2024-02-13T12:07:04","slug":"mebelu-rokturis-flower-2","status":"publish","type":"product","link":"https:\/\/metaltale.com\/lv\/produkts\/mebelu-rokturis-flower-2\/","title":{"rendered":"M\u0113be\u013cu rokturis FLOWER"},"content":{"rendered":"<div class=\"prod_data\">\n<p><strong>Modelis<\/strong> 01.086R. AI.32<br \/>\n<strong>EAN.<\/strong>  5905369916977<br \/>\nMateri\u0101ls Ketus<br \/>\n<strong>Kop\u0113jais augstums (cm<\/strong> ) 2,6<br \/>\nKop\u0113jais platums (cm ) 3,1<br \/>\n<strong>Pamatnes izm\u0113ri (cm)<\/strong> 1,5<br \/>\n<strong>Mont\u0101\u017eas skr\u016bves<\/strong> Skr\u016bve<br \/>\nT\u0113rauda <strong>kr\u0101sa<\/strong><br \/>\n<strong>Apdares<\/strong> vaska <strong>apdare<\/strong> <\/p>\n<p>&#8211; izstr\u0101d\u0101jums izgatavots no augst\u0101k\u0101s kvalit\u0101tes \u010duguna, kas garant\u0113 iztur\u012bbu un iztur\u012bbu.<br \/>\n&#8211; Viegli tekstur\u0113ta virsma izce\u013c retro atmosf\u0113ru<br \/>\n&#8211; izstr\u0101d\u0101jumam ir pievienota skr\u016bve, kas atvieglo mont\u0101\u017eu.<\/p>\n<hr>\n<p>M\u0113be\u013cu pogas pu\u0137e ir rad\u012bta ar lielu precizit\u0101ti, pateicoties pieredz\u0113ju\u0161u profesion\u0101\u013cu darbam.<\/p>\n<p>T\u0101 ra\u017eo\u0161an\u0101 izmantotais augstas kvalit\u0101tes \u010duguna sakaus\u0113jums, kas tiek impregn\u0113ts, garant\u0113 neap\u0161aub\u0101mu produkta iztur\u012bbu. T\u0101s forma atg\u0101dina klasisku lauku interjera apdari. Pieg\u0101d\u0101tais m\u0113be\u013cu rokturis ir uzst\u0101d\u012bts uz delik\u0101tas k\u0101ji\u0146as, kas \u013cauj tam perfekti piestiprin\u0101ties pie uzst\u0101d\u012bt\u0101s plaknes, un komplekt\u0101 iek\u013caut\u0101 m\u0113be\u013cu skr\u016bve \u013cauj viegli un \u0101tri mont\u0113t.<\/p>\n<p>Izstr\u0101d\u0101jums ir v\u012bt\u0146ots un piestiprin\u0101ts aizmugur\u0113. Komplekt\u0101 iek\u013cauta stiprin\u0101juma skr\u016bve.<\/p>\n<\/div>\n","protected":false},"excerpt":{"rendered":"<p>Modelis 01.086R. AI.32 EAN. 5905369916977 Materi\u0101ls Ketus Kop\u0113jais augstums (cm ) 2,6 Kop\u0113jais platums (cm ) 3,1 Pamatnes izm\u0113ri (cm)<\/p>\n","protected":false},"featured_media":85795,"comment_status":"open","ping_status":"closed","template":"","meta":{"_acf_changed":false,"pmpro_default_level":""},"product_brand":[],"product_cat":[23864,23837,23875],"product_tag":[],"class_list":{"0":"post-138561","1":"product","2":"type-product","3":"status-publish","4":"has-post-thumbnail","6":"product_cat-baldu-rankeneles-lv","7":"product_cat-mebeles-piederumi","8":"product_cat-rankeneles-lv","9":"pmpro-has-access","11":"first","12":"instock","13":"shipping-taxable","14":"purchasable","15":"product-type-simple"},"acf":[],"yoast_head":"<!-- This site is optimized with the Yoast SEO plugin v24.9 - https:\/\/yoast.com\/wordpress\/plugins\/seo\/ -->\n<title>M\u0113be\u013cu rokturis FLOWER - MetalTale.com<\/title>\n<meta name=\"robots\" content=\"index, follow, max-snippet:-1, max-image-preview:large, max-video-preview:-1\" \/>\n<link rel=\"canonical\" href=\"https:\/\/metaltale.com\/lv\/produkts\/mebelu-rokturis-flower-2\/\" \/>\n<meta property=\"og:locale\" content=\"lv_LV\" \/>\n<meta property=\"og:type\" content=\"article\" \/>\n<meta property=\"og:title\" content=\"M\u0113be\u013cu rokturis FLOWER - MetalTale.com\" \/>\n<meta property=\"og:description\" content=\"Modelis 01.086R. AI.32 EAN. 5905369916977 Materi\u0101ls Ketus Kop\u0113jais augstums (cm ) 2,6 Kop\u0113jais platums (cm ) 3,1 Pamatnes izm\u0113ri (cm)\" \/>\n<meta property=\"og:url\" content=\"https:\/\/metaltale.com\/lv\/produkts\/mebelu-rokturis-flower-2\/\" \/>\n<meta property=\"og:site_name\" content=\"MetalTale.com\" \/>\n<meta name=\"twitter:card\" content=\"summary_large_image\" \/>\n<meta name=\"twitter:label1\" content=\"Est. reading time\" \/>\n\t<meta name=\"twitter:data1\" content=\"1 minute\" \/>\n<script type=\"application\/ld+json\" class=\"yoast-schema-graph\">{\"@context\":\"https:\/\/schema.org\",\"@graph\":[{\"@type\":\"WebPage\",\"@id\":\"https:\/\/metaltale.com\/lv\/produkts\/mebelu-rokturis-flower-2\/\",\"url\":\"https:\/\/metaltale.com\/lv\/produkts\/mebelu-rokturis-flower-2\/\",\"name\":\"M\u0113be\u013cu rokturis FLOWER - MetalTale.com\",\"isPartOf\":{\"@id\":\"https:\/\/metaltale.com\/lv\/#website\"},\"primaryImageOfPage\":{\"@id\":\"https:\/\/metaltale.com\/lv\/produkts\/mebelu-rokturis-flower-2\/#primaryimage\"},\"image\":{\"@id\":\"https:\/\/metaltale.com\/lv\/produkts\/mebelu-rokturis-flower-2\/#primaryimage\"},\"thumbnailUrl\":\"https:\/\/metaltale.com\/wp-content\/uploads\/2023\/10\/Baldx173-rankenx117lx117-KWIATEK-30-Stalowa.jpg\",\"datePublished\":\"2024-02-13T12:07:04+00:00\",\"breadcrumb\":{\"@id\":\"https:\/\/metaltale.com\/lv\/produkts\/mebelu-rokturis-flower-2\/#breadcrumb\"},\"inLanguage\":\"lv-LV\",\"potentialAction\":[{\"@type\":\"ReadAction\",\"target\":[\"https:\/\/metaltale.com\/lv\/produkts\/mebelu-rokturis-flower-2\/\"]}]},{\"@type\":\"ImageObject\",\"inLanguage\":\"lv-LV\",\"@id\":\"https:\/\/metaltale.com\/lv\/produkts\/mebelu-rokturis-flower-2\/#primaryimage\",\"url\":\"https:\/\/metaltale.com\/wp-content\/uploads\/2023\/10\/Baldx173-rankenx117lx117-KWIATEK-30-Stalowa.jpg\",\"contentUrl\":\"https:\/\/metaltale.com\/wp-content\/uploads\/2023\/10\/Baldx173-rankenx117lx117-KWIATEK-30-Stalowa.jpg\",\"width\":800,\"height\":800,\"caption\":\"M\u0113be\u013cu rokturis FLOWER\"},{\"@type\":\"BreadcrumbList\",\"@id\":\"https:\/\/metaltale.com\/lv\/produkts\/mebelu-rokturis-flower-2\/#breadcrumb\",\"itemListElement\":[{\"@type\":\"ListItem\",\"position\":1,\"name\":\"Home\",\"item\":\"https:\/\/metaltale.com\/lv\/majas\/\"},{\"@type\":\"ListItem\",\"position\":2,\"name\":\"Veikals\",\"item\":\"https:\/\/metaltale.com\/lv\/shop\/\"},{\"@type\":\"ListItem\",\"position\":3,\"name\":\"M\u0113be\u013cu rokturis FLOWER\"}]},{\"@type\":\"WebSite\",\"@id\":\"https:\/\/metaltale.com\/lv\/#website\",\"url\":\"https:\/\/metaltale.com\/lv\/\",\"name\":\"Metaltale.com\",\"description\":\"\",\"potentialAction\":[{\"@type\":\"SearchAction\",\"target\":{\"@type\":\"EntryPoint\",\"urlTemplate\":\"https:\/\/metaltale.com\/lv\/?s={search_term_string}\"},\"query-input\":{\"@type\":\"PropertyValueSpecification\",\"valueRequired\":true,\"valueName\":\"search_term_string\"}}],\"inLanguage\":\"lv-LV\"}]}<\/script>\n<!-- \/ Yoast SEO plugin. -->","yoast_head_json":{"title":"M\u0113be\u013cu rokturis FLOWER - MetalTale.com","robots":{"index":"index","follow":"follow","max-snippet":"max-snippet:-1","max-image-preview":"max-image-preview:large","max-video-preview":"max-video-preview:-1"},"canonical":"https:\/\/metaltale.com\/lv\/produkts\/mebelu-rokturis-flower-2\/","og_locale":"lv_LV","og_type":"article","og_title":"M\u0113be\u013cu rokturis FLOWER - MetalTale.com","og_description":"Modelis 01.086R. AI.32 EAN. 5905369916977 Materi\u0101ls Ketus Kop\u0113jais augstums (cm ) 2,6 Kop\u0113jais platums (cm ) 3,1 Pamatnes izm\u0113ri (cm)","og_url":"https:\/\/metaltale.com\/lv\/produkts\/mebelu-rokturis-flower-2\/","og_site_name":"MetalTale.com","twitter_card":"summary_large_image","twitter_misc":{"Est. reading time":"1 minute"},"schema":{"@context":"https:\/\/schema.org","@graph":[{"@type":"WebPage","@id":"https:\/\/metaltale.com\/lv\/produkts\/mebelu-rokturis-flower-2\/","url":"https:\/\/metaltale.com\/lv\/produkts\/mebelu-rokturis-flower-2\/","name":"M\u0113be\u013cu rokturis FLOWER - MetalTale.com","isPartOf":{"@id":"https:\/\/metaltale.com\/lv\/#website"},"primaryImageOfPage":{"@id":"https:\/\/metaltale.com\/lv\/produkts\/mebelu-rokturis-flower-2\/#primaryimage"},"image":{"@id":"https:\/\/metaltale.com\/lv\/produkts\/mebelu-rokturis-flower-2\/#primaryimage"},"thumbnailUrl":"https:\/\/metaltale.com\/wp-content\/uploads\/2023\/10\/Baldx173-rankenx117lx117-KWIATEK-30-Stalowa.jpg","datePublished":"2024-02-13T12:07:04+00:00","breadcrumb":{"@id":"https:\/\/metaltale.com\/lv\/produkts\/mebelu-rokturis-flower-2\/#breadcrumb"},"inLanguage":"lv-LV","potentialAction":[{"@type":"ReadAction","target":["https:\/\/metaltale.com\/lv\/produkts\/mebelu-rokturis-flower-2\/"]}]},{"@type":"ImageObject","inLanguage":"lv-LV","@id":"https:\/\/metaltale.com\/lv\/produkts\/mebelu-rokturis-flower-2\/#primaryimage","url":"https:\/\/metaltale.com\/wp-content\/uploads\/2023\/10\/Baldx173-rankenx117lx117-KWIATEK-30-Stalowa.jpg","contentUrl":"https:\/\/metaltale.com\/wp-content\/uploads\/2023\/10\/Baldx173-rankenx117lx117-KWIATEK-30-Stalowa.jpg","width":800,"height":800,"caption":"M\u0113be\u013cu rokturis FLOWER"},{"@type":"BreadcrumbList","@id":"https:\/\/metaltale.com\/lv\/produkts\/mebelu-rokturis-flower-2\/#breadcrumb","itemListElement":[{"@type":"ListItem","position":1,"name":"Home","item":"https:\/\/metaltale.com\/lv\/majas\/"},{"@type":"ListItem","position":2,"name":"Veikals","item":"https:\/\/metaltale.com\/lv\/shop\/"},{"@type":"ListItem","position":3,"name":"M\u0113be\u013cu rokturis FLOWER"}]},{"@type":"WebSite","@id":"https:\/\/metaltale.com\/lv\/#website","url":"https:\/\/metaltale.com\/lv\/","name":"Metaltale.com","description":"","potentialAction":[{"@type":"SearchAction","target":{"@type":"EntryPoint","urlTemplate":"https:\/\/metaltale.com\/lv\/?s={search_term_string}"},"query-input":{"@type":"PropertyValueSpecification","valueRequired":true,"valueName":"search_term_string"}}],"inLanguage":"lv-LV"}]}},"_links":{"self":[{"href":"https:\/\/metaltale.com\/lv\/wp-json\/wp\/v2\/product\/138561","targetHints":{"allow":["GET"]}}],"collection":[{"href":"https:\/\/metaltale.com\/lv\/wp-json\/wp\/v2\/product"}],"about":[{"href":"https:\/\/metaltale.com\/lv\/wp-json\/wp\/v2\/types\/product"}],"replies":[{"embeddable":true,"href":"https:\/\/metaltale.com\/lv\/wp-json\/wp\/v2\/comments?post=138561"}],"version-history":[{"count":0,"href":"https:\/\/metaltale.com\/lv\/wp-json\/wp\/v2\/product\/138561\/revisions"}],"wp:featuredmedia":[{"embeddable":true,"href":"https:\/\/metaltale.com\/lv\/wp-json\/wp\/v2\/media\/85795"}],"wp:attachment":[{"href":"https:\/\/metaltale.com\/lv\/wp-json\/wp\/v2\/media?parent=138561"}],"wp:term":[{"taxonomy":"product_brand","embeddable":true,"href":"https:\/\/metaltale.com\/lv\/wp-json\/wp\/v2\/product_brand?post=138561"},{"taxonomy":"product_cat","embeddable":true,"href":"https:\/\/metaltale.com\/lv\/wp-json\/wp\/v2\/product_cat?post=138561"},{"taxonomy":"product_tag","embeddable":true,"href":"https:\/\/metaltale.com\/lv\/wp-json\/wp\/v2\/product_tag?post=138561"}],"curies":[{"name":"wp","href":"https:\/\/api.w.org\/{rel}","templated":true}]}}