{"id":138546,"date":"2024-02-13T14:07:04","date_gmt":"2024-02-13T12:07:04","guid":{"rendered":"https:\/\/metaltale.com\/produktas\/keramikas-mebelu-poga-paris-clock\/"},"modified":"2024-02-13T14:07:04","modified_gmt":"2024-02-13T12:07:04","slug":"keramikas-mebelu-poga-paris-clock","status":"publish","type":"product","link":"https:\/\/metaltale.com\/lv\/produkts\/keramikas-mebelu-poga-paris-clock\/","title":{"rendered":"Keramikas m\u0113be\u013cu poga PARIS CLOCK"},"content":{"rendered":"<div class=\"prod_data\">\n<p><strong>Modelis<\/strong> 01.086P. CL.38<br \/>\n<strong>EAN.<\/strong>  5905369917073<br \/>\n<strong>Materi\u0101ls<\/strong> Keramika, t\u0113rauds<br \/>\n<strong>Kop\u0113jais diametrs (cm<\/strong> ) 3,8<br \/>\n<strong>Kop\u0113j\u0101 projekcija (cm<\/strong> ) 2,7<br \/>\n<strong>Pamatnes izm\u0113ri (cm<\/strong> ) 1<br \/>\n<strong>Mont\u0101\u017eas skr\u016bves<\/strong> Skr\u016bve<br \/>\n<strong>Kr\u0101sa<\/strong> Balta, melna<\/p>\n<p>&#8211; rokturis ir izgatavots no augst\u0101k\u0101s kvalit\u0101tes keramikas un t\u0113rauda, kas garant\u0113 iztur\u012bbu.<br \/>\n&#8211; Rokturis ar klasisku formu, kas palielina lieto\u0161anas \u0113rtumu<br \/>\n&#8211; vienk\u0101r\u0161a mont\u0101\u017ea ir iesp\u0113jama, pateicoties izstr\u0101d\u0101jumam pievienotajai skr\u016bvei.<\/p>\n<hr>\n<p>M\u0113be\u013cu rokturi ir \u013coti svar\u012bgs dekorat\u012bvs elements lauku m\u0113bel\u0113s.<\/p>\n<p>Stil\u012bga m\u0113be\u013cu poga ar skaistu Par\u012bzes pulkste\u0146a rot\u0101jumu. Rokturis ir izgatavots no keramikas un ner\u016bs\u0113jo\u0161\u0101 t\u0113rauda elementu kombin\u0101cijas. M\u0113be\u013cu rokturis ir lieliski piem\u0113rots jebkurai m\u0113belei, s\u0101kot no naktsskap\u012b\u0161iem l\u012bdz kumod\u0113m, rakst\u0101mgaldiem vai galda virsm\u0101m. Roktura rustik\u0101lais dizains pie\u0161\u0137irs atjaunotai m\u0113belei unik\u0101lu stilu un raksturu.<\/p>\n<\/div>\n","protected":false},"excerpt":{"rendered":"<p>Modelis 01.086P. CL.38 EAN. 5905369917073 Materi\u0101ls Keramika, t\u0113rauds Kop\u0113jais diametrs (cm ) 3,8 Kop\u0113j\u0101 projekcija (cm ) 2,7 Pamatnes izm\u0113ri<\/p>\n","protected":false},"featured_media":85634,"comment_status":"open","ping_status":"closed","template":"","meta":{"_acf_changed":false,"pmpro_default_level":""},"product_brand":[],"product_cat":[23864,23837,23875],"product_tag":[],"class_list":{"0":"post-138546","1":"product","2":"type-product","3":"status-publish","4":"has-post-thumbnail","6":"product_cat-baldu-rankeneles-lv","7":"product_cat-mebeles-piederumi","8":"product_cat-rankeneles-lv","9":"pmpro-has-access","11":"first","12":"instock","13":"shipping-taxable","14":"purchasable","15":"product-type-simple"},"acf":[],"yoast_head":"<!-- This site is optimized with the Yoast SEO plugin v24.9 - https:\/\/yoast.com\/wordpress\/plugins\/seo\/ -->\n<title>Keramikas m\u0113be\u013cu poga PARIS CLOCK - MetalTale.com<\/title>\n<meta name=\"robots\" content=\"index, follow, max-snippet:-1, max-image-preview:large, max-video-preview:-1\" \/>\n<link rel=\"canonical\" href=\"https:\/\/metaltale.com\/lv\/produkts\/keramikas-mebelu-poga-paris-clock\/\" \/>\n<meta property=\"og:locale\" content=\"lv_LV\" \/>\n<meta property=\"og:type\" content=\"article\" \/>\n<meta property=\"og:title\" content=\"Keramikas m\u0113be\u013cu poga PARIS CLOCK - MetalTale.com\" \/>\n<meta property=\"og:description\" content=\"Modelis 01.086P. CL.38 EAN. 5905369917073 Materi\u0101ls Keramika, t\u0113rauds Kop\u0113jais diametrs (cm ) 3,8 Kop\u0113j\u0101 projekcija (cm ) 2,7 Pamatnes izm\u0113ri\" \/>\n<meta property=\"og:url\" content=\"https:\/\/metaltale.com\/lv\/produkts\/keramikas-mebelu-poga-paris-clock\/\" \/>\n<meta property=\"og:site_name\" content=\"MetalTale.com\" \/>\n<meta name=\"twitter:card\" content=\"summary_large_image\" \/>\n<meta name=\"twitter:label1\" content=\"Est. reading time\" \/>\n\t<meta name=\"twitter:data1\" content=\"1 minute\" \/>\n<script type=\"application\/ld+json\" class=\"yoast-schema-graph\">{\"@context\":\"https:\/\/schema.org\",\"@graph\":[{\"@type\":\"WebPage\",\"@id\":\"https:\/\/metaltale.com\/lv\/produkts\/keramikas-mebelu-poga-paris-clock\/\",\"url\":\"https:\/\/metaltale.com\/lv\/produkts\/keramikas-mebelu-poga-paris-clock\/\",\"name\":\"Keramikas m\u0113be\u013cu poga PARIS CLOCK - MetalTale.com\",\"isPartOf\":{\"@id\":\"https:\/\/metaltale.com\/lv\/#website\"},\"primaryImageOfPage\":{\"@id\":\"https:\/\/metaltale.com\/lv\/produkts\/keramikas-mebelu-poga-paris-clock\/#primaryimage\"},\"image\":{\"@id\":\"https:\/\/metaltale.com\/lv\/produkts\/keramikas-mebelu-poga-paris-clock\/#primaryimage\"},\"thumbnailUrl\":\"https:\/\/metaltale.com\/wp-content\/uploads\/2023\/10\/Rankenx117lx117-PARYx17DIAUS-LAIKRODIS-38-Balta.jpg\",\"datePublished\":\"2024-02-13T12:07:04+00:00\",\"breadcrumb\":{\"@id\":\"https:\/\/metaltale.com\/lv\/produkts\/keramikas-mebelu-poga-paris-clock\/#breadcrumb\"},\"inLanguage\":\"lv-LV\",\"potentialAction\":[{\"@type\":\"ReadAction\",\"target\":[\"https:\/\/metaltale.com\/lv\/produkts\/keramikas-mebelu-poga-paris-clock\/\"]}]},{\"@type\":\"ImageObject\",\"inLanguage\":\"lv-LV\",\"@id\":\"https:\/\/metaltale.com\/lv\/produkts\/keramikas-mebelu-poga-paris-clock\/#primaryimage\",\"url\":\"https:\/\/metaltale.com\/wp-content\/uploads\/2023\/10\/Rankenx117lx117-PARYx17DIAUS-LAIKRODIS-38-Balta.jpg\",\"contentUrl\":\"https:\/\/metaltale.com\/wp-content\/uploads\/2023\/10\/Rankenx117lx117-PARYx17DIAUS-LAIKRODIS-38-Balta.jpg\",\"width\":800,\"height\":800,\"caption\":\"Keramikas m\u0113be\u013cu poga PARIS CLOCK\"},{\"@type\":\"BreadcrumbList\",\"@id\":\"https:\/\/metaltale.com\/lv\/produkts\/keramikas-mebelu-poga-paris-clock\/#breadcrumb\",\"itemListElement\":[{\"@type\":\"ListItem\",\"position\":1,\"name\":\"Home\",\"item\":\"https:\/\/metaltale.com\/lv\/majas\/\"},{\"@type\":\"ListItem\",\"position\":2,\"name\":\"Veikals\",\"item\":\"https:\/\/metaltale.com\/lv\/shop\/\"},{\"@type\":\"ListItem\",\"position\":3,\"name\":\"Keramikas m\u0113be\u013cu poga PARIS CLOCK\"}]},{\"@type\":\"WebSite\",\"@id\":\"https:\/\/metaltale.com\/lv\/#website\",\"url\":\"https:\/\/metaltale.com\/lv\/\",\"name\":\"Metaltale.com\",\"description\":\"\",\"potentialAction\":[{\"@type\":\"SearchAction\",\"target\":{\"@type\":\"EntryPoint\",\"urlTemplate\":\"https:\/\/metaltale.com\/lv\/?s={search_term_string}\"},\"query-input\":{\"@type\":\"PropertyValueSpecification\",\"valueRequired\":true,\"valueName\":\"search_term_string\"}}],\"inLanguage\":\"lv-LV\"}]}<\/script>\n<!-- \/ Yoast SEO plugin. -->","yoast_head_json":{"title":"Keramikas m\u0113be\u013cu poga PARIS CLOCK - MetalTale.com","robots":{"index":"index","follow":"follow","max-snippet":"max-snippet:-1","max-image-preview":"max-image-preview:large","max-video-preview":"max-video-preview:-1"},"canonical":"https:\/\/metaltale.com\/lv\/produkts\/keramikas-mebelu-poga-paris-clock\/","og_locale":"lv_LV","og_type":"article","og_title":"Keramikas m\u0113be\u013cu poga PARIS CLOCK - MetalTale.com","og_description":"Modelis 01.086P. CL.38 EAN. 5905369917073 Materi\u0101ls Keramika, t\u0113rauds Kop\u0113jais diametrs (cm ) 3,8 Kop\u0113j\u0101 projekcija (cm ) 2,7 Pamatnes izm\u0113ri","og_url":"https:\/\/metaltale.com\/lv\/produkts\/keramikas-mebelu-poga-paris-clock\/","og_site_name":"MetalTale.com","twitter_card":"summary_large_image","twitter_misc":{"Est. reading time":"1 minute"},"schema":{"@context":"https:\/\/schema.org","@graph":[{"@type":"WebPage","@id":"https:\/\/metaltale.com\/lv\/produkts\/keramikas-mebelu-poga-paris-clock\/","url":"https:\/\/metaltale.com\/lv\/produkts\/keramikas-mebelu-poga-paris-clock\/","name":"Keramikas m\u0113be\u013cu poga PARIS CLOCK - MetalTale.com","isPartOf":{"@id":"https:\/\/metaltale.com\/lv\/#website"},"primaryImageOfPage":{"@id":"https:\/\/metaltale.com\/lv\/produkts\/keramikas-mebelu-poga-paris-clock\/#primaryimage"},"image":{"@id":"https:\/\/metaltale.com\/lv\/produkts\/keramikas-mebelu-poga-paris-clock\/#primaryimage"},"thumbnailUrl":"https:\/\/metaltale.com\/wp-content\/uploads\/2023\/10\/Rankenx117lx117-PARYx17DIAUS-LAIKRODIS-38-Balta.jpg","datePublished":"2024-02-13T12:07:04+00:00","breadcrumb":{"@id":"https:\/\/metaltale.com\/lv\/produkts\/keramikas-mebelu-poga-paris-clock\/#breadcrumb"},"inLanguage":"lv-LV","potentialAction":[{"@type":"ReadAction","target":["https:\/\/metaltale.com\/lv\/produkts\/keramikas-mebelu-poga-paris-clock\/"]}]},{"@type":"ImageObject","inLanguage":"lv-LV","@id":"https:\/\/metaltale.com\/lv\/produkts\/keramikas-mebelu-poga-paris-clock\/#primaryimage","url":"https:\/\/metaltale.com\/wp-content\/uploads\/2023\/10\/Rankenx117lx117-PARYx17DIAUS-LAIKRODIS-38-Balta.jpg","contentUrl":"https:\/\/metaltale.com\/wp-content\/uploads\/2023\/10\/Rankenx117lx117-PARYx17DIAUS-LAIKRODIS-38-Balta.jpg","width":800,"height":800,"caption":"Keramikas m\u0113be\u013cu poga PARIS CLOCK"},{"@type":"BreadcrumbList","@id":"https:\/\/metaltale.com\/lv\/produkts\/keramikas-mebelu-poga-paris-clock\/#breadcrumb","itemListElement":[{"@type":"ListItem","position":1,"name":"Home","item":"https:\/\/metaltale.com\/lv\/majas\/"},{"@type":"ListItem","position":2,"name":"Veikals","item":"https:\/\/metaltale.com\/lv\/shop\/"},{"@type":"ListItem","position":3,"name":"Keramikas m\u0113be\u013cu poga PARIS CLOCK"}]},{"@type":"WebSite","@id":"https:\/\/metaltale.com\/lv\/#website","url":"https:\/\/metaltale.com\/lv\/","name":"Metaltale.com","description":"","potentialAction":[{"@type":"SearchAction","target":{"@type":"EntryPoint","urlTemplate":"https:\/\/metaltale.com\/lv\/?s={search_term_string}"},"query-input":{"@type":"PropertyValueSpecification","valueRequired":true,"valueName":"search_term_string"}}],"inLanguage":"lv-LV"}]}},"_links":{"self":[{"href":"https:\/\/metaltale.com\/lv\/wp-json\/wp\/v2\/product\/138546","targetHints":{"allow":["GET"]}}],"collection":[{"href":"https:\/\/metaltale.com\/lv\/wp-json\/wp\/v2\/product"}],"about":[{"href":"https:\/\/metaltale.com\/lv\/wp-json\/wp\/v2\/types\/product"}],"replies":[{"embeddable":true,"href":"https:\/\/metaltale.com\/lv\/wp-json\/wp\/v2\/comments?post=138546"}],"version-history":[{"count":0,"href":"https:\/\/metaltale.com\/lv\/wp-json\/wp\/v2\/product\/138546\/revisions"}],"wp:featuredmedia":[{"embeddable":true,"href":"https:\/\/metaltale.com\/lv\/wp-json\/wp\/v2\/media\/85634"}],"wp:attachment":[{"href":"https:\/\/metaltale.com\/lv\/wp-json\/wp\/v2\/media?parent=138546"}],"wp:term":[{"taxonomy":"product_brand","embeddable":true,"href":"https:\/\/metaltale.com\/lv\/wp-json\/wp\/v2\/product_brand?post=138546"},{"taxonomy":"product_cat","embeddable":true,"href":"https:\/\/metaltale.com\/lv\/wp-json\/wp\/v2\/product_cat?post=138546"},{"taxonomy":"product_tag","embeddable":true,"href":"https:\/\/metaltale.com\/lv\/wp-json\/wp\/v2\/product_tag?post=138546"}],"curies":[{"name":"wp","href":"https:\/\/api.w.org\/{rel}","templated":true}]}}