{"id":138533,"date":"2024-02-13T14:05:41","date_gmt":"2024-02-13T12:05:41","guid":{"rendered":"https:\/\/metaltale.com\/produktas\/mebelu-rokturis-flat-35-mm\/"},"modified":"2024-02-13T14:05:41","modified_gmt":"2024-02-13T12:05:41","slug":"mebelu-rokturis-flat-35-mm","status":"publish","type":"product","link":"https:\/\/metaltale.com\/lv\/produkts\/mebelu-rokturis-flat-35-mm\/","title":{"rendered":"M\u0113be\u013cu rokturis FLAT 35 mm"},"content":{"rendered":"<div class=\"prod_data\">\n<p><strong>Modelis<\/strong> 70.086.AI.35A<br \/>\n<strong>EAN.<\/strong>  5905369917158<br \/>\nMateri\u0101ls Ketus<br \/>\n<strong>Kop\u0113jais augstums (cm<\/strong> ) 2,5<br \/>\n<strong>Kop\u0113jais diametrs (cm<\/strong> ) 3,5<br \/>\n<strong>Pamatnes izm\u0113ri (cm)<\/strong> 1,7<br \/>\n<strong>Mont\u0101\u017eas skr\u016bves<\/strong> Skr\u016bve<br \/>\nT\u0113rauda <strong>kr\u0101sa<\/strong><br \/>\n<strong>Apdares<\/strong> vaska <strong>apdare<\/strong> <\/p>\n<p>&#8211; izstr\u0101d\u0101jums izgatavots no augst\u0101k\u0101s kvalit\u0101tes \u010duguna, kas garant\u0113 iztur\u012bbu un iztur\u012bbu.<br \/>\n&#8211; Viegli tekstur\u0113t\u0101 virsma pasv\u012btro izstr\u0101d\u0101juma retro stilu.<br \/>\n&#8211; Rokturis ar klasisku formu, kas palielina lieto\u0161anas \u0113rtumu<br \/>\n&#8211; izstr\u0101d\u0101jumam ir pievienota skr\u016bve, kas atvieglo mont\u0101\u017eu.<\/p>\n<hr>\n<p>Att\u0113l\u0101 redzamo plakan\u0101s pakas m\u0113be\u013cu rokturis ir minim\u0101lisms, kas p\u0101rkl\u0101j m\u0113be\u013cu roktura slaido formu. Korpusa klasisko formu bag\u0101tina aug\u0161\u0113j\u0101s virsmas neregul\u0101r\u0101 strukt\u016bra, kas izveidota, pateicoties prasm\u012bga amatnieka prec\u012bzam darbam.<\/p>\n<p>M\u016bsu m\u0113be\u013cu rokturi ir klasisks un neaizst\u0101jams rustik\u0101ls apdares elements jebkuram skapim vai atvilktnei. Pateicoties to lielajai daudzpus\u012bbai un klasiskajai formai, tos var veiksm\u012bgi izmantot ar\u012b logu r\u0101mjos un citos p\u0101rvietojamos m\u0113be\u013cu elementos.<\/p>\n<p>Komplekt\u0101 iek\u013cauta stiprin\u0101juma skr\u016bve.<\/p>\n<\/div>\n","protected":false},"excerpt":{"rendered":"<p>Modelis 70.086.AI.35A EAN. 5905369917158 Materi\u0101ls Ketus Kop\u0113jais augstums (cm ) 2,5 Kop\u0113jais diametrs (cm ) 3,5 Pamatnes izm\u0113ri (cm) 1,7<\/p>\n","protected":false},"featured_media":85582,"comment_status":"open","ping_status":"closed","template":"","meta":{"_acf_changed":false,"pmpro_default_level":""},"product_brand":[],"product_cat":[23864,23837,23875],"product_tag":[],"class_list":{"0":"post-138533","1":"product","2":"type-product","3":"status-publish","4":"has-post-thumbnail","6":"product_cat-baldu-rankeneles-lv","7":"product_cat-mebeles-piederumi","8":"product_cat-rankeneles-lv","9":"pmpro-has-access","11":"first","12":"instock","13":"shipping-taxable","14":"purchasable","15":"product-type-simple"},"acf":[],"yoast_head":"<!-- This site is optimized with the Yoast SEO plugin v24.9 - https:\/\/yoast.com\/wordpress\/plugins\/seo\/ -->\n<title>M\u0113be\u013cu rokturis FLAT 35 mm - MetalTale.com<\/title>\n<meta name=\"robots\" content=\"index, follow, max-snippet:-1, max-image-preview:large, max-video-preview:-1\" \/>\n<link rel=\"canonical\" href=\"https:\/\/metaltale.com\/lv\/produkts\/mebelu-rokturis-flat-35-mm\/\" \/>\n<meta property=\"og:locale\" content=\"lv_LV\" \/>\n<meta property=\"og:type\" content=\"article\" \/>\n<meta property=\"og:title\" content=\"M\u0113be\u013cu rokturis FLAT 35 mm - MetalTale.com\" \/>\n<meta property=\"og:description\" content=\"Modelis 70.086.AI.35A EAN. 5905369917158 Materi\u0101ls Ketus Kop\u0113jais augstums (cm ) 2,5 Kop\u0113jais diametrs (cm ) 3,5 Pamatnes izm\u0113ri (cm) 1,7\" \/>\n<meta property=\"og:url\" content=\"https:\/\/metaltale.com\/lv\/produkts\/mebelu-rokturis-flat-35-mm\/\" \/>\n<meta property=\"og:site_name\" content=\"MetalTale.com\" \/>\n<meta name=\"twitter:card\" content=\"summary_large_image\" \/>\n<meta name=\"twitter:label1\" content=\"Est. reading time\" \/>\n\t<meta name=\"twitter:data1\" content=\"1 minute\" \/>\n<script type=\"application\/ld+json\" class=\"yoast-schema-graph\">{\"@context\":\"https:\/\/schema.org\",\"@graph\":[{\"@type\":\"WebPage\",\"@id\":\"https:\/\/metaltale.com\/lv\/produkts\/mebelu-rokturis-flat-35-mm\/\",\"url\":\"https:\/\/metaltale.com\/lv\/produkts\/mebelu-rokturis-flat-35-mm\/\",\"name\":\"M\u0113be\u013cu rokturis FLAT 35 mm - MetalTale.com\",\"isPartOf\":{\"@id\":\"https:\/\/metaltale.com\/lv\/#website\"},\"primaryImageOfPage\":{\"@id\":\"https:\/\/metaltale.com\/lv\/produkts\/mebelu-rokturis-flat-35-mm\/#primaryimage\"},\"image\":{\"@id\":\"https:\/\/metaltale.com\/lv\/produkts\/mebelu-rokturis-flat-35-mm\/#primaryimage\"},\"thumbnailUrl\":\"https:\/\/metaltale.com\/wp-content\/uploads\/2023\/10\/Baldx173-rankenx117lx117-FLAT-35-Steel.jpg\",\"datePublished\":\"2024-02-13T12:05:41+00:00\",\"breadcrumb\":{\"@id\":\"https:\/\/metaltale.com\/lv\/produkts\/mebelu-rokturis-flat-35-mm\/#breadcrumb\"},\"inLanguage\":\"lv-LV\",\"potentialAction\":[{\"@type\":\"ReadAction\",\"target\":[\"https:\/\/metaltale.com\/lv\/produkts\/mebelu-rokturis-flat-35-mm\/\"]}]},{\"@type\":\"ImageObject\",\"inLanguage\":\"lv-LV\",\"@id\":\"https:\/\/metaltale.com\/lv\/produkts\/mebelu-rokturis-flat-35-mm\/#primaryimage\",\"url\":\"https:\/\/metaltale.com\/wp-content\/uploads\/2023\/10\/Baldx173-rankenx117lx117-FLAT-35-Steel.jpg\",\"contentUrl\":\"https:\/\/metaltale.com\/wp-content\/uploads\/2023\/10\/Baldx173-rankenx117lx117-FLAT-35-Steel.jpg\",\"width\":800,\"height\":800,\"caption\":\"M\u0113be\u013cu rokturis FLAT 35 mm\"},{\"@type\":\"BreadcrumbList\",\"@id\":\"https:\/\/metaltale.com\/lv\/produkts\/mebelu-rokturis-flat-35-mm\/#breadcrumb\",\"itemListElement\":[{\"@type\":\"ListItem\",\"position\":1,\"name\":\"Home\",\"item\":\"https:\/\/metaltale.com\/lv\/majas\/\"},{\"@type\":\"ListItem\",\"position\":2,\"name\":\"Veikals\",\"item\":\"https:\/\/metaltale.com\/lv\/shop\/\"},{\"@type\":\"ListItem\",\"position\":3,\"name\":\"M\u0113be\u013cu rokturis FLAT 35 mm\"}]},{\"@type\":\"WebSite\",\"@id\":\"https:\/\/metaltale.com\/lv\/#website\",\"url\":\"https:\/\/metaltale.com\/lv\/\",\"name\":\"Metaltale.com\",\"description\":\"\",\"potentialAction\":[{\"@type\":\"SearchAction\",\"target\":{\"@type\":\"EntryPoint\",\"urlTemplate\":\"https:\/\/metaltale.com\/lv\/?s={search_term_string}\"},\"query-input\":{\"@type\":\"PropertyValueSpecification\",\"valueRequired\":true,\"valueName\":\"search_term_string\"}}],\"inLanguage\":\"lv-LV\"}]}<\/script>\n<!-- \/ Yoast SEO plugin. -->","yoast_head_json":{"title":"M\u0113be\u013cu rokturis FLAT 35 mm - MetalTale.com","robots":{"index":"index","follow":"follow","max-snippet":"max-snippet:-1","max-image-preview":"max-image-preview:large","max-video-preview":"max-video-preview:-1"},"canonical":"https:\/\/metaltale.com\/lv\/produkts\/mebelu-rokturis-flat-35-mm\/","og_locale":"lv_LV","og_type":"article","og_title":"M\u0113be\u013cu rokturis FLAT 35 mm - MetalTale.com","og_description":"Modelis 70.086.AI.35A EAN. 5905369917158 Materi\u0101ls Ketus Kop\u0113jais augstums (cm ) 2,5 Kop\u0113jais diametrs (cm ) 3,5 Pamatnes izm\u0113ri (cm) 1,7","og_url":"https:\/\/metaltale.com\/lv\/produkts\/mebelu-rokturis-flat-35-mm\/","og_site_name":"MetalTale.com","twitter_card":"summary_large_image","twitter_misc":{"Est. reading time":"1 minute"},"schema":{"@context":"https:\/\/schema.org","@graph":[{"@type":"WebPage","@id":"https:\/\/metaltale.com\/lv\/produkts\/mebelu-rokturis-flat-35-mm\/","url":"https:\/\/metaltale.com\/lv\/produkts\/mebelu-rokturis-flat-35-mm\/","name":"M\u0113be\u013cu rokturis FLAT 35 mm - MetalTale.com","isPartOf":{"@id":"https:\/\/metaltale.com\/lv\/#website"},"primaryImageOfPage":{"@id":"https:\/\/metaltale.com\/lv\/produkts\/mebelu-rokturis-flat-35-mm\/#primaryimage"},"image":{"@id":"https:\/\/metaltale.com\/lv\/produkts\/mebelu-rokturis-flat-35-mm\/#primaryimage"},"thumbnailUrl":"https:\/\/metaltale.com\/wp-content\/uploads\/2023\/10\/Baldx173-rankenx117lx117-FLAT-35-Steel.jpg","datePublished":"2024-02-13T12:05:41+00:00","breadcrumb":{"@id":"https:\/\/metaltale.com\/lv\/produkts\/mebelu-rokturis-flat-35-mm\/#breadcrumb"},"inLanguage":"lv-LV","potentialAction":[{"@type":"ReadAction","target":["https:\/\/metaltale.com\/lv\/produkts\/mebelu-rokturis-flat-35-mm\/"]}]},{"@type":"ImageObject","inLanguage":"lv-LV","@id":"https:\/\/metaltale.com\/lv\/produkts\/mebelu-rokturis-flat-35-mm\/#primaryimage","url":"https:\/\/metaltale.com\/wp-content\/uploads\/2023\/10\/Baldx173-rankenx117lx117-FLAT-35-Steel.jpg","contentUrl":"https:\/\/metaltale.com\/wp-content\/uploads\/2023\/10\/Baldx173-rankenx117lx117-FLAT-35-Steel.jpg","width":800,"height":800,"caption":"M\u0113be\u013cu rokturis FLAT 35 mm"},{"@type":"BreadcrumbList","@id":"https:\/\/metaltale.com\/lv\/produkts\/mebelu-rokturis-flat-35-mm\/#breadcrumb","itemListElement":[{"@type":"ListItem","position":1,"name":"Home","item":"https:\/\/metaltale.com\/lv\/majas\/"},{"@type":"ListItem","position":2,"name":"Veikals","item":"https:\/\/metaltale.com\/lv\/shop\/"},{"@type":"ListItem","position":3,"name":"M\u0113be\u013cu rokturis FLAT 35 mm"}]},{"@type":"WebSite","@id":"https:\/\/metaltale.com\/lv\/#website","url":"https:\/\/metaltale.com\/lv\/","name":"Metaltale.com","description":"","potentialAction":[{"@type":"SearchAction","target":{"@type":"EntryPoint","urlTemplate":"https:\/\/metaltale.com\/lv\/?s={search_term_string}"},"query-input":{"@type":"PropertyValueSpecification","valueRequired":true,"valueName":"search_term_string"}}],"inLanguage":"lv-LV"}]}},"_links":{"self":[{"href":"https:\/\/metaltale.com\/lv\/wp-json\/wp\/v2\/product\/138533","targetHints":{"allow":["GET"]}}],"collection":[{"href":"https:\/\/metaltale.com\/lv\/wp-json\/wp\/v2\/product"}],"about":[{"href":"https:\/\/metaltale.com\/lv\/wp-json\/wp\/v2\/types\/product"}],"replies":[{"embeddable":true,"href":"https:\/\/metaltale.com\/lv\/wp-json\/wp\/v2\/comments?post=138533"}],"version-history":[{"count":0,"href":"https:\/\/metaltale.com\/lv\/wp-json\/wp\/v2\/product\/138533\/revisions"}],"wp:featuredmedia":[{"embeddable":true,"href":"https:\/\/metaltale.com\/lv\/wp-json\/wp\/v2\/media\/85582"}],"wp:attachment":[{"href":"https:\/\/metaltale.com\/lv\/wp-json\/wp\/v2\/media?parent=138533"}],"wp:term":[{"taxonomy":"product_brand","embeddable":true,"href":"https:\/\/metaltale.com\/lv\/wp-json\/wp\/v2\/product_brand?post=138533"},{"taxonomy":"product_cat","embeddable":true,"href":"https:\/\/metaltale.com\/lv\/wp-json\/wp\/v2\/product_cat?post=138533"},{"taxonomy":"product_tag","embeddable":true,"href":"https:\/\/metaltale.com\/lv\/wp-json\/wp\/v2\/product_tag?post=138533"}],"curies":[{"name":"wp","href":"https:\/\/api.w.org\/{rel}","templated":true}]}}