{"id":138498,"date":"2024-02-13T14:05:05","date_gmt":"2024-02-13T12:05:05","guid":{"rendered":"https:\/\/metaltale.com\/produktas\/melna-dusas-slutene\/"},"modified":"2024-02-13T14:05:05","modified_gmt":"2024-02-13T12:05:05","slug":"melna-dusas-slutene","status":"publish","type":"product","link":"https:\/\/metaltale.com\/lv\/produkts\/melna-dusas-slutene\/","title":{"rendered":"Melna du\u0161as \u0161\u013c\u016btene"},"content":{"rendered":"<div class=\"prod_data\"><strong>Modelis<\/strong> WX.02.BLA  <br \/><strong>Materi\u0101ls<\/strong> T\u0113rauds  <br \/><strong> [cm]Kop\u0113jais garums<\/strong> 150 <strong> <\/strong> <br \/><strong>Kr\u0101sa<\/strong> Melna  <br \/>Apdare M\u012bksta, sat\u012bna efekts <\/p>\n<p>&#8211; 150 cm gara du\u0161as \u0161\u013c\u016btene<br \/>&#8211; diametrs 1,4 cm<br \/>\u0160\u013c\u016btene iederas York, Simply Retro un Lola &amp;; Lexie kolekcij\u0101s, jo uz virsmas redzamas otas p\u0113das.<\/p>\n<hr>\n<p>Melna du\u0161as \u0161\u013c\u016btene ir izstr\u0101d\u0101jums, kas tehniski un kr\u0101su zi\u0146\u0101 atbilst veikal\u0101 pied\u0101v\u0101tajam mais\u012bt\u0101jam. Tas ir mont\u0101\u017eas elements, kas da\u017ek\u0101rt j\u0101nomaina boj\u0101juma vai garuma d\u0113\u013c. Ra\u017eo\u0161anas proces\u0101 izmantotie augstas kvalit\u0101tes materi\u0101li nodro\u0161ina augstu lieto\u0161anas komforta l\u012bmeni.  <\/p>\n<\/div>\n","protected":false},"excerpt":{"rendered":"<p>Modelis WX.02.BLA Materi\u0101ls T\u0113rauds [cm]Kop\u0113jais garums 150 Kr\u0101sa Melna Apdare M\u012bksta, sat\u012bna efekts &#8211; 150 cm gara du\u0161as \u0161\u013c\u016btene&#8211; diametrs<\/p>\n","protected":false},"featured_media":85255,"comment_status":"open","ping_status":"closed","template":"","meta":{"_acf_changed":false,"pmpro_default_level":""},"product_brand":[],"product_cat":[24107],"product_tag":[],"class_list":{"0":"post-138498","1":"product","2":"type-product","3":"status-publish","4":"has-post-thumbnail","6":"product_cat-dusas-slutenes","7":"pmpro-has-access","9":"first","10":"instock","11":"shipping-taxable","12":"purchasable","13":"product-type-simple"},"acf":[],"yoast_head":"<!-- This site is optimized with the Yoast SEO plugin v24.9 - https:\/\/yoast.com\/wordpress\/plugins\/seo\/ -->\n<title>Melna du\u0161as \u0161\u013c\u016btene - MetalTale.com<\/title>\n<meta name=\"robots\" content=\"index, follow, max-snippet:-1, max-image-preview:large, max-video-preview:-1\" \/>\n<link rel=\"canonical\" href=\"https:\/\/metaltale.com\/lv\/produkts\/melna-dusas-slutene\/\" \/>\n<meta property=\"og:locale\" content=\"lv_LV\" \/>\n<meta property=\"og:type\" content=\"article\" \/>\n<meta property=\"og:title\" content=\"Melna du\u0161as \u0161\u013c\u016btene - MetalTale.com\" \/>\n<meta property=\"og:description\" content=\"Modelis WX.02.BLA Materi\u0101ls T\u0113rauds [cm]Kop\u0113jais garums 150 Kr\u0101sa Melna Apdare M\u012bksta, sat\u012bna efekts &#8211; 150 cm gara du\u0161as \u0161\u013c\u016btene&#8211; diametrs\" \/>\n<meta property=\"og:url\" content=\"https:\/\/metaltale.com\/lv\/produkts\/melna-dusas-slutene\/\" \/>\n<meta property=\"og:site_name\" content=\"MetalTale.com\" \/>\n<meta name=\"twitter:card\" content=\"summary_large_image\" \/>\n<meta name=\"twitter:label1\" content=\"Est. reading time\" \/>\n\t<meta name=\"twitter:data1\" content=\"1 minute\" \/>\n<script type=\"application\/ld+json\" class=\"yoast-schema-graph\">{\"@context\":\"https:\/\/schema.org\",\"@graph\":[{\"@type\":\"WebPage\",\"@id\":\"https:\/\/metaltale.com\/lv\/produkts\/melna-dusas-slutene\/\",\"url\":\"https:\/\/metaltale.com\/lv\/produkts\/melna-dusas-slutene\/\",\"name\":\"Melna du\u0161as \u0161\u013c\u016btene - MetalTale.com\",\"isPartOf\":{\"@id\":\"https:\/\/metaltale.com\/lv\/#website\"},\"primaryImageOfPage\":{\"@id\":\"https:\/\/metaltale.com\/lv\/produkts\/melna-dusas-slutene\/#primaryimage\"},\"image\":{\"@id\":\"https:\/\/metaltale.com\/lv\/produkts\/melna-dusas-slutene\/#primaryimage\"},\"thumbnailUrl\":\"https:\/\/metaltale.com\/wp-content\/uploads\/2023\/10\/Dux161o-x17Earna.jpg\",\"datePublished\":\"2024-02-13T12:05:05+00:00\",\"breadcrumb\":{\"@id\":\"https:\/\/metaltale.com\/lv\/produkts\/melna-dusas-slutene\/#breadcrumb\"},\"inLanguage\":\"lv-LV\",\"potentialAction\":[{\"@type\":\"ReadAction\",\"target\":[\"https:\/\/metaltale.com\/lv\/produkts\/melna-dusas-slutene\/\"]}]},{\"@type\":\"ImageObject\",\"inLanguage\":\"lv-LV\",\"@id\":\"https:\/\/metaltale.com\/lv\/produkts\/melna-dusas-slutene\/#primaryimage\",\"url\":\"https:\/\/metaltale.com\/wp-content\/uploads\/2023\/10\/Dux161o-x17Earna.jpg\",\"contentUrl\":\"https:\/\/metaltale.com\/wp-content\/uploads\/2023\/10\/Dux161o-x17Earna.jpg\",\"width\":800,\"height\":800},{\"@type\":\"BreadcrumbList\",\"@id\":\"https:\/\/metaltale.com\/lv\/produkts\/melna-dusas-slutene\/#breadcrumb\",\"itemListElement\":[{\"@type\":\"ListItem\",\"position\":1,\"name\":\"Home\",\"item\":\"https:\/\/metaltale.com\/lv\/majas\/\"},{\"@type\":\"ListItem\",\"position\":2,\"name\":\"Veikals\",\"item\":\"https:\/\/metaltale.com\/lv\/shop\/\"},{\"@type\":\"ListItem\",\"position\":3,\"name\":\"Melna du\u0161as \u0161\u013c\u016btene\"}]},{\"@type\":\"WebSite\",\"@id\":\"https:\/\/metaltale.com\/lv\/#website\",\"url\":\"https:\/\/metaltale.com\/lv\/\",\"name\":\"Metaltale.com\",\"description\":\"\",\"potentialAction\":[{\"@type\":\"SearchAction\",\"target\":{\"@type\":\"EntryPoint\",\"urlTemplate\":\"https:\/\/metaltale.com\/lv\/?s={search_term_string}\"},\"query-input\":{\"@type\":\"PropertyValueSpecification\",\"valueRequired\":true,\"valueName\":\"search_term_string\"}}],\"inLanguage\":\"lv-LV\"}]}<\/script>\n<!-- \/ Yoast SEO plugin. -->","yoast_head_json":{"title":"Melna du\u0161as \u0161\u013c\u016btene - MetalTale.com","robots":{"index":"index","follow":"follow","max-snippet":"max-snippet:-1","max-image-preview":"max-image-preview:large","max-video-preview":"max-video-preview:-1"},"canonical":"https:\/\/metaltale.com\/lv\/produkts\/melna-dusas-slutene\/","og_locale":"lv_LV","og_type":"article","og_title":"Melna du\u0161as \u0161\u013c\u016btene - MetalTale.com","og_description":"Modelis WX.02.BLA Materi\u0101ls T\u0113rauds [cm]Kop\u0113jais garums 150 Kr\u0101sa Melna Apdare M\u012bksta, sat\u012bna efekts &#8211; 150 cm gara du\u0161as \u0161\u013c\u016btene&#8211; diametrs","og_url":"https:\/\/metaltale.com\/lv\/produkts\/melna-dusas-slutene\/","og_site_name":"MetalTale.com","twitter_card":"summary_large_image","twitter_misc":{"Est. reading time":"1 minute"},"schema":{"@context":"https:\/\/schema.org","@graph":[{"@type":"WebPage","@id":"https:\/\/metaltale.com\/lv\/produkts\/melna-dusas-slutene\/","url":"https:\/\/metaltale.com\/lv\/produkts\/melna-dusas-slutene\/","name":"Melna du\u0161as \u0161\u013c\u016btene - MetalTale.com","isPartOf":{"@id":"https:\/\/metaltale.com\/lv\/#website"},"primaryImageOfPage":{"@id":"https:\/\/metaltale.com\/lv\/produkts\/melna-dusas-slutene\/#primaryimage"},"image":{"@id":"https:\/\/metaltale.com\/lv\/produkts\/melna-dusas-slutene\/#primaryimage"},"thumbnailUrl":"https:\/\/metaltale.com\/wp-content\/uploads\/2023\/10\/Dux161o-x17Earna.jpg","datePublished":"2024-02-13T12:05:05+00:00","breadcrumb":{"@id":"https:\/\/metaltale.com\/lv\/produkts\/melna-dusas-slutene\/#breadcrumb"},"inLanguage":"lv-LV","potentialAction":[{"@type":"ReadAction","target":["https:\/\/metaltale.com\/lv\/produkts\/melna-dusas-slutene\/"]}]},{"@type":"ImageObject","inLanguage":"lv-LV","@id":"https:\/\/metaltale.com\/lv\/produkts\/melna-dusas-slutene\/#primaryimage","url":"https:\/\/metaltale.com\/wp-content\/uploads\/2023\/10\/Dux161o-x17Earna.jpg","contentUrl":"https:\/\/metaltale.com\/wp-content\/uploads\/2023\/10\/Dux161o-x17Earna.jpg","width":800,"height":800},{"@type":"BreadcrumbList","@id":"https:\/\/metaltale.com\/lv\/produkts\/melna-dusas-slutene\/#breadcrumb","itemListElement":[{"@type":"ListItem","position":1,"name":"Home","item":"https:\/\/metaltale.com\/lv\/majas\/"},{"@type":"ListItem","position":2,"name":"Veikals","item":"https:\/\/metaltale.com\/lv\/shop\/"},{"@type":"ListItem","position":3,"name":"Melna du\u0161as \u0161\u013c\u016btene"}]},{"@type":"WebSite","@id":"https:\/\/metaltale.com\/lv\/#website","url":"https:\/\/metaltale.com\/lv\/","name":"Metaltale.com","description":"","potentialAction":[{"@type":"SearchAction","target":{"@type":"EntryPoint","urlTemplate":"https:\/\/metaltale.com\/lv\/?s={search_term_string}"},"query-input":{"@type":"PropertyValueSpecification","valueRequired":true,"valueName":"search_term_string"}}],"inLanguage":"lv-LV"}]}},"_links":{"self":[{"href":"https:\/\/metaltale.com\/lv\/wp-json\/wp\/v2\/product\/138498","targetHints":{"allow":["GET"]}}],"collection":[{"href":"https:\/\/metaltale.com\/lv\/wp-json\/wp\/v2\/product"}],"about":[{"href":"https:\/\/metaltale.com\/lv\/wp-json\/wp\/v2\/types\/product"}],"replies":[{"embeddable":true,"href":"https:\/\/metaltale.com\/lv\/wp-json\/wp\/v2\/comments?post=138498"}],"version-history":[{"count":0,"href":"https:\/\/metaltale.com\/lv\/wp-json\/wp\/v2\/product\/138498\/revisions"}],"wp:featuredmedia":[{"embeddable":true,"href":"https:\/\/metaltale.com\/lv\/wp-json\/wp\/v2\/media\/85255"}],"wp:attachment":[{"href":"https:\/\/metaltale.com\/lv\/wp-json\/wp\/v2\/media?parent=138498"}],"wp:term":[{"taxonomy":"product_brand","embeddable":true,"href":"https:\/\/metaltale.com\/lv\/wp-json\/wp\/v2\/product_brand?post=138498"},{"taxonomy":"product_cat","embeddable":true,"href":"https:\/\/metaltale.com\/lv\/wp-json\/wp\/v2\/product_cat?post=138498"},{"taxonomy":"product_tag","embeddable":true,"href":"https:\/\/metaltale.com\/lv\/wp-json\/wp\/v2\/product_tag?post=138498"}],"curies":[{"name":"wp","href":"https:\/\/api.w.org\/{rel}","templated":true}]}}