{"id":138494,"date":"2024-02-13T14:05:05","date_gmt":"2024-02-13T12:05:05","guid":{"rendered":"https:\/\/metaltale.com\/produktas\/acorn-apgerbu-akis-175-mm\/"},"modified":"2024-02-13T14:05:05","modified_gmt":"2024-02-13T12:05:05","slug":"acorn-apgerbu-akis-175-mm","status":"publish","type":"product","link":"https:\/\/metaltale.com\/lv\/produkts\/acorn-apgerbu-akis-175-mm\/","title":{"rendered":"ACORN ap\u0123\u0113rbu \u0101\u0137is 175 mm"},"content":{"rendered":"<div class=\"prod_data\">\n<p>30.336B <strong>modelis<\/strong>. AI.175<br \/>\n<strong>EAN.<\/strong>  5905369918599<br \/>\nMateri\u0101ls Ketus<br \/>\nKop\u0113jais augstums (cm ) 17,5<br \/>\n<strong>Kop\u0113j\u0101 projekcija (cm<\/strong> ) 9,2<br \/>\n<strong>Pamatnes izm\u0113ri (cm)<\/strong> 3,5 x 4,4<br \/>\n<strong>Sugas<\/strong> Dubult\u0101<br \/>\nT\u0113rauda <strong>kr\u0101sa<\/strong> <\/p>\n<p><strong>Rustik\u0101lo m\u0113be\u013cu aksesu\u0101ri<\/strong> bie\u017ei vien ir veidoti p\u0113c dabisku formu un vienk\u0101r\u0161u rakstu parauga. Iepriek\u0161 par\u0101d\u012bt\u0101 piekaram\u0101 \u0101\u0137a kar\u0101jas \u0101\u0137a gals ir veidots t\u0101, lai att\u0113lotu ozolz\u012b\u013cu kont\u016bras. K\u0101rt\u012bg\u0101 un spilgt\u0101 \u0101\u0137a l\u012bnija pie\u0161\u0137irs visai telpai papildu, idillisku kr\u0101su.<\/p>\n<p>Pied\u0101v\u0101tais \u0101\u0137is ir izgatavots no augstas kvalit\u0101tes \u010duguna, kas garant\u0113 pietiekamu iztur\u012bbu un iztur\u012bbu. Stabila un dro\u0161a uzst\u0101d\u012b\u0161ana ir iesp\u0113jama, pateicoties plakanajai pamatnei, kas piegu\u013c pie uzst\u0101d\u0101m\u0101s virsmas.<\/p>\n<p>Tas ietver \u010detrus stiprin\u0101juma caurumus un skr\u016bvju komplektu.<\/p>\n<\/div>\n","protected":false},"excerpt":{"rendered":"<p>30.336B modelis. AI.175 EAN. 5905369918599 Materi\u0101ls Ketus Kop\u0113jais augstums (cm ) 17,5 Kop\u0113j\u0101 projekcija (cm ) 9,2 Pamatnes izm\u0113ri (cm)<\/p>\n","protected":false},"featured_media":85180,"comment_status":"open","ping_status":"closed","template":"","meta":{"_acf_changed":false,"pmpro_default_level":""},"product_brand":[],"product_cat":[23837,23862],"product_tag":[],"class_list":{"0":"post-138494","1":"product","2":"type-product","3":"status-publish","4":"has-post-thumbnail","6":"product_cat-mebeles-piederumi","7":"product_cat-pakabos-ir-kabliukai-lv","8":"pmpro-has-access","10":"first","11":"instock","12":"shipping-taxable","13":"purchasable","14":"product-type-simple"},"acf":[],"yoast_head":"<!-- This site is optimized with the Yoast SEO plugin v24.9 - https:\/\/yoast.com\/wordpress\/plugins\/seo\/ -->\n<title>ACORN ap\u0123\u0113rbu \u0101\u0137is 175 mm - MetalTale.com<\/title>\n<meta name=\"robots\" content=\"index, follow, max-snippet:-1, max-image-preview:large, max-video-preview:-1\" \/>\n<link rel=\"canonical\" href=\"https:\/\/metaltale.com\/lv\/produkts\/acorn-apgerbu-akis-175-mm\/\" \/>\n<meta property=\"og:locale\" content=\"lv_LV\" \/>\n<meta property=\"og:type\" content=\"article\" \/>\n<meta property=\"og:title\" content=\"ACORN ap\u0123\u0113rbu \u0101\u0137is 175 mm - MetalTale.com\" \/>\n<meta property=\"og:description\" content=\"30.336B modelis. AI.175 EAN. 5905369918599 Materi\u0101ls Ketus Kop\u0113jais augstums (cm ) 17,5 Kop\u0113j\u0101 projekcija (cm ) 9,2 Pamatnes izm\u0113ri (cm)\" \/>\n<meta property=\"og:url\" content=\"https:\/\/metaltale.com\/lv\/produkts\/acorn-apgerbu-akis-175-mm\/\" \/>\n<meta property=\"og:site_name\" content=\"MetalTale.com\" \/>\n<meta name=\"twitter:card\" content=\"summary_large_image\" \/>\n<meta name=\"twitter:label1\" content=\"Est. reading time\" \/>\n\t<meta name=\"twitter:data1\" content=\"1 minute\" \/>\n<script type=\"application\/ld+json\" class=\"yoast-schema-graph\">{\"@context\":\"https:\/\/schema.org\",\"@graph\":[{\"@type\":\"WebPage\",\"@id\":\"https:\/\/metaltale.com\/lv\/produkts\/acorn-apgerbu-akis-175-mm\/\",\"url\":\"https:\/\/metaltale.com\/lv\/produkts\/acorn-apgerbu-akis-175-mm\/\",\"name\":\"ACORN ap\u0123\u0113rbu \u0101\u0137is 175 mm - MetalTale.com\",\"isPartOf\":{\"@id\":\"https:\/\/metaltale.com\/lv\/#website\"},\"primaryImageOfPage\":{\"@id\":\"https:\/\/metaltale.com\/lv\/produkts\/acorn-apgerbu-akis-175-mm\/#primaryimage\"},\"image\":{\"@id\":\"https:\/\/metaltale.com\/lv\/produkts\/acorn-apgerbu-akis-175-mm\/#primaryimage\"},\"thumbnailUrl\":\"https:\/\/metaltale.com\/wp-content\/uploads\/2023\/10\/Kablys-ACORN-175-Plienas.jpg\",\"datePublished\":\"2024-02-13T12:05:05+00:00\",\"breadcrumb\":{\"@id\":\"https:\/\/metaltale.com\/lv\/produkts\/acorn-apgerbu-akis-175-mm\/#breadcrumb\"},\"inLanguage\":\"lv-LV\",\"potentialAction\":[{\"@type\":\"ReadAction\",\"target\":[\"https:\/\/metaltale.com\/lv\/produkts\/acorn-apgerbu-akis-175-mm\/\"]}]},{\"@type\":\"ImageObject\",\"inLanguage\":\"lv-LV\",\"@id\":\"https:\/\/metaltale.com\/lv\/produkts\/acorn-apgerbu-akis-175-mm\/#primaryimage\",\"url\":\"https:\/\/metaltale.com\/wp-content\/uploads\/2023\/10\/Kablys-ACORN-175-Plienas.jpg\",\"contentUrl\":\"https:\/\/metaltale.com\/wp-content\/uploads\/2023\/10\/Kablys-ACORN-175-Plienas.jpg\",\"width\":2240,\"height\":2240,\"caption\":\"ACORN ap\u0123\u0113rbu \u0101\u0137is 175 mm\"},{\"@type\":\"BreadcrumbList\",\"@id\":\"https:\/\/metaltale.com\/lv\/produkts\/acorn-apgerbu-akis-175-mm\/#breadcrumb\",\"itemListElement\":[{\"@type\":\"ListItem\",\"position\":1,\"name\":\"Home\",\"item\":\"https:\/\/metaltale.com\/lv\/majas\/\"},{\"@type\":\"ListItem\",\"position\":2,\"name\":\"Veikals\",\"item\":\"https:\/\/metaltale.com\/lv\/shop\/\"},{\"@type\":\"ListItem\",\"position\":3,\"name\":\"ACORN ap\u0123\u0113rbu \u0101\u0137is 175 mm\"}]},{\"@type\":\"WebSite\",\"@id\":\"https:\/\/metaltale.com\/lv\/#website\",\"url\":\"https:\/\/metaltale.com\/lv\/\",\"name\":\"Metaltale.com\",\"description\":\"\",\"potentialAction\":[{\"@type\":\"SearchAction\",\"target\":{\"@type\":\"EntryPoint\",\"urlTemplate\":\"https:\/\/metaltale.com\/lv\/?s={search_term_string}\"},\"query-input\":{\"@type\":\"PropertyValueSpecification\",\"valueRequired\":true,\"valueName\":\"search_term_string\"}}],\"inLanguage\":\"lv-LV\"}]}<\/script>\n<!-- \/ Yoast SEO plugin. -->","yoast_head_json":{"title":"ACORN ap\u0123\u0113rbu \u0101\u0137is 175 mm - MetalTale.com","robots":{"index":"index","follow":"follow","max-snippet":"max-snippet:-1","max-image-preview":"max-image-preview:large","max-video-preview":"max-video-preview:-1"},"canonical":"https:\/\/metaltale.com\/lv\/produkts\/acorn-apgerbu-akis-175-mm\/","og_locale":"lv_LV","og_type":"article","og_title":"ACORN ap\u0123\u0113rbu \u0101\u0137is 175 mm - MetalTale.com","og_description":"30.336B modelis. AI.175 EAN. 5905369918599 Materi\u0101ls Ketus Kop\u0113jais augstums (cm ) 17,5 Kop\u0113j\u0101 projekcija (cm ) 9,2 Pamatnes izm\u0113ri (cm)","og_url":"https:\/\/metaltale.com\/lv\/produkts\/acorn-apgerbu-akis-175-mm\/","og_site_name":"MetalTale.com","twitter_card":"summary_large_image","twitter_misc":{"Est. reading time":"1 minute"},"schema":{"@context":"https:\/\/schema.org","@graph":[{"@type":"WebPage","@id":"https:\/\/metaltale.com\/lv\/produkts\/acorn-apgerbu-akis-175-mm\/","url":"https:\/\/metaltale.com\/lv\/produkts\/acorn-apgerbu-akis-175-mm\/","name":"ACORN ap\u0123\u0113rbu \u0101\u0137is 175 mm - MetalTale.com","isPartOf":{"@id":"https:\/\/metaltale.com\/lv\/#website"},"primaryImageOfPage":{"@id":"https:\/\/metaltale.com\/lv\/produkts\/acorn-apgerbu-akis-175-mm\/#primaryimage"},"image":{"@id":"https:\/\/metaltale.com\/lv\/produkts\/acorn-apgerbu-akis-175-mm\/#primaryimage"},"thumbnailUrl":"https:\/\/metaltale.com\/wp-content\/uploads\/2023\/10\/Kablys-ACORN-175-Plienas.jpg","datePublished":"2024-02-13T12:05:05+00:00","breadcrumb":{"@id":"https:\/\/metaltale.com\/lv\/produkts\/acorn-apgerbu-akis-175-mm\/#breadcrumb"},"inLanguage":"lv-LV","potentialAction":[{"@type":"ReadAction","target":["https:\/\/metaltale.com\/lv\/produkts\/acorn-apgerbu-akis-175-mm\/"]}]},{"@type":"ImageObject","inLanguage":"lv-LV","@id":"https:\/\/metaltale.com\/lv\/produkts\/acorn-apgerbu-akis-175-mm\/#primaryimage","url":"https:\/\/metaltale.com\/wp-content\/uploads\/2023\/10\/Kablys-ACORN-175-Plienas.jpg","contentUrl":"https:\/\/metaltale.com\/wp-content\/uploads\/2023\/10\/Kablys-ACORN-175-Plienas.jpg","width":2240,"height":2240,"caption":"ACORN ap\u0123\u0113rbu \u0101\u0137is 175 mm"},{"@type":"BreadcrumbList","@id":"https:\/\/metaltale.com\/lv\/produkts\/acorn-apgerbu-akis-175-mm\/#breadcrumb","itemListElement":[{"@type":"ListItem","position":1,"name":"Home","item":"https:\/\/metaltale.com\/lv\/majas\/"},{"@type":"ListItem","position":2,"name":"Veikals","item":"https:\/\/metaltale.com\/lv\/shop\/"},{"@type":"ListItem","position":3,"name":"ACORN ap\u0123\u0113rbu \u0101\u0137is 175 mm"}]},{"@type":"WebSite","@id":"https:\/\/metaltale.com\/lv\/#website","url":"https:\/\/metaltale.com\/lv\/","name":"Metaltale.com","description":"","potentialAction":[{"@type":"SearchAction","target":{"@type":"EntryPoint","urlTemplate":"https:\/\/metaltale.com\/lv\/?s={search_term_string}"},"query-input":{"@type":"PropertyValueSpecification","valueRequired":true,"valueName":"search_term_string"}}],"inLanguage":"lv-LV"}]}},"_links":{"self":[{"href":"https:\/\/metaltale.com\/lv\/wp-json\/wp\/v2\/product\/138494","targetHints":{"allow":["GET"]}}],"collection":[{"href":"https:\/\/metaltale.com\/lv\/wp-json\/wp\/v2\/product"}],"about":[{"href":"https:\/\/metaltale.com\/lv\/wp-json\/wp\/v2\/types\/product"}],"replies":[{"embeddable":true,"href":"https:\/\/metaltale.com\/lv\/wp-json\/wp\/v2\/comments?post=138494"}],"version-history":[{"count":0,"href":"https:\/\/metaltale.com\/lv\/wp-json\/wp\/v2\/product\/138494\/revisions"}],"wp:featuredmedia":[{"embeddable":true,"href":"https:\/\/metaltale.com\/lv\/wp-json\/wp\/v2\/media\/85180"}],"wp:attachment":[{"href":"https:\/\/metaltale.com\/lv\/wp-json\/wp\/v2\/media?parent=138494"}],"wp:term":[{"taxonomy":"product_brand","embeddable":true,"href":"https:\/\/metaltale.com\/lv\/wp-json\/wp\/v2\/product_brand?post=138494"},{"taxonomy":"product_cat","embeddable":true,"href":"https:\/\/metaltale.com\/lv\/wp-json\/wp\/v2\/product_cat?post=138494"},{"taxonomy":"product_tag","embeddable":true,"href":"https:\/\/metaltale.com\/lv\/wp-json\/wp\/v2\/product_tag?post=138494"}],"curies":[{"name":"wp","href":"https:\/\/api.w.org\/{rel}","templated":true}]}}