{"id":138487,"date":"2024-02-13T14:05:05","date_gmt":"2024-02-13T12:05:05","guid":{"rendered":"https:\/\/metaltale.com\/produktas\/drebju-akis-cracked-ceramic\/"},"modified":"2024-02-13T14:05:05","modified_gmt":"2024-02-13T12:05:05","slug":"drebju-akis-cracked-ceramic","status":"publish","type":"product","link":"https:\/\/metaltale.com\/lv\/produkts\/drebju-akis-cracked-ceramic\/","title":{"rendered":"Dr\u0113bju \u0101\u0137is CRACKED CERAMIC"},"content":{"rendered":"<div class=\"prod_data\">\n<p><strong>Modelis<\/strong> 49.336CGXX<br \/>\n<strong>Materi\u0101ls<\/strong> Keramika, t\u0113rauds, \u010duguns<br \/>\n<strong>Kop\u0113jais augstums (cm<\/strong> ) 19<br \/>\n<strong>Kop\u0113j\u0101 projekcija (cm<\/strong> ) 10<br \/>\n<strong>Pamatnes izm\u0113ri (cm)<\/strong> 4,5 x 3,6<br \/>\n<strong>Sugas<\/strong> Dubult\u0101<br \/>\nMont\u0101\u017eas skr\u016bves J\u0101<br \/>\n<strong>Kr\u0101sa<\/strong> Balta, t\u0113rauda<br \/>\nDaudzums komplekt\u0101 1 gab.<\/p>\n<p>\u012apa\u0161a uzman\u012bba aksesu\u0101riem un deta\u013c\u0101m, k\u0101 ar\u012b materi\u0101lu, no kuriem tie ir izgatavoti, augstajai kvalit\u0101tei atspogu\u013cojas m\u016bsu tie\u0161saistes veikala pied\u0101v\u0101jum\u0101.<\/p>\n<p><strong>Pakaramais \u0101\u0137is<\/strong> ir klasisks risin\u0101jums interjera moderniz\u0101cijai. Vienk\u0101r\u0161\u0101 \u010duguna forma ir vainagota ar div\u0101m \u012bpa\u0161i sagatavot\u0101m keramikas lod\u012bt\u0113m, kas tai pie\u0161\u0137ir plaisas un daudz vec\u0101ku izskatu. Keramikas elementi apvienojum\u0101 ar augstas kvalit\u0101tes \u010dugunu noteikti ir viens no retro stila aksesu\u0101ru pamat\u0101 eso\u0161ajiem faktoriem.<\/p>\n<p>Laipni l\u016bgti m\u016bsu lauku rokturu veikala galvenaj\u0101 lap\u0101, kur varat iepaz\u012bties ar m\u016bsu m\u0113be\u013cu piederumu, m\u0113be\u013cu rokturu un m\u0113be\u013cu furnit\u016bras pied\u0101v\u0101jumu.<\/p>\n<\/div>\n","protected":false},"excerpt":{"rendered":"<p>Modelis 49.336CGXX Materi\u0101ls Keramika, t\u0113rauds, \u010duguns Kop\u0113jais augstums (cm ) 19 Kop\u0113j\u0101 projekcija (cm ) 10 Pamatnes izm\u0113ri (cm) 4,5<\/p>\n","protected":false},"featured_media":129934,"comment_status":"open","ping_status":"closed","template":"","meta":{"_acf_changed":false,"pmpro_default_level":""},"product_brand":[],"product_cat":[23837,23862],"product_tag":[],"class_list":{"0":"post-138487","1":"product","2":"type-product","3":"status-publish","4":"has-post-thumbnail","6":"product_cat-mebeles-piederumi","7":"product_cat-pakabos-ir-kabliukai-lv","8":"pmpro-has-access","10":"first","11":"instock","12":"shipping-taxable","13":"purchasable","14":"product-type-simple"},"acf":[],"yoast_head":"<!-- This site is optimized with the Yoast SEO plugin v24.9 - https:\/\/yoast.com\/wordpress\/plugins\/seo\/ -->\n<title>Dr\u0113bju \u0101\u0137is CRACKED CERAMIC - MetalTale.com<\/title>\n<meta name=\"robots\" content=\"index, follow, max-snippet:-1, max-image-preview:large, max-video-preview:-1\" \/>\n<link rel=\"canonical\" href=\"https:\/\/metaltale.com\/lv\/produkts\/drebju-akis-cracked-ceramic\/\" \/>\n<meta property=\"og:locale\" content=\"lv_LV\" \/>\n<meta property=\"og:type\" content=\"article\" \/>\n<meta property=\"og:title\" content=\"Dr\u0113bju \u0101\u0137is CRACKED CERAMIC - MetalTale.com\" \/>\n<meta property=\"og:description\" content=\"Modelis 49.336CGXX Materi\u0101ls Keramika, t\u0113rauds, \u010duguns Kop\u0113jais augstums (cm ) 19 Kop\u0113j\u0101 projekcija (cm ) 10 Pamatnes izm\u0113ri (cm) 4,5\" \/>\n<meta property=\"og:url\" content=\"https:\/\/metaltale.com\/lv\/produkts\/drebju-akis-cracked-ceramic\/\" \/>\n<meta property=\"og:site_name\" content=\"MetalTale.com\" \/>\n<meta name=\"twitter:card\" content=\"summary_large_image\" \/>\n<meta name=\"twitter:label1\" content=\"Est. reading time\" \/>\n\t<meta name=\"twitter:data1\" content=\"1 minute\" \/>\n<script type=\"application\/ld+json\" class=\"yoast-schema-graph\">{\"@context\":\"https:\/\/schema.org\",\"@graph\":[{\"@type\":\"WebPage\",\"@id\":\"https:\/\/metaltale.com\/lv\/produkts\/drebju-akis-cracked-ceramic\/\",\"url\":\"https:\/\/metaltale.com\/lv\/produkts\/drebju-akis-cracked-ceramic\/\",\"name\":\"Dr\u0113bju \u0101\u0137is CRACKED CERAMIC - MetalTale.com\",\"isPartOf\":{\"@id\":\"https:\/\/metaltale.com\/lv\/#website\"},\"primaryImageOfPage\":{\"@id\":\"https:\/\/metaltale.com\/lv\/produkts\/drebju-akis-cracked-ceramic\/#primaryimage\"},\"image\":{\"@id\":\"https:\/\/metaltale.com\/lv\/produkts\/drebju-akis-cracked-ceramic\/#primaryimage\"},\"thumbnailUrl\":\"https:\/\/metaltale.com\/wp-content\/uploads\/2024\/01\/Kabliukas-rubams-CRACKED-CERAMIC.jpg\",\"datePublished\":\"2024-02-13T12:05:05+00:00\",\"breadcrumb\":{\"@id\":\"https:\/\/metaltale.com\/lv\/produkts\/drebju-akis-cracked-ceramic\/#breadcrumb\"},\"inLanguage\":\"lv-LV\",\"potentialAction\":[{\"@type\":\"ReadAction\",\"target\":[\"https:\/\/metaltale.com\/lv\/produkts\/drebju-akis-cracked-ceramic\/\"]}]},{\"@type\":\"ImageObject\",\"inLanguage\":\"lv-LV\",\"@id\":\"https:\/\/metaltale.com\/lv\/produkts\/drebju-akis-cracked-ceramic\/#primaryimage\",\"url\":\"https:\/\/metaltale.com\/wp-content\/uploads\/2024\/01\/Kabliukas-rubams-CRACKED-CERAMIC.jpg\",\"contentUrl\":\"https:\/\/metaltale.com\/wp-content\/uploads\/2024\/01\/Kabliukas-rubams-CRACKED-CERAMIC.jpg\",\"width\":800,\"height\":800,\"caption\":\"Dr\u0113bju \u0101\u0137is CRACKED CERAMIC\"},{\"@type\":\"BreadcrumbList\",\"@id\":\"https:\/\/metaltale.com\/lv\/produkts\/drebju-akis-cracked-ceramic\/#breadcrumb\",\"itemListElement\":[{\"@type\":\"ListItem\",\"position\":1,\"name\":\"Home\",\"item\":\"https:\/\/metaltale.com\/lv\/majas\/\"},{\"@type\":\"ListItem\",\"position\":2,\"name\":\"Veikals\",\"item\":\"https:\/\/metaltale.com\/lv\/shop\/\"},{\"@type\":\"ListItem\",\"position\":3,\"name\":\"Dr\u0113bju \u0101\u0137is CRACKED CERAMIC\"}]},{\"@type\":\"WebSite\",\"@id\":\"https:\/\/metaltale.com\/lv\/#website\",\"url\":\"https:\/\/metaltale.com\/lv\/\",\"name\":\"Metaltale.com\",\"description\":\"\",\"potentialAction\":[{\"@type\":\"SearchAction\",\"target\":{\"@type\":\"EntryPoint\",\"urlTemplate\":\"https:\/\/metaltale.com\/lv\/?s={search_term_string}\"},\"query-input\":{\"@type\":\"PropertyValueSpecification\",\"valueRequired\":true,\"valueName\":\"search_term_string\"}}],\"inLanguage\":\"lv-LV\"}]}<\/script>\n<!-- \/ Yoast SEO plugin. -->","yoast_head_json":{"title":"Dr\u0113bju \u0101\u0137is CRACKED CERAMIC - MetalTale.com","robots":{"index":"index","follow":"follow","max-snippet":"max-snippet:-1","max-image-preview":"max-image-preview:large","max-video-preview":"max-video-preview:-1"},"canonical":"https:\/\/metaltale.com\/lv\/produkts\/drebju-akis-cracked-ceramic\/","og_locale":"lv_LV","og_type":"article","og_title":"Dr\u0113bju \u0101\u0137is CRACKED CERAMIC - MetalTale.com","og_description":"Modelis 49.336CGXX Materi\u0101ls Keramika, t\u0113rauds, \u010duguns Kop\u0113jais augstums (cm ) 19 Kop\u0113j\u0101 projekcija (cm ) 10 Pamatnes izm\u0113ri (cm) 4,5","og_url":"https:\/\/metaltale.com\/lv\/produkts\/drebju-akis-cracked-ceramic\/","og_site_name":"MetalTale.com","twitter_card":"summary_large_image","twitter_misc":{"Est. reading time":"1 minute"},"schema":{"@context":"https:\/\/schema.org","@graph":[{"@type":"WebPage","@id":"https:\/\/metaltale.com\/lv\/produkts\/drebju-akis-cracked-ceramic\/","url":"https:\/\/metaltale.com\/lv\/produkts\/drebju-akis-cracked-ceramic\/","name":"Dr\u0113bju \u0101\u0137is CRACKED CERAMIC - MetalTale.com","isPartOf":{"@id":"https:\/\/metaltale.com\/lv\/#website"},"primaryImageOfPage":{"@id":"https:\/\/metaltale.com\/lv\/produkts\/drebju-akis-cracked-ceramic\/#primaryimage"},"image":{"@id":"https:\/\/metaltale.com\/lv\/produkts\/drebju-akis-cracked-ceramic\/#primaryimage"},"thumbnailUrl":"https:\/\/metaltale.com\/wp-content\/uploads\/2024\/01\/Kabliukas-rubams-CRACKED-CERAMIC.jpg","datePublished":"2024-02-13T12:05:05+00:00","breadcrumb":{"@id":"https:\/\/metaltale.com\/lv\/produkts\/drebju-akis-cracked-ceramic\/#breadcrumb"},"inLanguage":"lv-LV","potentialAction":[{"@type":"ReadAction","target":["https:\/\/metaltale.com\/lv\/produkts\/drebju-akis-cracked-ceramic\/"]}]},{"@type":"ImageObject","inLanguage":"lv-LV","@id":"https:\/\/metaltale.com\/lv\/produkts\/drebju-akis-cracked-ceramic\/#primaryimage","url":"https:\/\/metaltale.com\/wp-content\/uploads\/2024\/01\/Kabliukas-rubams-CRACKED-CERAMIC.jpg","contentUrl":"https:\/\/metaltale.com\/wp-content\/uploads\/2024\/01\/Kabliukas-rubams-CRACKED-CERAMIC.jpg","width":800,"height":800,"caption":"Dr\u0113bju \u0101\u0137is CRACKED CERAMIC"},{"@type":"BreadcrumbList","@id":"https:\/\/metaltale.com\/lv\/produkts\/drebju-akis-cracked-ceramic\/#breadcrumb","itemListElement":[{"@type":"ListItem","position":1,"name":"Home","item":"https:\/\/metaltale.com\/lv\/majas\/"},{"@type":"ListItem","position":2,"name":"Veikals","item":"https:\/\/metaltale.com\/lv\/shop\/"},{"@type":"ListItem","position":3,"name":"Dr\u0113bju \u0101\u0137is CRACKED CERAMIC"}]},{"@type":"WebSite","@id":"https:\/\/metaltale.com\/lv\/#website","url":"https:\/\/metaltale.com\/lv\/","name":"Metaltale.com","description":"","potentialAction":[{"@type":"SearchAction","target":{"@type":"EntryPoint","urlTemplate":"https:\/\/metaltale.com\/lv\/?s={search_term_string}"},"query-input":{"@type":"PropertyValueSpecification","valueRequired":true,"valueName":"search_term_string"}}],"inLanguage":"lv-LV"}]}},"_links":{"self":[{"href":"https:\/\/metaltale.com\/lv\/wp-json\/wp\/v2\/product\/138487","targetHints":{"allow":["GET"]}}],"collection":[{"href":"https:\/\/metaltale.com\/lv\/wp-json\/wp\/v2\/product"}],"about":[{"href":"https:\/\/metaltale.com\/lv\/wp-json\/wp\/v2\/types\/product"}],"replies":[{"embeddable":true,"href":"https:\/\/metaltale.com\/lv\/wp-json\/wp\/v2\/comments?post=138487"}],"version-history":[{"count":0,"href":"https:\/\/metaltale.com\/lv\/wp-json\/wp\/v2\/product\/138487\/revisions"}],"wp:featuredmedia":[{"embeddable":true,"href":"https:\/\/metaltale.com\/lv\/wp-json\/wp\/v2\/media\/129934"}],"wp:attachment":[{"href":"https:\/\/metaltale.com\/lv\/wp-json\/wp\/v2\/media?parent=138487"}],"wp:term":[{"taxonomy":"product_brand","embeddable":true,"href":"https:\/\/metaltale.com\/lv\/wp-json\/wp\/v2\/product_brand?post=138487"},{"taxonomy":"product_cat","embeddable":true,"href":"https:\/\/metaltale.com\/lv\/wp-json\/wp\/v2\/product_cat?post=138487"},{"taxonomy":"product_tag","embeddable":true,"href":"https:\/\/metaltale.com\/lv\/wp-json\/wp\/v2\/product_tag?post=138487"}],"curies":[{"name":"wp","href":"https:\/\/api.w.org\/{rel}","templated":true}]}}