{"id":138459,"date":"2024-02-13T14:05:05","date_gmt":"2024-02-13T12:05:05","guid":{"rendered":"https:\/\/metaltale.com\/produktas\/skruvejams-akis-100-mm\/"},"modified":"2024-02-13T14:05:05","modified_gmt":"2024-02-13T12:05:05","slug":"skruvejams-akis-100-mm","status":"publish","type":"product","link":"https:\/\/metaltale.com\/lv\/produkts\/skruvejams-akis-100-mm\/","title":{"rendered":"Skr\u016bv\u0113jams \u0101\u0137is 100 mm"},"content":{"rendered":"<div class=\"prod_data\">\n<p><strong>Modelis<\/strong> 70.335.AI.100<br \/>\n<strong>EAN.<\/strong>  5905369918605<br \/>\nMateri\u0101ls Ketus<br \/>\n<strong>Kop\u0113jais platums (cm<\/strong> ) 9<br \/>\n<strong>Kop\u0113j\u0101 projekcija (cm<\/strong> ) 3,5<br \/>\n<strong>Tips<\/strong> Cits<br \/>\n<strong>Pamatnes diametrs (cm)<\/strong> 1,3<br \/>\nT\u0113rauda <strong>kr\u0101sa<\/strong> <\/p>\n<p>Klasisks stiprin\u0101juma risin\u0101jums <strong>ir \u0101\u0137a piekare<\/strong>. \u012apa\u0161i \u0113rt\u0101 forma ir apvienota ar skr\u016bvi, lai to var\u0113tu samont\u0113t bez probl\u0113m\u0101m.<\/p>\n<p><strong>Piekaramais \u0101\u0137is<\/strong>, kas izgatavots no augstas kvalit\u0101tes \u010duguna un papildus pastiprin\u0101ts ar impregn\u0113\u0161anas procesu, garant\u0113 augstu nodilumiztur\u012bbu un vis\u0101 t\u0101 kalpo\u0161anas laik\u0101 ir efekt\u012bvs un piln\u012bb\u0101 funkcion\u0101ls lauku stila papildin\u0101jums. Pateicoties klasiskajai formai, t\u0101 pied\u0101v\u0101 pla\u0161as iesp\u0113jas da\u017e\u0101diem interjera risin\u0101jumiem.<\/p>\n<\/div>\n","protected":false},"excerpt":{"rendered":"<p>Modelis 70.335.AI.100 EAN. 5905369918605 Materi\u0101ls Ketus Kop\u0113jais platums (cm ) 9 Kop\u0113j\u0101 projekcija (cm ) 3,5 Tips Cits Pamatnes diametrs<\/p>\n","protected":false},"featured_media":85112,"comment_status":"open","ping_status":"closed","template":"","meta":{"_acf_changed":false,"pmpro_default_level":""},"product_brand":[],"product_cat":[23837,23862],"product_tag":[],"class_list":{"0":"post-138459","1":"product","2":"type-product","3":"status-publish","4":"has-post-thumbnail","6":"product_cat-mebeles-piederumi","7":"product_cat-pakabos-ir-kabliukai-lv","8":"pmpro-has-access","10":"first","11":"instock","12":"shipping-taxable","13":"purchasable","14":"product-type-simple"},"acf":[],"yoast_head":"<!-- This site is optimized with the Yoast SEO plugin v24.9 - https:\/\/yoast.com\/wordpress\/plugins\/seo\/ -->\n<title>Skr\u016bv\u0113jams \u0101\u0137is 100 mm - MetalTale.com<\/title>\n<meta name=\"robots\" content=\"index, follow, max-snippet:-1, max-image-preview:large, max-video-preview:-1\" \/>\n<link rel=\"canonical\" href=\"https:\/\/metaltale.com\/lv\/produkts\/skruvejams-akis-100-mm\/\" \/>\n<meta property=\"og:locale\" content=\"lv_LV\" \/>\n<meta property=\"og:type\" content=\"article\" \/>\n<meta property=\"og:title\" content=\"Skr\u016bv\u0113jams \u0101\u0137is 100 mm - MetalTale.com\" \/>\n<meta property=\"og:description\" content=\"Modelis 70.335.AI.100 EAN. 5905369918605 Materi\u0101ls Ketus Kop\u0113jais platums (cm ) 9 Kop\u0113j\u0101 projekcija (cm ) 3,5 Tips Cits Pamatnes diametrs\" \/>\n<meta property=\"og:url\" content=\"https:\/\/metaltale.com\/lv\/produkts\/skruvejams-akis-100-mm\/\" \/>\n<meta property=\"og:site_name\" content=\"MetalTale.com\" \/>\n<meta name=\"twitter:card\" content=\"summary_large_image\" \/>\n<meta name=\"twitter:label1\" content=\"Est. reading time\" \/>\n\t<meta name=\"twitter:data1\" content=\"1 minute\" \/>\n<script type=\"application\/ld+json\" class=\"yoast-schema-graph\">{\"@context\":\"https:\/\/schema.org\",\"@graph\":[{\"@type\":\"WebPage\",\"@id\":\"https:\/\/metaltale.com\/lv\/produkts\/skruvejams-akis-100-mm\/\",\"url\":\"https:\/\/metaltale.com\/lv\/produkts\/skruvejams-akis-100-mm\/\",\"name\":\"Skr\u016bv\u0113jams \u0101\u0137is 100 mm - MetalTale.com\",\"isPartOf\":{\"@id\":\"https:\/\/metaltale.com\/lv\/#website\"},\"primaryImageOfPage\":{\"@id\":\"https:\/\/metaltale.com\/lv\/produkts\/skruvejams-akis-100-mm\/#primaryimage\"},\"image\":{\"@id\":\"https:\/\/metaltale.com\/lv\/produkts\/skruvejams-akis-100-mm\/#primaryimage\"},\"thumbnailUrl\":\"https:\/\/metaltale.com\/wp-content\/uploads\/2023\/10\/x12Esukamas-kablys-100-plienas.jpg\",\"datePublished\":\"2024-02-13T12:05:05+00:00\",\"breadcrumb\":{\"@id\":\"https:\/\/metaltale.com\/lv\/produkts\/skruvejams-akis-100-mm\/#breadcrumb\"},\"inLanguage\":\"lv-LV\",\"potentialAction\":[{\"@type\":\"ReadAction\",\"target\":[\"https:\/\/metaltale.com\/lv\/produkts\/skruvejams-akis-100-mm\/\"]}]},{\"@type\":\"ImageObject\",\"inLanguage\":\"lv-LV\",\"@id\":\"https:\/\/metaltale.com\/lv\/produkts\/skruvejams-akis-100-mm\/#primaryimage\",\"url\":\"https:\/\/metaltale.com\/wp-content\/uploads\/2023\/10\/x12Esukamas-kablys-100-plienas.jpg\",\"contentUrl\":\"https:\/\/metaltale.com\/wp-content\/uploads\/2023\/10\/x12Esukamas-kablys-100-plienas.jpg\",\"width\":800,\"height\":800,\"caption\":\"Skr\u016bv\u0113jams \u0101\u0137is 100 mm\"},{\"@type\":\"BreadcrumbList\",\"@id\":\"https:\/\/metaltale.com\/lv\/produkts\/skruvejams-akis-100-mm\/#breadcrumb\",\"itemListElement\":[{\"@type\":\"ListItem\",\"position\":1,\"name\":\"Home\",\"item\":\"https:\/\/metaltale.com\/lv\/majas\/\"},{\"@type\":\"ListItem\",\"position\":2,\"name\":\"Veikals\",\"item\":\"https:\/\/metaltale.com\/lv\/shop\/\"},{\"@type\":\"ListItem\",\"position\":3,\"name\":\"Skr\u016bv\u0113jams \u0101\u0137is 100 mm\"}]},{\"@type\":\"WebSite\",\"@id\":\"https:\/\/metaltale.com\/lv\/#website\",\"url\":\"https:\/\/metaltale.com\/lv\/\",\"name\":\"Metaltale.com\",\"description\":\"\",\"potentialAction\":[{\"@type\":\"SearchAction\",\"target\":{\"@type\":\"EntryPoint\",\"urlTemplate\":\"https:\/\/metaltale.com\/lv\/?s={search_term_string}\"},\"query-input\":{\"@type\":\"PropertyValueSpecification\",\"valueRequired\":true,\"valueName\":\"search_term_string\"}}],\"inLanguage\":\"lv-LV\"}]}<\/script>\n<!-- \/ Yoast SEO plugin. -->","yoast_head_json":{"title":"Skr\u016bv\u0113jams \u0101\u0137is 100 mm - MetalTale.com","robots":{"index":"index","follow":"follow","max-snippet":"max-snippet:-1","max-image-preview":"max-image-preview:large","max-video-preview":"max-video-preview:-1"},"canonical":"https:\/\/metaltale.com\/lv\/produkts\/skruvejams-akis-100-mm\/","og_locale":"lv_LV","og_type":"article","og_title":"Skr\u016bv\u0113jams \u0101\u0137is 100 mm - MetalTale.com","og_description":"Modelis 70.335.AI.100 EAN. 5905369918605 Materi\u0101ls Ketus Kop\u0113jais platums (cm ) 9 Kop\u0113j\u0101 projekcija (cm ) 3,5 Tips Cits Pamatnes diametrs","og_url":"https:\/\/metaltale.com\/lv\/produkts\/skruvejams-akis-100-mm\/","og_site_name":"MetalTale.com","twitter_card":"summary_large_image","twitter_misc":{"Est. reading time":"1 minute"},"schema":{"@context":"https:\/\/schema.org","@graph":[{"@type":"WebPage","@id":"https:\/\/metaltale.com\/lv\/produkts\/skruvejams-akis-100-mm\/","url":"https:\/\/metaltale.com\/lv\/produkts\/skruvejams-akis-100-mm\/","name":"Skr\u016bv\u0113jams \u0101\u0137is 100 mm - MetalTale.com","isPartOf":{"@id":"https:\/\/metaltale.com\/lv\/#website"},"primaryImageOfPage":{"@id":"https:\/\/metaltale.com\/lv\/produkts\/skruvejams-akis-100-mm\/#primaryimage"},"image":{"@id":"https:\/\/metaltale.com\/lv\/produkts\/skruvejams-akis-100-mm\/#primaryimage"},"thumbnailUrl":"https:\/\/metaltale.com\/wp-content\/uploads\/2023\/10\/x12Esukamas-kablys-100-plienas.jpg","datePublished":"2024-02-13T12:05:05+00:00","breadcrumb":{"@id":"https:\/\/metaltale.com\/lv\/produkts\/skruvejams-akis-100-mm\/#breadcrumb"},"inLanguage":"lv-LV","potentialAction":[{"@type":"ReadAction","target":["https:\/\/metaltale.com\/lv\/produkts\/skruvejams-akis-100-mm\/"]}]},{"@type":"ImageObject","inLanguage":"lv-LV","@id":"https:\/\/metaltale.com\/lv\/produkts\/skruvejams-akis-100-mm\/#primaryimage","url":"https:\/\/metaltale.com\/wp-content\/uploads\/2023\/10\/x12Esukamas-kablys-100-plienas.jpg","contentUrl":"https:\/\/metaltale.com\/wp-content\/uploads\/2023\/10\/x12Esukamas-kablys-100-plienas.jpg","width":800,"height":800,"caption":"Skr\u016bv\u0113jams \u0101\u0137is 100 mm"},{"@type":"BreadcrumbList","@id":"https:\/\/metaltale.com\/lv\/produkts\/skruvejams-akis-100-mm\/#breadcrumb","itemListElement":[{"@type":"ListItem","position":1,"name":"Home","item":"https:\/\/metaltale.com\/lv\/majas\/"},{"@type":"ListItem","position":2,"name":"Veikals","item":"https:\/\/metaltale.com\/lv\/shop\/"},{"@type":"ListItem","position":3,"name":"Skr\u016bv\u0113jams \u0101\u0137is 100 mm"}]},{"@type":"WebSite","@id":"https:\/\/metaltale.com\/lv\/#website","url":"https:\/\/metaltale.com\/lv\/","name":"Metaltale.com","description":"","potentialAction":[{"@type":"SearchAction","target":{"@type":"EntryPoint","urlTemplate":"https:\/\/metaltale.com\/lv\/?s={search_term_string}"},"query-input":{"@type":"PropertyValueSpecification","valueRequired":true,"valueName":"search_term_string"}}],"inLanguage":"lv-LV"}]}},"_links":{"self":[{"href":"https:\/\/metaltale.com\/lv\/wp-json\/wp\/v2\/product\/138459","targetHints":{"allow":["GET"]}}],"collection":[{"href":"https:\/\/metaltale.com\/lv\/wp-json\/wp\/v2\/product"}],"about":[{"href":"https:\/\/metaltale.com\/lv\/wp-json\/wp\/v2\/types\/product"}],"replies":[{"embeddable":true,"href":"https:\/\/metaltale.com\/lv\/wp-json\/wp\/v2\/comments?post=138459"}],"version-history":[{"count":0,"href":"https:\/\/metaltale.com\/lv\/wp-json\/wp\/v2\/product\/138459\/revisions"}],"wp:featuredmedia":[{"embeddable":true,"href":"https:\/\/metaltale.com\/lv\/wp-json\/wp\/v2\/media\/85112"}],"wp:attachment":[{"href":"https:\/\/metaltale.com\/lv\/wp-json\/wp\/v2\/media?parent=138459"}],"wp:term":[{"taxonomy":"product_brand","embeddable":true,"href":"https:\/\/metaltale.com\/lv\/wp-json\/wp\/v2\/product_brand?post=138459"},{"taxonomy":"product_cat","embeddable":true,"href":"https:\/\/metaltale.com\/lv\/wp-json\/wp\/v2\/product_cat?post=138459"},{"taxonomy":"product_tag","embeddable":true,"href":"https:\/\/metaltale.com\/lv\/wp-json\/wp\/v2\/product_tag?post=138459"}],"curies":[{"name":"wp","href":"https:\/\/api.w.org\/{rel}","templated":true}]}}