{"id":138441,"date":"2024-02-13T14:07:41","date_gmt":"2024-02-13T12:07:41","guid":{"rendered":"https:\/\/metaltale.com\/produktas\/tualetes-papira-turetajs-spiral-gner\/"},"modified":"2024-02-13T14:07:41","modified_gmt":"2024-02-13T12:07:41","slug":"tualetes-papira-turetajs-spiral-gner","status":"publish","type":"product","link":"https:\/\/metaltale.com\/lv\/produkts\/tualetes-papira-turetajs-spiral-gner\/","title":{"rendered":"Tualetes pap\u012bra tur\u0113t\u0101js SPIRAL GNER"},"content":{"rendered":"<div class=\"prod_data\">\n<p><strong>Modelis<\/strong> 01.625G. AI.180<br \/>\n<strong>EAN.<\/strong>  5905369921407<br \/>\n<strong>Materi\u0101ls<\/strong> T\u0113rauds<br \/>\n<strong>Kop\u0113jais augstums (cm<\/strong> ) 6<br \/>\n<strong>Kop\u0113j\u0101 projekcija (cm<\/strong> ) 11<br \/>\n<strong>Pamatnes izm\u0113ri (cm)<\/strong> 18,5 x 3,4<br \/>\nT\u0113rauda <strong>kr\u0101sa<\/strong> <\/p>\n<p>&#8211; Tualetes pap\u012bra tur\u0113t\u0101js, kas izgatavots no augst\u0101k\u0101s kvalit\u0101tes l\u0113juma<br \/>\n&#8211; ir ide\u0101ls retro stila vannas istabas rot\u0101jums<br \/>\n&#8211; piestiprina gan pie sien\u0101m, gan koka virsm\u0101m.<br \/>\n&#8211; ir divi stiprin\u0101juma caurumi, skr\u016bves iek\u013cautas komplekt\u0101<\/p>\n<hr>\n<p>Rustik\u0101lo m\u0113be\u013cu aksesu\u0101ri ir lielisks piem\u0113rs risin\u0101jumiem, kas pied\u0101v\u0101 neparastu skaistumu apvienojum\u0101 ar praktisk\u0101m funkcij\u0101m. \u0160eit redzamais tualetes pap\u012bra tur\u0113t\u0101js ir izgatavots tikai no augst\u0101k\u0101s kvalit\u0101tes \u010duguna, \u012bpa\u0161u uzman\u012bbu piev\u0113r\u0161ot prec\u012bzai visu deta\u013cu atveido\u0161anai. Piekaramais dekors, kas novietots uz div\u0101m bag\u0101t\u012bgi rot\u0101t\u0101m rok\u0101m, atg\u0101dina m\u0113be\u013cu pakaramo rokturus.<\/p>\n<p>Pamatni veidojo\u0161ais grav\u0113tais panelis bija apr\u012bkots ar dekorat\u012bvu uzrakstu, kur\u0101 bija nor\u0101d\u012bts biju\u0161\u0101 britu dzelzce\u013ca p\u0101rvad\u0101t\u0101ja nosaukums, kas sp\u0113c\u012bgi uzsver visa elementa r\u016bpniecisko izcelsmi.<\/p>\n<p>Izstr\u0101d\u0101jumam ir divi stiprin\u0101juma punkti, un komplekt\u0101 ir iek\u013cauts skr\u016bvju komplekts.<\/p>\n<\/div>\n","protected":false},"excerpt":{"rendered":"<p>Modelis 01.625G. AI.180 EAN. 5905369921407 Materi\u0101ls T\u0113rauds Kop\u0113jais augstums (cm ) 6 Kop\u0113j\u0101 projekcija (cm ) 11 Pamatnes izm\u0113ri (cm)<\/p>\n","protected":false},"featured_media":117231,"comment_status":"open","ping_status":"closed","template":"","meta":{"_acf_changed":false,"pmpro_default_level":""},"product_brand":[],"product_cat":[24084,23837],"product_tag":[],"class_list":{"0":"post-138441","1":"product","2":"type-product","3":"status-publish","4":"has-post-thumbnail","6":"product_cat-papira-turetaji","7":"product_cat-mebeles-piederumi","8":"pmpro-has-access","10":"first","11":"instock","12":"shipping-taxable","13":"purchasable","14":"product-type-simple"},"acf":[],"yoast_head":"<!-- This site is optimized with the Yoast SEO plugin v24.9 - https:\/\/yoast.com\/wordpress\/plugins\/seo\/ -->\n<title>Tualetes pap\u012bra tur\u0113t\u0101js SPIRAL GNER - MetalTale.com<\/title>\n<meta name=\"robots\" content=\"index, follow, max-snippet:-1, max-image-preview:large, max-video-preview:-1\" \/>\n<link rel=\"canonical\" href=\"https:\/\/metaltale.com\/lv\/produkts\/tualetes-papira-turetajs-spiral-gner\/\" \/>\n<meta property=\"og:locale\" content=\"lv_LV\" \/>\n<meta property=\"og:type\" content=\"article\" \/>\n<meta property=\"og:title\" content=\"Tualetes pap\u012bra tur\u0113t\u0101js SPIRAL GNER - MetalTale.com\" \/>\n<meta property=\"og:description\" content=\"Modelis 01.625G. AI.180 EAN. 5905369921407 Materi\u0101ls T\u0113rauds Kop\u0113jais augstums (cm ) 6 Kop\u0113j\u0101 projekcija (cm ) 11 Pamatnes izm\u0113ri (cm)\" \/>\n<meta property=\"og:url\" content=\"https:\/\/metaltale.com\/lv\/produkts\/tualetes-papira-turetajs-spiral-gner\/\" \/>\n<meta property=\"og:site_name\" content=\"MetalTale.com\" \/>\n<meta name=\"twitter:card\" content=\"summary_large_image\" \/>\n<meta name=\"twitter:label1\" content=\"Est. reading time\" \/>\n\t<meta name=\"twitter:data1\" content=\"1 minute\" \/>\n<script type=\"application\/ld+json\" class=\"yoast-schema-graph\">{\"@context\":\"https:\/\/schema.org\",\"@graph\":[{\"@type\":\"WebPage\",\"@id\":\"https:\/\/metaltale.com\/lv\/produkts\/tualetes-papira-turetajs-spiral-gner\/\",\"url\":\"https:\/\/metaltale.com\/lv\/produkts\/tualetes-papira-turetajs-spiral-gner\/\",\"name\":\"Tualetes pap\u012bra tur\u0113t\u0101js SPIRAL GNER - MetalTale.com\",\"isPartOf\":{\"@id\":\"https:\/\/metaltale.com\/lv\/#website\"},\"primaryImageOfPage\":{\"@id\":\"https:\/\/metaltale.com\/lv\/produkts\/tualetes-papira-turetajs-spiral-gner\/#primaryimage\"},\"image\":{\"@id\":\"https:\/\/metaltale.com\/lv\/produkts\/tualetes-papira-turetajs-spiral-gner\/#primaryimage\"},\"thumbnailUrl\":\"https:\/\/metaltale.com\/wp-content\/uploads\/2023\/12\/Tualeto-ritinx117lio-laikiklis-SPIRAL-GNER.jpg\",\"datePublished\":\"2024-02-13T12:07:41+00:00\",\"breadcrumb\":{\"@id\":\"https:\/\/metaltale.com\/lv\/produkts\/tualetes-papira-turetajs-spiral-gner\/#breadcrumb\"},\"inLanguage\":\"lv-LV\",\"potentialAction\":[{\"@type\":\"ReadAction\",\"target\":[\"https:\/\/metaltale.com\/lv\/produkts\/tualetes-papira-turetajs-spiral-gner\/\"]}]},{\"@type\":\"ImageObject\",\"inLanguage\":\"lv-LV\",\"@id\":\"https:\/\/metaltale.com\/lv\/produkts\/tualetes-papira-turetajs-spiral-gner\/#primaryimage\",\"url\":\"https:\/\/metaltale.com\/wp-content\/uploads\/2023\/12\/Tualeto-ritinx117lio-laikiklis-SPIRAL-GNER.jpg\",\"contentUrl\":\"https:\/\/metaltale.com\/wp-content\/uploads\/2023\/12\/Tualeto-ritinx117lio-laikiklis-SPIRAL-GNER.jpg\",\"width\":800,\"height\":800,\"caption\":\"Tualetes pap\u012bra tur\u0113t\u0101js SPIRAL GNER\"},{\"@type\":\"BreadcrumbList\",\"@id\":\"https:\/\/metaltale.com\/lv\/produkts\/tualetes-papira-turetajs-spiral-gner\/#breadcrumb\",\"itemListElement\":[{\"@type\":\"ListItem\",\"position\":1,\"name\":\"Home\",\"item\":\"https:\/\/metaltale.com\/lv\/majas\/\"},{\"@type\":\"ListItem\",\"position\":2,\"name\":\"Veikals\",\"item\":\"https:\/\/metaltale.com\/lv\/shop\/\"},{\"@type\":\"ListItem\",\"position\":3,\"name\":\"Tualetes pap\u012bra tur\u0113t\u0101js SPIRAL GNER\"}]},{\"@type\":\"WebSite\",\"@id\":\"https:\/\/metaltale.com\/lv\/#website\",\"url\":\"https:\/\/metaltale.com\/lv\/\",\"name\":\"Metaltale.com\",\"description\":\"\",\"potentialAction\":[{\"@type\":\"SearchAction\",\"target\":{\"@type\":\"EntryPoint\",\"urlTemplate\":\"https:\/\/metaltale.com\/lv\/?s={search_term_string}\"},\"query-input\":{\"@type\":\"PropertyValueSpecification\",\"valueRequired\":true,\"valueName\":\"search_term_string\"}}],\"inLanguage\":\"lv-LV\"}]}<\/script>\n<!-- \/ Yoast SEO plugin. -->","yoast_head_json":{"title":"Tualetes pap\u012bra tur\u0113t\u0101js SPIRAL GNER - MetalTale.com","robots":{"index":"index","follow":"follow","max-snippet":"max-snippet:-1","max-image-preview":"max-image-preview:large","max-video-preview":"max-video-preview:-1"},"canonical":"https:\/\/metaltale.com\/lv\/produkts\/tualetes-papira-turetajs-spiral-gner\/","og_locale":"lv_LV","og_type":"article","og_title":"Tualetes pap\u012bra tur\u0113t\u0101js SPIRAL GNER - MetalTale.com","og_description":"Modelis 01.625G. AI.180 EAN. 5905369921407 Materi\u0101ls T\u0113rauds Kop\u0113jais augstums (cm ) 6 Kop\u0113j\u0101 projekcija (cm ) 11 Pamatnes izm\u0113ri (cm)","og_url":"https:\/\/metaltale.com\/lv\/produkts\/tualetes-papira-turetajs-spiral-gner\/","og_site_name":"MetalTale.com","twitter_card":"summary_large_image","twitter_misc":{"Est. reading time":"1 minute"},"schema":{"@context":"https:\/\/schema.org","@graph":[{"@type":"WebPage","@id":"https:\/\/metaltale.com\/lv\/produkts\/tualetes-papira-turetajs-spiral-gner\/","url":"https:\/\/metaltale.com\/lv\/produkts\/tualetes-papira-turetajs-spiral-gner\/","name":"Tualetes pap\u012bra tur\u0113t\u0101js SPIRAL GNER - MetalTale.com","isPartOf":{"@id":"https:\/\/metaltale.com\/lv\/#website"},"primaryImageOfPage":{"@id":"https:\/\/metaltale.com\/lv\/produkts\/tualetes-papira-turetajs-spiral-gner\/#primaryimage"},"image":{"@id":"https:\/\/metaltale.com\/lv\/produkts\/tualetes-papira-turetajs-spiral-gner\/#primaryimage"},"thumbnailUrl":"https:\/\/metaltale.com\/wp-content\/uploads\/2023\/12\/Tualeto-ritinx117lio-laikiklis-SPIRAL-GNER.jpg","datePublished":"2024-02-13T12:07:41+00:00","breadcrumb":{"@id":"https:\/\/metaltale.com\/lv\/produkts\/tualetes-papira-turetajs-spiral-gner\/#breadcrumb"},"inLanguage":"lv-LV","potentialAction":[{"@type":"ReadAction","target":["https:\/\/metaltale.com\/lv\/produkts\/tualetes-papira-turetajs-spiral-gner\/"]}]},{"@type":"ImageObject","inLanguage":"lv-LV","@id":"https:\/\/metaltale.com\/lv\/produkts\/tualetes-papira-turetajs-spiral-gner\/#primaryimage","url":"https:\/\/metaltale.com\/wp-content\/uploads\/2023\/12\/Tualeto-ritinx117lio-laikiklis-SPIRAL-GNER.jpg","contentUrl":"https:\/\/metaltale.com\/wp-content\/uploads\/2023\/12\/Tualeto-ritinx117lio-laikiklis-SPIRAL-GNER.jpg","width":800,"height":800,"caption":"Tualetes pap\u012bra tur\u0113t\u0101js SPIRAL GNER"},{"@type":"BreadcrumbList","@id":"https:\/\/metaltale.com\/lv\/produkts\/tualetes-papira-turetajs-spiral-gner\/#breadcrumb","itemListElement":[{"@type":"ListItem","position":1,"name":"Home","item":"https:\/\/metaltale.com\/lv\/majas\/"},{"@type":"ListItem","position":2,"name":"Veikals","item":"https:\/\/metaltale.com\/lv\/shop\/"},{"@type":"ListItem","position":3,"name":"Tualetes pap\u012bra tur\u0113t\u0101js SPIRAL GNER"}]},{"@type":"WebSite","@id":"https:\/\/metaltale.com\/lv\/#website","url":"https:\/\/metaltale.com\/lv\/","name":"Metaltale.com","description":"","potentialAction":[{"@type":"SearchAction","target":{"@type":"EntryPoint","urlTemplate":"https:\/\/metaltale.com\/lv\/?s={search_term_string}"},"query-input":{"@type":"PropertyValueSpecification","valueRequired":true,"valueName":"search_term_string"}}],"inLanguage":"lv-LV"}]}},"_links":{"self":[{"href":"https:\/\/metaltale.com\/lv\/wp-json\/wp\/v2\/product\/138441","targetHints":{"allow":["GET"]}}],"collection":[{"href":"https:\/\/metaltale.com\/lv\/wp-json\/wp\/v2\/product"}],"about":[{"href":"https:\/\/metaltale.com\/lv\/wp-json\/wp\/v2\/types\/product"}],"replies":[{"embeddable":true,"href":"https:\/\/metaltale.com\/lv\/wp-json\/wp\/v2\/comments?post=138441"}],"version-history":[{"count":0,"href":"https:\/\/metaltale.com\/lv\/wp-json\/wp\/v2\/product\/138441\/revisions"}],"wp:featuredmedia":[{"embeddable":true,"href":"https:\/\/metaltale.com\/lv\/wp-json\/wp\/v2\/media\/117231"}],"wp:attachment":[{"href":"https:\/\/metaltale.com\/lv\/wp-json\/wp\/v2\/media?parent=138441"}],"wp:term":[{"taxonomy":"product_brand","embeddable":true,"href":"https:\/\/metaltale.com\/lv\/wp-json\/wp\/v2\/product_brand?post=138441"},{"taxonomy":"product_cat","embeddable":true,"href":"https:\/\/metaltale.com\/lv\/wp-json\/wp\/v2\/product_cat?post=138441"},{"taxonomy":"product_tag","embeddable":true,"href":"https:\/\/metaltale.com\/lv\/wp-json\/wp\/v2\/product_tag?post=138441"}],"curies":[{"name":"wp","href":"https:\/\/api.w.org\/{rel}","templated":true}]}}