{"id":138430,"date":"2024-02-13T14:07:41","date_gmt":"2024-02-13T12:07:41","guid":{"rendered":"https:\/\/metaltale.com\/produktas\/keramiskais-mebelu-rokturis-paris-white\/"},"modified":"2024-02-13T14:07:41","modified_gmt":"2024-02-13T12:07:41","slug":"keramiskais-mebelu-rokturis-paris-white","status":"publish","type":"product","link":"https:\/\/metaltale.com\/lv\/produkts\/keramiskais-mebelu-rokturis-paris-white\/","title":{"rendered":"Keramiskais m\u0113be\u013cu rokturis PARIS WHITE"},"content":{"rendered":"<div class=\"prod_data\">\n<p><strong>Modelis<\/strong> 01.086F. PA.38<br \/>\n<strong>EAN.<\/strong>  5905369917066<br \/>\n<strong>Materi\u0101ls<\/strong> Keramika, t\u0113rauds<br \/>\n<strong>Kop\u0113jais diametrs (cm<\/strong> ) 3,8<br \/>\n<strong>Kop\u0113j\u0101 projekcija (cm<\/strong> ) 2,7<br \/>\n<strong>Mont\u0101\u017eas skr\u016bves<\/strong> Skr\u016bve<br \/>\n<strong>Kr\u0101sa<\/strong> Balta, melna<br \/>\n<strong>Apdare<\/strong> Lakots<\/p>\n<p>&#8211; T\u0113rauda un keramikas m\u0113be\u013cu rokturis k\u0101 iztur\u012bbas garantija<br \/>\n&#8211; skaists rot\u0101jums priek\u0161pus\u0113, kas nor\u0101da uz fran\u010du stilu.<br \/>\n&#8211; vienk\u0101r\u0161a mont\u0101\u017ea ar skr\u016bvi un uzgriezni<\/p>\n<hr>\n<p>M\u0113be\u013cu rokturi ir b\u016btisks katra kumodes, skapja vai skapja apdares elements. Tie\u0161i \u0161ie \u0161\u0137ietami mazie s\u012bkumi \u013cauj viegli atv\u0113rt skapjus un atvilktnes. Tie b\u016bs jebkuras m\u0113beles apdares elements.<\/p>\n<p>Kumode bez rakstura &#8211; k\u0101 to main\u012bt? Vismaz\u0101k invaz\u012bvais risin\u0101jums ir&#8230; rokturu mai\u0146a. Keramikas poga balt\u0101 un meln\u0101 kr\u0101s\u0101 ir ide\u0101li piem\u0113rota fran\u010du budu\u0101ra un Provansas virtuves stila gu\u013camistab\u0101m. Skaistie un smalkie rot\u0101jumi uz pogas priek\u0161puses main\u012bs jebkuras telpas atmosf\u0113ru. Pied\u0101v\u0101tais rokturis ir izgatavots no keramikas un ner\u016bs\u0113jo\u0161\u0101 t\u0113rauda elementiem. Uzst\u0101d\u012b\u0161ana ar 4 mm skr\u016bvi un uzgriezni.<\/p>\n<\/div>\n","protected":false},"excerpt":{"rendered":"<p>Modelis 01.086F. PA.38 EAN. 5905369917066 Materi\u0101ls Keramika, t\u0113rauds Kop\u0113jais diametrs (cm ) 3,8 Kop\u0113j\u0101 projekcija (cm ) 2,7 Mont\u0101\u017eas skr\u016bves<\/p>\n","protected":false},"featured_media":101437,"comment_status":"open","ping_status":"closed","template":"","meta":{"_acf_changed":false,"pmpro_default_level":""},"product_brand":[],"product_cat":[23864,23837,23875],"product_tag":[],"class_list":{"0":"post-138430","1":"product","2":"type-product","3":"status-publish","4":"has-post-thumbnail","6":"product_cat-baldu-rankeneles-lv","7":"product_cat-mebeles-piederumi","8":"product_cat-rankeneles-lv","9":"pmpro-has-access","11":"first","12":"instock","13":"shipping-taxable","14":"purchasable","15":"product-type-simple"},"acf":[],"yoast_head":"<!-- This site is optimized with the Yoast SEO plugin v24.9 - https:\/\/yoast.com\/wordpress\/plugins\/seo\/ -->\n<title>Keramiskais m\u0113be\u013cu rokturis PARIS WHITE - MetalTale.com<\/title>\n<meta name=\"robots\" content=\"index, follow, max-snippet:-1, max-image-preview:large, max-video-preview:-1\" \/>\n<link rel=\"canonical\" href=\"https:\/\/metaltale.com\/lv\/produkts\/keramiskais-mebelu-rokturis-paris-white\/\" \/>\n<meta property=\"og:locale\" content=\"lv_LV\" \/>\n<meta property=\"og:type\" content=\"article\" \/>\n<meta property=\"og:title\" content=\"Keramiskais m\u0113be\u013cu rokturis PARIS WHITE - MetalTale.com\" \/>\n<meta property=\"og:description\" content=\"Modelis 01.086F. PA.38 EAN. 5905369917066 Materi\u0101ls Keramika, t\u0113rauds Kop\u0113jais diametrs (cm ) 3,8 Kop\u0113j\u0101 projekcija (cm ) 2,7 Mont\u0101\u017eas skr\u016bves\" \/>\n<meta property=\"og:url\" content=\"https:\/\/metaltale.com\/lv\/produkts\/keramiskais-mebelu-rokturis-paris-white\/\" \/>\n<meta property=\"og:site_name\" content=\"MetalTale.com\" \/>\n<meta name=\"twitter:card\" content=\"summary_large_image\" \/>\n<meta name=\"twitter:label1\" content=\"Est. reading time\" \/>\n\t<meta name=\"twitter:data1\" content=\"1 minute\" \/>\n<script type=\"application\/ld+json\" class=\"yoast-schema-graph\">{\"@context\":\"https:\/\/schema.org\",\"@graph\":[{\"@type\":\"WebPage\",\"@id\":\"https:\/\/metaltale.com\/lv\/produkts\/keramiskais-mebelu-rokturis-paris-white\/\",\"url\":\"https:\/\/metaltale.com\/lv\/produkts\/keramiskais-mebelu-rokturis-paris-white\/\",\"name\":\"Keramiskais m\u0113be\u013cu rokturis PARIS WHITE - MetalTale.com\",\"isPartOf\":{\"@id\":\"https:\/\/metaltale.com\/lv\/#website\"},\"primaryImageOfPage\":{\"@id\":\"https:\/\/metaltale.com\/lv\/produkts\/keramiskais-mebelu-rokturis-paris-white\/#primaryimage\"},\"image\":{\"@id\":\"https:\/\/metaltale.com\/lv\/produkts\/keramiskais-mebelu-rokturis-paris-white\/#primaryimage\"},\"thumbnailUrl\":\"https:\/\/metaltale.com\/wp-content\/uploads\/2023\/11\/Baldx173-rankenx117lx117-PARIS-WHITE.jpg\",\"datePublished\":\"2024-02-13T12:07:41+00:00\",\"breadcrumb\":{\"@id\":\"https:\/\/metaltale.com\/lv\/produkts\/keramiskais-mebelu-rokturis-paris-white\/#breadcrumb\"},\"inLanguage\":\"lv-LV\",\"potentialAction\":[{\"@type\":\"ReadAction\",\"target\":[\"https:\/\/metaltale.com\/lv\/produkts\/keramiskais-mebelu-rokturis-paris-white\/\"]}]},{\"@type\":\"ImageObject\",\"inLanguage\":\"lv-LV\",\"@id\":\"https:\/\/metaltale.com\/lv\/produkts\/keramiskais-mebelu-rokturis-paris-white\/#primaryimage\",\"url\":\"https:\/\/metaltale.com\/wp-content\/uploads\/2023\/11\/Baldx173-rankenx117lx117-PARIS-WHITE.jpg\",\"contentUrl\":\"https:\/\/metaltale.com\/wp-content\/uploads\/2023\/11\/Baldx173-rankenx117lx117-PARIS-WHITE.jpg\",\"width\":800,\"height\":800,\"caption\":\"Keramiskais m\u0113be\u013cu rokturis PARIS WHITE\"},{\"@type\":\"BreadcrumbList\",\"@id\":\"https:\/\/metaltale.com\/lv\/produkts\/keramiskais-mebelu-rokturis-paris-white\/#breadcrumb\",\"itemListElement\":[{\"@type\":\"ListItem\",\"position\":1,\"name\":\"Home\",\"item\":\"https:\/\/metaltale.com\/lv\/majas\/\"},{\"@type\":\"ListItem\",\"position\":2,\"name\":\"Veikals\",\"item\":\"https:\/\/metaltale.com\/lv\/shop\/\"},{\"@type\":\"ListItem\",\"position\":3,\"name\":\"Keramiskais m\u0113be\u013cu rokturis PARIS WHITE\"}]},{\"@type\":\"WebSite\",\"@id\":\"https:\/\/metaltale.com\/lv\/#website\",\"url\":\"https:\/\/metaltale.com\/lv\/\",\"name\":\"Metaltale.com\",\"description\":\"\",\"potentialAction\":[{\"@type\":\"SearchAction\",\"target\":{\"@type\":\"EntryPoint\",\"urlTemplate\":\"https:\/\/metaltale.com\/lv\/?s={search_term_string}\"},\"query-input\":{\"@type\":\"PropertyValueSpecification\",\"valueRequired\":true,\"valueName\":\"search_term_string\"}}],\"inLanguage\":\"lv-LV\"}]}<\/script>\n<!-- \/ Yoast SEO plugin. -->","yoast_head_json":{"title":"Keramiskais m\u0113be\u013cu rokturis PARIS WHITE - MetalTale.com","robots":{"index":"index","follow":"follow","max-snippet":"max-snippet:-1","max-image-preview":"max-image-preview:large","max-video-preview":"max-video-preview:-1"},"canonical":"https:\/\/metaltale.com\/lv\/produkts\/keramiskais-mebelu-rokturis-paris-white\/","og_locale":"lv_LV","og_type":"article","og_title":"Keramiskais m\u0113be\u013cu rokturis PARIS WHITE - MetalTale.com","og_description":"Modelis 01.086F. PA.38 EAN. 5905369917066 Materi\u0101ls Keramika, t\u0113rauds Kop\u0113jais diametrs (cm ) 3,8 Kop\u0113j\u0101 projekcija (cm ) 2,7 Mont\u0101\u017eas skr\u016bves","og_url":"https:\/\/metaltale.com\/lv\/produkts\/keramiskais-mebelu-rokturis-paris-white\/","og_site_name":"MetalTale.com","twitter_card":"summary_large_image","twitter_misc":{"Est. reading time":"1 minute"},"schema":{"@context":"https:\/\/schema.org","@graph":[{"@type":"WebPage","@id":"https:\/\/metaltale.com\/lv\/produkts\/keramiskais-mebelu-rokturis-paris-white\/","url":"https:\/\/metaltale.com\/lv\/produkts\/keramiskais-mebelu-rokturis-paris-white\/","name":"Keramiskais m\u0113be\u013cu rokturis PARIS WHITE - MetalTale.com","isPartOf":{"@id":"https:\/\/metaltale.com\/lv\/#website"},"primaryImageOfPage":{"@id":"https:\/\/metaltale.com\/lv\/produkts\/keramiskais-mebelu-rokturis-paris-white\/#primaryimage"},"image":{"@id":"https:\/\/metaltale.com\/lv\/produkts\/keramiskais-mebelu-rokturis-paris-white\/#primaryimage"},"thumbnailUrl":"https:\/\/metaltale.com\/wp-content\/uploads\/2023\/11\/Baldx173-rankenx117lx117-PARIS-WHITE.jpg","datePublished":"2024-02-13T12:07:41+00:00","breadcrumb":{"@id":"https:\/\/metaltale.com\/lv\/produkts\/keramiskais-mebelu-rokturis-paris-white\/#breadcrumb"},"inLanguage":"lv-LV","potentialAction":[{"@type":"ReadAction","target":["https:\/\/metaltale.com\/lv\/produkts\/keramiskais-mebelu-rokturis-paris-white\/"]}]},{"@type":"ImageObject","inLanguage":"lv-LV","@id":"https:\/\/metaltale.com\/lv\/produkts\/keramiskais-mebelu-rokturis-paris-white\/#primaryimage","url":"https:\/\/metaltale.com\/wp-content\/uploads\/2023\/11\/Baldx173-rankenx117lx117-PARIS-WHITE.jpg","contentUrl":"https:\/\/metaltale.com\/wp-content\/uploads\/2023\/11\/Baldx173-rankenx117lx117-PARIS-WHITE.jpg","width":800,"height":800,"caption":"Keramiskais m\u0113be\u013cu rokturis PARIS WHITE"},{"@type":"BreadcrumbList","@id":"https:\/\/metaltale.com\/lv\/produkts\/keramiskais-mebelu-rokturis-paris-white\/#breadcrumb","itemListElement":[{"@type":"ListItem","position":1,"name":"Home","item":"https:\/\/metaltale.com\/lv\/majas\/"},{"@type":"ListItem","position":2,"name":"Veikals","item":"https:\/\/metaltale.com\/lv\/shop\/"},{"@type":"ListItem","position":3,"name":"Keramiskais m\u0113be\u013cu rokturis PARIS WHITE"}]},{"@type":"WebSite","@id":"https:\/\/metaltale.com\/lv\/#website","url":"https:\/\/metaltale.com\/lv\/","name":"Metaltale.com","description":"","potentialAction":[{"@type":"SearchAction","target":{"@type":"EntryPoint","urlTemplate":"https:\/\/metaltale.com\/lv\/?s={search_term_string}"},"query-input":{"@type":"PropertyValueSpecification","valueRequired":true,"valueName":"search_term_string"}}],"inLanguage":"lv-LV"}]}},"_links":{"self":[{"href":"https:\/\/metaltale.com\/lv\/wp-json\/wp\/v2\/product\/138430","targetHints":{"allow":["GET"]}}],"collection":[{"href":"https:\/\/metaltale.com\/lv\/wp-json\/wp\/v2\/product"}],"about":[{"href":"https:\/\/metaltale.com\/lv\/wp-json\/wp\/v2\/types\/product"}],"replies":[{"embeddable":true,"href":"https:\/\/metaltale.com\/lv\/wp-json\/wp\/v2\/comments?post=138430"}],"version-history":[{"count":0,"href":"https:\/\/metaltale.com\/lv\/wp-json\/wp\/v2\/product\/138430\/revisions"}],"wp:featuredmedia":[{"embeddable":true,"href":"https:\/\/metaltale.com\/lv\/wp-json\/wp\/v2\/media\/101437"}],"wp:attachment":[{"href":"https:\/\/metaltale.com\/lv\/wp-json\/wp\/v2\/media?parent=138430"}],"wp:term":[{"taxonomy":"product_brand","embeddable":true,"href":"https:\/\/metaltale.com\/lv\/wp-json\/wp\/v2\/product_brand?post=138430"},{"taxonomy":"product_cat","embeddable":true,"href":"https:\/\/metaltale.com\/lv\/wp-json\/wp\/v2\/product_cat?post=138430"},{"taxonomy":"product_tag","embeddable":true,"href":"https:\/\/metaltale.com\/lv\/wp-json\/wp\/v2\/product_tag?post=138430"}],"curies":[{"name":"wp","href":"https:\/\/api.w.org\/{rel}","templated":true}]}}