{"id":138423,"date":"2024-02-13T14:07:41","date_gmt":"2024-02-13T12:07:41","guid":{"rendered":"https:\/\/metaltale.com\/produktas\/mebelu-poga-rustic-ar-dekorativu-pokastu\/"},"modified":"2025-02-23T11:39:46","modified_gmt":"2025-02-23T09:39:46","slug":"mebelu-poga-rustic-ar-dekorativu-pokastu","status":"publish","type":"product","link":"https:\/\/metaltale.com\/lv\/produkts\/mebelu-poga-rustic-ar-dekorativu-pokastu\/","title":{"rendered":"M\u0113be\u013cu poga RUSTIC AR DEKORAT\u012aVU POKASTU"},"content":{"rendered":"<div class=\"prod_data\">\n<p><strong>Modelis<\/strong> 25999.11500.27<br \/>\n<strong>EAN.<\/strong>  5905369916274<br \/>\n<strong>Materi\u0101ls<\/strong> T\u0113rauds<br \/>\n<strong>Kop\u0113jais augstums (cm<\/strong> ) 2,8<br \/>\n<strong>Kop\u0113jais diametrs (cm<\/strong> ) 3<br \/>\n<strong>Pamatnes izm\u0113ri (cm)<\/strong> 3,5 x 11,5<br \/>\n<strong>Mont\u0101\u017eas skr\u016bves<\/strong> Skr\u016bve<br \/>\nBr\u016bna kr\u0101sa<br \/>\nApdare sl\u012bp\u0113ts ar smilt\u012bm<\/p>\n<p>&#8211; rokturis ir izgatavots no augst\u0101k\u0101s kvalit\u0101tes t\u0113rauda, kas garant\u0113 izstr\u0101d\u0101juma iztur\u012bbu.<br \/>\n&#8211; Rokturis ar klasisku formu, kas palielina lieto\u0161anas \u0113rtumu<br \/>\n&#8211; dekorat\u012bv\u0101s izk\u0101rtnes uzlabo produkta vizu\u0101l\u0101s \u012bpa\u0161\u012bbas.<br \/>\n&#8211; vienk\u0101r\u0161a mont\u0101\u017ea ir iesp\u0113jama, pateicoties izstr\u0101d\u0101jumam pievienotajai skr\u016bvei.<\/p>\n<hr>\n<p>Rustik\u0101lo m\u0113be\u013cu rokturi ir lielisks piem\u0113rs noder\u012bgam retro m\u0113be\u013cu aksesu\u0101ram, kas iev\u0113rojami uzlabo telpas vizu\u0101lo izj\u016btu, vienlaikus saglab\u0101jot piln\u012bb\u0101 izmantojamu funkciju. \u0160\u0137iet, ka maz\u0101m un neliel\u0101m form\u0101m ir liela ietekme uz interjera galarezult\u0101tu. Pieg\u0101d\u0101tais m\u0113be\u013cu rokturis bija izgatavots no augst\u0101k\u0101s kvalit\u0101tes t\u0113rauda, impregn\u0113ts un iztur\u0113ts. Tas ir stiliz\u0113ts k\u0101 \u013coti vecs &#8211; tam ir r\u016bsas efekts. Elegant\u0101 izk\u0101rtne ir t\u0101s papildu praktiska priek\u0161roc\u012bba.<\/p>\n<p>Komplekt\u0101 iek\u013cauts skr\u016bvju stiprin\u0101jums.<\/p>\n<\/div>\n","protected":false},"excerpt":{"rendered":"<p>Modelis 25999.11500.27 EAN. 5905369916274 Materi\u0101ls T\u0113rauds Kop\u0113jais augstums (cm ) 2,8 Kop\u0113jais diametrs (cm ) 3 Pamatnes izm\u0113ri (cm) 3,5<\/p>\n","protected":false},"featured_media":86143,"comment_status":"open","ping_status":"closed","template":"","meta":{"_acf_changed":false,"pmpro_default_level":""},"product_brand":[],"product_cat":[23864,23837,23875],"product_tag":[],"class_list":{"0":"post-138423","1":"product","2":"type-product","3":"status-publish","4":"has-post-thumbnail","6":"product_cat-baldu-rankeneles-lv","7":"product_cat-mebeles-piederumi","8":"product_cat-rankeneles-lv","9":"pmpro-has-access","11":"first","12":"instock","13":"shipping-taxable","14":"purchasable","15":"product-type-simple"},"acf":[],"yoast_head":"<!-- This site is optimized with the Yoast SEO plugin v24.9 - https:\/\/yoast.com\/wordpress\/plugins\/seo\/ -->\n<title>M\u0113be\u013cu poga RUSTIC AR DEKORAT\u012aVU POKASTU - MetalTale.com<\/title>\n<meta name=\"robots\" content=\"index, follow, max-snippet:-1, max-image-preview:large, max-video-preview:-1\" \/>\n<link rel=\"canonical\" href=\"https:\/\/metaltale.com\/lv\/produkts\/mebelu-poga-rustic-ar-dekorativu-pokastu\/\" \/>\n<meta property=\"og:locale\" content=\"lv_LV\" \/>\n<meta property=\"og:type\" content=\"article\" \/>\n<meta property=\"og:title\" content=\"M\u0113be\u013cu poga RUSTIC AR DEKORAT\u012aVU POKASTU - MetalTale.com\" \/>\n<meta property=\"og:description\" content=\"Modelis 25999.11500.27 EAN. 5905369916274 Materi\u0101ls T\u0113rauds Kop\u0113jais augstums (cm ) 2,8 Kop\u0113jais diametrs (cm ) 3 Pamatnes izm\u0113ri (cm) 3,5\" \/>\n<meta property=\"og:url\" content=\"https:\/\/metaltale.com\/lv\/produkts\/mebelu-poga-rustic-ar-dekorativu-pokastu\/\" \/>\n<meta property=\"og:site_name\" content=\"MetalTale.com\" \/>\n<meta property=\"article:modified_time\" content=\"2025-02-23T09:39:46+00:00\" \/>\n<meta name=\"twitter:card\" content=\"summary_large_image\" \/>\n<meta name=\"twitter:label1\" content=\"Est. reading time\" \/>\n\t<meta name=\"twitter:data1\" content=\"1 minute\" \/>\n<script type=\"application\/ld+json\" class=\"yoast-schema-graph\">{\"@context\":\"https:\/\/schema.org\",\"@graph\":[{\"@type\":\"WebPage\",\"@id\":\"https:\/\/metaltale.com\/lv\/produkts\/mebelu-poga-rustic-ar-dekorativu-pokastu\/\",\"url\":\"https:\/\/metaltale.com\/lv\/produkts\/mebelu-poga-rustic-ar-dekorativu-pokastu\/\",\"name\":\"M\u0113be\u013cu poga RUSTIC AR DEKORAT\u012aVU POKASTU - MetalTale.com\",\"isPartOf\":{\"@id\":\"https:\/\/metaltale.com\/lv\/#website\"},\"primaryImageOfPage\":{\"@id\":\"https:\/\/metaltale.com\/lv\/produkts\/mebelu-poga-rustic-ar-dekorativu-pokastu\/#primaryimage\"},\"image\":{\"@id\":\"https:\/\/metaltale.com\/lv\/produkts\/mebelu-poga-rustic-ar-dekorativu-pokastu\/#primaryimage\"},\"thumbnailUrl\":\"https:\/\/metaltale.com\/wp-content\/uploads\/2023\/10\/Baldx173-rankenx117lx117-RUSTIC-SU-DEKORATYVINE-Ix160KABA.jpg\",\"datePublished\":\"2024-02-13T12:07:41+00:00\",\"dateModified\":\"2025-02-23T09:39:46+00:00\",\"breadcrumb\":{\"@id\":\"https:\/\/metaltale.com\/lv\/produkts\/mebelu-poga-rustic-ar-dekorativu-pokastu\/#breadcrumb\"},\"inLanguage\":\"lv-LV\",\"potentialAction\":[{\"@type\":\"ReadAction\",\"target\":[\"https:\/\/metaltale.com\/lv\/produkts\/mebelu-poga-rustic-ar-dekorativu-pokastu\/\"]}]},{\"@type\":\"ImageObject\",\"inLanguage\":\"lv-LV\",\"@id\":\"https:\/\/metaltale.com\/lv\/produkts\/mebelu-poga-rustic-ar-dekorativu-pokastu\/#primaryimage\",\"url\":\"https:\/\/metaltale.com\/wp-content\/uploads\/2023\/10\/Baldx173-rankenx117lx117-RUSTIC-SU-DEKORATYVINE-Ix160KABA.jpg\",\"contentUrl\":\"https:\/\/metaltale.com\/wp-content\/uploads\/2023\/10\/Baldx173-rankenx117lx117-RUSTIC-SU-DEKORATYVINE-Ix160KABA.jpg\",\"width\":800,\"height\":800,\"caption\":\"M\u0113be\u013cu poga RUSTIC AR DEKORAT\u012aVU POKASTU\"},{\"@type\":\"BreadcrumbList\",\"@id\":\"https:\/\/metaltale.com\/lv\/produkts\/mebelu-poga-rustic-ar-dekorativu-pokastu\/#breadcrumb\",\"itemListElement\":[{\"@type\":\"ListItem\",\"position\":1,\"name\":\"Home\",\"item\":\"https:\/\/metaltale.com\/lv\/majas\/\"},{\"@type\":\"ListItem\",\"position\":2,\"name\":\"Veikals\",\"item\":\"https:\/\/metaltale.com\/lv\/shop\/\"},{\"@type\":\"ListItem\",\"position\":3,\"name\":\"M\u0113be\u013cu poga RUSTIC AR DEKORAT\u012aVU POKASTU\"}]},{\"@type\":\"WebSite\",\"@id\":\"https:\/\/metaltale.com\/lv\/#website\",\"url\":\"https:\/\/metaltale.com\/lv\/\",\"name\":\"Metaltale.com\",\"description\":\"\",\"potentialAction\":[{\"@type\":\"SearchAction\",\"target\":{\"@type\":\"EntryPoint\",\"urlTemplate\":\"https:\/\/metaltale.com\/lv\/?s={search_term_string}\"},\"query-input\":{\"@type\":\"PropertyValueSpecification\",\"valueRequired\":true,\"valueName\":\"search_term_string\"}}],\"inLanguage\":\"lv-LV\"}]}<\/script>\n<!-- \/ Yoast SEO plugin. -->","yoast_head_json":{"title":"M\u0113be\u013cu poga RUSTIC AR DEKORAT\u012aVU POKASTU - MetalTale.com","robots":{"index":"index","follow":"follow","max-snippet":"max-snippet:-1","max-image-preview":"max-image-preview:large","max-video-preview":"max-video-preview:-1"},"canonical":"https:\/\/metaltale.com\/lv\/produkts\/mebelu-poga-rustic-ar-dekorativu-pokastu\/","og_locale":"lv_LV","og_type":"article","og_title":"M\u0113be\u013cu poga RUSTIC AR DEKORAT\u012aVU POKASTU - MetalTale.com","og_description":"Modelis 25999.11500.27 EAN. 5905369916274 Materi\u0101ls T\u0113rauds Kop\u0113jais augstums (cm ) 2,8 Kop\u0113jais diametrs (cm ) 3 Pamatnes izm\u0113ri (cm) 3,5","og_url":"https:\/\/metaltale.com\/lv\/produkts\/mebelu-poga-rustic-ar-dekorativu-pokastu\/","og_site_name":"MetalTale.com","article_modified_time":"2025-02-23T09:39:46+00:00","twitter_card":"summary_large_image","twitter_misc":{"Est. reading time":"1 minute"},"schema":{"@context":"https:\/\/schema.org","@graph":[{"@type":"WebPage","@id":"https:\/\/metaltale.com\/lv\/produkts\/mebelu-poga-rustic-ar-dekorativu-pokastu\/","url":"https:\/\/metaltale.com\/lv\/produkts\/mebelu-poga-rustic-ar-dekorativu-pokastu\/","name":"M\u0113be\u013cu poga RUSTIC AR DEKORAT\u012aVU POKASTU - MetalTale.com","isPartOf":{"@id":"https:\/\/metaltale.com\/lv\/#website"},"primaryImageOfPage":{"@id":"https:\/\/metaltale.com\/lv\/produkts\/mebelu-poga-rustic-ar-dekorativu-pokastu\/#primaryimage"},"image":{"@id":"https:\/\/metaltale.com\/lv\/produkts\/mebelu-poga-rustic-ar-dekorativu-pokastu\/#primaryimage"},"thumbnailUrl":"https:\/\/metaltale.com\/wp-content\/uploads\/2023\/10\/Baldx173-rankenx117lx117-RUSTIC-SU-DEKORATYVINE-Ix160KABA.jpg","datePublished":"2024-02-13T12:07:41+00:00","dateModified":"2025-02-23T09:39:46+00:00","breadcrumb":{"@id":"https:\/\/metaltale.com\/lv\/produkts\/mebelu-poga-rustic-ar-dekorativu-pokastu\/#breadcrumb"},"inLanguage":"lv-LV","potentialAction":[{"@type":"ReadAction","target":["https:\/\/metaltale.com\/lv\/produkts\/mebelu-poga-rustic-ar-dekorativu-pokastu\/"]}]},{"@type":"ImageObject","inLanguage":"lv-LV","@id":"https:\/\/metaltale.com\/lv\/produkts\/mebelu-poga-rustic-ar-dekorativu-pokastu\/#primaryimage","url":"https:\/\/metaltale.com\/wp-content\/uploads\/2023\/10\/Baldx173-rankenx117lx117-RUSTIC-SU-DEKORATYVINE-Ix160KABA.jpg","contentUrl":"https:\/\/metaltale.com\/wp-content\/uploads\/2023\/10\/Baldx173-rankenx117lx117-RUSTIC-SU-DEKORATYVINE-Ix160KABA.jpg","width":800,"height":800,"caption":"M\u0113be\u013cu poga RUSTIC AR DEKORAT\u012aVU POKASTU"},{"@type":"BreadcrumbList","@id":"https:\/\/metaltale.com\/lv\/produkts\/mebelu-poga-rustic-ar-dekorativu-pokastu\/#breadcrumb","itemListElement":[{"@type":"ListItem","position":1,"name":"Home","item":"https:\/\/metaltale.com\/lv\/majas\/"},{"@type":"ListItem","position":2,"name":"Veikals","item":"https:\/\/metaltale.com\/lv\/shop\/"},{"@type":"ListItem","position":3,"name":"M\u0113be\u013cu poga RUSTIC AR DEKORAT\u012aVU POKASTU"}]},{"@type":"WebSite","@id":"https:\/\/metaltale.com\/lv\/#website","url":"https:\/\/metaltale.com\/lv\/","name":"Metaltale.com","description":"","potentialAction":[{"@type":"SearchAction","target":{"@type":"EntryPoint","urlTemplate":"https:\/\/metaltale.com\/lv\/?s={search_term_string}"},"query-input":{"@type":"PropertyValueSpecification","valueRequired":true,"valueName":"search_term_string"}}],"inLanguage":"lv-LV"}]}},"_links":{"self":[{"href":"https:\/\/metaltale.com\/lv\/wp-json\/wp\/v2\/product\/138423","targetHints":{"allow":["GET"]}}],"collection":[{"href":"https:\/\/metaltale.com\/lv\/wp-json\/wp\/v2\/product"}],"about":[{"href":"https:\/\/metaltale.com\/lv\/wp-json\/wp\/v2\/types\/product"}],"replies":[{"embeddable":true,"href":"https:\/\/metaltale.com\/lv\/wp-json\/wp\/v2\/comments?post=138423"}],"version-history":[{"count":0,"href":"https:\/\/metaltale.com\/lv\/wp-json\/wp\/v2\/product\/138423\/revisions"}],"wp:featuredmedia":[{"embeddable":true,"href":"https:\/\/metaltale.com\/lv\/wp-json\/wp\/v2\/media\/86143"}],"wp:attachment":[{"href":"https:\/\/metaltale.com\/lv\/wp-json\/wp\/v2\/media?parent=138423"}],"wp:term":[{"taxonomy":"product_brand","embeddable":true,"href":"https:\/\/metaltale.com\/lv\/wp-json\/wp\/v2\/product_brand?post=138423"},{"taxonomy":"product_cat","embeddable":true,"href":"https:\/\/metaltale.com\/lv\/wp-json\/wp\/v2\/product_cat?post=138423"},{"taxonomy":"product_tag","embeddable":true,"href":"https:\/\/metaltale.com\/lv\/wp-json\/wp\/v2\/product_tag?post=138423"}],"curies":[{"name":"wp","href":"https:\/\/api.w.org\/{rel}","templated":true}]}}