{"id":138420,"date":"2024-02-13T14:07:41","date_gmt":"2024-02-13T12:07:41","guid":{"rendered":"https:\/\/metaltale.com\/produktas\/keramiskais-rokturis-albany\/"},"modified":"2024-02-13T14:07:41","modified_gmt":"2024-02-13T12:07:41","slug":"keramiskais-rokturis-albany","status":"publish","type":"product","link":"https:\/\/metaltale.com\/lv\/produkts\/keramiskais-rokturis-albany\/","title":{"rendered":"Keramiskais rokturis ALBANY"},"content":{"rendered":"<div class=\"prod_data\">\n<p>49.086P <strong>modelis<\/strong>. AIC.35<br \/>\n<strong>EAN.<\/strong>  5905369916816<br \/>\n<strong>Materi\u0101ls<\/strong> Keramika, t\u0113rauds<br \/>\n<strong>Kop\u0113jais diametrs (cm<\/strong> ) 4<br \/>\n<strong>Kop\u0113j\u0101 projekcija (cm<\/strong> ) 4<br \/>\n<strong>Mont\u0101\u017eas skr\u016bves<\/strong> Skr\u016bve<br \/>\n<strong>Kr\u0101sa<\/strong> Daudzkr\u0101sains<br \/>\n<strong>Apdares<\/strong> vaska <strong>apdare<\/strong> <\/p>\n<p>&#8211; rokturis ir izgatavots no augst\u0101k\u0101s kvalit\u0101tes keramikas un t\u0113rauda, kas garant\u0113 iztur\u012bbu.<br \/>\n&#8211; rokturis, kas papildin\u0101ts ar roku apgleznojumu, lai pie\u0161\u0137irtu tam burv\u012bgu akcentu.<br \/>\n&#8211; vienk\u0101r\u0161a mont\u0101\u017ea \u013cauj mums pieskr\u016bv\u0113t uzgriezni, kas ir piestiprin\u0101ta pie izstr\u0101d\u0101juma.<\/p>\n<hr>\n<p>M\u0113be\u013cu rokturi ir b\u016btisks katra kumodes, skapja vai skapja apdares elements. Tie\u0161i \u0161ie \u0161\u0137ietami mazie s\u012bkumi \u013cauj viegli atv\u0113rt skapjus un atvilktnes. Tie b\u016bs jebkuras m\u0113beles apdares elements.<\/p>\n<p>Keramiska, ar rok\u0101m apgleznota m\u0113be\u013cu roktur\u012bte, kas ietur\u0113ta piesm\u012bv\u0101s kr\u0101s\u0101s, viegli p\u0101rv\u0113rt\u012bs jebkuru koku par retro d\u0101rgakmeni. Burv\u012bgo ziedu rakstu skaisti paspilgtina met\u0101la rozete \u0160is keramikas rokturis ir bag\u0101tin\u0101ts ar kr\u0101su akcentiem, bet ietur\u0113ts ekru un br\u016bn\u0101 ton\u012b, un tas atg\u0101dina j\u016bsu vecm\u0101mi\u0146as segas un tautas m\u0101kslu. Rokturis ir piestiprin\u0101ts m\u0113belei ar 4 mm diametra skr\u016bvi un uzgriezni. \u0160\u012b skr\u016bve ir da\u013ca no komplekta.<\/p>\n<\/div>\n","protected":false},"excerpt":{"rendered":"<p>49.086P modelis. AIC.35 EAN. 5905369916816 Materi\u0101ls Keramika, t\u0113rauds Kop\u0113jais diametrs (cm ) 4 Kop\u0113j\u0101 projekcija (cm ) 4 Mont\u0101\u017eas skr\u016bves<\/p>\n","protected":false},"featured_media":86071,"comment_status":"open","ping_status":"closed","template":"","meta":{"_acf_changed":false,"pmpro_default_level":""},"product_brand":[],"product_cat":[23864,23837,23875],"product_tag":[],"class_list":{"0":"post-138420","1":"product","2":"type-product","3":"status-publish","4":"has-post-thumbnail","6":"product_cat-baldu-rankeneles-lv","7":"product_cat-mebeles-piederumi","8":"product_cat-rankeneles-lv","9":"pmpro-has-access","11":"first","12":"instock","13":"shipping-taxable","14":"purchasable","15":"product-type-simple"},"acf":[],"yoast_head":"<!-- This site is optimized with the Yoast SEO plugin v24.9 - https:\/\/yoast.com\/wordpress\/plugins\/seo\/ -->\n<title>Keramiskais rokturis ALBANY - MetalTale.com<\/title>\n<meta name=\"robots\" content=\"index, follow, max-snippet:-1, max-image-preview:large, max-video-preview:-1\" \/>\n<link rel=\"canonical\" href=\"https:\/\/metaltale.com\/lv\/produkts\/keramiskais-rokturis-albany\/\" \/>\n<meta property=\"og:locale\" content=\"lv_LV\" \/>\n<meta property=\"og:type\" content=\"article\" \/>\n<meta property=\"og:title\" content=\"Keramiskais rokturis ALBANY - MetalTale.com\" \/>\n<meta property=\"og:description\" content=\"49.086P modelis. AIC.35 EAN. 5905369916816 Materi\u0101ls Keramika, t\u0113rauds Kop\u0113jais diametrs (cm ) 4 Kop\u0113j\u0101 projekcija (cm ) 4 Mont\u0101\u017eas skr\u016bves\" \/>\n<meta property=\"og:url\" content=\"https:\/\/metaltale.com\/lv\/produkts\/keramiskais-rokturis-albany\/\" \/>\n<meta property=\"og:site_name\" content=\"MetalTale.com\" \/>\n<meta name=\"twitter:card\" content=\"summary_large_image\" \/>\n<meta name=\"twitter:label1\" content=\"Est. reading time\" \/>\n\t<meta name=\"twitter:data1\" content=\"1 minute\" \/>\n<script type=\"application\/ld+json\" class=\"yoast-schema-graph\">{\"@context\":\"https:\/\/schema.org\",\"@graph\":[{\"@type\":\"WebPage\",\"@id\":\"https:\/\/metaltale.com\/lv\/produkts\/keramiskais-rokturis-albany\/\",\"url\":\"https:\/\/metaltale.com\/lv\/produkts\/keramiskais-rokturis-albany\/\",\"name\":\"Keramiskais rokturis ALBANY - MetalTale.com\",\"isPartOf\":{\"@id\":\"https:\/\/metaltale.com\/lv\/#website\"},\"primaryImageOfPage\":{\"@id\":\"https:\/\/metaltale.com\/lv\/produkts\/keramiskais-rokturis-albany\/#primaryimage\"},\"image\":{\"@id\":\"https:\/\/metaltale.com\/lv\/produkts\/keramiskais-rokturis-albany\/#primaryimage\"},\"thumbnailUrl\":\"https:\/\/metaltale.com\/wp-content\/uploads\/2023\/10\/ALBANY-keraminx117-rankenx117lx117.jpg\",\"datePublished\":\"2024-02-13T12:07:41+00:00\",\"breadcrumb\":{\"@id\":\"https:\/\/metaltale.com\/lv\/produkts\/keramiskais-rokturis-albany\/#breadcrumb\"},\"inLanguage\":\"lv-LV\",\"potentialAction\":[{\"@type\":\"ReadAction\",\"target\":[\"https:\/\/metaltale.com\/lv\/produkts\/keramiskais-rokturis-albany\/\"]}]},{\"@type\":\"ImageObject\",\"inLanguage\":\"lv-LV\",\"@id\":\"https:\/\/metaltale.com\/lv\/produkts\/keramiskais-rokturis-albany\/#primaryimage\",\"url\":\"https:\/\/metaltale.com\/wp-content\/uploads\/2023\/10\/ALBANY-keraminx117-rankenx117lx117.jpg\",\"contentUrl\":\"https:\/\/metaltale.com\/wp-content\/uploads\/2023\/10\/ALBANY-keraminx117-rankenx117lx117.jpg\",\"width\":800,\"height\":800,\"caption\":\"Keramiskais rokturis ALBANY\"},{\"@type\":\"BreadcrumbList\",\"@id\":\"https:\/\/metaltale.com\/lv\/produkts\/keramiskais-rokturis-albany\/#breadcrumb\",\"itemListElement\":[{\"@type\":\"ListItem\",\"position\":1,\"name\":\"Home\",\"item\":\"https:\/\/metaltale.com\/lv\/majas\/\"},{\"@type\":\"ListItem\",\"position\":2,\"name\":\"Veikals\",\"item\":\"https:\/\/metaltale.com\/lv\/shop\/\"},{\"@type\":\"ListItem\",\"position\":3,\"name\":\"Keramiskais rokturis ALBANY\"}]},{\"@type\":\"WebSite\",\"@id\":\"https:\/\/metaltale.com\/lv\/#website\",\"url\":\"https:\/\/metaltale.com\/lv\/\",\"name\":\"Metaltale.com\",\"description\":\"\",\"potentialAction\":[{\"@type\":\"SearchAction\",\"target\":{\"@type\":\"EntryPoint\",\"urlTemplate\":\"https:\/\/metaltale.com\/lv\/?s={search_term_string}\"},\"query-input\":{\"@type\":\"PropertyValueSpecification\",\"valueRequired\":true,\"valueName\":\"search_term_string\"}}],\"inLanguage\":\"lv-LV\"}]}<\/script>\n<!-- \/ Yoast SEO plugin. -->","yoast_head_json":{"title":"Keramiskais rokturis ALBANY - MetalTale.com","robots":{"index":"index","follow":"follow","max-snippet":"max-snippet:-1","max-image-preview":"max-image-preview:large","max-video-preview":"max-video-preview:-1"},"canonical":"https:\/\/metaltale.com\/lv\/produkts\/keramiskais-rokturis-albany\/","og_locale":"lv_LV","og_type":"article","og_title":"Keramiskais rokturis ALBANY - MetalTale.com","og_description":"49.086P modelis. AIC.35 EAN. 5905369916816 Materi\u0101ls Keramika, t\u0113rauds Kop\u0113jais diametrs (cm ) 4 Kop\u0113j\u0101 projekcija (cm ) 4 Mont\u0101\u017eas skr\u016bves","og_url":"https:\/\/metaltale.com\/lv\/produkts\/keramiskais-rokturis-albany\/","og_site_name":"MetalTale.com","twitter_card":"summary_large_image","twitter_misc":{"Est. reading time":"1 minute"},"schema":{"@context":"https:\/\/schema.org","@graph":[{"@type":"WebPage","@id":"https:\/\/metaltale.com\/lv\/produkts\/keramiskais-rokturis-albany\/","url":"https:\/\/metaltale.com\/lv\/produkts\/keramiskais-rokturis-albany\/","name":"Keramiskais rokturis ALBANY - MetalTale.com","isPartOf":{"@id":"https:\/\/metaltale.com\/lv\/#website"},"primaryImageOfPage":{"@id":"https:\/\/metaltale.com\/lv\/produkts\/keramiskais-rokturis-albany\/#primaryimage"},"image":{"@id":"https:\/\/metaltale.com\/lv\/produkts\/keramiskais-rokturis-albany\/#primaryimage"},"thumbnailUrl":"https:\/\/metaltale.com\/wp-content\/uploads\/2023\/10\/ALBANY-keraminx117-rankenx117lx117.jpg","datePublished":"2024-02-13T12:07:41+00:00","breadcrumb":{"@id":"https:\/\/metaltale.com\/lv\/produkts\/keramiskais-rokturis-albany\/#breadcrumb"},"inLanguage":"lv-LV","potentialAction":[{"@type":"ReadAction","target":["https:\/\/metaltale.com\/lv\/produkts\/keramiskais-rokturis-albany\/"]}]},{"@type":"ImageObject","inLanguage":"lv-LV","@id":"https:\/\/metaltale.com\/lv\/produkts\/keramiskais-rokturis-albany\/#primaryimage","url":"https:\/\/metaltale.com\/wp-content\/uploads\/2023\/10\/ALBANY-keraminx117-rankenx117lx117.jpg","contentUrl":"https:\/\/metaltale.com\/wp-content\/uploads\/2023\/10\/ALBANY-keraminx117-rankenx117lx117.jpg","width":800,"height":800,"caption":"Keramiskais rokturis ALBANY"},{"@type":"BreadcrumbList","@id":"https:\/\/metaltale.com\/lv\/produkts\/keramiskais-rokturis-albany\/#breadcrumb","itemListElement":[{"@type":"ListItem","position":1,"name":"Home","item":"https:\/\/metaltale.com\/lv\/majas\/"},{"@type":"ListItem","position":2,"name":"Veikals","item":"https:\/\/metaltale.com\/lv\/shop\/"},{"@type":"ListItem","position":3,"name":"Keramiskais rokturis ALBANY"}]},{"@type":"WebSite","@id":"https:\/\/metaltale.com\/lv\/#website","url":"https:\/\/metaltale.com\/lv\/","name":"Metaltale.com","description":"","potentialAction":[{"@type":"SearchAction","target":{"@type":"EntryPoint","urlTemplate":"https:\/\/metaltale.com\/lv\/?s={search_term_string}"},"query-input":{"@type":"PropertyValueSpecification","valueRequired":true,"valueName":"search_term_string"}}],"inLanguage":"lv-LV"}]}},"_links":{"self":[{"href":"https:\/\/metaltale.com\/lv\/wp-json\/wp\/v2\/product\/138420","targetHints":{"allow":["GET"]}}],"collection":[{"href":"https:\/\/metaltale.com\/lv\/wp-json\/wp\/v2\/product"}],"about":[{"href":"https:\/\/metaltale.com\/lv\/wp-json\/wp\/v2\/types\/product"}],"replies":[{"embeddable":true,"href":"https:\/\/metaltale.com\/lv\/wp-json\/wp\/v2\/comments?post=138420"}],"version-history":[{"count":0,"href":"https:\/\/metaltale.com\/lv\/wp-json\/wp\/v2\/product\/138420\/revisions"}],"wp:featuredmedia":[{"embeddable":true,"href":"https:\/\/metaltale.com\/lv\/wp-json\/wp\/v2\/media\/86071"}],"wp:attachment":[{"href":"https:\/\/metaltale.com\/lv\/wp-json\/wp\/v2\/media?parent=138420"}],"wp:term":[{"taxonomy":"product_brand","embeddable":true,"href":"https:\/\/metaltale.com\/lv\/wp-json\/wp\/v2\/product_brand?post=138420"},{"taxonomy":"product_cat","embeddable":true,"href":"https:\/\/metaltale.com\/lv\/wp-json\/wp\/v2\/product_cat?post=138420"},{"taxonomy":"product_tag","embeddable":true,"href":"https:\/\/metaltale.com\/lv\/wp-json\/wp\/v2\/product_tag?post=138420"}],"curies":[{"name":"wp","href":"https:\/\/api.w.org\/{rel}","templated":true}]}}