{"id":138395,"date":"2024-02-13T14:11:05","date_gmt":"2024-02-13T12:11:05","guid":{"rendered":"https:\/\/metaltale.com\/produktas\/durvju-sledzene-oval-175-mm\/"},"modified":"2024-02-13T14:11:05","modified_gmt":"2024-02-13T12:11:05","slug":"durvju-sledzene-oval-175-mm","status":"publish","type":"product","link":"https:\/\/metaltale.com\/lv\/produkts\/durvju-sledzene-oval-175-mm\/","title":{"rendered":"Durvju sl\u0113dzene OVAL 175 mm"},"content":{"rendered":"<div class=\"prod_data\">\n<p><strong>Modelis<\/strong> 49.340.AI.175<br \/>\n<strong>EAN.<\/strong>  5905369918667<br \/>\n<strong>Materi\u0101ls<\/strong> T\u0113rauds<br \/>\n<strong>Kop\u0113jais augstums (cm<\/strong> ) 4,5<br \/>\nKop\u0113jais platums (cm ) 18<br \/>\n<strong>Kop\u0113j\u0101 projekcija (cm<\/strong> ) 3,5<br \/>\nT\u0113rauda <strong>kr\u0101sa<\/strong> <\/p>\n<hr>\n<p><span style=\"font-size: medium;\">Rustik\u0101lais interjers ir bag\u0101ts ar form\u0101m un aksesu\u0101riem. Viens no izplat\u012bt\u0101kajiem m\u0113be\u013cu piederumiem ir <strong>skavas kast\u0113m un koferiem<\/strong>, ko var veiksm\u012bgi izmantot ar\u012b durvju un skap\u012b\u0161u aizv\u0113r\u0161anai. Par\u0101d\u012bt\u0101 ov\u0101l\u0101 spr\u0101dze ir izgatavota no augstas kvalit\u0101tes pres\u0113ta t\u0113rauda. Atrodas uz div\u0101m plakan\u0101m k\u0101j\u0101m, kas \u013cauj \u0101tri un viegli uzst\u0101d\u012bt uz j\u016bsu izv\u0113l\u0113t\u0101s virsmas. Pateicoties t\u0101s klasiskajam dizainam, t\u0101 pied\u0101v\u0101 pla\u0161as izmanto\u0161anas iesp\u0113jas da\u017e\u0101da veida telp\u0101s.<\/span><\/p>\n<hr>\n<\/div>\n","protected":false},"excerpt":{"rendered":"<p>Modelis 49.340.AI.175 EAN. 5905369918667 Materi\u0101ls T\u0113rauds Kop\u0113jais augstums (cm ) 4,5 Kop\u0113jais platums (cm ) 18 Kop\u0113j\u0101 projekcija (cm )<\/p>\n","protected":false},"featured_media":109719,"comment_status":"open","ping_status":"closed","template":"","meta":{"_acf_changed":false,"pmpro_default_level":""},"product_brand":[],"product_cat":[23837,23865],"product_tag":[],"class_list":{"0":"post-138395","1":"product","2":"type-product","3":"status-publish","4":"has-post-thumbnail","6":"product_cat-mebeles-piederumi","7":"product_cat-sklasciai-ir-kabliukai-lv","8":"pmpro-has-access","10":"first","11":"instock","12":"shipping-taxable","13":"purchasable","14":"product-type-simple"},"acf":[],"yoast_head":"<!-- This site is optimized with the Yoast SEO plugin v24.9 - https:\/\/yoast.com\/wordpress\/plugins\/seo\/ -->\n<title>Durvju sl\u0113dzene OVAL 175 mm - MetalTale.com<\/title>\n<meta name=\"robots\" content=\"index, follow, max-snippet:-1, max-image-preview:large, max-video-preview:-1\" \/>\n<link rel=\"canonical\" href=\"https:\/\/metaltale.com\/lv\/produkts\/durvju-sledzene-oval-175-mm\/\" \/>\n<meta property=\"og:locale\" content=\"lv_LV\" \/>\n<meta property=\"og:type\" content=\"article\" \/>\n<meta property=\"og:title\" content=\"Durvju sl\u0113dzene OVAL 175 mm - MetalTale.com\" \/>\n<meta property=\"og:description\" content=\"Modelis 49.340.AI.175 EAN. 5905369918667 Materi\u0101ls T\u0113rauds Kop\u0113jais augstums (cm ) 4,5 Kop\u0113jais platums (cm ) 18 Kop\u0113j\u0101 projekcija (cm )\" \/>\n<meta property=\"og:url\" content=\"https:\/\/metaltale.com\/lv\/produkts\/durvju-sledzene-oval-175-mm\/\" \/>\n<meta property=\"og:site_name\" content=\"MetalTale.com\" \/>\n<meta name=\"twitter:card\" content=\"summary_large_image\" \/>\n<meta name=\"twitter:label1\" content=\"Est. reading time\" \/>\n\t<meta name=\"twitter:data1\" content=\"1 minute\" \/>\n<script type=\"application\/ld+json\" class=\"yoast-schema-graph\">{\"@context\":\"https:\/\/schema.org\",\"@graph\":[{\"@type\":\"WebPage\",\"@id\":\"https:\/\/metaltale.com\/lv\/produkts\/durvju-sledzene-oval-175-mm\/\",\"url\":\"https:\/\/metaltale.com\/lv\/produkts\/durvju-sledzene-oval-175-mm\/\",\"name\":\"Durvju sl\u0113dzene OVAL 175 mm - MetalTale.com\",\"isPartOf\":{\"@id\":\"https:\/\/metaltale.com\/lv\/#website\"},\"primaryImageOfPage\":{\"@id\":\"https:\/\/metaltale.com\/lv\/produkts\/durvju-sledzene-oval-175-mm\/#primaryimage\"},\"image\":{\"@id\":\"https:\/\/metaltale.com\/lv\/produkts\/durvju-sledzene-oval-175-mm\/#primaryimage\"},\"thumbnailUrl\":\"https:\/\/metaltale.com\/wp-content\/uploads\/2023\/11\/Sagtis-su-OVAL-smaigaliu-175-Stalowa.jpg\",\"datePublished\":\"2024-02-13T12:11:05+00:00\",\"breadcrumb\":{\"@id\":\"https:\/\/metaltale.com\/lv\/produkts\/durvju-sledzene-oval-175-mm\/#breadcrumb\"},\"inLanguage\":\"lv-LV\",\"potentialAction\":[{\"@type\":\"ReadAction\",\"target\":[\"https:\/\/metaltale.com\/lv\/produkts\/durvju-sledzene-oval-175-mm\/\"]}]},{\"@type\":\"ImageObject\",\"inLanguage\":\"lv-LV\",\"@id\":\"https:\/\/metaltale.com\/lv\/produkts\/durvju-sledzene-oval-175-mm\/#primaryimage\",\"url\":\"https:\/\/metaltale.com\/wp-content\/uploads\/2023\/11\/Sagtis-su-OVAL-smaigaliu-175-Stalowa.jpg\",\"contentUrl\":\"https:\/\/metaltale.com\/wp-content\/uploads\/2023\/11\/Sagtis-su-OVAL-smaigaliu-175-Stalowa.jpg\",\"width\":800,\"height\":800,\"caption\":\"Durvju sl\u0113dzene OVAL 175 mm\"},{\"@type\":\"BreadcrumbList\",\"@id\":\"https:\/\/metaltale.com\/lv\/produkts\/durvju-sledzene-oval-175-mm\/#breadcrumb\",\"itemListElement\":[{\"@type\":\"ListItem\",\"position\":1,\"name\":\"Home\",\"item\":\"https:\/\/metaltale.com\/lv\/majas\/\"},{\"@type\":\"ListItem\",\"position\":2,\"name\":\"Veikals\",\"item\":\"https:\/\/metaltale.com\/lv\/shop\/\"},{\"@type\":\"ListItem\",\"position\":3,\"name\":\"Durvju sl\u0113dzene OVAL 175 mm\"}]},{\"@type\":\"WebSite\",\"@id\":\"https:\/\/metaltale.com\/lv\/#website\",\"url\":\"https:\/\/metaltale.com\/lv\/\",\"name\":\"Metaltale.com\",\"description\":\"\",\"potentialAction\":[{\"@type\":\"SearchAction\",\"target\":{\"@type\":\"EntryPoint\",\"urlTemplate\":\"https:\/\/metaltale.com\/lv\/?s={search_term_string}\"},\"query-input\":{\"@type\":\"PropertyValueSpecification\",\"valueRequired\":true,\"valueName\":\"search_term_string\"}}],\"inLanguage\":\"lv-LV\"}]}<\/script>\n<!-- \/ Yoast SEO plugin. -->","yoast_head_json":{"title":"Durvju sl\u0113dzene OVAL 175 mm - MetalTale.com","robots":{"index":"index","follow":"follow","max-snippet":"max-snippet:-1","max-image-preview":"max-image-preview:large","max-video-preview":"max-video-preview:-1"},"canonical":"https:\/\/metaltale.com\/lv\/produkts\/durvju-sledzene-oval-175-mm\/","og_locale":"lv_LV","og_type":"article","og_title":"Durvju sl\u0113dzene OVAL 175 mm - MetalTale.com","og_description":"Modelis 49.340.AI.175 EAN. 5905369918667 Materi\u0101ls T\u0113rauds Kop\u0113jais augstums (cm ) 4,5 Kop\u0113jais platums (cm ) 18 Kop\u0113j\u0101 projekcija (cm )","og_url":"https:\/\/metaltale.com\/lv\/produkts\/durvju-sledzene-oval-175-mm\/","og_site_name":"MetalTale.com","twitter_card":"summary_large_image","twitter_misc":{"Est. reading time":"1 minute"},"schema":{"@context":"https:\/\/schema.org","@graph":[{"@type":"WebPage","@id":"https:\/\/metaltale.com\/lv\/produkts\/durvju-sledzene-oval-175-mm\/","url":"https:\/\/metaltale.com\/lv\/produkts\/durvju-sledzene-oval-175-mm\/","name":"Durvju sl\u0113dzene OVAL 175 mm - MetalTale.com","isPartOf":{"@id":"https:\/\/metaltale.com\/lv\/#website"},"primaryImageOfPage":{"@id":"https:\/\/metaltale.com\/lv\/produkts\/durvju-sledzene-oval-175-mm\/#primaryimage"},"image":{"@id":"https:\/\/metaltale.com\/lv\/produkts\/durvju-sledzene-oval-175-mm\/#primaryimage"},"thumbnailUrl":"https:\/\/metaltale.com\/wp-content\/uploads\/2023\/11\/Sagtis-su-OVAL-smaigaliu-175-Stalowa.jpg","datePublished":"2024-02-13T12:11:05+00:00","breadcrumb":{"@id":"https:\/\/metaltale.com\/lv\/produkts\/durvju-sledzene-oval-175-mm\/#breadcrumb"},"inLanguage":"lv-LV","potentialAction":[{"@type":"ReadAction","target":["https:\/\/metaltale.com\/lv\/produkts\/durvju-sledzene-oval-175-mm\/"]}]},{"@type":"ImageObject","inLanguage":"lv-LV","@id":"https:\/\/metaltale.com\/lv\/produkts\/durvju-sledzene-oval-175-mm\/#primaryimage","url":"https:\/\/metaltale.com\/wp-content\/uploads\/2023\/11\/Sagtis-su-OVAL-smaigaliu-175-Stalowa.jpg","contentUrl":"https:\/\/metaltale.com\/wp-content\/uploads\/2023\/11\/Sagtis-su-OVAL-smaigaliu-175-Stalowa.jpg","width":800,"height":800,"caption":"Durvju sl\u0113dzene OVAL 175 mm"},{"@type":"BreadcrumbList","@id":"https:\/\/metaltale.com\/lv\/produkts\/durvju-sledzene-oval-175-mm\/#breadcrumb","itemListElement":[{"@type":"ListItem","position":1,"name":"Home","item":"https:\/\/metaltale.com\/lv\/majas\/"},{"@type":"ListItem","position":2,"name":"Veikals","item":"https:\/\/metaltale.com\/lv\/shop\/"},{"@type":"ListItem","position":3,"name":"Durvju sl\u0113dzene OVAL 175 mm"}]},{"@type":"WebSite","@id":"https:\/\/metaltale.com\/lv\/#website","url":"https:\/\/metaltale.com\/lv\/","name":"Metaltale.com","description":"","potentialAction":[{"@type":"SearchAction","target":{"@type":"EntryPoint","urlTemplate":"https:\/\/metaltale.com\/lv\/?s={search_term_string}"},"query-input":{"@type":"PropertyValueSpecification","valueRequired":true,"valueName":"search_term_string"}}],"inLanguage":"lv-LV"}]}},"_links":{"self":[{"href":"https:\/\/metaltale.com\/lv\/wp-json\/wp\/v2\/product\/138395","targetHints":{"allow":["GET"]}}],"collection":[{"href":"https:\/\/metaltale.com\/lv\/wp-json\/wp\/v2\/product"}],"about":[{"href":"https:\/\/metaltale.com\/lv\/wp-json\/wp\/v2\/types\/product"}],"replies":[{"embeddable":true,"href":"https:\/\/metaltale.com\/lv\/wp-json\/wp\/v2\/comments?post=138395"}],"version-history":[{"count":0,"href":"https:\/\/metaltale.com\/lv\/wp-json\/wp\/v2\/product\/138395\/revisions"}],"wp:featuredmedia":[{"embeddable":true,"href":"https:\/\/metaltale.com\/lv\/wp-json\/wp\/v2\/media\/109719"}],"wp:attachment":[{"href":"https:\/\/metaltale.com\/lv\/wp-json\/wp\/v2\/media?parent=138395"}],"wp:term":[{"taxonomy":"product_brand","embeddable":true,"href":"https:\/\/metaltale.com\/lv\/wp-json\/wp\/v2\/product_brand?post=138395"},{"taxonomy":"product_cat","embeddable":true,"href":"https:\/\/metaltale.com\/lv\/wp-json\/wp\/v2\/product_cat?post=138395"},{"taxonomy":"product_tag","embeddable":true,"href":"https:\/\/metaltale.com\/lv\/wp-json\/wp\/v2\/product_tag?post=138395"}],"curies":[{"name":"wp","href":"https:\/\/api.w.org\/{rel}","templated":true}]}}