{"id":138385,"date":"2024-02-13T14:11:05","date_gmt":"2024-02-13T12:11:05","guid":{"rendered":"https:\/\/metaltale.com\/produktas\/arrowhead-130-mm-sarusejusi-durvju-spradze\/"},"modified":"2024-02-13T14:11:05","modified_gmt":"2024-02-13T12:11:05","slug":"arrowhead-130-mm-sarusejusi-durvju-spradze","status":"publish","type":"product","link":"https:\/\/metaltale.com\/lv\/produkts\/arrowhead-130-mm-sarusejusi-durvju-spradze\/","title":{"rendered":"ARROWHEAD 130 mm sar\u016bs\u0113jusi durvju spr\u0101dze"},"content":{"rendered":"<div class=\"prod_data\">\n<p><strong>Modelis<\/strong> 03.341.RU.130<br \/>\n<strong>EAN.<\/strong>  5905369918698<br \/>\n<strong>Materi\u0101ls<\/strong> T\u0113rauds<br \/>\n<strong>Kop\u0113jais augstums (cm<\/strong> ) 5<br \/>\n<strong>Kop\u0113jais platums (cm<\/strong> ) 12,3<br \/>\n<strong>Kop\u0113j\u0101 projekcija (cm<\/strong> ) 3<br \/>\nR\u016bsva <strong>kr\u0101sa<\/strong> <\/p>\n<hr>\n<p>M\u016bsdienu interjeri un to izk\u0101rtojums pied\u0101v\u0101 interjera dekoratoriem neierobe\u017eotas iesp\u0113jas. <strong>Lauku stilu<\/strong> raksturo ar\u012b liela br\u012bv\u012bba kombin\u0113t da\u017e\u0101dus materi\u0101lus. <strong>R\u016bsgan\u0101 smailes spr\u0101dze<\/strong> ir izgatavota no augst\u0101k\u0101s kvalit\u0101tes pres\u0113ta t\u0113rauda, kas apzin\u0101ti paredz\u0113ts noveco\u0161anai. Spr\u0101dzes klasisko formu un dizainu izce\u013c sp\u0113c\u012bga r\u016bsas kl\u0101tb\u016btne, kas ir ori\u0123in\u0101ls veids, k\u0101 ienest interjer\u0101 lauku atmosf\u0113ru.<\/p>\n<hr>\n<\/div>\n","protected":false},"excerpt":{"rendered":"<p>Modelis 03.341.RU.130 EAN. 5905369918698 Materi\u0101ls T\u0113rauds Kop\u0113jais augstums (cm ) 5 Kop\u0113jais platums (cm ) 12,3 Kop\u0113j\u0101 projekcija (cm )<\/p>\n","protected":false},"featured_media":109628,"comment_status":"open","ping_status":"closed","template":"","meta":{"_acf_changed":false,"pmpro_default_level":""},"product_brand":[],"product_cat":[23837,23865],"product_tag":[],"class_list":{"0":"post-138385","1":"product","2":"type-product","3":"status-publish","4":"has-post-thumbnail","6":"product_cat-mebeles-piederumi","7":"product_cat-sklasciai-ir-kabliukai-lv","8":"pmpro-has-access","10":"first","11":"instock","12":"shipping-taxable","13":"purchasable","14":"product-type-simple"},"acf":[],"yoast_head":"<!-- This site is optimized with the Yoast SEO plugin v24.9 - https:\/\/yoast.com\/wordpress\/plugins\/seo\/ -->\n<title>ARROWHEAD 130 mm sar\u016bs\u0113jusi durvju spr\u0101dze - MetalTale.com<\/title>\n<meta name=\"robots\" content=\"index, follow, max-snippet:-1, max-image-preview:large, max-video-preview:-1\" \/>\n<link rel=\"canonical\" href=\"https:\/\/metaltale.com\/lv\/produkts\/arrowhead-130-mm-sarusejusi-durvju-spradze\/\" \/>\n<meta property=\"og:locale\" content=\"lv_LV\" \/>\n<meta property=\"og:type\" content=\"article\" \/>\n<meta property=\"og:title\" content=\"ARROWHEAD 130 mm sar\u016bs\u0113jusi durvju spr\u0101dze - MetalTale.com\" \/>\n<meta property=\"og:description\" content=\"Modelis 03.341.RU.130 EAN. 5905369918698 Materi\u0101ls T\u0113rauds Kop\u0113jais augstums (cm ) 5 Kop\u0113jais platums (cm ) 12,3 Kop\u0113j\u0101 projekcija (cm )\" \/>\n<meta property=\"og:url\" content=\"https:\/\/metaltale.com\/lv\/produkts\/arrowhead-130-mm-sarusejusi-durvju-spradze\/\" \/>\n<meta property=\"og:site_name\" content=\"MetalTale.com\" \/>\n<meta name=\"twitter:card\" content=\"summary_large_image\" \/>\n<meta name=\"twitter:label1\" content=\"Est. reading time\" \/>\n\t<meta name=\"twitter:data1\" content=\"1 minute\" \/>\n<script type=\"application\/ld+json\" class=\"yoast-schema-graph\">{\"@context\":\"https:\/\/schema.org\",\"@graph\":[{\"@type\":\"WebPage\",\"@id\":\"https:\/\/metaltale.com\/lv\/produkts\/arrowhead-130-mm-sarusejusi-durvju-spradze\/\",\"url\":\"https:\/\/metaltale.com\/lv\/produkts\/arrowhead-130-mm-sarusejusi-durvju-spradze\/\",\"name\":\"ARROWHEAD 130 mm sar\u016bs\u0113jusi durvju spr\u0101dze - MetalTale.com\",\"isPartOf\":{\"@id\":\"https:\/\/metaltale.com\/lv\/#website\"},\"primaryImageOfPage\":{\"@id\":\"https:\/\/metaltale.com\/lv\/produkts\/arrowhead-130-mm-sarusejusi-durvju-spradze\/#primaryimage\"},\"image\":{\"@id\":\"https:\/\/metaltale.com\/lv\/produkts\/arrowhead-130-mm-sarusejusi-durvju-spradze\/#primaryimage\"},\"thumbnailUrl\":\"https:\/\/metaltale.com\/wp-content\/uploads\/2023\/11\/Sagtis-su-smaigaliu-GROT-130-Rusted.jpg\",\"datePublished\":\"2024-02-13T12:11:05+00:00\",\"breadcrumb\":{\"@id\":\"https:\/\/metaltale.com\/lv\/produkts\/arrowhead-130-mm-sarusejusi-durvju-spradze\/#breadcrumb\"},\"inLanguage\":\"lv-LV\",\"potentialAction\":[{\"@type\":\"ReadAction\",\"target\":[\"https:\/\/metaltale.com\/lv\/produkts\/arrowhead-130-mm-sarusejusi-durvju-spradze\/\"]}]},{\"@type\":\"ImageObject\",\"inLanguage\":\"lv-LV\",\"@id\":\"https:\/\/metaltale.com\/lv\/produkts\/arrowhead-130-mm-sarusejusi-durvju-spradze\/#primaryimage\",\"url\":\"https:\/\/metaltale.com\/wp-content\/uploads\/2023\/11\/Sagtis-su-smaigaliu-GROT-130-Rusted.jpg\",\"contentUrl\":\"https:\/\/metaltale.com\/wp-content\/uploads\/2023\/11\/Sagtis-su-smaigaliu-GROT-130-Rusted.jpg\",\"width\":800,\"height\":800,\"caption\":\"ARROWHEAD 130 mm sar\u016bs\u0113jusi durvju spr\u0101dze\"},{\"@type\":\"BreadcrumbList\",\"@id\":\"https:\/\/metaltale.com\/lv\/produkts\/arrowhead-130-mm-sarusejusi-durvju-spradze\/#breadcrumb\",\"itemListElement\":[{\"@type\":\"ListItem\",\"position\":1,\"name\":\"Home\",\"item\":\"https:\/\/metaltale.com\/lv\/majas\/\"},{\"@type\":\"ListItem\",\"position\":2,\"name\":\"Veikals\",\"item\":\"https:\/\/metaltale.com\/lv\/shop\/\"},{\"@type\":\"ListItem\",\"position\":3,\"name\":\"ARROWHEAD 130 mm sar\u016bs\u0113jusi durvju spr\u0101dze\"}]},{\"@type\":\"WebSite\",\"@id\":\"https:\/\/metaltale.com\/lv\/#website\",\"url\":\"https:\/\/metaltale.com\/lv\/\",\"name\":\"Metaltale.com\",\"description\":\"\",\"potentialAction\":[{\"@type\":\"SearchAction\",\"target\":{\"@type\":\"EntryPoint\",\"urlTemplate\":\"https:\/\/metaltale.com\/lv\/?s={search_term_string}\"},\"query-input\":{\"@type\":\"PropertyValueSpecification\",\"valueRequired\":true,\"valueName\":\"search_term_string\"}}],\"inLanguage\":\"lv-LV\"}]}<\/script>\n<!-- \/ Yoast SEO plugin. -->","yoast_head_json":{"title":"ARROWHEAD 130 mm sar\u016bs\u0113jusi durvju spr\u0101dze - MetalTale.com","robots":{"index":"index","follow":"follow","max-snippet":"max-snippet:-1","max-image-preview":"max-image-preview:large","max-video-preview":"max-video-preview:-1"},"canonical":"https:\/\/metaltale.com\/lv\/produkts\/arrowhead-130-mm-sarusejusi-durvju-spradze\/","og_locale":"lv_LV","og_type":"article","og_title":"ARROWHEAD 130 mm sar\u016bs\u0113jusi durvju spr\u0101dze - MetalTale.com","og_description":"Modelis 03.341.RU.130 EAN. 5905369918698 Materi\u0101ls T\u0113rauds Kop\u0113jais augstums (cm ) 5 Kop\u0113jais platums (cm ) 12,3 Kop\u0113j\u0101 projekcija (cm )","og_url":"https:\/\/metaltale.com\/lv\/produkts\/arrowhead-130-mm-sarusejusi-durvju-spradze\/","og_site_name":"MetalTale.com","twitter_card":"summary_large_image","twitter_misc":{"Est. reading time":"1 minute"},"schema":{"@context":"https:\/\/schema.org","@graph":[{"@type":"WebPage","@id":"https:\/\/metaltale.com\/lv\/produkts\/arrowhead-130-mm-sarusejusi-durvju-spradze\/","url":"https:\/\/metaltale.com\/lv\/produkts\/arrowhead-130-mm-sarusejusi-durvju-spradze\/","name":"ARROWHEAD 130 mm sar\u016bs\u0113jusi durvju spr\u0101dze - MetalTale.com","isPartOf":{"@id":"https:\/\/metaltale.com\/lv\/#website"},"primaryImageOfPage":{"@id":"https:\/\/metaltale.com\/lv\/produkts\/arrowhead-130-mm-sarusejusi-durvju-spradze\/#primaryimage"},"image":{"@id":"https:\/\/metaltale.com\/lv\/produkts\/arrowhead-130-mm-sarusejusi-durvju-spradze\/#primaryimage"},"thumbnailUrl":"https:\/\/metaltale.com\/wp-content\/uploads\/2023\/11\/Sagtis-su-smaigaliu-GROT-130-Rusted.jpg","datePublished":"2024-02-13T12:11:05+00:00","breadcrumb":{"@id":"https:\/\/metaltale.com\/lv\/produkts\/arrowhead-130-mm-sarusejusi-durvju-spradze\/#breadcrumb"},"inLanguage":"lv-LV","potentialAction":[{"@type":"ReadAction","target":["https:\/\/metaltale.com\/lv\/produkts\/arrowhead-130-mm-sarusejusi-durvju-spradze\/"]}]},{"@type":"ImageObject","inLanguage":"lv-LV","@id":"https:\/\/metaltale.com\/lv\/produkts\/arrowhead-130-mm-sarusejusi-durvju-spradze\/#primaryimage","url":"https:\/\/metaltale.com\/wp-content\/uploads\/2023\/11\/Sagtis-su-smaigaliu-GROT-130-Rusted.jpg","contentUrl":"https:\/\/metaltale.com\/wp-content\/uploads\/2023\/11\/Sagtis-su-smaigaliu-GROT-130-Rusted.jpg","width":800,"height":800,"caption":"ARROWHEAD 130 mm sar\u016bs\u0113jusi durvju spr\u0101dze"},{"@type":"BreadcrumbList","@id":"https:\/\/metaltale.com\/lv\/produkts\/arrowhead-130-mm-sarusejusi-durvju-spradze\/#breadcrumb","itemListElement":[{"@type":"ListItem","position":1,"name":"Home","item":"https:\/\/metaltale.com\/lv\/majas\/"},{"@type":"ListItem","position":2,"name":"Veikals","item":"https:\/\/metaltale.com\/lv\/shop\/"},{"@type":"ListItem","position":3,"name":"ARROWHEAD 130 mm sar\u016bs\u0113jusi durvju spr\u0101dze"}]},{"@type":"WebSite","@id":"https:\/\/metaltale.com\/lv\/#website","url":"https:\/\/metaltale.com\/lv\/","name":"Metaltale.com","description":"","potentialAction":[{"@type":"SearchAction","target":{"@type":"EntryPoint","urlTemplate":"https:\/\/metaltale.com\/lv\/?s={search_term_string}"},"query-input":{"@type":"PropertyValueSpecification","valueRequired":true,"valueName":"search_term_string"}}],"inLanguage":"lv-LV"}]}},"_links":{"self":[{"href":"https:\/\/metaltale.com\/lv\/wp-json\/wp\/v2\/product\/138385","targetHints":{"allow":["GET"]}}],"collection":[{"href":"https:\/\/metaltale.com\/lv\/wp-json\/wp\/v2\/product"}],"about":[{"href":"https:\/\/metaltale.com\/lv\/wp-json\/wp\/v2\/types\/product"}],"replies":[{"embeddable":true,"href":"https:\/\/metaltale.com\/lv\/wp-json\/wp\/v2\/comments?post=138385"}],"version-history":[{"count":0,"href":"https:\/\/metaltale.com\/lv\/wp-json\/wp\/v2\/product\/138385\/revisions"}],"wp:featuredmedia":[{"embeddable":true,"href":"https:\/\/metaltale.com\/lv\/wp-json\/wp\/v2\/media\/109628"}],"wp:attachment":[{"href":"https:\/\/metaltale.com\/lv\/wp-json\/wp\/v2\/media?parent=138385"}],"wp:term":[{"taxonomy":"product_brand","embeddable":true,"href":"https:\/\/metaltale.com\/lv\/wp-json\/wp\/v2\/product_brand?post=138385"},{"taxonomy":"product_cat","embeddable":true,"href":"https:\/\/metaltale.com\/lv\/wp-json\/wp\/v2\/product_cat?post=138385"},{"taxonomy":"product_tag","embeddable":true,"href":"https:\/\/metaltale.com\/lv\/wp-json\/wp\/v2\/product_tag?post=138385"}],"curies":[{"name":"wp","href":"https:\/\/api.w.org\/{rel}","templated":true}]}}