{"id":138355,"date":"2024-02-13T14:09:50","date_gmt":"2024-02-13T12:09:50","guid":{"rendered":"https:\/\/metaltale.com\/produktas\/logu-un-zaluziju-sledzene-ornate-kreisaja-puse\/"},"modified":"2024-02-13T14:09:50","modified_gmt":"2024-02-13T12:09:50","slug":"logu-un-zaluziju-sledzene-ornate-kreisaja-puse","status":"publish","type":"product","link":"https:\/\/metaltale.com\/lv\/produkts\/logu-un-zaluziju-sledzene-ornate-kreisaja-puse\/","title":{"rendered":"Logu un \u017eal\u016bziju sl\u0113dzene ORNATE kreisaj\u0101 pus\u0113"},"content":{"rendered":"<div class=\"prod_data\">\n<p><strong>Modelis<\/strong> AG.7235<br \/>\n<strong>EAN.<\/strong>  5905369911996<br \/>\nMateri\u0101ls Met\u0101ls<br \/>\n<strong>Kop\u0113jais augstums (cm<\/strong> ) 4,5<br \/>\n<strong>Kop\u0113jais platums (cm<\/strong> ) 7,5<br \/>\n<strong>Kop\u0113j\u0101 projekcija (cm<\/strong> ) 2,5<br \/>\nKr\u0101sa Melna<br \/>\n<strong>Virsmas tips<\/strong> Gluda <strong>virsma<\/strong> <\/p>\n<p>Logu, sl\u0113\u0123u vai m\u0113be\u013cu aizdares bija izgatavotas no t\u0113rauda un kr\u0101sotas meln\u0101 kr\u0101s\u0101.<\/p>\n<p>Ide\u0101li piem\u0113rots galdniekiem vai m\u0101jra\u017eo\u0161anas entuziastiem.<\/p>\n<\/div>\n","protected":false},"excerpt":{"rendered":"<p>Modelis AG.7235 EAN. 5905369911996 Materi\u0101ls Met\u0101ls Kop\u0113jais augstums (cm ) 4,5 Kop\u0113jais platums (cm ) 7,5 Kop\u0113j\u0101 projekcija (cm )<\/p>\n","protected":false},"featured_media":112982,"comment_status":"open","ping_status":"closed","template":"","meta":{"_acf_changed":false,"pmpro_default_level":""},"product_brand":[],"product_cat":[23889,23837,23865,23890],"product_tag":[],"class_list":{"0":"post-138355","1":"product","2":"type-product","3":"status-publish","4":"has-post-thumbnail","6":"product_cat-duru-spynos-lv","7":"product_cat-mebeles-piederumi","8":"product_cat-sklasciai-ir-kabliukai-lv","9":"product_cat-spynos-lv","10":"pmpro-has-access","12":"first","13":"instock","14":"shipping-taxable","15":"purchasable","16":"product-type-simple"},"acf":[],"yoast_head":"<!-- This site is optimized with the Yoast SEO plugin v24.9 - https:\/\/yoast.com\/wordpress\/plugins\/seo\/ -->\n<title>Logu un \u017eal\u016bziju sl\u0113dzene ORNATE kreisaj\u0101 pus\u0113 - MetalTale.com<\/title>\n<meta name=\"robots\" content=\"index, follow, max-snippet:-1, max-image-preview:large, max-video-preview:-1\" \/>\n<link rel=\"canonical\" href=\"https:\/\/metaltale.com\/lv\/produkts\/logu-un-zaluziju-sledzene-ornate-kreisaja-puse\/\" \/>\n<meta property=\"og:locale\" content=\"lv_LV\" \/>\n<meta property=\"og:type\" content=\"article\" \/>\n<meta property=\"og:title\" content=\"Logu un \u017eal\u016bziju sl\u0113dzene ORNATE kreisaj\u0101 pus\u0113 - MetalTale.com\" \/>\n<meta property=\"og:description\" content=\"Modelis AG.7235 EAN. 5905369911996 Materi\u0101ls Met\u0101ls Kop\u0113jais augstums (cm ) 4,5 Kop\u0113jais platums (cm ) 7,5 Kop\u0113j\u0101 projekcija (cm )\" \/>\n<meta property=\"og:url\" content=\"https:\/\/metaltale.com\/lv\/produkts\/logu-un-zaluziju-sledzene-ornate-kreisaja-puse\/\" \/>\n<meta property=\"og:site_name\" content=\"MetalTale.com\" \/>\n<meta property=\"og:image\" content=\"https:\/\/metaltale.com\/wp-content\/uploads\/2023\/11\/Dekoratyvinx117-KAIRx116-SKOBEL.jpg\" \/>\n\t<meta property=\"og:image:width\" content=\"800\" \/>\n\t<meta property=\"og:image:height\" content=\"800\" \/>\n\t<meta property=\"og:image:type\" content=\"image\/jpeg\" \/>\n<meta name=\"twitter:card\" content=\"summary_large_image\" \/>\n<script type=\"application\/ld+json\" class=\"yoast-schema-graph\">{\"@context\":\"https:\/\/schema.org\",\"@graph\":[{\"@type\":\"WebPage\",\"@id\":\"https:\/\/metaltale.com\/lv\/produkts\/logu-un-zaluziju-sledzene-ornate-kreisaja-puse\/\",\"url\":\"https:\/\/metaltale.com\/lv\/produkts\/logu-un-zaluziju-sledzene-ornate-kreisaja-puse\/\",\"name\":\"Logu un \u017eal\u016bziju sl\u0113dzene ORNATE kreisaj\u0101 pus\u0113 - MetalTale.com\",\"isPartOf\":{\"@id\":\"https:\/\/metaltale.com\/lv\/#website\"},\"primaryImageOfPage\":{\"@id\":\"https:\/\/metaltale.com\/lv\/produkts\/logu-un-zaluziju-sledzene-ornate-kreisaja-puse\/#primaryimage\"},\"image\":{\"@id\":\"https:\/\/metaltale.com\/lv\/produkts\/logu-un-zaluziju-sledzene-ornate-kreisaja-puse\/#primaryimage\"},\"thumbnailUrl\":\"https:\/\/metaltale.com\/wp-content\/uploads\/2023\/11\/Dekoratyvinx117-KAIRx116-SKOBEL.jpg\",\"datePublished\":\"2024-02-13T12:09:50+00:00\",\"breadcrumb\":{\"@id\":\"https:\/\/metaltale.com\/lv\/produkts\/logu-un-zaluziju-sledzene-ornate-kreisaja-puse\/#breadcrumb\"},\"inLanguage\":\"lv-LV\",\"potentialAction\":[{\"@type\":\"ReadAction\",\"target\":[\"https:\/\/metaltale.com\/lv\/produkts\/logu-un-zaluziju-sledzene-ornate-kreisaja-puse\/\"]}]},{\"@type\":\"ImageObject\",\"inLanguage\":\"lv-LV\",\"@id\":\"https:\/\/metaltale.com\/lv\/produkts\/logu-un-zaluziju-sledzene-ornate-kreisaja-puse\/#primaryimage\",\"url\":\"https:\/\/metaltale.com\/wp-content\/uploads\/2023\/11\/Dekoratyvinx117-KAIRx116-SKOBEL.jpg\",\"contentUrl\":\"https:\/\/metaltale.com\/wp-content\/uploads\/2023\/11\/Dekoratyvinx117-KAIRx116-SKOBEL.jpg\",\"width\":800,\"height\":800,\"caption\":\"Logu un \u017eal\u016bziju sl\u0113dzene ORNATE kreisaj\u0101 pus\u0113\"},{\"@type\":\"BreadcrumbList\",\"@id\":\"https:\/\/metaltale.com\/lv\/produkts\/logu-un-zaluziju-sledzene-ornate-kreisaja-puse\/#breadcrumb\",\"itemListElement\":[{\"@type\":\"ListItem\",\"position\":1,\"name\":\"Home\",\"item\":\"https:\/\/metaltale.com\/lv\/majas\/\"},{\"@type\":\"ListItem\",\"position\":2,\"name\":\"Veikals\",\"item\":\"https:\/\/metaltale.com\/lv\/shop\/\"},{\"@type\":\"ListItem\",\"position\":3,\"name\":\"Logu un \u017eal\u016bziju sl\u0113dzene ORNATE kreisaj\u0101 pus\u0113\"}]},{\"@type\":\"WebSite\",\"@id\":\"https:\/\/metaltale.com\/lv\/#website\",\"url\":\"https:\/\/metaltale.com\/lv\/\",\"name\":\"Metaltale.com\",\"description\":\"\",\"potentialAction\":[{\"@type\":\"SearchAction\",\"target\":{\"@type\":\"EntryPoint\",\"urlTemplate\":\"https:\/\/metaltale.com\/lv\/?s={search_term_string}\"},\"query-input\":{\"@type\":\"PropertyValueSpecification\",\"valueRequired\":true,\"valueName\":\"search_term_string\"}}],\"inLanguage\":\"lv-LV\"}]}<\/script>\n<!-- \/ Yoast SEO plugin. -->","yoast_head_json":{"title":"Logu un \u017eal\u016bziju sl\u0113dzene ORNATE kreisaj\u0101 pus\u0113 - MetalTale.com","robots":{"index":"index","follow":"follow","max-snippet":"max-snippet:-1","max-image-preview":"max-image-preview:large","max-video-preview":"max-video-preview:-1"},"canonical":"https:\/\/metaltale.com\/lv\/produkts\/logu-un-zaluziju-sledzene-ornate-kreisaja-puse\/","og_locale":"lv_LV","og_type":"article","og_title":"Logu un \u017eal\u016bziju sl\u0113dzene ORNATE kreisaj\u0101 pus\u0113 - MetalTale.com","og_description":"Modelis AG.7235 EAN. 5905369911996 Materi\u0101ls Met\u0101ls Kop\u0113jais augstums (cm ) 4,5 Kop\u0113jais platums (cm ) 7,5 Kop\u0113j\u0101 projekcija (cm )","og_url":"https:\/\/metaltale.com\/lv\/produkts\/logu-un-zaluziju-sledzene-ornate-kreisaja-puse\/","og_site_name":"MetalTale.com","og_image":[{"width":800,"height":800,"url":"https:\/\/metaltale.com\/wp-content\/uploads\/2023\/11\/Dekoratyvinx117-KAIRx116-SKOBEL.jpg","type":"image\/jpeg"}],"twitter_card":"summary_large_image","schema":{"@context":"https:\/\/schema.org","@graph":[{"@type":"WebPage","@id":"https:\/\/metaltale.com\/lv\/produkts\/logu-un-zaluziju-sledzene-ornate-kreisaja-puse\/","url":"https:\/\/metaltale.com\/lv\/produkts\/logu-un-zaluziju-sledzene-ornate-kreisaja-puse\/","name":"Logu un \u017eal\u016bziju sl\u0113dzene ORNATE kreisaj\u0101 pus\u0113 - MetalTale.com","isPartOf":{"@id":"https:\/\/metaltale.com\/lv\/#website"},"primaryImageOfPage":{"@id":"https:\/\/metaltale.com\/lv\/produkts\/logu-un-zaluziju-sledzene-ornate-kreisaja-puse\/#primaryimage"},"image":{"@id":"https:\/\/metaltale.com\/lv\/produkts\/logu-un-zaluziju-sledzene-ornate-kreisaja-puse\/#primaryimage"},"thumbnailUrl":"https:\/\/metaltale.com\/wp-content\/uploads\/2023\/11\/Dekoratyvinx117-KAIRx116-SKOBEL.jpg","datePublished":"2024-02-13T12:09:50+00:00","breadcrumb":{"@id":"https:\/\/metaltale.com\/lv\/produkts\/logu-un-zaluziju-sledzene-ornate-kreisaja-puse\/#breadcrumb"},"inLanguage":"lv-LV","potentialAction":[{"@type":"ReadAction","target":["https:\/\/metaltale.com\/lv\/produkts\/logu-un-zaluziju-sledzene-ornate-kreisaja-puse\/"]}]},{"@type":"ImageObject","inLanguage":"lv-LV","@id":"https:\/\/metaltale.com\/lv\/produkts\/logu-un-zaluziju-sledzene-ornate-kreisaja-puse\/#primaryimage","url":"https:\/\/metaltale.com\/wp-content\/uploads\/2023\/11\/Dekoratyvinx117-KAIRx116-SKOBEL.jpg","contentUrl":"https:\/\/metaltale.com\/wp-content\/uploads\/2023\/11\/Dekoratyvinx117-KAIRx116-SKOBEL.jpg","width":800,"height":800,"caption":"Logu un \u017eal\u016bziju sl\u0113dzene ORNATE kreisaj\u0101 pus\u0113"},{"@type":"BreadcrumbList","@id":"https:\/\/metaltale.com\/lv\/produkts\/logu-un-zaluziju-sledzene-ornate-kreisaja-puse\/#breadcrumb","itemListElement":[{"@type":"ListItem","position":1,"name":"Home","item":"https:\/\/metaltale.com\/lv\/majas\/"},{"@type":"ListItem","position":2,"name":"Veikals","item":"https:\/\/metaltale.com\/lv\/shop\/"},{"@type":"ListItem","position":3,"name":"Logu un \u017eal\u016bziju sl\u0113dzene ORNATE kreisaj\u0101 pus\u0113"}]},{"@type":"WebSite","@id":"https:\/\/metaltale.com\/lv\/#website","url":"https:\/\/metaltale.com\/lv\/","name":"Metaltale.com","description":"","potentialAction":[{"@type":"SearchAction","target":{"@type":"EntryPoint","urlTemplate":"https:\/\/metaltale.com\/lv\/?s={search_term_string}"},"query-input":{"@type":"PropertyValueSpecification","valueRequired":true,"valueName":"search_term_string"}}],"inLanguage":"lv-LV"}]}},"_links":{"self":[{"href":"https:\/\/metaltale.com\/lv\/wp-json\/wp\/v2\/product\/138355","targetHints":{"allow":["GET"]}}],"collection":[{"href":"https:\/\/metaltale.com\/lv\/wp-json\/wp\/v2\/product"}],"about":[{"href":"https:\/\/metaltale.com\/lv\/wp-json\/wp\/v2\/types\/product"}],"replies":[{"embeddable":true,"href":"https:\/\/metaltale.com\/lv\/wp-json\/wp\/v2\/comments?post=138355"}],"version-history":[{"count":0,"href":"https:\/\/metaltale.com\/lv\/wp-json\/wp\/v2\/product\/138355\/revisions"}],"wp:featuredmedia":[{"embeddable":true,"href":"https:\/\/metaltale.com\/lv\/wp-json\/wp\/v2\/media\/112982"}],"wp:attachment":[{"href":"https:\/\/metaltale.com\/lv\/wp-json\/wp\/v2\/media?parent=138355"}],"wp:term":[{"taxonomy":"product_brand","embeddable":true,"href":"https:\/\/metaltale.com\/lv\/wp-json\/wp\/v2\/product_brand?post=138355"},{"taxonomy":"product_cat","embeddable":true,"href":"https:\/\/metaltale.com\/lv\/wp-json\/wp\/v2\/product_cat?post=138355"},{"taxonomy":"product_tag","embeddable":true,"href":"https:\/\/metaltale.com\/lv\/wp-json\/wp\/v2\/product_tag?post=138355"}],"curies":[{"name":"wp","href":"https:\/\/api.w.org\/{rel}","templated":true}]}}